{"id":937,"date":"2025-11-25T16:23:31","date_gmt":"2025-11-25T16:23:31","guid":{"rendered":"https:\/\/rockyspoon.lt\/?post_type=product&#038;p=937"},"modified":"2026-04-06T15:37:03","modified_gmt":"2026-04-06T15:37:03","slug":"rocky-spoon-liofilizuoti-krapai-freeze-dried-dill","status":"publish","type":"product","link":"https:\/\/rockyspoon.lt\/en\/product\/rocky-spoon-liofilizuoti-krapai-freeze-dried-dill\/","title":{"rendered":"FREEZE - DRIED DILL"},"content":{"rendered":"<p style=\"font-weight: 400;\"><strong>Product\u00a0<\/strong>FREEZE-DRIED DILL<\/p>\n<p style=\"font-weight: 400;\"><strong>Ingredients<\/strong>100% dill<\/p>\n<p style=\"font-weight: 400;\"><strong>Net weight<\/strong>\u00a014g<\/p>\n<table style=\"font-weight: 400;\" width=\"359\">\n<tbody>\n<tr>\n<td width=\"254\"><strong>Nutritional information<\/strong><\/td>\n<td width=\"105\"><strong>100g<\/strong><\/td>\n<\/tr>\n<tr>\n<td width=\"254\">Calories \/ Energy<\/td>\n<td width=\"105\">260kcal\/1088kj<\/td>\n<\/tr>\n<tr>\n<td width=\"254\">Fats<\/td>\n<td width=\"105\">4g<\/td>\n<\/tr>\n<tr>\n<td width=\"254\">Carbohydrates<\/td>\n<td width=\"105\">~35g<\/td>\n<\/tr>\n<tr>\n<td width=\"254\">of which sugars<\/td>\n<td width=\"105\">~5g<\/td>\n<\/tr>\n<tr>\n<td width=\"254\">Protein:<\/td>\n<td width=\"105\">~22g<\/td>\n<\/tr>\n<tr>\n<td width=\"254\">Sallt<\/td>\n<td width=\"105\">0g<\/td>\n<\/tr>\n<\/tbody>\n<\/table>\n<p style=\"font-weight: 400;\"><strong>Description<\/strong>\u00a0<strong>:<\/strong>\u00a0Handpicked from a local farm \u2013 because dill deserves a gentle touch.\nFreeze-dried to preserve an intense burst of flavor and aroma all year round.\n\nRocky Spoon \u2013 where freshness has character.<\/p>\n<p><strong>Storage conditions<\/strong>\u00a0- Store in a sealed package in a dry, clean, and cool place. Protect from direct sunlight.\nStorage temperature: 10\u00b0C to 20\u00b0C.<\/p>","protected":false},"excerpt":{"rendered":"<h3 data-start=\"105\" data-end=\"152\"><strong data-start=\"109\" data-end=\"150\">FREEZE-DRIED DILL<\/strong><\/h3>\n<p data-start=\"153\" data-end=\"362\">Intensely aromatic and flavorful dill, handpicked directly from a local farm.\nFreeze-drying preserves its freshness, vibrant color, and natural aroma.\n\nPerfect for soups, salads, fish, sauces, and everyday cooking.<\/p>\n<p data-start=\"364\" data-end=\"421\"><strong data-start=\"364\" data-end=\"421\">Natural. Aromatic. Ready to use all year round.<\/strong><\/p>","protected":false},"featured_media":933,"comment_status":"open","ping_status":"closed","template":"","meta":[],"product_brand":[],"product_cat":[119],"product_tag":[110,66,111,65,112],"class_list":{"0":"post-937","1":"product","2":"type-product","3":"status-publish","4":"has-post-thumbnail","6":"product_cat-liofilizuoti","7":"product_tag-dill","8":"product_tag-freezdryed","9":"product_tag-krapai","10":"product_tag-liofiliziota","11":"product_tag-prieskoniai","13":"first","14":"instock","15":"shipping-taxable","16":"purchasable","17":"product-type-simple"},"yoast_head":"<!-- This site is optimized with the Yoast SEO plugin v27.3 - https:\/\/yoast.com\/product\/yoast-seo-wordpress\/ -->\n<title>LIOFILIZUOTI KRAPAI \/ FREEZE-DRIED DILL<\/title>\n<meta name=\"description\" content=\"Liofilizuoti Rocky Spoon krapai. Pasirinkite liofilizuotus Rocky Spoon krapus ir m\u0117gaukit\u0117s puikiu skoniu i\u0161tisus metus be jokios kalt\u0117s!\" \/>\n<meta name=\"robots\" content=\"index, follow, max-snippet:-1, max-image-preview:large, max-video-preview:-1\" \/>\n<link rel=\"canonical\" href=\"https:\/\/rockyspoon.lt\/en\/product\/rocky-spoon-liofilizuoti-krapai-freeze-dried-dill\/\" \/>\n<meta property=\"og:locale\" content=\"en_GB\" \/>\n<meta property=\"og:type\" content=\"article\" \/>\n<meta property=\"og:title\" content=\"LIOFILIZUOTI KRAPAI \/ FREEZE-DRIED DILL\" \/>\n<meta property=\"og:description\" content=\"Liofilizuoti Rocky Spoon krapai. Pasirinkite liofilizuotus Rocky Spoon krapus ir m\u0117gaukit\u0117s puikiu skoniu i\u0161tisus metus be jokios kalt\u0117s!\" \/>\n<meta property=\"og:url\" content=\"https:\/\/rockyspoon.lt\/en\/product\/rocky-spoon-liofilizuoti-krapai-freeze-dried-dill\/\" \/>\n<meta property=\"og:site_name\" content=\"rockyspoon.lt\" \/>\n<meta property=\"article:publisher\" content=\"https:\/\/www.facebook.com\/profile.php?id=61564237763085\" \/>\n<meta property=\"article:modified_time\" content=\"2026-04-06T15:37:03+00:00\" \/>\n<meta property=\"og:image\" content=\"https:\/\/rockyspoon.lt\/wp-content\/uploads\/2025\/11\/20251125_154446-scaled.jpg\" \/>\n\t<meta property=\"og:image:width\" content=\"2164\" \/>\n\t<meta property=\"og:image:height\" content=\"2560\" \/>\n\t<meta property=\"og:image:type\" content=\"image\/jpeg\" \/>\n<meta name=\"twitter:card\" content=\"summary_large_image\" \/>\n<meta name=\"twitter:label1\" content=\"Est. reading time\" \/>\n\t<meta name=\"twitter:data1\" content=\"1 minute\" \/>\n<script type=\"application\/ld+json\" class=\"yoast-schema-graph\">{\"@context\":\"https:\\\/\\\/schema.org\",\"@graph\":[{\"@type\":\"WebPage\",\"@id\":\"https:\\\/\\\/rockyspoon.lt\\\/produktas\\\/rocky-spoon-liofilizuoti-krapai-freeze-dried-dill\\\/\",\"url\":\"https:\\\/\\\/rockyspoon.lt\\\/produktas\\\/rocky-spoon-liofilizuoti-krapai-freeze-dried-dill\\\/\",\"name\":\"LIOFILIZUOTI KRAPAI \\\/ FREEZE-DRIED DILL\",\"isPartOf\":{\"@id\":\"https:\\\/\\\/rockyspoon.lt\\\/#website\"},\"primaryImageOfPage\":{\"@id\":\"https:\\\/\\\/rockyspoon.lt\\\/produktas\\\/rocky-spoon-liofilizuoti-krapai-freeze-dried-dill\\\/#primaryimage\"},\"image\":{\"@id\":\"https:\\\/\\\/rockyspoon.lt\\\/produktas\\\/rocky-spoon-liofilizuoti-krapai-freeze-dried-dill\\\/#primaryimage\"},\"thumbnailUrl\":\"https:\\\/\\\/rockyspoon.lt\\\/wp-content\\\/uploads\\\/2025\\\/11\\\/20251125_154446-scaled.jpg\",\"datePublished\":\"2025-11-25T16:23:31+00:00\",\"dateModified\":\"2026-04-06T15:37:03+00:00\",\"description\":\"Liofilizuoti Rocky Spoon krapai. Pasirinkite liofilizuotus Rocky Spoon krapus ir m\u0117gaukit\u0117s puikiu skoniu i\u0161tisus metus be jokios kalt\u0117s!\",\"breadcrumb\":{\"@id\":\"https:\\\/\\\/rockyspoon.lt\\\/produktas\\\/rocky-spoon-liofilizuoti-krapai-freeze-dried-dill\\\/#breadcrumb\"},\"inLanguage\":\"en-GB\",\"potentialAction\":[{\"@type\":\"ReadAction\",\"target\":[\"https:\\\/\\\/rockyspoon.lt\\\/produktas\\\/rocky-spoon-liofilizuoti-krapai-freeze-dried-dill\\\/\"]}]},{\"@type\":\"ImageObject\",\"inLanguage\":\"en-GB\",\"@id\":\"https:\\\/\\\/rockyspoon.lt\\\/produktas\\\/rocky-spoon-liofilizuoti-krapai-freeze-dried-dill\\\/#primaryimage\",\"url\":\"https:\\\/\\\/rockyspoon.lt\\\/wp-content\\\/uploads\\\/2025\\\/11\\\/20251125_154446-scaled.jpg\",\"contentUrl\":\"https:\\\/\\\/rockyspoon.lt\\\/wp-content\\\/uploads\\\/2025\\\/11\\\/20251125_154446-scaled.jpg\",\"width\":2164,\"height\":2560,\"caption\":\"Rocky Spoon Liofilizuoti freeze dried dill krapai. dovan\u0173 lagamin\u0117lis su \u010datniais, prieskoniniu aliejumi, d\u017eemu ir liofilizuota druska. Gurmani\u0161kas rank\u0173 darbo dovan\u0173 rinkinys.\"},{\"@type\":\"BreadcrumbList\",\"@id\":\"https:\\\/\\\/rockyspoon.lt\\\/produktas\\\/rocky-spoon-liofilizuoti-krapai-freeze-dried-dill\\\/#breadcrumb\",\"itemListElement\":[{\"@type\":\"ListItem\",\"position\":1,\"name\":\"Home\",\"item\":\"https:\\\/\\\/rockyspoon.lt\\\/\"},{\"@type\":\"ListItem\",\"position\":2,\"name\":\"Parduotuv\u0117\",\"item\":\"https:\\\/\\\/rockyspoon.lt\\\/parduotuve\\\/\"},{\"@type\":\"ListItem\",\"position\":3,\"name\":\"LIOFILIZUOTI KRAPAI \\\/ FREEZE-DRIED DILL\"}]},{\"@type\":\"WebSite\",\"@id\":\"https:\\\/\\\/rockyspoon.lt\\\/#website\",\"url\":\"https:\\\/\\\/rockyspoon.lt\\\/\",\"name\":\"Rocky Spoon\",\"description\":\"Rocky Spoon - Rank\u0173 Darbo Pada\u017eai ir Pagardai\",\"publisher\":{\"@id\":\"https:\\\/\\\/rockyspoon.lt\\\/#organization\"},\"potentialAction\":[{\"@type\":\"SearchAction\",\"target\":{\"@type\":\"EntryPoint\",\"urlTemplate\":\"https:\\\/\\\/rockyspoon.lt\\\/?s={search_term_string}\"},\"query-input\":{\"@type\":\"PropertyValueSpecification\",\"valueRequired\":true,\"valueName\":\"search_term_string\"}}],\"inLanguage\":\"en-GB\"},{\"@type\":\"Organization\",\"@id\":\"https:\\\/\\\/rockyspoon.lt\\\/#organization\",\"name\":\"Rocky Spoon\",\"url\":\"https:\\\/\\\/rockyspoon.lt\\\/\",\"logo\":{\"@type\":\"ImageObject\",\"inLanguage\":\"en-GB\",\"@id\":\"https:\\\/\\\/rockyspoon.lt\\\/#\\\/schema\\\/logo\\\/image\\\/\",\"url\":\"https:\\\/\\\/rockyspoon.lt\\\/wp-content\\\/uploads\\\/2024\\\/10\\\/cropped-android-chrome-192x192-1.png\",\"contentUrl\":\"https:\\\/\\\/rockyspoon.lt\\\/wp-content\\\/uploads\\\/2024\\\/10\\\/cropped-android-chrome-192x192-1.png\",\"width\":512,\"height\":512,\"caption\":\"Rocky Spoon\"},\"image\":{\"@id\":\"https:\\\/\\\/rockyspoon.lt\\\/#\\\/schema\\\/logo\\\/image\\\/\"},\"sameAs\":[\"https:\\\/\\\/www.facebook.com\\\/profile.php?id=61564237763085\"]}]}<\/script>\n<!-- \/ Yoast SEO plugin. -->","yoast_head_json":{"title":"FREEZE - DRIED DILL","description":"Liofilizuoti Rocky Spoon krapai. Pasirinkite liofilizuotus Rocky Spoon krapus ir m\u0117gaukit\u0117s puikiu skoniu i\u0161tisus metus be jokios kalt\u0117s!","robots":{"index":"index","follow":"follow","max-snippet":"max-snippet:-1","max-image-preview":"max-image-preview:large","max-video-preview":"max-video-preview:-1"},"canonical":"https:\/\/rockyspoon.lt\/en\/product\/rocky-spoon-liofilizuoti-krapai-freeze-dried-dill\/","og_locale":"en_GB","og_type":"article","og_title":"LIOFILIZUOTI KRAPAI \/ FREEZE-DRIED DILL","og_description":"Liofilizuoti Rocky Spoon krapai. Pasirinkite liofilizuotus Rocky Spoon krapus ir m\u0117gaukit\u0117s puikiu skoniu i\u0161tisus metus be jokios kalt\u0117s!","og_url":"https:\/\/rockyspoon.lt\/en\/product\/rocky-spoon-liofilizuoti-krapai-freeze-dried-dill\/","og_site_name":"rockyspoon.lt","article_publisher":"https:\/\/www.facebook.com\/profile.php?id=61564237763085","article_modified_time":"2026-04-06T15:37:03+00:00","og_image":[{"width":2164,"height":2560,"url":"https:\/\/rockyspoon.lt\/wp-content\/uploads\/2025\/11\/20251125_154446-scaled.jpg","type":"image\/jpeg"}],"twitter_card":"summary_large_image","twitter_misc":{"Est. reading time":"1 minute"},"schema":{"@context":"https:\/\/schema.org","@graph":[{"@type":"WebPage","@id":"https:\/\/rockyspoon.lt\/produktas\/rocky-spoon-liofilizuoti-krapai-freeze-dried-dill\/","url":"https:\/\/rockyspoon.lt\/produktas\/rocky-spoon-liofilizuoti-krapai-freeze-dried-dill\/","name":"FREEZE - DRIED DILL","isPartOf":{"@id":"https:\/\/rockyspoon.lt\/#website"},"primaryImageOfPage":{"@id":"https:\/\/rockyspoon.lt\/produktas\/rocky-spoon-liofilizuoti-krapai-freeze-dried-dill\/#primaryimage"},"image":{"@id":"https:\/\/rockyspoon.lt\/produktas\/rocky-spoon-liofilizuoti-krapai-freeze-dried-dill\/#primaryimage"},"thumbnailUrl":"https:\/\/rockyspoon.lt\/wp-content\/uploads\/2025\/11\/20251125_154446-scaled.jpg","datePublished":"2025-11-25T16:23:31+00:00","dateModified":"2026-04-06T15:37:03+00:00","description":"Liofilizuoti Rocky Spoon krapai. Pasirinkite liofilizuotus Rocky Spoon krapus ir m\u0117gaukit\u0117s puikiu skoniu i\u0161tisus metus be jokios kalt\u0117s!","breadcrumb":{"@id":"https:\/\/rockyspoon.lt\/produktas\/rocky-spoon-liofilizuoti-krapai-freeze-dried-dill\/#breadcrumb"},"inLanguage":"en-GB","potentialAction":[{"@type":"ReadAction","target":["https:\/\/rockyspoon.lt\/produktas\/rocky-spoon-liofilizuoti-krapai-freeze-dried-dill\/"]}]},{"@type":"ImageObject","inLanguage":"en-GB","@id":"https:\/\/rockyspoon.lt\/produktas\/rocky-spoon-liofilizuoti-krapai-freeze-dried-dill\/#primaryimage","url":"https:\/\/rockyspoon.lt\/wp-content\/uploads\/2025\/11\/20251125_154446-scaled.jpg","contentUrl":"https:\/\/rockyspoon.lt\/wp-content\/uploads\/2025\/11\/20251125_154446-scaled.jpg","width":2164,"height":2560,"caption":"Rocky Spoon Liofilizuoti freeze dried dill krapai. dovan\u0173 lagamin\u0117lis su \u010datniais, prieskoniniu aliejumi, d\u017eemu ir liofilizuota druska. Gurmani\u0161kas rank\u0173 darbo dovan\u0173 rinkinys."},{"@type":"BreadcrumbList","@id":"https:\/\/rockyspoon.lt\/produktas\/rocky-spoon-liofilizuoti-krapai-freeze-dried-dill\/#breadcrumb","itemListElement":[{"@type":"ListItem","position":1,"name":"Home","item":"https:\/\/rockyspoon.lt\/"},{"@type":"ListItem","position":2,"name":"Parduotuv\u0117","item":"https:\/\/rockyspoon.lt\/parduotuve\/"},{"@type":"ListItem","position":3,"name":"LIOFILIZUOTI KRAPAI \/ FREEZE-DRIED DILL"}]},{"@type":"WebSite","@id":"https:\/\/rockyspoon.lt\/#website","url":"https:\/\/rockyspoon.lt\/","name":"Rocky Spoon","description":"Rocky Spoon - Rank\u0173 Darbo Pada\u017eai ir Pagardai","publisher":{"@id":"https:\/\/rockyspoon.lt\/#organization"},"potentialAction":[{"@type":"SearchAction","target":{"@type":"EntryPoint","urlTemplate":"https:\/\/rockyspoon.lt\/?s={search_term_string}"},"query-input":{"@type":"PropertyValueSpecification","valueRequired":true,"valueName":"search_term_string"}}],"inLanguage":"en-GB"},{"@type":"Organization","@id":"https:\/\/rockyspoon.lt\/#organization","name":"Rocky Spoon","url":"https:\/\/rockyspoon.lt\/","logo":{"@type":"ImageObject","inLanguage":"en-GB","@id":"https:\/\/rockyspoon.lt\/#\/schema\/logo\/image\/","url":"https:\/\/rockyspoon.lt\/wp-content\/uploads\/2024\/10\/cropped-android-chrome-192x192-1.png","contentUrl":"https:\/\/rockyspoon.lt\/wp-content\/uploads\/2024\/10\/cropped-android-chrome-192x192-1.png","width":512,"height":512,"caption":"Rocky Spoon"},"image":{"@id":"https:\/\/rockyspoon.lt\/#\/schema\/logo\/image\/"},"sameAs":["https:\/\/www.facebook.com\/profile.php?id=61564237763085"]}]}},"jetpack_sharing_enabled":true,"_links":{"self":[{"href":"https:\/\/rockyspoon.lt\/en\/wp-json\/wp\/v2\/product\/937","targetHints":{"allow":["GET"]}}],"collection":[{"href":"https:\/\/rockyspoon.lt\/en\/wp-json\/wp\/v2\/product"}],"about":[{"href":"https:\/\/rockyspoon.lt\/en\/wp-json\/wp\/v2\/types\/product"}],"replies":[{"embeddable":true,"href":"https:\/\/rockyspoon.lt\/en\/wp-json\/wp\/v2\/comments?post=937"}],"wp:featuredmedia":[{"embeddable":true,"href":"https:\/\/rockyspoon.lt\/en\/wp-json\/wp\/v2\/media\/933"}],"wp:attachment":[{"href":"https:\/\/rockyspoon.lt\/en\/wp-json\/wp\/v2\/media?parent=937"}],"wp:term":[{"taxonomy":"product_brand","embeddable":true,"href":"https:\/\/rockyspoon.lt\/en\/wp-json\/wp\/v2\/product_brand?post=937"},{"taxonomy":"product_cat","embeddable":true,"href":"https:\/\/rockyspoon.lt\/en\/wp-json\/wp\/v2\/product_cat?post=937"},{"taxonomy":"product_tag","embeddable":true,"href":"https:\/\/rockyspoon.lt\/en\/wp-json\/wp\/v2\/product_tag?post=937"}],"curies":[{"name":"wp","href":"https:\/\/api.w.org\/{rel}","templated":true}]}}