{"id":907,"date":"2025-10-15T10:23:26","date_gmt":"2025-10-15T10:23:26","guid":{"rendered":"https:\/\/rockyspoon.lt\/?post_type=product&#038;p=907"},"modified":"2026-04-06T19:58:35","modified_gmt":"2026-04-06T19:58:35","slug":"dovanu-dezute-midi","status":"publish","type":"product","link":"https:\/\/rockyspoon.lt\/en\/product\/dovanu-dezute-midi\/","title":{"rendered":"GOURMET GIFT BOX MIDI"},"content":{"rendered":"<h3 data-start=\"164\" data-end=\"227\"><strong data-start=\"171\" data-end=\"225\">Rocky Spoon dovan\u0173 d\u0117\u017eut\u0117 \u2013 skonis, kuris sujungia<\/strong><\/h3>\n<p data-start=\"229\" data-end=\"347\">Atrask penki\u0173 i\u0161skirtini\u0173 <strong data-start=\"254\" data-end=\"269\">Rocky Spoon<\/strong> produkt\u0173 rinkin\u012f \u2013 nuo saldaus iki pikanti\u0161ko, nuo klasikos iki netik\u0117tumo.<\/p>\n<p data-start=\"349\" data-end=\"950\"><strong data-start=\"352\" data-end=\"386\">Karamelizuoti svog\u016bnai, \u010datnis<\/strong> \u2013 \u0161velniai saldus ir gilus skonis, puikiai derantis prie s\u016bri\u0173 ar kepsni\u0173.<br data-start=\"461\" data-end=\"464\" \/><strong data-start=\"467\" data-end=\"498\">Sodrusis pomidoras, pada\u017eas<\/strong> \u2013 tir\u0161tas, aromatingas ir kupinas d\u016bminio pomidoro skonio.<br data-start=\"559\" data-end=\"562\" \/><strong data-start=\"565\" data-end=\"593\">Obuoliai ir elis, \u010datnis<\/strong> \u2013 subtilus obuoli\u0173, tamsaus alaus ir prieskoni\u0173 derinys, tobulas prie s\u016brio ar pauk\u0161tienos.<br data-start=\"677\" data-end=\"680\" \/><strong data-start=\"683\" data-end=\"701\" data-is-only-node=\"\">Mangas, \u010datnis<\/strong> \u2013 \u0161velniai saldus ir vaisi\u0161kas, \u012fne\u0161a egzoti\u0161kumo \u012f kasdienius patiekalus.<br data-start=\"858\" data-end=\"861\" \/><strong data-start=\"865\" data-end=\"889\">\u010cili Paprika, d\u017eemas<\/strong> \u2013 sald\u017eiai a\u0161trus akcentas prie s\u016brio, m\u0117sos ar u\u017ekand\u017ei\u0173.<\/p>\n<p data-start=\"952\" data-end=\"1107\">Visi produktai rank\u0173 darbo, pagaminti Lietuvoje.<br data-start=\"1023\" data-end=\"1026\" \/>Tobula dovana tiems, kurie vertina tikr\u0105 skon\u012f, rank\u0173 darb\u0105 ir originalum\u0105.<\/p>\n<p data-start=\"1109\" data-end=\"1148\"><strong data-start=\"1109\" data-end=\"1148\">Rocky Spoon \u2013 skonis, kuris jungia.<\/strong><\/p>","protected":false},"excerpt":{"rendered":"<h3 data-start=\"103\" data-end=\"141\"><strong data-start=\"110\" data-end=\"139\">Rocky Spoon dovan\u0173 d\u0117\u017eut\u0117<\/strong><\/h3>\n<p data-start=\"143\" data-end=\"429\">Penki i\u0161skirtiniai skoniai vienoje d\u0117\u017eut\u0117je:<br data-start=\"189\" data-end=\"192\" \/><strong data-start=\"195\" data-end=\"229\">Karamelizuoti svog\u016bnai, \u010datnis<\/strong><br data-start=\"229\" data-end=\"232\" \/><strong data-start=\"235\" data-end=\"266\">Sodrusis pomidoras, pada\u017eas<\/strong><br data-start=\"266\" data-end=\"269\" \/><strong data-start=\"272\" data-end=\"298\">Obuoliai ir Elis, \u010datnis<\/strong><br data-start=\"298\" data-end=\"301\" \/><strong data-start=\"304\" data-end=\"322\">Mangas, \u010datnis<\/strong><br data-start=\"396\" data-end=\"399\" \/><strong data-start=\"403\" data-end=\"427\">\u010cili Paprika, d\u017eemas<\/strong><\/p>\n<p data-start=\"431\" data-end=\"554\">Six gourmet flavors in one set<br data-start=\"480\" data-end=\"483\" \/>Tobula dovana gurmanams, m\u0117gstantiems tikr\u0105 skon\u012f ir originalum\u0105.<\/p>\n<p data-start=\"556\" data-end=\"596\" data-is-last-node=\"\" data-is-only-node=\"\">Rocky Spoon \u2013 skonis su charakteriu.<\/p>","protected":false},"featured_media":899,"comment_status":"open","ping_status":"closed","template":"","meta":[],"product_brand":[],"product_cat":[121],"product_tag":[56,26,106,54,105,102,20,55,27,101,104,103],"class_list":{"0":"post-907","1":"product","2":"type-product","3":"status-publish","4":"has-post-thumbnail","6":"product_cat-rinkiniai","7":"product_tag-astrus-padazas","8":"product_tag-catnis","9":"product_tag-dovanu-ideja","10":"product_tag-habanero-mangas","11":"product_tag-ieskau-dovanos","12":"product_tag-kaledos","13":"product_tag-padazas","14":"product_tag-ranku-darbo-padazas","15":"product_tag-rocky-spoon","16":"product_tag-skani-dovana","17":"product_tag-svetinis-laikotarpis","18":"product_tag-ypatinga-dovana","20":"first","21":"instock","22":"shipping-taxable","23":"purchasable","24":"product-type-simple"},"yoast_head":"<!-- This site is optimized with the Yoast SEO plugin v27.3 - https:\/\/yoast.com\/product\/yoast-seo-wordpress\/ -->\n<title>DOVAN\u0172 D\u0116\u017dUT\u0116 midi - ROCKY SPOON<\/title>\n<meta name=\"description\" content=\"Rocky Spoon dovan\u0173 d\u0117\u017eut\u0117 \u2013 penki rank\u0173 darbo gurmani\u0161ki produktai: \u010datniai, pada\u017eai ir d\u017eemas. Tobula dovana tiems, kurie vertina tikr\u0105 skon\u012f.\" \/>\n<meta name=\"robots\" content=\"index, follow, max-snippet:-1, max-image-preview:large, max-video-preview:-1\" \/>\n<link rel=\"canonical\" href=\"https:\/\/rockyspoon.lt\/en\/product\/dovanu-dezute-midi\/\" \/>\n<meta property=\"og:locale\" content=\"en_GB\" \/>\n<meta property=\"og:type\" content=\"article\" \/>\n<meta property=\"og:title\" content=\"DOVAN\u0172 D\u0116\u017dUT\u0116 midi - ROCKY SPOON\" \/>\n<meta property=\"og:description\" content=\"Rocky Spoon dovan\u0173 d\u0117\u017eut\u0117 \u2013 penki rank\u0173 darbo gurmani\u0161ki produktai: \u010datniai, pada\u017eai ir d\u017eemas. Tobula dovana tiems, kurie vertina tikr\u0105 skon\u012f.\" \/>\n<meta property=\"og:url\" content=\"https:\/\/rockyspoon.lt\/en\/product\/dovanu-dezute-midi\/\" \/>\n<meta property=\"og:site_name\" content=\"rockyspoon.lt\" \/>\n<meta property=\"article:publisher\" content=\"https:\/\/www.facebook.com\/profile.php?id=61564237763085\" \/>\n<meta property=\"article:modified_time\" content=\"2026-04-06T19:58:35+00:00\" \/>\n<meta property=\"og:image\" content=\"https:\/\/rockyspoon.lt\/wp-content\/uploads\/2025\/10\/dezute6-scaled.jpg\" \/>\n\t<meta property=\"og:image:width\" content=\"2560\" \/>\n\t<meta property=\"og:image:height\" content=\"2560\" \/>\n\t<meta property=\"og:image:type\" content=\"image\/jpeg\" \/>\n<meta name=\"twitter:card\" content=\"summary_large_image\" \/>\n<meta name=\"twitter:label1\" content=\"Est. reading time\" \/>\n\t<meta name=\"twitter:data1\" content=\"1 minute\" \/>\n<script type=\"application\/ld+json\" class=\"yoast-schema-graph\">{\"@context\":\"https:\\\/\\\/schema.org\",\"@graph\":[{\"@type\":\"WebPage\",\"@id\":\"https:\\\/\\\/rockyspoon.lt\\\/produktas\\\/dovanu-dezute-midi\\\/\",\"url\":\"https:\\\/\\\/rockyspoon.lt\\\/produktas\\\/dovanu-dezute-midi\\\/\",\"name\":\"DOVAN\u0172 D\u0116\u017dUT\u0116 midi - ROCKY SPOON\",\"isPartOf\":{\"@id\":\"https:\\\/\\\/rockyspoon.lt\\\/#website\"},\"primaryImageOfPage\":{\"@id\":\"https:\\\/\\\/rockyspoon.lt\\\/produktas\\\/dovanu-dezute-midi\\\/#primaryimage\"},\"image\":{\"@id\":\"https:\\\/\\\/rockyspoon.lt\\\/produktas\\\/dovanu-dezute-midi\\\/#primaryimage\"},\"thumbnailUrl\":\"https:\\\/\\\/rockyspoon.lt\\\/wp-content\\\/uploads\\\/2025\\\/10\\\/dezute6-scaled.jpg\",\"datePublished\":\"2025-10-15T10:23:26+00:00\",\"dateModified\":\"2026-04-06T19:58:35+00:00\",\"description\":\"Rocky Spoon dovan\u0173 d\u0117\u017eut\u0117 \u2013 penki rank\u0173 darbo gurmani\u0161ki produktai: \u010datniai, pada\u017eai ir d\u017eemas. Tobula dovana tiems, kurie vertina tikr\u0105 skon\u012f.\",\"breadcrumb\":{\"@id\":\"https:\\\/\\\/rockyspoon.lt\\\/produktas\\\/dovanu-dezute-midi\\\/#breadcrumb\"},\"inLanguage\":\"en-GB\",\"potentialAction\":[{\"@type\":\"ReadAction\",\"target\":[\"https:\\\/\\\/rockyspoon.lt\\\/produktas\\\/dovanu-dezute-midi\\\/\"]}]},{\"@type\":\"ImageObject\",\"inLanguage\":\"en-GB\",\"@id\":\"https:\\\/\\\/rockyspoon.lt\\\/produktas\\\/dovanu-dezute-midi\\\/#primaryimage\",\"url\":\"https:\\\/\\\/rockyspoon.lt\\\/wp-content\\\/uploads\\\/2025\\\/10\\\/dezute6-scaled.jpg\",\"contentUrl\":\"https:\\\/\\\/rockyspoon.lt\\\/wp-content\\\/uploads\\\/2025\\\/10\\\/dezute6-scaled.jpg\",\"width\":2560,\"height\":2560,\"caption\":\"Rocky Spoon dovan\u0173 lagamin\u0117lis su \u010datniais, prieskoniniu aliejumi, d\u017eemu ir liofilizuota druska. Gurmani\u0161kas rank\u0173 darbo dovan\u0173 rinkinys.\"},{\"@type\":\"BreadcrumbList\",\"@id\":\"https:\\\/\\\/rockyspoon.lt\\\/produktas\\\/dovanu-dezute-midi\\\/#breadcrumb\",\"itemListElement\":[{\"@type\":\"ListItem\",\"position\":1,\"name\":\"Home\",\"item\":\"https:\\\/\\\/rockyspoon.lt\\\/\"},{\"@type\":\"ListItem\",\"position\":2,\"name\":\"Parduotuv\u0117\",\"item\":\"https:\\\/\\\/rockyspoon.lt\\\/parduotuve\\\/\"},{\"@type\":\"ListItem\",\"position\":3,\"name\":\"DOVAN\u0172 D\u0116\u017dUT\u0116 midi\"}]},{\"@type\":\"WebSite\",\"@id\":\"https:\\\/\\\/rockyspoon.lt\\\/#website\",\"url\":\"https:\\\/\\\/rockyspoon.lt\\\/\",\"name\":\"Rocky Spoon\",\"description\":\"Rocky Spoon - Rank\u0173 Darbo Pada\u017eai ir Pagardai\",\"publisher\":{\"@id\":\"https:\\\/\\\/rockyspoon.lt\\\/#organization\"},\"potentialAction\":[{\"@type\":\"SearchAction\",\"target\":{\"@type\":\"EntryPoint\",\"urlTemplate\":\"https:\\\/\\\/rockyspoon.lt\\\/?s={search_term_string}\"},\"query-input\":{\"@type\":\"PropertyValueSpecification\",\"valueRequired\":true,\"valueName\":\"search_term_string\"}}],\"inLanguage\":\"en-GB\"},{\"@type\":\"Organization\",\"@id\":\"https:\\\/\\\/rockyspoon.lt\\\/#organization\",\"name\":\"Rocky Spoon\",\"url\":\"https:\\\/\\\/rockyspoon.lt\\\/\",\"logo\":{\"@type\":\"ImageObject\",\"inLanguage\":\"en-GB\",\"@id\":\"https:\\\/\\\/rockyspoon.lt\\\/#\\\/schema\\\/logo\\\/image\\\/\",\"url\":\"https:\\\/\\\/rockyspoon.lt\\\/wp-content\\\/uploads\\\/2024\\\/10\\\/cropped-android-chrome-192x192-1.png\",\"contentUrl\":\"https:\\\/\\\/rockyspoon.lt\\\/wp-content\\\/uploads\\\/2024\\\/10\\\/cropped-android-chrome-192x192-1.png\",\"width\":512,\"height\":512,\"caption\":\"Rocky Spoon\"},\"image\":{\"@id\":\"https:\\\/\\\/rockyspoon.lt\\\/#\\\/schema\\\/logo\\\/image\\\/\"},\"sameAs\":[\"https:\\\/\\\/www.facebook.com\\\/profile.php?id=61564237763085\"]}]}<\/script>\n<!-- \/ Yoast SEO plugin. -->","yoast_head_json":{"title":"DOVAN\u0172 D\u0116\u017dUT\u0116 midi - ROCKY SPOON","description":"Rocky Spoon dovan\u0173 d\u0117\u017eut\u0117 \u2013 penki rank\u0173 darbo gurmani\u0161ki produktai: \u010datniai, pada\u017eai ir d\u017eemas. Tobula dovana tiems, kurie vertina tikr\u0105 skon\u012f.","robots":{"index":"index","follow":"follow","max-snippet":"max-snippet:-1","max-image-preview":"max-image-preview:large","max-video-preview":"max-video-preview:-1"},"canonical":"https:\/\/rockyspoon.lt\/en\/product\/dovanu-dezute-midi\/","og_locale":"en_GB","og_type":"article","og_title":"DOVAN\u0172 D\u0116\u017dUT\u0116 midi - ROCKY SPOON","og_description":"Rocky Spoon dovan\u0173 d\u0117\u017eut\u0117 \u2013 penki rank\u0173 darbo gurmani\u0161ki produktai: \u010datniai, pada\u017eai ir d\u017eemas. Tobula dovana tiems, kurie vertina tikr\u0105 skon\u012f.","og_url":"https:\/\/rockyspoon.lt\/en\/product\/dovanu-dezute-midi\/","og_site_name":"rockyspoon.lt","article_publisher":"https:\/\/www.facebook.com\/profile.php?id=61564237763085","article_modified_time":"2026-04-06T19:58:35+00:00","og_image":[{"width":2560,"height":2560,"url":"https:\/\/rockyspoon.lt\/wp-content\/uploads\/2025\/10\/dezute6-scaled.jpg","type":"image\/jpeg"}],"twitter_card":"summary_large_image","twitter_misc":{"Est. reading time":"1 minute"},"schema":{"@context":"https:\/\/schema.org","@graph":[{"@type":"WebPage","@id":"https:\/\/rockyspoon.lt\/produktas\/dovanu-dezute-midi\/","url":"https:\/\/rockyspoon.lt\/produktas\/dovanu-dezute-midi\/","name":"DOVAN\u0172 D\u0116\u017dUT\u0116 midi - ROCKY SPOON","isPartOf":{"@id":"https:\/\/rockyspoon.lt\/#website"},"primaryImageOfPage":{"@id":"https:\/\/rockyspoon.lt\/produktas\/dovanu-dezute-midi\/#primaryimage"},"image":{"@id":"https:\/\/rockyspoon.lt\/produktas\/dovanu-dezute-midi\/#primaryimage"},"thumbnailUrl":"https:\/\/rockyspoon.lt\/wp-content\/uploads\/2025\/10\/dezute6-scaled.jpg","datePublished":"2025-10-15T10:23:26+00:00","dateModified":"2026-04-06T19:58:35+00:00","description":"Rocky Spoon dovan\u0173 d\u0117\u017eut\u0117 \u2013 penki rank\u0173 darbo gurmani\u0161ki produktai: \u010datniai, pada\u017eai ir d\u017eemas. Tobula dovana tiems, kurie vertina tikr\u0105 skon\u012f.","breadcrumb":{"@id":"https:\/\/rockyspoon.lt\/produktas\/dovanu-dezute-midi\/#breadcrumb"},"inLanguage":"en-GB","potentialAction":[{"@type":"ReadAction","target":["https:\/\/rockyspoon.lt\/produktas\/dovanu-dezute-midi\/"]}]},{"@type":"ImageObject","inLanguage":"en-GB","@id":"https:\/\/rockyspoon.lt\/produktas\/dovanu-dezute-midi\/#primaryimage","url":"https:\/\/rockyspoon.lt\/wp-content\/uploads\/2025\/10\/dezute6-scaled.jpg","contentUrl":"https:\/\/rockyspoon.lt\/wp-content\/uploads\/2025\/10\/dezute6-scaled.jpg","width":2560,"height":2560,"caption":"Rocky Spoon dovan\u0173 lagamin\u0117lis su \u010datniais, prieskoniniu aliejumi, d\u017eemu ir liofilizuota druska. Gurmani\u0161kas rank\u0173 darbo dovan\u0173 rinkinys."},{"@type":"BreadcrumbList","@id":"https:\/\/rockyspoon.lt\/produktas\/dovanu-dezute-midi\/#breadcrumb","itemListElement":[{"@type":"ListItem","position":1,"name":"Home","item":"https:\/\/rockyspoon.lt\/"},{"@type":"ListItem","position":2,"name":"Parduotuv\u0117","item":"https:\/\/rockyspoon.lt\/parduotuve\/"},{"@type":"ListItem","position":3,"name":"DOVAN\u0172 D\u0116\u017dUT\u0116 midi"}]},{"@type":"WebSite","@id":"https:\/\/rockyspoon.lt\/#website","url":"https:\/\/rockyspoon.lt\/","name":"Rocky Spoon","description":"Rocky Spoon - Rank\u0173 Darbo Pada\u017eai ir Pagardai","publisher":{"@id":"https:\/\/rockyspoon.lt\/#organization"},"potentialAction":[{"@type":"SearchAction","target":{"@type":"EntryPoint","urlTemplate":"https:\/\/rockyspoon.lt\/?s={search_term_string}"},"query-input":{"@type":"PropertyValueSpecification","valueRequired":true,"valueName":"search_term_string"}}],"inLanguage":"en-GB"},{"@type":"Organization","@id":"https:\/\/rockyspoon.lt\/#organization","name":"Rocky Spoon","url":"https:\/\/rockyspoon.lt\/","logo":{"@type":"ImageObject","inLanguage":"en-GB","@id":"https:\/\/rockyspoon.lt\/#\/schema\/logo\/image\/","url":"https:\/\/rockyspoon.lt\/wp-content\/uploads\/2024\/10\/cropped-android-chrome-192x192-1.png","contentUrl":"https:\/\/rockyspoon.lt\/wp-content\/uploads\/2024\/10\/cropped-android-chrome-192x192-1.png","width":512,"height":512,"caption":"Rocky Spoon"},"image":{"@id":"https:\/\/rockyspoon.lt\/#\/schema\/logo\/image\/"},"sameAs":["https:\/\/www.facebook.com\/profile.php?id=61564237763085"]}]}},"jetpack_sharing_enabled":true,"_links":{"self":[{"href":"https:\/\/rockyspoon.lt\/en\/wp-json\/wp\/v2\/product\/907","targetHints":{"allow":["GET"]}}],"collection":[{"href":"https:\/\/rockyspoon.lt\/en\/wp-json\/wp\/v2\/product"}],"about":[{"href":"https:\/\/rockyspoon.lt\/en\/wp-json\/wp\/v2\/types\/product"}],"replies":[{"embeddable":true,"href":"https:\/\/rockyspoon.lt\/en\/wp-json\/wp\/v2\/comments?post=907"}],"wp:featuredmedia":[{"embeddable":true,"href":"https:\/\/rockyspoon.lt\/en\/wp-json\/wp\/v2\/media\/899"}],"wp:attachment":[{"href":"https:\/\/rockyspoon.lt\/en\/wp-json\/wp\/v2\/media?parent=907"}],"wp:term":[{"taxonomy":"product_brand","embeddable":true,"href":"https:\/\/rockyspoon.lt\/en\/wp-json\/wp\/v2\/product_brand?post=907"},{"taxonomy":"product_cat","embeddable":true,"href":"https:\/\/rockyspoon.lt\/en\/wp-json\/wp\/v2\/product_cat?post=907"},{"taxonomy":"product_tag","embeddable":true,"href":"https:\/\/rockyspoon.lt\/en\/wp-json\/wp\/v2\/product_tag?post=907"}],"curies":[{"name":"wp","href":"https:\/\/api.w.org\/{rel}","templated":true}]}}