{"id":896,"date":"2025-10-14T16:46:26","date_gmt":"2025-10-14T16:46:26","guid":{"rendered":"https:\/\/rockyspoon.lt\/?post_type=product&#038;p=896"},"modified":"2026-04-06T20:02:09","modified_gmt":"2026-04-06T20:02:09","slug":"rocky-spoon-dovanu-dezute","status":"publish","type":"product","link":"https:\/\/rockyspoon.lt\/en\/product\/rocky-spoon-dovanu-dezute\/","title":{"rendered":"GOURMET GIFT BOX MAXI"},"content":{"rendered":"<h3 data-start=\"160\" data-end=\"232\"><strong data-start=\"167\" data-end=\"230\">Rocky Spoon dovan\u0173 d\u0117\u017eut\u0117 \u2013 septyni skoniai, viena istorija<\/strong><\/h3>\n<p data-start=\"234\" data-end=\"361\">Atrask tikr\u0105 skonio kelion\u0119 su <strong data-start=\"265\" data-end=\"294\">Rocky Spoon dovan\u0173 d\u0117\u017eute<\/strong>, kurioje susipina saldumas, a\u0161trumas ir gurmani\u0161kas netik\u0117tumas.<\/p>\n<p data-start=\"363\" data-end=\"1017\"><strong data-start=\"366\" data-end=\"400\">Karamelizuoti svog\u016bnai, \u010datnis<\/strong> \u2013 \u0161velniai sald\u017eiar\u016bg\u0161tis, gilus skonis, tobulas prie s\u016brio ar kepsni\u0173.<br data-start=\"464\" data-end=\"467\" \/><strong data-start=\"470\" data-end=\"501\">Sodrusis pomidoras, pada\u017eas<\/strong> \u2013 klasika su charakteriu, kupinas d\u016bm\u0173 skonio.<br data-start=\"553\" data-end=\"556\" \/><strong data-start=\"559\" data-end=\"585\">Kanapin\u0117 morka, \u010datnis<\/strong> \u2013 dr\u0105sus lietuvi\u0161kas derinys su rie\u0161utiniu poskoniu.<br data-start=\"638\" data-end=\"641\" \/><strong data-start=\"644\" data-end=\"662\">Mangas, \u010datnis<\/strong> \u2013 egzoti\u0161kai saldus ir vaisi\u0161kai gaivus, puikus prie vi\u0161tienos ar ry\u017ei\u0173.<br data-start=\"735\" data-end=\"738\" \/><strong data-start=\"741\" data-end=\"768\">Habanero Mangas, \u010datnis<\/strong> \u2013 a\u0161tresn\u0117 mango versija, skirta dr\u0105siems skoni\u0173 m\u0117g\u0117jams.<br data-start=\"827\" data-end=\"830\" \/><strong data-start=\"834\" data-end=\"868\">Piri Piri pikanti\u0161kas, pada\u017eas<\/strong> \u2013 lengvai a\u0161trus, citrusinis ir tobulai tinkantis griliui.<br data-start=\"927\" data-end=\"930\" \/><strong data-start=\"934\" data-end=\"958\">\u010cili Paprika, d\u017eemas<\/strong> \u2013 sald\u017eiai pikanti\u0161kas akcentas prie s\u016bri\u0173 ar u\u017ekand\u017ei\u0173.<\/p>\n<p data-start=\"1019\" data-end=\"1215\">Visi produktai \u2013 rank\u0173 darbo, pagaminti Lietuvoje.<br data-start=\"1092\" data-end=\"1095\" \/>Tobula dovana tiems, kurie vertina skon\u012f su istorija ir nori patirti, k\u0105 rei\u0161kia tikras Rocky Spoon charakteris.<\/p>","protected":false},"excerpt":{"rendered":"<h3 data-start=\"103\" data-end=\"141\"><strong data-start=\"110\" data-end=\"139\">Rocky Spoon dovan\u0173 d\u0117\u017eut\u0117<\/strong><\/h3>\n<p data-start=\"143\" data-end=\"429\">Septyni i\u0161skirtiniai skoniai vienoje d\u0117\u017eut\u0117je:<br data-start=\"189\" data-end=\"192\" \/><strong data-start=\"195\" data-end=\"229\">Karamelizuoti svog\u016bnai, \u010datnis<\/strong><br data-start=\"229\" data-end=\"232\" \/><strong data-start=\"235\" data-end=\"266\">Sodrusis pomidoras, pada\u017eas<\/strong><br data-start=\"266\" data-end=\"269\" \/><strong data-start=\"272\" data-end=\"298\">Kanapin\u0117 morka, \u010datnis<\/strong><br data-start=\"298\" data-end=\"301\" \/><strong data-start=\"304\" data-end=\"322\">Mangas, \u010datnis<\/strong><br data-start=\"322\" data-end=\"325\" \/><strong data-start=\"328\" data-end=\"355\">Habanero Mangas, \u010datnis<\/strong><br data-start=\"355\" data-end=\"358\" \/><strong data-start=\"362\" data-end=\"396\">Piri Piri pikanti\u0161kas, pada\u017eas<\/strong><br data-start=\"396\" data-end=\"399\" \/><strong data-start=\"403\" data-end=\"427\">\u010cili Paprika, d\u017eemas<\/strong><\/p>\n<p data-start=\"431\" data-end=\"554\">Six gourmet flavors in one set<br data-start=\"480\" data-end=\"483\" \/>Tobula dovana gurmanams, m\u0117gstantiems tikr\u0105 skon\u012f ir originalum\u0105.<\/p>\n<p data-start=\"556\" data-end=\"596\" data-is-last-node=\"\" data-is-only-node=\"\">Rocky Spoon \u2013 skonis su charakteriu.<\/p>","protected":false},"featured_media":894,"comment_status":"open","ping_status":"closed","template":"","meta":[],"product_brand":[],"product_cat":[121],"product_tag":[56,26,54,105,107,102,20,55,27,101,71,108],"class_list":{"0":"post-896","1":"product","2":"type-product","3":"status-publish","4":"has-post-thumbnail","6":"product_cat-rinkiniai","7":"product_tag-astrus-padazas","8":"product_tag-catnis","9":"product_tag-habanero-mangas","10":"product_tag-ieskau-dovanos","11":"product_tag-kaledine-dovana","12":"product_tag-kaledos","13":"product_tag-padazas","14":"product_tag-ranku-darbo-padazas","15":"product_tag-rocky-spoon","16":"product_tag-skani-dovana","17":"product_tag-skanu","18":"product_tag-sventinis-laikotarpis","20":"first","21":"instock","22":"shipping-taxable","23":"purchasable","24":"product-type-simple"},"yoast_head":"<!-- This site is optimized with the Yoast SEO plugin v27.3 - https:\/\/yoast.com\/product\/yoast-seo-wordpress\/ -->\n<title>DOVAN\u0172 D\u0116\u017dUT\u0116 maxi - ROCKY SPOON<\/title>\n<meta name=\"description\" content=\"Rocky Spoon dovan\u0173 d\u0117\u017eut\u0117 \u2013 septyni rank\u0173 darbo gurmani\u0161ki produktai: \u010datniai, pada\u017eai, d\u017eemas ir prieskoni\u0173 deriniai. Tobula dovana tikro skonio m\u0117g\u0117jams.\" \/>\n<meta name=\"robots\" content=\"index, follow, max-snippet:-1, max-image-preview:large, max-video-preview:-1\" \/>\n<link rel=\"canonical\" href=\"https:\/\/rockyspoon.lt\/en\/product\/rocky-spoon-dovanu-dezute\/\" \/>\n<meta property=\"og:locale\" content=\"en_GB\" \/>\n<meta property=\"og:type\" content=\"article\" \/>\n<meta property=\"og:title\" content=\"DOVAN\u0172 D\u0116\u017dUT\u0116 maxi - ROCKY SPOON\" \/>\n<meta property=\"og:description\" content=\"Rocky Spoon dovan\u0173 d\u0117\u017eut\u0117 \u2013 septyni rank\u0173 darbo gurmani\u0161ki produktai: \u010datniai, pada\u017eai, d\u017eemas ir prieskoni\u0173 deriniai. Tobula dovana tikro skonio m\u0117g\u0117jams.\" \/>\n<meta property=\"og:url\" content=\"https:\/\/rockyspoon.lt\/en\/product\/rocky-spoon-dovanu-dezute\/\" \/>\n<meta property=\"og:site_name\" content=\"rockyspoon.lt\" \/>\n<meta property=\"article:publisher\" content=\"https:\/\/www.facebook.com\/profile.php?id=61564237763085\" \/>\n<meta property=\"article:modified_time\" content=\"2026-04-06T20:02:09+00:00\" \/>\n<meta property=\"og:image\" content=\"https:\/\/rockyspoon.lt\/wp-content\/uploads\/2025\/10\/dezutemax2-scaled.jpg\" \/>\n\t<meta property=\"og:image:width\" content=\"2560\" \/>\n\t<meta property=\"og:image:height\" content=\"2550\" \/>\n\t<meta property=\"og:image:type\" content=\"image\/jpeg\" \/>\n<meta name=\"twitter:card\" content=\"summary_large_image\" \/>\n<meta name=\"twitter:label1\" content=\"Est. reading time\" \/>\n\t<meta name=\"twitter:data1\" content=\"1 minute\" \/>\n<script type=\"application\/ld+json\" class=\"yoast-schema-graph\">{\"@context\":\"https:\\\/\\\/schema.org\",\"@graph\":[{\"@type\":\"WebPage\",\"@id\":\"https:\\\/\\\/rockyspoon.lt\\\/produktas\\\/rocky-spoon-dovanu-dezute\\\/\",\"url\":\"https:\\\/\\\/rockyspoon.lt\\\/produktas\\\/rocky-spoon-dovanu-dezute\\\/\",\"name\":\"DOVAN\u0172 D\u0116\u017dUT\u0116 maxi - ROCKY SPOON\",\"isPartOf\":{\"@id\":\"https:\\\/\\\/rockyspoon.lt\\\/#website\"},\"primaryImageOfPage\":{\"@id\":\"https:\\\/\\\/rockyspoon.lt\\\/produktas\\\/rocky-spoon-dovanu-dezute\\\/#primaryimage\"},\"image\":{\"@id\":\"https:\\\/\\\/rockyspoon.lt\\\/produktas\\\/rocky-spoon-dovanu-dezute\\\/#primaryimage\"},\"thumbnailUrl\":\"https:\\\/\\\/rockyspoon.lt\\\/wp-content\\\/uploads\\\/2025\\\/10\\\/dezutemax2-scaled.jpg\",\"datePublished\":\"2025-10-14T16:46:26+00:00\",\"dateModified\":\"2026-04-06T20:02:09+00:00\",\"description\":\"Rocky Spoon dovan\u0173 d\u0117\u017eut\u0117 \u2013 septyni rank\u0173 darbo gurmani\u0161ki produktai: \u010datniai, pada\u017eai, d\u017eemas ir prieskoni\u0173 deriniai. Tobula dovana tikro skonio m\u0117g\u0117jams.\",\"breadcrumb\":{\"@id\":\"https:\\\/\\\/rockyspoon.lt\\\/produktas\\\/rocky-spoon-dovanu-dezute\\\/#breadcrumb\"},\"inLanguage\":\"en-GB\",\"potentialAction\":[{\"@type\":\"ReadAction\",\"target\":[\"https:\\\/\\\/rockyspoon.lt\\\/produktas\\\/rocky-spoon-dovanu-dezute\\\/\"]}]},{\"@type\":\"ImageObject\",\"inLanguage\":\"en-GB\",\"@id\":\"https:\\\/\\\/rockyspoon.lt\\\/produktas\\\/rocky-spoon-dovanu-dezute\\\/#primaryimage\",\"url\":\"https:\\\/\\\/rockyspoon.lt\\\/wp-content\\\/uploads\\\/2025\\\/10\\\/dezutemax2-scaled.jpg\",\"contentUrl\":\"https:\\\/\\\/rockyspoon.lt\\\/wp-content\\\/uploads\\\/2025\\\/10\\\/dezutemax2-scaled.jpg\",\"width\":2560,\"height\":2550,\"caption\":\"Rocky Spoon dovan\u0173 lagamin\u0117lis su \u010datniais, prieskoniniu aliejumi, d\u017eemu ir liofilizuota druska. Gurmani\u0161kas rank\u0173 darbo dovan\u0173 rinkinys.\"},{\"@type\":\"BreadcrumbList\",\"@id\":\"https:\\\/\\\/rockyspoon.lt\\\/produktas\\\/rocky-spoon-dovanu-dezute\\\/#breadcrumb\",\"itemListElement\":[{\"@type\":\"ListItem\",\"position\":1,\"name\":\"Home\",\"item\":\"https:\\\/\\\/rockyspoon.lt\\\/\"},{\"@type\":\"ListItem\",\"position\":2,\"name\":\"Parduotuv\u0117\",\"item\":\"https:\\\/\\\/rockyspoon.lt\\\/parduotuve\\\/\"},{\"@type\":\"ListItem\",\"position\":3,\"name\":\"DOVAN\u0172 D\u0116\u017dUT\u0116 maxi\"}]},{\"@type\":\"WebSite\",\"@id\":\"https:\\\/\\\/rockyspoon.lt\\\/#website\",\"url\":\"https:\\\/\\\/rockyspoon.lt\\\/\",\"name\":\"Rocky Spoon\",\"description\":\"Rocky Spoon - Rank\u0173 Darbo Pada\u017eai ir Pagardai\",\"publisher\":{\"@id\":\"https:\\\/\\\/rockyspoon.lt\\\/#organization\"},\"potentialAction\":[{\"@type\":\"SearchAction\",\"target\":{\"@type\":\"EntryPoint\",\"urlTemplate\":\"https:\\\/\\\/rockyspoon.lt\\\/?s={search_term_string}\"},\"query-input\":{\"@type\":\"PropertyValueSpecification\",\"valueRequired\":true,\"valueName\":\"search_term_string\"}}],\"inLanguage\":\"en-GB\"},{\"@type\":\"Organization\",\"@id\":\"https:\\\/\\\/rockyspoon.lt\\\/#organization\",\"name\":\"Rocky Spoon\",\"url\":\"https:\\\/\\\/rockyspoon.lt\\\/\",\"logo\":{\"@type\":\"ImageObject\",\"inLanguage\":\"en-GB\",\"@id\":\"https:\\\/\\\/rockyspoon.lt\\\/#\\\/schema\\\/logo\\\/image\\\/\",\"url\":\"https:\\\/\\\/rockyspoon.lt\\\/wp-content\\\/uploads\\\/2024\\\/10\\\/cropped-android-chrome-192x192-1.png\",\"contentUrl\":\"https:\\\/\\\/rockyspoon.lt\\\/wp-content\\\/uploads\\\/2024\\\/10\\\/cropped-android-chrome-192x192-1.png\",\"width\":512,\"height\":512,\"caption\":\"Rocky Spoon\"},\"image\":{\"@id\":\"https:\\\/\\\/rockyspoon.lt\\\/#\\\/schema\\\/logo\\\/image\\\/\"},\"sameAs\":[\"https:\\\/\\\/www.facebook.com\\\/profile.php?id=61564237763085\"]}]}<\/script>\n<!-- \/ Yoast SEO plugin. -->","yoast_head_json":{"title":"DOVAN\u0172 D\u0116\u017dUT\u0116 maxi - ROCKY SPOON","description":"Rocky Spoon dovan\u0173 d\u0117\u017eut\u0117 \u2013 septyni rank\u0173 darbo gurmani\u0161ki produktai: \u010datniai, pada\u017eai, d\u017eemas ir prieskoni\u0173 deriniai. Tobula dovana tikro skonio m\u0117g\u0117jams.","robots":{"index":"index","follow":"follow","max-snippet":"max-snippet:-1","max-image-preview":"max-image-preview:large","max-video-preview":"max-video-preview:-1"},"canonical":"https:\/\/rockyspoon.lt\/en\/product\/rocky-spoon-dovanu-dezute\/","og_locale":"en_GB","og_type":"article","og_title":"DOVAN\u0172 D\u0116\u017dUT\u0116 maxi - ROCKY SPOON","og_description":"Rocky Spoon dovan\u0173 d\u0117\u017eut\u0117 \u2013 septyni rank\u0173 darbo gurmani\u0161ki produktai: \u010datniai, pada\u017eai, d\u017eemas ir prieskoni\u0173 deriniai. Tobula dovana tikro skonio m\u0117g\u0117jams.","og_url":"https:\/\/rockyspoon.lt\/en\/product\/rocky-spoon-dovanu-dezute\/","og_site_name":"rockyspoon.lt","article_publisher":"https:\/\/www.facebook.com\/profile.php?id=61564237763085","article_modified_time":"2026-04-06T20:02:09+00:00","og_image":[{"width":2560,"height":2550,"url":"https:\/\/rockyspoon.lt\/wp-content\/uploads\/2025\/10\/dezutemax2-scaled.jpg","type":"image\/jpeg"}],"twitter_card":"summary_large_image","twitter_misc":{"Est. reading time":"1 minute"},"schema":{"@context":"https:\/\/schema.org","@graph":[{"@type":"WebPage","@id":"https:\/\/rockyspoon.lt\/produktas\/rocky-spoon-dovanu-dezute\/","url":"https:\/\/rockyspoon.lt\/produktas\/rocky-spoon-dovanu-dezute\/","name":"DOVAN\u0172 D\u0116\u017dUT\u0116 maxi - ROCKY SPOON","isPartOf":{"@id":"https:\/\/rockyspoon.lt\/#website"},"primaryImageOfPage":{"@id":"https:\/\/rockyspoon.lt\/produktas\/rocky-spoon-dovanu-dezute\/#primaryimage"},"image":{"@id":"https:\/\/rockyspoon.lt\/produktas\/rocky-spoon-dovanu-dezute\/#primaryimage"},"thumbnailUrl":"https:\/\/rockyspoon.lt\/wp-content\/uploads\/2025\/10\/dezutemax2-scaled.jpg","datePublished":"2025-10-14T16:46:26+00:00","dateModified":"2026-04-06T20:02:09+00:00","description":"Rocky Spoon dovan\u0173 d\u0117\u017eut\u0117 \u2013 septyni rank\u0173 darbo gurmani\u0161ki produktai: \u010datniai, pada\u017eai, d\u017eemas ir prieskoni\u0173 deriniai. Tobula dovana tikro skonio m\u0117g\u0117jams.","breadcrumb":{"@id":"https:\/\/rockyspoon.lt\/produktas\/rocky-spoon-dovanu-dezute\/#breadcrumb"},"inLanguage":"en-GB","potentialAction":[{"@type":"ReadAction","target":["https:\/\/rockyspoon.lt\/produktas\/rocky-spoon-dovanu-dezute\/"]}]},{"@type":"ImageObject","inLanguage":"en-GB","@id":"https:\/\/rockyspoon.lt\/produktas\/rocky-spoon-dovanu-dezute\/#primaryimage","url":"https:\/\/rockyspoon.lt\/wp-content\/uploads\/2025\/10\/dezutemax2-scaled.jpg","contentUrl":"https:\/\/rockyspoon.lt\/wp-content\/uploads\/2025\/10\/dezutemax2-scaled.jpg","width":2560,"height":2550,"caption":"Rocky Spoon dovan\u0173 lagamin\u0117lis su \u010datniais, prieskoniniu aliejumi, d\u017eemu ir liofilizuota druska. Gurmani\u0161kas rank\u0173 darbo dovan\u0173 rinkinys."},{"@type":"BreadcrumbList","@id":"https:\/\/rockyspoon.lt\/produktas\/rocky-spoon-dovanu-dezute\/#breadcrumb","itemListElement":[{"@type":"ListItem","position":1,"name":"Home","item":"https:\/\/rockyspoon.lt\/"},{"@type":"ListItem","position":2,"name":"Parduotuv\u0117","item":"https:\/\/rockyspoon.lt\/parduotuve\/"},{"@type":"ListItem","position":3,"name":"DOVAN\u0172 D\u0116\u017dUT\u0116 maxi"}]},{"@type":"WebSite","@id":"https:\/\/rockyspoon.lt\/#website","url":"https:\/\/rockyspoon.lt\/","name":"Rocky Spoon","description":"Rocky Spoon - Rank\u0173 Darbo Pada\u017eai ir Pagardai","publisher":{"@id":"https:\/\/rockyspoon.lt\/#organization"},"potentialAction":[{"@type":"SearchAction","target":{"@type":"EntryPoint","urlTemplate":"https:\/\/rockyspoon.lt\/?s={search_term_string}"},"query-input":{"@type":"PropertyValueSpecification","valueRequired":true,"valueName":"search_term_string"}}],"inLanguage":"en-GB"},{"@type":"Organization","@id":"https:\/\/rockyspoon.lt\/#organization","name":"Rocky Spoon","url":"https:\/\/rockyspoon.lt\/","logo":{"@type":"ImageObject","inLanguage":"en-GB","@id":"https:\/\/rockyspoon.lt\/#\/schema\/logo\/image\/","url":"https:\/\/rockyspoon.lt\/wp-content\/uploads\/2024\/10\/cropped-android-chrome-192x192-1.png","contentUrl":"https:\/\/rockyspoon.lt\/wp-content\/uploads\/2024\/10\/cropped-android-chrome-192x192-1.png","width":512,"height":512,"caption":"Rocky Spoon"},"image":{"@id":"https:\/\/rockyspoon.lt\/#\/schema\/logo\/image\/"},"sameAs":["https:\/\/www.facebook.com\/profile.php?id=61564237763085"]}]}},"jetpack_sharing_enabled":true,"_links":{"self":[{"href":"https:\/\/rockyspoon.lt\/en\/wp-json\/wp\/v2\/product\/896","targetHints":{"allow":["GET"]}}],"collection":[{"href":"https:\/\/rockyspoon.lt\/en\/wp-json\/wp\/v2\/product"}],"about":[{"href":"https:\/\/rockyspoon.lt\/en\/wp-json\/wp\/v2\/types\/product"}],"replies":[{"embeddable":true,"href":"https:\/\/rockyspoon.lt\/en\/wp-json\/wp\/v2\/comments?post=896"}],"wp:featuredmedia":[{"embeddable":true,"href":"https:\/\/rockyspoon.lt\/en\/wp-json\/wp\/v2\/media\/894"}],"wp:attachment":[{"href":"https:\/\/rockyspoon.lt\/en\/wp-json\/wp\/v2\/media?parent=896"}],"wp:term":[{"taxonomy":"product_brand","embeddable":true,"href":"https:\/\/rockyspoon.lt\/en\/wp-json\/wp\/v2\/product_brand?post=896"},{"taxonomy":"product_cat","embeddable":true,"href":"https:\/\/rockyspoon.lt\/en\/wp-json\/wp\/v2\/product_cat?post=896"},{"taxonomy":"product_tag","embeddable":true,"href":"https:\/\/rockyspoon.lt\/en\/wp-json\/wp\/v2\/product_tag?post=896"}],"curies":[{"name":"wp","href":"https:\/\/api.w.org\/{rel}","templated":true}]}}