{"id":891,"date":"2025-10-14T13:33:28","date_gmt":"2025-10-14T13:33:28","guid":{"rendered":"https:\/\/rockyspoon.lt\/?post_type=product&#038;p=891"},"modified":"2026-04-06T20:13:12","modified_gmt":"2026-04-06T20:13:12","slug":"rocky-spoon-dovanu-lagaminelis","status":"publish","type":"product","link":"https:\/\/rockyspoon.lt\/en\/product\/rocky-spoon-dovanu-lagaminelis\/","title":{"rendered":"GOURMET GIFT BOX NO 1"},"content":{"rendered":"<h3 data-start=\"181\" data-end=\"260\"><strong data-start=\"188\" data-end=\"258\">Rocky Spoon dovan\u0173 lagamin\u0117lis \u2013 skoni\u0173 kelion\u0117 dr\u0105siems gurmanams<\/strong><\/h3>\n<p data-start=\"262\" data-end=\"410\">Atrask keturis i\u0161skirtinius Rocky Spoon skonius, sud\u0117tus \u012f stiling\u0105 dovan\u0173 lagamin\u0117l\u012f \u2013 tikr\u0105 kelion\u0119 po pasaulio prieskonius ir lietuvi\u0161k\u0105 k\u016bryb\u0105.<\/p>\n<p data-start=\"412\" data-end=\"1024\"><strong data-start=\"415\" data-end=\"447\">TUK TUK prieskoninis aliejus<\/strong> \u2013 aromatingas prieskoninis kario aliejus, kuris bet kok\u012f patiekal\u0105 paver\u010dia kulinariniu nuotykiu.<br data-start=\"566\" data-end=\"569\" \/><strong data-start=\"572\" data-end=\"589\">Mangas, \u010datnis<\/strong> \u2013 \u0161velniai saldus, egzoti\u0161kas ir tobulas prie s\u016bri\u0173 ar m\u0117sos.<br data-start=\"651\" data-end=\"654\" \/><strong data-start=\"657\" data-end=\"683\">Habanero Mangas, \u010datnis<\/strong> \u2013 a\u0161tresn\u0117 mango versija tiems, kurie m\u0117gsta skon\u012f su kibirk\u0161timi.<br data-start=\"855\" data-end=\"858\" \/><strong data-start=\"861\" data-end=\"916\">Liofilizuotos ciber\u017eol\u0117s ir imbiero Himalaj\u0173 druska<\/strong> \u2013 nat\u016brali, kvapni ir universali prieskoni\u0173 druska, suteikianti \u0161ilumos ir spalvos kiekvienam patiekalui.<\/p>\n<p data-start=\"1026\" data-end=\"1176\">Visi produktai rank\u0173 darbo, pagaminti Lietuvoje.<br data-start=\"1097\" data-end=\"1100\" \/>Tobula dovana tiems, kurie vertina tikr\u0105 skon\u012f, kokyb\u0119 ir originalum\u0105.<\/p>\n<p data-start=\"1178\" data-end=\"1235\"><strong data-start=\"1178\" data-end=\"1235\">Rocky Spoon \u2013 skonis, kuris keliauja kartu su tavimi.<\/strong><\/p>","protected":false},"excerpt":{"rendered":"<h3 data-start=\"103\" data-end=\"146\"><strong data-start=\"110\" data-end=\"144\">Rocky Spoon Gourmet gift box<\/strong><\/h3>\n<p data-start=\"148\" data-end=\"369\">Keturi gurmani\u0161ki skoniai viename rinkinyje:<br data-start=\"191\" data-end=\"194\" \/><strong data-start=\"197\" data-end=\"216\">Tuk Tuk prieskoninis aliejus<\/strong>,<br data-start=\"217\" data-end=\"220\" \/><strong data-start=\"223\" data-end=\"240\">Mangas, \u010datnis<\/strong>,<br data-start=\"241\" data-end=\"244\" \/><strong data-start=\"247\" data-end=\"273\">Habanero Mangas, \u010datnis<\/strong>,<br data-start=\"305\" data-end=\"308\" \/><strong data-start=\"311\" data-end=\"366\">Liofilizuotos ciber\u017eol\u0117s ir imbiero Himalaj\u0173 druska<\/strong>.<\/p>\n<p data-start=\"371\" data-end=\"491\">Six gourmet flavors in one set<br data-start=\"420\" data-end=\"423\" \/>The perfect gift for true flavor lovers<\/p>\n<p data-start=\"493\" data-end=\"541\" data-is-last-node=\"\" data-is-only-node=\"\"><strong data-start=\"493\" data-end=\"541\" data-is-last-node=\"\">Rocky Spoon \u2013 give the gift of flavor<\/strong><\/p>","protected":false},"featured_media":903,"comment_status":"open","ping_status":"closed","template":"","meta":[],"product_brand":[],"product_cat":[121],"product_tag":[56,26,109,54,107,102,20,55,27,101,76],"class_list":{"0":"post-891","1":"product","2":"type-product","3":"status-publish","4":"has-post-thumbnail","6":"product_cat-rinkiniai","7":"product_tag-astrus-padazas","8":"product_tag-catnis","9":"product_tag-dovana","10":"product_tag-habanero-mangas","11":"product_tag-kaledine-dovana","12":"product_tag-kaledos","13":"product_tag-padazas","14":"product_tag-ranku-darbo-padazas","15":"product_tag-rocky-spoon","16":"product_tag-skani-dovana","17":"product_tag-skanus-padazas","19":"first","20":"instock","21":"featured","22":"shipping-taxable","23":"purchasable","24":"product-type-simple"},"yoast_head":"<!-- This site is optimized with the Yoast SEO plugin v27.3 - https:\/\/yoast.com\/product\/yoast-seo-wordpress\/ -->\n<title>DOVAN\u0172 LAGAMIN\u0116LIS Nr. 1 - ROCKY SPOON<\/title>\n<meta name=\"description\" content=\"Rocky Spoon dovan\u0173 lagamin\u0117lis \u2013 keturi rank\u0173 darbo gurmani\u0161ki produktai: \u010datniai, aliejus ir prieskoni\u0173 druska. Tobula dovana skoni\u0173 myl\u0117tojams.\" \/>\n<meta name=\"robots\" content=\"index, follow, max-snippet:-1, max-image-preview:large, max-video-preview:-1\" \/>\n<link rel=\"canonical\" href=\"https:\/\/rockyspoon.lt\/en\/product\/rocky-spoon-dovanu-lagaminelis\/\" \/>\n<meta property=\"og:locale\" content=\"en_GB\" \/>\n<meta property=\"og:type\" content=\"article\" \/>\n<meta property=\"og:title\" content=\"DOVAN\u0172 LAGAMIN\u0116LIS Nr. 1 - ROCKY SPOON\" \/>\n<meta property=\"og:description\" content=\"Rocky Spoon dovan\u0173 lagamin\u0117lis \u2013 keturi rank\u0173 darbo gurmani\u0161ki produktai: \u010datniai, aliejus ir prieskoni\u0173 druska. Tobula dovana skoni\u0173 myl\u0117tojams.\" \/>\n<meta property=\"og:url\" content=\"https:\/\/rockyspoon.lt\/en\/product\/rocky-spoon-dovanu-lagaminelis\/\" \/>\n<meta property=\"og:site_name\" content=\"rockyspoon.lt\" \/>\n<meta property=\"article:publisher\" content=\"https:\/\/www.facebook.com\/profile.php?id=61564237763085\" \/>\n<meta property=\"article:modified_time\" content=\"2026-04-06T20:13:12+00:00\" \/>\n<meta property=\"og:image\" content=\"https:\/\/rockyspoon.lt\/wp-content\/uploads\/2025\/10\/dezutelag1-scaled.jpg\" \/>\n\t<meta property=\"og:image:width\" content=\"2560\" \/>\n\t<meta property=\"og:image:height\" content=\"2560\" \/>\n\t<meta property=\"og:image:type\" content=\"image\/jpeg\" \/>\n<meta name=\"twitter:card\" content=\"summary_large_image\" \/>\n<meta name=\"twitter:label1\" content=\"Est. reading time\" \/>\n\t<meta name=\"twitter:data1\" content=\"1 minute\" \/>\n<script type=\"application\/ld+json\" class=\"yoast-schema-graph\">{\"@context\":\"https:\\\/\\\/schema.org\",\"@graph\":[{\"@type\":\"WebPage\",\"@id\":\"https:\\\/\\\/rockyspoon.lt\\\/produktas\\\/rocky-spoon-dovanu-lagaminelis\\\/\",\"url\":\"https:\\\/\\\/rockyspoon.lt\\\/produktas\\\/rocky-spoon-dovanu-lagaminelis\\\/\",\"name\":\"DOVAN\u0172 LAGAMIN\u0116LIS Nr. 1 - ROCKY SPOON\",\"isPartOf\":{\"@id\":\"https:\\\/\\\/rockyspoon.lt\\\/#website\"},\"primaryImageOfPage\":{\"@id\":\"https:\\\/\\\/rockyspoon.lt\\\/produktas\\\/rocky-spoon-dovanu-lagaminelis\\\/#primaryimage\"},\"image\":{\"@id\":\"https:\\\/\\\/rockyspoon.lt\\\/produktas\\\/rocky-spoon-dovanu-lagaminelis\\\/#primaryimage\"},\"thumbnailUrl\":\"https:\\\/\\\/rockyspoon.lt\\\/wp-content\\\/uploads\\\/2025\\\/10\\\/dezutelag1-scaled.jpg\",\"datePublished\":\"2025-10-14T13:33:28+00:00\",\"dateModified\":\"2026-04-06T20:13:12+00:00\",\"description\":\"Rocky Spoon dovan\u0173 lagamin\u0117lis \u2013 keturi rank\u0173 darbo gurmani\u0161ki produktai: \u010datniai, aliejus ir prieskoni\u0173 druska. Tobula dovana skoni\u0173 myl\u0117tojams.\",\"breadcrumb\":{\"@id\":\"https:\\\/\\\/rockyspoon.lt\\\/produktas\\\/rocky-spoon-dovanu-lagaminelis\\\/#breadcrumb\"},\"inLanguage\":\"en-GB\",\"potentialAction\":[{\"@type\":\"ReadAction\",\"target\":[\"https:\\\/\\\/rockyspoon.lt\\\/produktas\\\/rocky-spoon-dovanu-lagaminelis\\\/\"]}]},{\"@type\":\"ImageObject\",\"inLanguage\":\"en-GB\",\"@id\":\"https:\\\/\\\/rockyspoon.lt\\\/produktas\\\/rocky-spoon-dovanu-lagaminelis\\\/#primaryimage\",\"url\":\"https:\\\/\\\/rockyspoon.lt\\\/wp-content\\\/uploads\\\/2025\\\/10\\\/dezutelag1-scaled.jpg\",\"contentUrl\":\"https:\\\/\\\/rockyspoon.lt\\\/wp-content\\\/uploads\\\/2025\\\/10\\\/dezutelag1-scaled.jpg\",\"width\":2560,\"height\":2560,\"caption\":\"Rocky Spoon dovan\u0173 lagamin\u0117lis su \u010datniais, prieskoniniu aliejumi, d\u017eemu ir liofilizuota druska. Gurmani\u0161kas rank\u0173 darbo dovan\u0173 rinkinys.\"},{\"@type\":\"BreadcrumbList\",\"@id\":\"https:\\\/\\\/rockyspoon.lt\\\/produktas\\\/rocky-spoon-dovanu-lagaminelis\\\/#breadcrumb\",\"itemListElement\":[{\"@type\":\"ListItem\",\"position\":1,\"name\":\"Home\",\"item\":\"https:\\\/\\\/rockyspoon.lt\\\/\"},{\"@type\":\"ListItem\",\"position\":2,\"name\":\"Parduotuv\u0117\",\"item\":\"https:\\\/\\\/rockyspoon.lt\\\/parduotuve\\\/\"},{\"@type\":\"ListItem\",\"position\":3,\"name\":\"DOVAN\u0172 LAGAMIN\u0116LIS Nr. 1\"}]},{\"@type\":\"WebSite\",\"@id\":\"https:\\\/\\\/rockyspoon.lt\\\/#website\",\"url\":\"https:\\\/\\\/rockyspoon.lt\\\/\",\"name\":\"Rocky Spoon\",\"description\":\"Rocky Spoon - Rank\u0173 Darbo Pada\u017eai ir Pagardai\",\"publisher\":{\"@id\":\"https:\\\/\\\/rockyspoon.lt\\\/#organization\"},\"potentialAction\":[{\"@type\":\"SearchAction\",\"target\":{\"@type\":\"EntryPoint\",\"urlTemplate\":\"https:\\\/\\\/rockyspoon.lt\\\/?s={search_term_string}\"},\"query-input\":{\"@type\":\"PropertyValueSpecification\",\"valueRequired\":true,\"valueName\":\"search_term_string\"}}],\"inLanguage\":\"en-GB\"},{\"@type\":\"Organization\",\"@id\":\"https:\\\/\\\/rockyspoon.lt\\\/#organization\",\"name\":\"Rocky Spoon\",\"url\":\"https:\\\/\\\/rockyspoon.lt\\\/\",\"logo\":{\"@type\":\"ImageObject\",\"inLanguage\":\"en-GB\",\"@id\":\"https:\\\/\\\/rockyspoon.lt\\\/#\\\/schema\\\/logo\\\/image\\\/\",\"url\":\"https:\\\/\\\/rockyspoon.lt\\\/wp-content\\\/uploads\\\/2024\\\/10\\\/cropped-android-chrome-192x192-1.png\",\"contentUrl\":\"https:\\\/\\\/rockyspoon.lt\\\/wp-content\\\/uploads\\\/2024\\\/10\\\/cropped-android-chrome-192x192-1.png\",\"width\":512,\"height\":512,\"caption\":\"Rocky Spoon\"},\"image\":{\"@id\":\"https:\\\/\\\/rockyspoon.lt\\\/#\\\/schema\\\/logo\\\/image\\\/\"},\"sameAs\":[\"https:\\\/\\\/www.facebook.com\\\/profile.php?id=61564237763085\"]}]}<\/script>\n<!-- \/ Yoast SEO plugin. -->","yoast_head_json":{"title":"DOVAN\u0172 LAGAMIN\u0116LIS Nr. 1 - ROCKY SPOON","description":"Rocky Spoon dovan\u0173 lagamin\u0117lis \u2013 keturi rank\u0173 darbo gurmani\u0161ki produktai: \u010datniai, aliejus ir prieskoni\u0173 druska. Tobula dovana skoni\u0173 myl\u0117tojams.","robots":{"index":"index","follow":"follow","max-snippet":"max-snippet:-1","max-image-preview":"max-image-preview:large","max-video-preview":"max-video-preview:-1"},"canonical":"https:\/\/rockyspoon.lt\/en\/product\/rocky-spoon-dovanu-lagaminelis\/","og_locale":"en_GB","og_type":"article","og_title":"DOVAN\u0172 LAGAMIN\u0116LIS Nr. 1 - ROCKY SPOON","og_description":"Rocky Spoon dovan\u0173 lagamin\u0117lis \u2013 keturi rank\u0173 darbo gurmani\u0161ki produktai: \u010datniai, aliejus ir prieskoni\u0173 druska. Tobula dovana skoni\u0173 myl\u0117tojams.","og_url":"https:\/\/rockyspoon.lt\/en\/product\/rocky-spoon-dovanu-lagaminelis\/","og_site_name":"rockyspoon.lt","article_publisher":"https:\/\/www.facebook.com\/profile.php?id=61564237763085","article_modified_time":"2026-04-06T20:13:12+00:00","og_image":[{"width":2560,"height":2560,"url":"https:\/\/rockyspoon.lt\/wp-content\/uploads\/2025\/10\/dezutelag1-scaled.jpg","type":"image\/jpeg"}],"twitter_card":"summary_large_image","twitter_misc":{"Est. reading time":"1 minute"},"schema":{"@context":"https:\/\/schema.org","@graph":[{"@type":"WebPage","@id":"https:\/\/rockyspoon.lt\/produktas\/rocky-spoon-dovanu-lagaminelis\/","url":"https:\/\/rockyspoon.lt\/produktas\/rocky-spoon-dovanu-lagaminelis\/","name":"DOVAN\u0172 LAGAMIN\u0116LIS Nr. 1 - ROCKY SPOON","isPartOf":{"@id":"https:\/\/rockyspoon.lt\/#website"},"primaryImageOfPage":{"@id":"https:\/\/rockyspoon.lt\/produktas\/rocky-spoon-dovanu-lagaminelis\/#primaryimage"},"image":{"@id":"https:\/\/rockyspoon.lt\/produktas\/rocky-spoon-dovanu-lagaminelis\/#primaryimage"},"thumbnailUrl":"https:\/\/rockyspoon.lt\/wp-content\/uploads\/2025\/10\/dezutelag1-scaled.jpg","datePublished":"2025-10-14T13:33:28+00:00","dateModified":"2026-04-06T20:13:12+00:00","description":"Rocky Spoon dovan\u0173 lagamin\u0117lis \u2013 keturi rank\u0173 darbo gurmani\u0161ki produktai: \u010datniai, aliejus ir prieskoni\u0173 druska. Tobula dovana skoni\u0173 myl\u0117tojams.","breadcrumb":{"@id":"https:\/\/rockyspoon.lt\/produktas\/rocky-spoon-dovanu-lagaminelis\/#breadcrumb"},"inLanguage":"en-GB","potentialAction":[{"@type":"ReadAction","target":["https:\/\/rockyspoon.lt\/produktas\/rocky-spoon-dovanu-lagaminelis\/"]}]},{"@type":"ImageObject","inLanguage":"en-GB","@id":"https:\/\/rockyspoon.lt\/produktas\/rocky-spoon-dovanu-lagaminelis\/#primaryimage","url":"https:\/\/rockyspoon.lt\/wp-content\/uploads\/2025\/10\/dezutelag1-scaled.jpg","contentUrl":"https:\/\/rockyspoon.lt\/wp-content\/uploads\/2025\/10\/dezutelag1-scaled.jpg","width":2560,"height":2560,"caption":"Rocky Spoon dovan\u0173 lagamin\u0117lis su \u010datniais, prieskoniniu aliejumi, d\u017eemu ir liofilizuota druska. Gurmani\u0161kas rank\u0173 darbo dovan\u0173 rinkinys."},{"@type":"BreadcrumbList","@id":"https:\/\/rockyspoon.lt\/produktas\/rocky-spoon-dovanu-lagaminelis\/#breadcrumb","itemListElement":[{"@type":"ListItem","position":1,"name":"Home","item":"https:\/\/rockyspoon.lt\/"},{"@type":"ListItem","position":2,"name":"Parduotuv\u0117","item":"https:\/\/rockyspoon.lt\/parduotuve\/"},{"@type":"ListItem","position":3,"name":"DOVAN\u0172 LAGAMIN\u0116LIS Nr. 1"}]},{"@type":"WebSite","@id":"https:\/\/rockyspoon.lt\/#website","url":"https:\/\/rockyspoon.lt\/","name":"Rocky Spoon","description":"Rocky Spoon - Rank\u0173 Darbo Pada\u017eai ir Pagardai","publisher":{"@id":"https:\/\/rockyspoon.lt\/#organization"},"potentialAction":[{"@type":"SearchAction","target":{"@type":"EntryPoint","urlTemplate":"https:\/\/rockyspoon.lt\/?s={search_term_string}"},"query-input":{"@type":"PropertyValueSpecification","valueRequired":true,"valueName":"search_term_string"}}],"inLanguage":"en-GB"},{"@type":"Organization","@id":"https:\/\/rockyspoon.lt\/#organization","name":"Rocky Spoon","url":"https:\/\/rockyspoon.lt\/","logo":{"@type":"ImageObject","inLanguage":"en-GB","@id":"https:\/\/rockyspoon.lt\/#\/schema\/logo\/image\/","url":"https:\/\/rockyspoon.lt\/wp-content\/uploads\/2024\/10\/cropped-android-chrome-192x192-1.png","contentUrl":"https:\/\/rockyspoon.lt\/wp-content\/uploads\/2024\/10\/cropped-android-chrome-192x192-1.png","width":512,"height":512,"caption":"Rocky Spoon"},"image":{"@id":"https:\/\/rockyspoon.lt\/#\/schema\/logo\/image\/"},"sameAs":["https:\/\/www.facebook.com\/profile.php?id=61564237763085"]}]}},"jetpack_sharing_enabled":true,"_links":{"self":[{"href":"https:\/\/rockyspoon.lt\/en\/wp-json\/wp\/v2\/product\/891","targetHints":{"allow":["GET"]}}],"collection":[{"href":"https:\/\/rockyspoon.lt\/en\/wp-json\/wp\/v2\/product"}],"about":[{"href":"https:\/\/rockyspoon.lt\/en\/wp-json\/wp\/v2\/types\/product"}],"replies":[{"embeddable":true,"href":"https:\/\/rockyspoon.lt\/en\/wp-json\/wp\/v2\/comments?post=891"}],"wp:featuredmedia":[{"embeddable":true,"href":"https:\/\/rockyspoon.lt\/en\/wp-json\/wp\/v2\/media\/903"}],"wp:attachment":[{"href":"https:\/\/rockyspoon.lt\/en\/wp-json\/wp\/v2\/media?parent=891"}],"wp:term":[{"taxonomy":"product_brand","embeddable":true,"href":"https:\/\/rockyspoon.lt\/en\/wp-json\/wp\/v2\/product_brand?post=891"},{"taxonomy":"product_cat","embeddable":true,"href":"https:\/\/rockyspoon.lt\/en\/wp-json\/wp\/v2\/product_cat?post=891"},{"taxonomy":"product_tag","embeddable":true,"href":"https:\/\/rockyspoon.lt\/en\/wp-json\/wp\/v2\/product_tag?post=891"}],"curies":[{"name":"wp","href":"https:\/\/api.w.org\/{rel}","templated":true}]}}