{"id":890,"date":"2025-10-12T12:52:10","date_gmt":"2025-10-12T12:52:10","guid":{"rendered":"https:\/\/rockyspoon.lt\/?post_type=product&#038;p=890"},"modified":"2026-04-06T15:39:20","modified_gmt":"2026-04-06T15:39:20","slug":"pinciuko-kriause-catnis","status":"publish","type":"product","link":"https:\/\/rockyspoon.lt\/en\/product\/pinciuko-kriause-catnis\/","title":{"rendered":"PIN\u010cIUKAS PEAR CHUTNEY"},"content":{"rendered":"<p><strong data-start=\"0\" data-end=\"41\">Rocky Spoon \u010datnis \u201ePin\u010diuko Kriau\u0161\u0117\u201c<\/strong> \u2014\u00a0 \u017eaismingas \u010datnis su habanero ir imbiero a\u0161trumu, kriau\u0161i\u0173 ir obuoli\u0173 gaiva bei subtilia rozmarino nata. \u0160is \u010datnis neturi prid\u0117tinio cukraus \u2013 visas saldumas kyla i\u0161 pa\u010di\u0173 vaisi\u0173. Puikiai dera prie s\u016bri\u0173, pauk\u0161tienos, grilio patiekal\u0173 bei gurmani\u0161k\u0173 u\u017ekand\u017ei\u0173.Tiems, kurie m\u0117gsta a\u0161triai, bet su charakteriu.<\/p>\n<p>&nbsp;<\/p>\n<div><strong>Sudedamosios dalys:\u00a0<\/strong>Kriau\u0161\u0117s (47 %), pjaustyti svog\u016bnai, obuoliai, baltasis vyno actas, vanduo, habanero pipirai, imbieras, tapijokos krakmolas, laimo sul\u010di\u0173 koncentratas, joduota druska (valgomoji druska, kalio jodidas), juodgr\u016bd\u0117s s\u0117klos, sald\u017eioji r\u016bkyta paprika, baltieji pipirai, rozmarinas.<\/div>\n<div><\/div>\n<div><strong>Laikymo s\u0105lygos:<\/strong><br \/>\nLaikyti sausoje, v\u0117sioje vietoje, saugoti nuo tiesiogini\u0173 saul\u0117s spinduli\u0173. Atidarius laikyti \u0161aldytuve (+2 \u00b0C \u2013 +6 \u00b0C) ir suvartoti per 7 dienas.<\/div>\n<div><\/div>\n<div><b>Gamintojas: MB Rocky Spoon<\/b>\u00a0Siesarties g 3 Luk\u0161iai \u0160aki\u0173 raj Marijampol\u0117s apskritis.\u00a0<b><a href=\"https:\/\/rockyspoon.lt\/en\/\" target=\"_blank\" rel=\"noopener\" data-saferedirecturl=\"https:\/\/www.google.com\/url?q=http:\/\/www.rockyspoon.lt&amp;source=gmail&amp;ust=1760360646784000&amp;usg=AOvVaw0ijL-5p_M3Aop4sGzZK71V\">www.rockyspoon.lt<\/a><\/b>\u00a0+37060666620 \u00a0+37060999920<\/div>\n<div>Grynasis kiekis 120g<\/div>\n<div>Geriausias iki ir Partijos Nr. \u017ei\u016br\u0117ti ant indelio<\/div>\n<div><b>\u00a0<\/b><\/div>\n<div><b>Maistingumo deklaracija (100 g produkto)<\/b><br \/>\nEnergin\u0117 vert\u0117 \u2013 ~405 kJ \/ 96 kcal<br \/>\nRiebalai \u2013 1,2 g<br \/>\n\u2013 i\u0161 j\u0173 so\u010di\u0173j\u0173 riebal\u0173 \u2013 0,2 g<br \/>\nAngliavandeniai \u2013 22 g<br \/>\n\u2013 i\u0161 j\u0173 cukr\u0173 \u2013 18 g<br \/>\nBaltymai \u2013 1,1 g<br \/>\nSkaidulin\u0117s med\u017eiagos \u2013 2,1 g<br \/>\nDruska \u2013 0,6 g<\/div>","protected":false},"excerpt":{"rendered":"<p data-start=\"0\" data-end=\"245\"><strong data-start=\"0\" data-end=\"41\">Rocky Spoon \u010datnis \u201ePin\u010diuko Kriau\u0161\u0117\u201c<\/strong> \u2014 tai dr\u0105sus ir gurmani\u0161kas skoni\u0173 derinys, kuriame sald\u017eios lietuvi\u0161kos kriau\u0161\u0117s susitinka su ugniniais <em data-start=\"147\" data-end=\"157\">habanero<\/em> pipirais. \u0160is \u010datnis neturi prid\u0117tinio cukraus \u2013 visas saldumas kyla i\u0161 pa\u010di\u0173 vaisi\u0173.<\/p>\n<p data-start=\"247\" data-end=\"447\">Kiekvienas \u0161auk\u0161telis balansuoja tarp vaisi\u0161ko \u0161velnumo ir pikanti\u0161ko a\u0161trumo. Obuoliai suteikia nat\u016bralaus gaivumo, imbieras ir baltieji pipirai \u2013 \u0161ilumos, o rozmarinas prideda eleganti\u0161ko aromato.<\/p>\n<p data-start=\"449\" data-end=\"568\">Puikiai dera prie s\u016bri\u0173, kepsni\u0173, pauk\u0161tienos ar grilio patiekal\u0173. Tiems, kurie m\u0117gsta <em data-start=\"536\" data-end=\"565\">a\u0161triai, bet su charakteriu<\/em>.<\/p>","protected":false},"featured_media":889,"comment_status":"open","ping_status":"closed","template":"","meta":[],"product_brand":[],"product_cat":[118],"product_tag":[56,26,94,93,20,55,27,78,95],"class_list":{"0":"post-890","1":"product","2":"type-product","3":"status-publish","4":"has-post-thumbnail","6":"product_cat-chatniai","7":"product_tag-astrus-padazas","8":"product_tag-catnis","9":"product_tag-habanero-kriause","10":"product_tag-kriause","11":"product_tag-padazas","12":"product_tag-ranku-darbo-padazas","13":"product_tag-rocky-spoon","14":"product_tag-tinka-prie-grill","15":"product_tag-tinka-prie-surio","17":"first","18":"instock","19":"shipping-taxable","20":"purchasable","21":"product-type-simple"},"yoast_head":"<!-- This site is optimized with the Yoast SEO plugin v27.3 - https:\/\/yoast.com\/product\/yoast-seo-wordpress\/ -->\n<title>PIN\u010cIUKO KRIAU\u0160\u0116, \u010datnis - ROCKY SPOON<\/title>\n<meta name=\"description\" content=\"Pin\u010diuko Kriau\u0161\u0117, \u010datnis ROCKY SPOON \u2013a\u0161trus \u010datnis be prid\u0117tinio cukraus. Sald\u017eios kriau\u0161\u0117s ir obuoliai dera su ugningais habanero pipirais, imbieru bei rozmarinu.\" \/>\n<meta name=\"robots\" content=\"index, follow, max-snippet:-1, max-image-preview:large, max-video-preview:-1\" \/>\n<link rel=\"canonical\" href=\"https:\/\/rockyspoon.lt\/en\/product\/pinciuko-kriause-catnis\/\" \/>\n<meta property=\"og:locale\" content=\"en_GB\" \/>\n<meta property=\"og:type\" content=\"article\" \/>\n<meta property=\"og:title\" content=\"PIN\u010cIUKO KRIAU\u0160\u0116, \u010datnis - ROCKY SPOON\" \/>\n<meta property=\"og:description\" content=\"Pin\u010diuko Kriau\u0161\u0117, \u010datnis ROCKY SPOON \u2013a\u0161trus \u010datnis be prid\u0117tinio cukraus. Sald\u017eios kriau\u0161\u0117s ir obuoliai dera su ugningais habanero pipirais, imbieru bei rozmarinu.\" \/>\n<meta property=\"og:url\" content=\"https:\/\/rockyspoon.lt\/en\/product\/pinciuko-kriause-catnis\/\" \/>\n<meta property=\"og:site_name\" content=\"rockyspoon.lt\" \/>\n<meta property=\"article:publisher\" content=\"https:\/\/www.facebook.com\/profile.php?id=61564237763085\" \/>\n<meta property=\"article:modified_time\" content=\"2026-04-06T15:39:20+00:00\" \/>\n<meta property=\"og:image\" content=\"https:\/\/rockyspoon.lt\/wp-content\/uploads\/2025\/02\/20251012_152742-1-scaled.jpg\" \/>\n\t<meta property=\"og:image:width\" content=\"2042\" \/>\n\t<meta property=\"og:image:height\" content=\"2560\" \/>\n\t<meta property=\"og:image:type\" content=\"image\/jpeg\" \/>\n<meta name=\"twitter:card\" content=\"summary_large_image\" \/>\n<meta name=\"twitter:label1\" content=\"Est. reading time\" \/>\n\t<meta name=\"twitter:data1\" content=\"2 minutes\" \/>\n<script type=\"application\/ld+json\" class=\"yoast-schema-graph\">{\"@context\":\"https:\\\/\\\/schema.org\",\"@graph\":[{\"@type\":\"WebPage\",\"@id\":\"https:\\\/\\\/rockyspoon.lt\\\/produktas\\\/pinciuko-kriause-catnis\\\/\",\"url\":\"https:\\\/\\\/rockyspoon.lt\\\/produktas\\\/pinciuko-kriause-catnis\\\/\",\"name\":\"PIN\u010cIUKO KRIAU\u0160\u0116, \u010datnis - ROCKY SPOON\",\"isPartOf\":{\"@id\":\"https:\\\/\\\/rockyspoon.lt\\\/#website\"},\"primaryImageOfPage\":{\"@id\":\"https:\\\/\\\/rockyspoon.lt\\\/produktas\\\/pinciuko-kriause-catnis\\\/#primaryimage\"},\"image\":{\"@id\":\"https:\\\/\\\/rockyspoon.lt\\\/produktas\\\/pinciuko-kriause-catnis\\\/#primaryimage\"},\"thumbnailUrl\":\"https:\\\/\\\/rockyspoon.lt\\\/wp-content\\\/uploads\\\/2025\\\/02\\\/20251012_152742-1-scaled.jpg\",\"datePublished\":\"2025-10-12T12:52:10+00:00\",\"dateModified\":\"2026-04-06T15:39:20+00:00\",\"description\":\"Pin\u010diuko Kriau\u0161\u0117, \u010datnis ROCKY SPOON \u2013a\u0161trus \u010datnis be prid\u0117tinio cukraus. Sald\u017eios kriau\u0161\u0117s ir obuoliai dera su ugningais habanero pipirais, imbieru bei rozmarinu.\",\"breadcrumb\":{\"@id\":\"https:\\\/\\\/rockyspoon.lt\\\/produktas\\\/pinciuko-kriause-catnis\\\/#breadcrumb\"},\"inLanguage\":\"en-GB\",\"potentialAction\":[{\"@type\":\"ReadAction\",\"target\":[\"https:\\\/\\\/rockyspoon.lt\\\/produktas\\\/pinciuko-kriause-catnis\\\/\"]}]},{\"@type\":\"ImageObject\",\"inLanguage\":\"en-GB\",\"@id\":\"https:\\\/\\\/rockyspoon.lt\\\/produktas\\\/pinciuko-kriause-catnis\\\/#primaryimage\",\"url\":\"https:\\\/\\\/rockyspoon.lt\\\/wp-content\\\/uploads\\\/2025\\\/02\\\/20251012_152742-1-scaled.jpg\",\"contentUrl\":\"https:\\\/\\\/rockyspoon.lt\\\/wp-content\\\/uploads\\\/2025\\\/02\\\/20251012_152742-1-scaled.jpg\",\"width\":2042,\"height\":2560,\"caption\":\"Rocky Spoon \u010datnis \u201ePin\u010diuko Kriau\u0161\u0117\u201c \u2014 tai dr\u0105sus ir gurmani\u0161kas skoni\u0173 derinys, kuriame sald\u017eios lietuvi\u0161kos kriau\u0161\u0117s susitinka su ugniniais habanero pipirais. \u0160is \u010datnis neturi prid\u0117tinio cukraus \u2013 visas saldumas kyla i\u0161 pa\u010di\u0173 vaisi\u0173.\"},{\"@type\":\"BreadcrumbList\",\"@id\":\"https:\\\/\\\/rockyspoon.lt\\\/produktas\\\/pinciuko-kriause-catnis\\\/#breadcrumb\",\"itemListElement\":[{\"@type\":\"ListItem\",\"position\":1,\"name\":\"Home\",\"item\":\"https:\\\/\\\/rockyspoon.lt\\\/\"},{\"@type\":\"ListItem\",\"position\":2,\"name\":\"Parduotuv\u0117\",\"item\":\"https:\\\/\\\/rockyspoon.lt\\\/parduotuve\\\/\"},{\"@type\":\"ListItem\",\"position\":3,\"name\":\"PIN\u010cIUKO KRIAU\u0160\u0116, \u010datnis\"}]},{\"@type\":\"WebSite\",\"@id\":\"https:\\\/\\\/rockyspoon.lt\\\/#website\",\"url\":\"https:\\\/\\\/rockyspoon.lt\\\/\",\"name\":\"Rocky Spoon\",\"description\":\"Rocky Spoon - Rank\u0173 Darbo Pada\u017eai ir Pagardai\",\"publisher\":{\"@id\":\"https:\\\/\\\/rockyspoon.lt\\\/#organization\"},\"potentialAction\":[{\"@type\":\"SearchAction\",\"target\":{\"@type\":\"EntryPoint\",\"urlTemplate\":\"https:\\\/\\\/rockyspoon.lt\\\/?s={search_term_string}\"},\"query-input\":{\"@type\":\"PropertyValueSpecification\",\"valueRequired\":true,\"valueName\":\"search_term_string\"}}],\"inLanguage\":\"en-GB\"},{\"@type\":\"Organization\",\"@id\":\"https:\\\/\\\/rockyspoon.lt\\\/#organization\",\"name\":\"Rocky Spoon\",\"url\":\"https:\\\/\\\/rockyspoon.lt\\\/\",\"logo\":{\"@type\":\"ImageObject\",\"inLanguage\":\"en-GB\",\"@id\":\"https:\\\/\\\/rockyspoon.lt\\\/#\\\/schema\\\/logo\\\/image\\\/\",\"url\":\"https:\\\/\\\/rockyspoon.lt\\\/wp-content\\\/uploads\\\/2024\\\/10\\\/cropped-android-chrome-192x192-1.png\",\"contentUrl\":\"https:\\\/\\\/rockyspoon.lt\\\/wp-content\\\/uploads\\\/2024\\\/10\\\/cropped-android-chrome-192x192-1.png\",\"width\":512,\"height\":512,\"caption\":\"Rocky Spoon\"},\"image\":{\"@id\":\"https:\\\/\\\/rockyspoon.lt\\\/#\\\/schema\\\/logo\\\/image\\\/\"},\"sameAs\":[\"https:\\\/\\\/www.facebook.com\\\/profile.php?id=61564237763085\"]}]}<\/script>\n<!-- \/ Yoast SEO plugin. -->","yoast_head_json":{"title":"PIN\u010cIUKO KRIAU\u0160\u0116, \u010datnis - ROCKY SPOON","description":"Pin\u010diuko Kriau\u0161\u0117, \u010datnis ROCKY SPOON \u2013a\u0161trus \u010datnis be prid\u0117tinio cukraus. Sald\u017eios kriau\u0161\u0117s ir obuoliai dera su ugningais habanero pipirais, imbieru bei rozmarinu.","robots":{"index":"index","follow":"follow","max-snippet":"max-snippet:-1","max-image-preview":"max-image-preview:large","max-video-preview":"max-video-preview:-1"},"canonical":"https:\/\/rockyspoon.lt\/en\/product\/pinciuko-kriause-catnis\/","og_locale":"en_GB","og_type":"article","og_title":"PIN\u010cIUKO KRIAU\u0160\u0116, \u010datnis - ROCKY SPOON","og_description":"Pin\u010diuko Kriau\u0161\u0117, \u010datnis ROCKY SPOON \u2013a\u0161trus \u010datnis be prid\u0117tinio cukraus. Sald\u017eios kriau\u0161\u0117s ir obuoliai dera su ugningais habanero pipirais, imbieru bei rozmarinu.","og_url":"https:\/\/rockyspoon.lt\/en\/product\/pinciuko-kriause-catnis\/","og_site_name":"rockyspoon.lt","article_publisher":"https:\/\/www.facebook.com\/profile.php?id=61564237763085","article_modified_time":"2026-04-06T15:39:20+00:00","og_image":[{"width":2042,"height":2560,"url":"https:\/\/rockyspoon.lt\/wp-content\/uploads\/2025\/02\/20251012_152742-1-scaled.jpg","type":"image\/jpeg"}],"twitter_card":"summary_large_image","twitter_misc":{"Est. reading time":"2 minutes"},"schema":{"@context":"https:\/\/schema.org","@graph":[{"@type":"WebPage","@id":"https:\/\/rockyspoon.lt\/produktas\/pinciuko-kriause-catnis\/","url":"https:\/\/rockyspoon.lt\/produktas\/pinciuko-kriause-catnis\/","name":"PIN\u010cIUKO KRIAU\u0160\u0116, \u010datnis - ROCKY SPOON","isPartOf":{"@id":"https:\/\/rockyspoon.lt\/#website"},"primaryImageOfPage":{"@id":"https:\/\/rockyspoon.lt\/produktas\/pinciuko-kriause-catnis\/#primaryimage"},"image":{"@id":"https:\/\/rockyspoon.lt\/produktas\/pinciuko-kriause-catnis\/#primaryimage"},"thumbnailUrl":"https:\/\/rockyspoon.lt\/wp-content\/uploads\/2025\/02\/20251012_152742-1-scaled.jpg","datePublished":"2025-10-12T12:52:10+00:00","dateModified":"2026-04-06T15:39:20+00:00","description":"Pin\u010diuko Kriau\u0161\u0117, \u010datnis ROCKY SPOON \u2013a\u0161trus \u010datnis be prid\u0117tinio cukraus. Sald\u017eios kriau\u0161\u0117s ir obuoliai dera su ugningais habanero pipirais, imbieru bei rozmarinu.","breadcrumb":{"@id":"https:\/\/rockyspoon.lt\/produktas\/pinciuko-kriause-catnis\/#breadcrumb"},"inLanguage":"en-GB","potentialAction":[{"@type":"ReadAction","target":["https:\/\/rockyspoon.lt\/produktas\/pinciuko-kriause-catnis\/"]}]},{"@type":"ImageObject","inLanguage":"en-GB","@id":"https:\/\/rockyspoon.lt\/produktas\/pinciuko-kriause-catnis\/#primaryimage","url":"https:\/\/rockyspoon.lt\/wp-content\/uploads\/2025\/02\/20251012_152742-1-scaled.jpg","contentUrl":"https:\/\/rockyspoon.lt\/wp-content\/uploads\/2025\/02\/20251012_152742-1-scaled.jpg","width":2042,"height":2560,"caption":"Rocky Spoon \u010datnis \u201ePin\u010diuko Kriau\u0161\u0117\u201c \u2014 tai dr\u0105sus ir gurmani\u0161kas skoni\u0173 derinys, kuriame sald\u017eios lietuvi\u0161kos kriau\u0161\u0117s susitinka su ugniniais habanero pipirais. \u0160is \u010datnis neturi prid\u0117tinio cukraus \u2013 visas saldumas kyla i\u0161 pa\u010di\u0173 vaisi\u0173."},{"@type":"BreadcrumbList","@id":"https:\/\/rockyspoon.lt\/produktas\/pinciuko-kriause-catnis\/#breadcrumb","itemListElement":[{"@type":"ListItem","position":1,"name":"Home","item":"https:\/\/rockyspoon.lt\/"},{"@type":"ListItem","position":2,"name":"Parduotuv\u0117","item":"https:\/\/rockyspoon.lt\/parduotuve\/"},{"@type":"ListItem","position":3,"name":"PIN\u010cIUKO KRIAU\u0160\u0116, \u010datnis"}]},{"@type":"WebSite","@id":"https:\/\/rockyspoon.lt\/#website","url":"https:\/\/rockyspoon.lt\/","name":"Rocky Spoon","description":"Rocky Spoon - Rank\u0173 Darbo Pada\u017eai ir Pagardai","publisher":{"@id":"https:\/\/rockyspoon.lt\/#organization"},"potentialAction":[{"@type":"SearchAction","target":{"@type":"EntryPoint","urlTemplate":"https:\/\/rockyspoon.lt\/?s={search_term_string}"},"query-input":{"@type":"PropertyValueSpecification","valueRequired":true,"valueName":"search_term_string"}}],"inLanguage":"en-GB"},{"@type":"Organization","@id":"https:\/\/rockyspoon.lt\/#organization","name":"Rocky Spoon","url":"https:\/\/rockyspoon.lt\/","logo":{"@type":"ImageObject","inLanguage":"en-GB","@id":"https:\/\/rockyspoon.lt\/#\/schema\/logo\/image\/","url":"https:\/\/rockyspoon.lt\/wp-content\/uploads\/2024\/10\/cropped-android-chrome-192x192-1.png","contentUrl":"https:\/\/rockyspoon.lt\/wp-content\/uploads\/2024\/10\/cropped-android-chrome-192x192-1.png","width":512,"height":512,"caption":"Rocky Spoon"},"image":{"@id":"https:\/\/rockyspoon.lt\/#\/schema\/logo\/image\/"},"sameAs":["https:\/\/www.facebook.com\/profile.php?id=61564237763085"]}]}},"jetpack_sharing_enabled":true,"_links":{"self":[{"href":"https:\/\/rockyspoon.lt\/en\/wp-json\/wp\/v2\/product\/890","targetHints":{"allow":["GET"]}}],"collection":[{"href":"https:\/\/rockyspoon.lt\/en\/wp-json\/wp\/v2\/product"}],"about":[{"href":"https:\/\/rockyspoon.lt\/en\/wp-json\/wp\/v2\/types\/product"}],"replies":[{"embeddable":true,"href":"https:\/\/rockyspoon.lt\/en\/wp-json\/wp\/v2\/comments?post=890"}],"wp:featuredmedia":[{"embeddable":true,"href":"https:\/\/rockyspoon.lt\/en\/wp-json\/wp\/v2\/media\/889"}],"wp:attachment":[{"href":"https:\/\/rockyspoon.lt\/en\/wp-json\/wp\/v2\/media?parent=890"}],"wp:term":[{"taxonomy":"product_brand","embeddable":true,"href":"https:\/\/rockyspoon.lt\/en\/wp-json\/wp\/v2\/product_brand?post=890"},{"taxonomy":"product_cat","embeddable":true,"href":"https:\/\/rockyspoon.lt\/en\/wp-json\/wp\/v2\/product_cat?post=890"},{"taxonomy":"product_tag","embeddable":true,"href":"https:\/\/rockyspoon.lt\/en\/wp-json\/wp\/v2\/product_tag?post=890"}],"curies":[{"name":"wp","href":"https:\/\/api.w.org\/{rel}","templated":true}]}}