{"id":733,"date":"2025-08-20T08:53:06","date_gmt":"2025-08-20T08:53:06","guid":{"rendered":"https:\/\/rockyspoon.lt\/?post_type=product&#038;p=733"},"modified":"2026-04-06T20:23:26","modified_gmt":"2026-04-06T20:23:26","slug":"bonos-sforcos-mizerija-pagardas","status":"publish","type":"product","link":"https:\/\/rockyspoon.lt\/en\/product\/bonos-sforcos-mizerija-pagardas\/","title":{"rendered":"BONA SFORCA\u2019S MIZERIA"},"content":{"rendered":"<p data-start=\"350\" data-end=\"720\"><strong data-start=\"350\" data-end=\"397\">Rocky Spoon \u010datnis \u201eBonos Sforcos Mizerija\u201c<\/strong> \u2013 tai pagardas, \u012fkv\u0117ptas Lietuvos Did\u017eiosios Kunigaik\u0161tyst\u0117s istorijos. Legenda pasakoja, kad karalien\u0117 Bona Sforca \u012f m\u016bs\u0173 kra\u0161t\u0105 atve\u017e\u0117 agurkus, o mes juos pavert\u0117me gurmani\u0161ka \u201emizerija\u201c. Gaivus agurk\u0173 ir obuoli\u0173 derinys susijungia su prieskoni\u0173 subtilumu, sukuriant \u0161velniai sald\u017eiar\u016bg\u0161t\u012f ir lengvai pikanti\u0161k\u0105 skon\u012f.<\/p>\n<p data-start=\"350\" data-end=\"720\">Puikiai tinka prie \u0161velni\u0173 s\u016bri\u0173, keptos \u017euvies, pauk\u0161tienos ar grilio dar\u017eovi\u0173. Tai \u010datnis, kuris kiekvien\u0105 vakarien\u0119 paver\u010dia karali\u0161ka.<\/p>\n<p><strong>Ingredients<\/strong>: agurkai, obuoliai, svog\u016bnai, balto vyno actas, demerara cukrus, kukur\u016bz\u0173 krakmolas, o\u017erag\u0117s s\u0117klos, \u010desnakai, liofilizuotos petra\u017eol\u0117s, liofilizuota ciber\u017eol\u0117, balti pipirai, liofilizuoti krapai, joduota druska<\/p>\n<p><strong>Storage conditions<\/strong> \u2013 laikyti v\u0117sioje, tamsioje vietoje, kambario temperat\u016broje nuo 10\u00b0C iki 20\u00b0C<\/p>\n<p><strong>Atidarius<\/strong>, laikyti \u0161aldytuve nuo 2\u00b0C iki 5\u00b0C temperat\u016broje ir sunaudoti \u00a0per 7 dienas<\/p>\n<p><strong>Gamintojas<\/strong> MB Rocky Spoon Siesarties g 3 Luk\u0161iai \u0160aki\u0173 raj Marijampol\u0117s apskritis. <a href=\"https:\/\/rockyspoon.lt\/en\/\"><strong>www.rockyspoon.lt<\/strong><\/a> +37060666620\u00a0 +37060999920<\/p>\n<p>Grynasis kiekis 200g<\/p>\n<p>Energin\u0117 vert\u0117 \u2013 616 kJ \/ 146 kcal<\/p>\n<p>Riebalai \u2013 0,2 g<\/p>\n<p>i\u0161 j\u0173 so\u010di\u0173j\u0173 riebal\u0173 \u2013 0,04 g<\/p>\n<p>Angliavandeniai \u2013 35,3 g<\/p>\n<p>i\u0161 j\u0173 cukr\u0173 \u2013 32,5 g<\/p>\n<p>Baltymai \u2013 0,9 g<\/p>\n<p>Druska \u2013 0,15 g<\/p>","protected":false},"excerpt":{"rendered":"<p>Bonos Sforcos Mizerija \u2013 istorija, kuri\u0105 galima paragauti<\/p>\n<p>Atrask pagard\u0105, \u012fkv\u0117pt\u0105 karalien\u0117s Bonos virtuv\u0117s!<br data-start=\"237\" data-end=\"240\" \/>Gaiv\u016bs agurkai, obuoliai, svog\u016bnai ir \u010desnakai susitinka su liofilizuotais krapais, petra\u017eol\u0117mis ir ciber\u017eole, o ypating\u0105 charakter\u012f suteikia o\u017erag\u0117s s\u0117klos.<\/p>\n<p>Skonis \u2013 gaivus, turi \u0161iek tiek r\u016bg\u0161tel\u0117s, su subtiliu prieskoni\u0173 \u017eaismu.<br data-start=\"479\" data-end=\"482\" \/>Puikiai dera prie m\u0117sos, \u017euvies, s\u016brio ar papras\u010diausios duonos riek\u0117s.<\/p>\n<p>\u2714 Rank\u0173 darbo<br data-start=\"570\" data-end=\"573\" \/>\u2714 Tik \u0161vie\u017ei ingredientai<br data-start=\"598\" data-end=\"601\" \/>\u2714 Pagardas su istorija<\/p>\n<p>Bonos Sforcos Mizerija \u2013 karali\u0161kas skonis J\u016bs\u0173 stalui.<\/p>","protected":false},"featured_media":801,"comment_status":"open","ping_status":"closed","template":"","meta":[],"product_brand":[],"product_cat":[117],"product_tag":[97,96,26,72,54,20,98,74,55,27],"class_list":{"0":"post-733","1":"product","2":"type-product","3":"status-publish","4":"has-post-thumbnail","6":"product_cat-padazai","7":"product_tag-agurku-mizerija","8":"product_tag-bona-sforca","9":"product_tag-catnis","10":"product_tag-gurmaniskas","11":"product_tag-habanero-mangas","12":"product_tag-padazas","13":"product_tag-padazas-prie-surio","14":"product_tag-pagardas-prie-grill","15":"product_tag-ranku-darbo-padazas","16":"product_tag-rocky-spoon","18":"first","19":"instock","20":"shipping-taxable","21":"purchasable","22":"product-type-simple"},"yoast_head":"<!-- This site is optimized with the Yoast SEO plugin v27.3 - https:\/\/yoast.com\/product\/yoast-seo-wordpress\/ -->\n<title>BONOS SFORCOS MIZERIJA, pagardas - ROCKY SPOON<\/title>\n<meta name=\"description\" content=\"Bonos Sforcos mizerija \u2013 tai ne tik pagardas, tai gurmani\u0161ka kelion\u0117 \u012f praeit\u012f. \u012ekv\u0117pimo semtasi i\u0161 LDK laik\u0173 virtuv\u0117s, kurioje der\u0117jo tiek vietiniai, tiek tolim\u0173j\u0173 kra\u0161t\u0173 ingredientai.\" \/>\n<meta name=\"robots\" content=\"index, follow, max-snippet:-1, max-image-preview:large, max-video-preview:-1\" \/>\n<link rel=\"canonical\" href=\"https:\/\/rockyspoon.lt\/en\/product\/bonos-sforcos-mizerija-pagardas\/\" \/>\n<meta property=\"og:locale\" content=\"en_GB\" \/>\n<meta property=\"og:type\" content=\"article\" \/>\n<meta property=\"og:title\" content=\"BONOS SFORCOS MIZERIJA, pagardas - ROCKY SPOON\" \/>\n<meta property=\"og:description\" content=\"Bonos Sforcos mizerija \u2013 tai ne tik pagardas, tai gurmani\u0161ka kelion\u0117 \u012f praeit\u012f. \u012ekv\u0117pimo semtasi i\u0161 LDK laik\u0173 virtuv\u0117s, kurioje der\u0117jo tiek vietiniai, tiek tolim\u0173j\u0173 kra\u0161t\u0173 ingredientai.\" \/>\n<meta property=\"og:url\" content=\"https:\/\/rockyspoon.lt\/en\/product\/bonos-sforcos-mizerija-pagardas\/\" \/>\n<meta property=\"og:site_name\" content=\"rockyspoon.lt\" \/>\n<meta property=\"article:publisher\" content=\"https:\/\/www.facebook.com\/profile.php?id=61564237763085\" \/>\n<meta property=\"article:modified_time\" content=\"2026-04-06T20:23:26+00:00\" \/>\n<meta property=\"og:image\" content=\"https:\/\/rockyspoon.lt\/wp-content\/uploads\/2025\/08\/20250825_153938A-scaled.jpg\" \/>\n\t<meta property=\"og:image:width\" content=\"2393\" \/>\n\t<meta property=\"og:image:height\" content=\"2560\" \/>\n\t<meta property=\"og:image:type\" content=\"image\/jpeg\" \/>\n<meta name=\"twitter:card\" content=\"summary_large_image\" \/>\n<meta name=\"twitter:label1\" content=\"Est. reading time\" \/>\n\t<meta name=\"twitter:data1\" content=\"2 minutes\" \/>\n<script type=\"application\/ld+json\" class=\"yoast-schema-graph\">{\"@context\":\"https:\\\/\\\/schema.org\",\"@graph\":[{\"@type\":\"WebPage\",\"@id\":\"https:\\\/\\\/rockyspoon.lt\\\/produktas\\\/bonos-sforcos-mizerija-pagardas\\\/\",\"url\":\"https:\\\/\\\/rockyspoon.lt\\\/produktas\\\/bonos-sforcos-mizerija-pagardas\\\/\",\"name\":\"BONOS SFORCOS MIZERIJA, pagardas - ROCKY SPOON\",\"isPartOf\":{\"@id\":\"https:\\\/\\\/rockyspoon.lt\\\/#website\"},\"primaryImageOfPage\":{\"@id\":\"https:\\\/\\\/rockyspoon.lt\\\/produktas\\\/bonos-sforcos-mizerija-pagardas\\\/#primaryimage\"},\"image\":{\"@id\":\"https:\\\/\\\/rockyspoon.lt\\\/produktas\\\/bonos-sforcos-mizerija-pagardas\\\/#primaryimage\"},\"thumbnailUrl\":\"https:\\\/\\\/rockyspoon.lt\\\/wp-content\\\/uploads\\\/2025\\\/08\\\/20250825_153938A-scaled.jpg\",\"datePublished\":\"2025-08-20T08:53:06+00:00\",\"dateModified\":\"2026-04-06T20:23:26+00:00\",\"description\":\"Bonos Sforcos mizerija \u2013 tai ne tik pagardas, tai gurmani\u0161ka kelion\u0117 \u012f praeit\u012f. \u012ekv\u0117pimo semtasi i\u0161 LDK laik\u0173 virtuv\u0117s, kurioje der\u0117jo tiek vietiniai, tiek tolim\u0173j\u0173 kra\u0161t\u0173 ingredientai.\",\"breadcrumb\":{\"@id\":\"https:\\\/\\\/rockyspoon.lt\\\/produktas\\\/bonos-sforcos-mizerija-pagardas\\\/#breadcrumb\"},\"inLanguage\":\"en-GB\",\"potentialAction\":[{\"@type\":\"ReadAction\",\"target\":[\"https:\\\/\\\/rockyspoon.lt\\\/produktas\\\/bonos-sforcos-mizerija-pagardas\\\/\"]}]},{\"@type\":\"ImageObject\",\"inLanguage\":\"en-GB\",\"@id\":\"https:\\\/\\\/rockyspoon.lt\\\/produktas\\\/bonos-sforcos-mizerija-pagardas\\\/#primaryimage\",\"url\":\"https:\\\/\\\/rockyspoon.lt\\\/wp-content\\\/uploads\\\/2025\\\/08\\\/20250825_153938A-scaled.jpg\",\"contentUrl\":\"https:\\\/\\\/rockyspoon.lt\\\/wp-content\\\/uploads\\\/2025\\\/08\\\/20250825_153938A-scaled.jpg\",\"width\":2393,\"height\":2560,\"caption\":\"Bonos Sforcos Mizerija \u2013 istorija, kuri\u0105 galima paragauti\"},{\"@type\":\"BreadcrumbList\",\"@id\":\"https:\\\/\\\/rockyspoon.lt\\\/produktas\\\/bonos-sforcos-mizerija-pagardas\\\/#breadcrumb\",\"itemListElement\":[{\"@type\":\"ListItem\",\"position\":1,\"name\":\"Home\",\"item\":\"https:\\\/\\\/rockyspoon.lt\\\/\"},{\"@type\":\"ListItem\",\"position\":2,\"name\":\"Parduotuv\u0117\",\"item\":\"https:\\\/\\\/rockyspoon.lt\\\/parduotuve\\\/\"},{\"@type\":\"ListItem\",\"position\":3,\"name\":\"BONOS SFORCOS MIZERIJA, pagardas\"}]},{\"@type\":\"WebSite\",\"@id\":\"https:\\\/\\\/rockyspoon.lt\\\/#website\",\"url\":\"https:\\\/\\\/rockyspoon.lt\\\/\",\"name\":\"Rocky Spoon\",\"description\":\"Rocky Spoon - Rank\u0173 Darbo Pada\u017eai ir Pagardai\",\"publisher\":{\"@id\":\"https:\\\/\\\/rockyspoon.lt\\\/#organization\"},\"potentialAction\":[{\"@type\":\"SearchAction\",\"target\":{\"@type\":\"EntryPoint\",\"urlTemplate\":\"https:\\\/\\\/rockyspoon.lt\\\/?s={search_term_string}\"},\"query-input\":{\"@type\":\"PropertyValueSpecification\",\"valueRequired\":true,\"valueName\":\"search_term_string\"}}],\"inLanguage\":\"en-GB\"},{\"@type\":\"Organization\",\"@id\":\"https:\\\/\\\/rockyspoon.lt\\\/#organization\",\"name\":\"Rocky Spoon\",\"url\":\"https:\\\/\\\/rockyspoon.lt\\\/\",\"logo\":{\"@type\":\"ImageObject\",\"inLanguage\":\"en-GB\",\"@id\":\"https:\\\/\\\/rockyspoon.lt\\\/#\\\/schema\\\/logo\\\/image\\\/\",\"url\":\"https:\\\/\\\/rockyspoon.lt\\\/wp-content\\\/uploads\\\/2024\\\/10\\\/cropped-android-chrome-192x192-1.png\",\"contentUrl\":\"https:\\\/\\\/rockyspoon.lt\\\/wp-content\\\/uploads\\\/2024\\\/10\\\/cropped-android-chrome-192x192-1.png\",\"width\":512,\"height\":512,\"caption\":\"Rocky Spoon\"},\"image\":{\"@id\":\"https:\\\/\\\/rockyspoon.lt\\\/#\\\/schema\\\/logo\\\/image\\\/\"},\"sameAs\":[\"https:\\\/\\\/www.facebook.com\\\/profile.php?id=61564237763085\"]}]}<\/script>\n<!-- \/ Yoast SEO plugin. -->","yoast_head_json":{"title":"BONOS SFORCOS MIZERIJA, pagardas - ROCKY SPOON","description":"Bonos Sforcos mizerija \u2013 tai ne tik pagardas, tai gurmani\u0161ka kelion\u0117 \u012f praeit\u012f. \u012ekv\u0117pimo semtasi i\u0161 LDK laik\u0173 virtuv\u0117s, kurioje der\u0117jo tiek vietiniai, tiek tolim\u0173j\u0173 kra\u0161t\u0173 ingredientai.","robots":{"index":"index","follow":"follow","max-snippet":"max-snippet:-1","max-image-preview":"max-image-preview:large","max-video-preview":"max-video-preview:-1"},"canonical":"https:\/\/rockyspoon.lt\/en\/product\/bonos-sforcos-mizerija-pagardas\/","og_locale":"en_GB","og_type":"article","og_title":"BONOS SFORCOS MIZERIJA, pagardas - ROCKY SPOON","og_description":"Bonos Sforcos mizerija \u2013 tai ne tik pagardas, tai gurmani\u0161ka kelion\u0117 \u012f praeit\u012f. \u012ekv\u0117pimo semtasi i\u0161 LDK laik\u0173 virtuv\u0117s, kurioje der\u0117jo tiek vietiniai, tiek tolim\u0173j\u0173 kra\u0161t\u0173 ingredientai.","og_url":"https:\/\/rockyspoon.lt\/en\/product\/bonos-sforcos-mizerija-pagardas\/","og_site_name":"rockyspoon.lt","article_publisher":"https:\/\/www.facebook.com\/profile.php?id=61564237763085","article_modified_time":"2026-04-06T20:23:26+00:00","og_image":[{"width":2393,"height":2560,"url":"https:\/\/rockyspoon.lt\/wp-content\/uploads\/2025\/08\/20250825_153938A-scaled.jpg","type":"image\/jpeg"}],"twitter_card":"summary_large_image","twitter_misc":{"Est. reading time":"2 minutes"},"schema":{"@context":"https:\/\/schema.org","@graph":[{"@type":"WebPage","@id":"https:\/\/rockyspoon.lt\/produktas\/bonos-sforcos-mizerija-pagardas\/","url":"https:\/\/rockyspoon.lt\/produktas\/bonos-sforcos-mizerija-pagardas\/","name":"BONOS SFORCOS MIZERIJA, pagardas - ROCKY SPOON","isPartOf":{"@id":"https:\/\/rockyspoon.lt\/#website"},"primaryImageOfPage":{"@id":"https:\/\/rockyspoon.lt\/produktas\/bonos-sforcos-mizerija-pagardas\/#primaryimage"},"image":{"@id":"https:\/\/rockyspoon.lt\/produktas\/bonos-sforcos-mizerija-pagardas\/#primaryimage"},"thumbnailUrl":"https:\/\/rockyspoon.lt\/wp-content\/uploads\/2025\/08\/20250825_153938A-scaled.jpg","datePublished":"2025-08-20T08:53:06+00:00","dateModified":"2026-04-06T20:23:26+00:00","description":"Bonos Sforcos mizerija \u2013 tai ne tik pagardas, tai gurmani\u0161ka kelion\u0117 \u012f praeit\u012f. \u012ekv\u0117pimo semtasi i\u0161 LDK laik\u0173 virtuv\u0117s, kurioje der\u0117jo tiek vietiniai, tiek tolim\u0173j\u0173 kra\u0161t\u0173 ingredientai.","breadcrumb":{"@id":"https:\/\/rockyspoon.lt\/produktas\/bonos-sforcos-mizerija-pagardas\/#breadcrumb"},"inLanguage":"en-GB","potentialAction":[{"@type":"ReadAction","target":["https:\/\/rockyspoon.lt\/produktas\/bonos-sforcos-mizerija-pagardas\/"]}]},{"@type":"ImageObject","inLanguage":"en-GB","@id":"https:\/\/rockyspoon.lt\/produktas\/bonos-sforcos-mizerija-pagardas\/#primaryimage","url":"https:\/\/rockyspoon.lt\/wp-content\/uploads\/2025\/08\/20250825_153938A-scaled.jpg","contentUrl":"https:\/\/rockyspoon.lt\/wp-content\/uploads\/2025\/08\/20250825_153938A-scaled.jpg","width":2393,"height":2560,"caption":"Bonos Sforcos Mizerija \u2013 istorija, kuri\u0105 galima paragauti"},{"@type":"BreadcrumbList","@id":"https:\/\/rockyspoon.lt\/produktas\/bonos-sforcos-mizerija-pagardas\/#breadcrumb","itemListElement":[{"@type":"ListItem","position":1,"name":"Home","item":"https:\/\/rockyspoon.lt\/"},{"@type":"ListItem","position":2,"name":"Parduotuv\u0117","item":"https:\/\/rockyspoon.lt\/parduotuve\/"},{"@type":"ListItem","position":3,"name":"BONOS SFORCOS MIZERIJA, pagardas"}]},{"@type":"WebSite","@id":"https:\/\/rockyspoon.lt\/#website","url":"https:\/\/rockyspoon.lt\/","name":"Rocky Spoon","description":"Rocky Spoon - Rank\u0173 Darbo Pada\u017eai ir Pagardai","publisher":{"@id":"https:\/\/rockyspoon.lt\/#organization"},"potentialAction":[{"@type":"SearchAction","target":{"@type":"EntryPoint","urlTemplate":"https:\/\/rockyspoon.lt\/?s={search_term_string}"},"query-input":{"@type":"PropertyValueSpecification","valueRequired":true,"valueName":"search_term_string"}}],"inLanguage":"en-GB"},{"@type":"Organization","@id":"https:\/\/rockyspoon.lt\/#organization","name":"Rocky Spoon","url":"https:\/\/rockyspoon.lt\/","logo":{"@type":"ImageObject","inLanguage":"en-GB","@id":"https:\/\/rockyspoon.lt\/#\/schema\/logo\/image\/","url":"https:\/\/rockyspoon.lt\/wp-content\/uploads\/2024\/10\/cropped-android-chrome-192x192-1.png","contentUrl":"https:\/\/rockyspoon.lt\/wp-content\/uploads\/2024\/10\/cropped-android-chrome-192x192-1.png","width":512,"height":512,"caption":"Rocky Spoon"},"image":{"@id":"https:\/\/rockyspoon.lt\/#\/schema\/logo\/image\/"},"sameAs":["https:\/\/www.facebook.com\/profile.php?id=61564237763085"]}]}},"jetpack_sharing_enabled":true,"_links":{"self":[{"href":"https:\/\/rockyspoon.lt\/en\/wp-json\/wp\/v2\/product\/733","targetHints":{"allow":["GET"]}}],"collection":[{"href":"https:\/\/rockyspoon.lt\/en\/wp-json\/wp\/v2\/product"}],"about":[{"href":"https:\/\/rockyspoon.lt\/en\/wp-json\/wp\/v2\/types\/product"}],"replies":[{"embeddable":true,"href":"https:\/\/rockyspoon.lt\/en\/wp-json\/wp\/v2\/comments?post=733"}],"wp:featuredmedia":[{"embeddable":true,"href":"https:\/\/rockyspoon.lt\/en\/wp-json\/wp\/v2\/media\/801"}],"wp:attachment":[{"href":"https:\/\/rockyspoon.lt\/en\/wp-json\/wp\/v2\/media?parent=733"}],"wp:term":[{"taxonomy":"product_brand","embeddable":true,"href":"https:\/\/rockyspoon.lt\/en\/wp-json\/wp\/v2\/product_brand?post=733"},{"taxonomy":"product_cat","embeddable":true,"href":"https:\/\/rockyspoon.lt\/en\/wp-json\/wp\/v2\/product_cat?post=733"},{"taxonomy":"product_tag","embeddable":true,"href":"https:\/\/rockyspoon.lt\/en\/wp-json\/wp\/v2\/product_tag?post=733"}],"curies":[{"name":"wp","href":"https:\/\/api.w.org\/{rel}","templated":true}]}}