{"id":589,"date":"2025-03-11T08:56:11","date_gmt":"2025-03-11T08:56:11","guid":{"rendered":"https:\/\/rockyspoon.lt\/?post_type=product&#038;p=589"},"modified":"2026-04-06T15:43:15","modified_gmt":"2026-04-06T15:43:15","slug":"pikantiskas-burokelis-liofilizuotas","status":"publish","type":"product","link":"https:\/\/rockyspoon.lt\/en\/product\/pikantiskas-burokelis-liofilizuotas\/","title":{"rendered":"FREEZE-DRIED SPICED BEETROOT"},"content":{"rendered":"<p>Sudedamosios dalys: Virti burok\u0117liai (garuose) (97%), r\u016bkyta paprika, d\u016bmo skonio druska, malti balti pipirai<\/p>\n<p>Net weight: 30 g\n\nEnergy: 1494 kJ \/ 356 kcal<\/p>\n<p>&nbsp;<\/p>\n<p>Nutritional information (per 100 g):<\/p>\n<p>Fat: 1.9 g<\/p>\n<p>\u2013 of which saturates: 0.3 g<\/p>\n<p>Carbohydrate: 65.8 g<\/p>\n<p>\u2013 of which sugars: 36.4 g<\/p>\n<p>Protein: 11.1 g<\/p>\n<p>Salt: 3.8 g<\/p>\n<p>&nbsp;<\/p>\n<p>&nbsp;<\/p>\n<p>&nbsp;<\/p>\n<p>&nbsp;<\/p>","protected":false},"excerpt":{"rendered":"<p data-start=\"0\" data-end=\"81\">A bold snack with flavor and benefits for your body.<\/p>\n<p data-start=\"83\" data-end=\"263\">Looking for a snack that\u2019s both healthy and satisfying?\nFreeze-Dried Spiced Beetroot is exactly what you need.<\/p>\n<p data-start=\"265\" data-end=\"635\">Crafted using freeze-drying technology, this process preserves the natural nutrients, vitamins, and vibrant flavor of beetroot, while extending shelf life without compromising quality.<\/p>\n<p data-start=\"637\" data-end=\"1027\">Light, crunchy, and easy to digest, it\u2019s a perfect choice for those who value a balanced and active lifestyle.\n\nWith its gently tangy and subtly spiced profile, this beetroot snack awakens your taste buds and delivers a unique snacking experience.\n\nPerfect for:\n\nhealthy snacking on the go\nadding texture to salads\npairing with gourmet dishes\n\nA smarter snack \u2013 full of flavor, naturally.<\/p>","protected":false},"featured_media":566,"comment_status":"open","ping_status":"closed","template":"","meta":[],"product_brand":[],"product_cat":[119],"product_tag":[],"class_list":{"0":"post-589","1":"product","2":"type-product","3":"status-publish","4":"has-post-thumbnail","6":"product_cat-liofilizuoti","8":"first","9":"instock","10":"shipping-taxable","11":"purchasable","12":"product-type-simple"},"yoast_head":"<!-- This site is optimized with the Yoast SEO plugin v27.4 - https:\/\/yoast.com\/product\/yoast-seo-wordpress\/ -->\n<title>LIOFILIZUOTAS PIKANTI\u0160KAS BUROK\u0116LIS<\/title>\n<meta name=\"description\" content=\"Liofilizuotas Pikanti\u0161kas Burok\u0117lis \u2013 skonis ir nauda J\u016bs\u0173 sveikatai! Ie\u0161kote sveiko ir skanaus u\u017ekand\u017eio, Pikanti\u0161kas burok\u0117lis yra tai ko ie\u0161kojote.\" \/>\n<meta name=\"robots\" content=\"index, follow, max-snippet:-1, max-image-preview:large, max-video-preview:-1\" \/>\n<link rel=\"canonical\" href=\"https:\/\/rockyspoon.lt\/en\/product\/pikantiskas-burokelis-liofilizuotas\/\" \/>\n<meta property=\"og:locale\" content=\"en_GB\" \/>\n<meta property=\"og:type\" content=\"article\" \/>\n<meta property=\"og:title\" content=\"LIOFILIZUOTAS PIKANTI\u0160KAS BUROK\u0116LIS\" \/>\n<meta property=\"og:description\" content=\"Liofilizuotas Pikanti\u0161kas Burok\u0117lis \u2013 skonis ir nauda J\u016bs\u0173 sveikatai! Ie\u0161kote sveiko ir skanaus u\u017ekand\u017eio, Pikanti\u0161kas burok\u0117lis yra tai ko ie\u0161kojote.\" \/>\n<meta property=\"og:url\" content=\"https:\/\/rockyspoon.lt\/en\/product\/pikantiskas-burokelis-liofilizuotas\/\" \/>\n<meta property=\"og:site_name\" content=\"rockyspoon.lt\" \/>\n<meta property=\"article:publisher\" content=\"https:\/\/www.facebook.com\/profile.php?id=61564237763085\" \/>\n<meta property=\"article:modified_time\" content=\"2026-04-06T15:43:15+00:00\" \/>\n<meta property=\"og:image\" content=\"https:\/\/rockyspoon.lt\/wp-content\/uploads\/2025\/01\/20250215_burokelis1.jpg\" \/>\n\t<meta property=\"og:image:width\" content=\"1917\" \/>\n\t<meta property=\"og:image:height\" content=\"2384\" \/>\n\t<meta property=\"og:image:type\" content=\"image\/jpeg\" \/>\n<meta name=\"twitter:card\" content=\"summary_large_image\" \/>\n<meta name=\"twitter:label1\" content=\"Est. reading time\" \/>\n\t<meta name=\"twitter:data1\" content=\"1 minute\" \/>\n<script type=\"application\/ld+json\" class=\"yoast-schema-graph\">{\"@context\":\"https:\\\/\\\/schema.org\",\"@graph\":[{\"@type\":\"WebPage\",\"@id\":\"https:\\\/\\\/rockyspoon.lt\\\/produktas\\\/pikantiskas-burokelis-liofilizuotas\\\/\",\"url\":\"https:\\\/\\\/rockyspoon.lt\\\/produktas\\\/pikantiskas-burokelis-liofilizuotas\\\/\",\"name\":\"LIOFILIZUOTAS PIKANTI\u0160KAS BUROK\u0116LIS\",\"isPartOf\":{\"@id\":\"https:\\\/\\\/rockyspoon.lt\\\/#website\"},\"primaryImageOfPage\":{\"@id\":\"https:\\\/\\\/rockyspoon.lt\\\/produktas\\\/pikantiskas-burokelis-liofilizuotas\\\/#primaryimage\"},\"image\":{\"@id\":\"https:\\\/\\\/rockyspoon.lt\\\/produktas\\\/pikantiskas-burokelis-liofilizuotas\\\/#primaryimage\"},\"thumbnailUrl\":\"https:\\\/\\\/rockyspoon.lt\\\/wp-content\\\/uploads\\\/2025\\\/01\\\/20250215_burokelis1.jpg\",\"datePublished\":\"2025-03-11T08:56:11+00:00\",\"dateModified\":\"2026-04-06T15:43:15+00:00\",\"description\":\"Liofilizuotas Pikanti\u0161kas Burok\u0117lis \u2013 skonis ir nauda J\u016bs\u0173 sveikatai! Ie\u0161kote sveiko ir skanaus u\u017ekand\u017eio, Pikanti\u0161kas burok\u0117lis yra tai ko ie\u0161kojote.\",\"breadcrumb\":{\"@id\":\"https:\\\/\\\/rockyspoon.lt\\\/produktas\\\/pikantiskas-burokelis-liofilizuotas\\\/#breadcrumb\"},\"inLanguage\":\"en-GB\",\"potentialAction\":[{\"@type\":\"ReadAction\",\"target\":[\"https:\\\/\\\/rockyspoon.lt\\\/produktas\\\/pikantiskas-burokelis-liofilizuotas\\\/\"]}]},{\"@type\":\"ImageObject\",\"inLanguage\":\"en-GB\",\"@id\":\"https:\\\/\\\/rockyspoon.lt\\\/produktas\\\/pikantiskas-burokelis-liofilizuotas\\\/#primaryimage\",\"url\":\"https:\\\/\\\/rockyspoon.lt\\\/wp-content\\\/uploads\\\/2025\\\/01\\\/20250215_burokelis1.jpg\",\"contentUrl\":\"https:\\\/\\\/rockyspoon.lt\\\/wp-content\\\/uploads\\\/2025\\\/01\\\/20250215_burokelis1.jpg\",\"width\":1917,\"height\":2384,\"caption\":\"rockyspoon.lt rocky spoon rockyspoon handmade ranku darbo liofilizuotas pikanti\u0161kas burok\u0117lis burokeliai beetroot freezedried d\u017eiovinti \u0161al\u010diu lithuania food taste lietuva\"},{\"@type\":\"BreadcrumbList\",\"@id\":\"https:\\\/\\\/rockyspoon.lt\\\/produktas\\\/pikantiskas-burokelis-liofilizuotas\\\/#breadcrumb\",\"itemListElement\":[{\"@type\":\"ListItem\",\"position\":1,\"name\":\"Home\",\"item\":\"https:\\\/\\\/rockyspoon.lt\\\/\"},{\"@type\":\"ListItem\",\"position\":2,\"name\":\"Parduotuv\u0117\",\"item\":\"https:\\\/\\\/rockyspoon.lt\\\/parduotuve\\\/\"},{\"@type\":\"ListItem\",\"position\":3,\"name\":\"PIKANTI\u0160KAS BUROK\u0116LIS, liofilizuotas\"}]},{\"@type\":\"WebSite\",\"@id\":\"https:\\\/\\\/rockyspoon.lt\\\/#website\",\"url\":\"https:\\\/\\\/rockyspoon.lt\\\/\",\"name\":\"Rocky Spoon\",\"description\":\"Rocky Spoon - Rank\u0173 Darbo Pada\u017eai ir Pagardai\",\"publisher\":{\"@id\":\"https:\\\/\\\/rockyspoon.lt\\\/#organization\"},\"potentialAction\":[{\"@type\":\"SearchAction\",\"target\":{\"@type\":\"EntryPoint\",\"urlTemplate\":\"https:\\\/\\\/rockyspoon.lt\\\/?s={search_term_string}\"},\"query-input\":{\"@type\":\"PropertyValueSpecification\",\"valueRequired\":true,\"valueName\":\"search_term_string\"}}],\"inLanguage\":\"en-GB\"},{\"@type\":\"Organization\",\"@id\":\"https:\\\/\\\/rockyspoon.lt\\\/#organization\",\"name\":\"Rocky Spoon\",\"url\":\"https:\\\/\\\/rockyspoon.lt\\\/\",\"logo\":{\"@type\":\"ImageObject\",\"inLanguage\":\"en-GB\",\"@id\":\"https:\\\/\\\/rockyspoon.lt\\\/#\\\/schema\\\/logo\\\/image\\\/\",\"url\":\"https:\\\/\\\/rockyspoon.lt\\\/wp-content\\\/uploads\\\/2024\\\/10\\\/cropped-android-chrome-192x192-1.png\",\"contentUrl\":\"https:\\\/\\\/rockyspoon.lt\\\/wp-content\\\/uploads\\\/2024\\\/10\\\/cropped-android-chrome-192x192-1.png\",\"width\":512,\"height\":512,\"caption\":\"Rocky Spoon\"},\"image\":{\"@id\":\"https:\\\/\\\/rockyspoon.lt\\\/#\\\/schema\\\/logo\\\/image\\\/\"},\"sameAs\":[\"https:\\\/\\\/www.facebook.com\\\/profile.php?id=61564237763085\"]}]}<\/script>\n<!-- \/ Yoast SEO plugin. -->","yoast_head_json":{"title":"LIOFILIZUOTAS PIKANTI\u0160KAS BUROK\u0116LIS","description":"Liofilizuotas Pikanti\u0161kas Burok\u0117lis \u2013 skonis ir nauda J\u016bs\u0173 sveikatai! Ie\u0161kote sveiko ir skanaus u\u017ekand\u017eio, Pikanti\u0161kas burok\u0117lis yra tai ko ie\u0161kojote.","robots":{"index":"index","follow":"follow","max-snippet":"max-snippet:-1","max-image-preview":"max-image-preview:large","max-video-preview":"max-video-preview:-1"},"canonical":"https:\/\/rockyspoon.lt\/en\/product\/pikantiskas-burokelis-liofilizuotas\/","og_locale":"en_GB","og_type":"article","og_title":"LIOFILIZUOTAS PIKANTI\u0160KAS BUROK\u0116LIS","og_description":"Liofilizuotas Pikanti\u0161kas Burok\u0117lis \u2013 skonis ir nauda J\u016bs\u0173 sveikatai! Ie\u0161kote sveiko ir skanaus u\u017ekand\u017eio, Pikanti\u0161kas burok\u0117lis yra tai ko ie\u0161kojote.","og_url":"https:\/\/rockyspoon.lt\/en\/product\/pikantiskas-burokelis-liofilizuotas\/","og_site_name":"rockyspoon.lt","article_publisher":"https:\/\/www.facebook.com\/profile.php?id=61564237763085","article_modified_time":"2026-04-06T15:43:15+00:00","og_image":[{"width":1917,"height":2384,"url":"https:\/\/rockyspoon.lt\/wp-content\/uploads\/2025\/01\/20250215_burokelis1.jpg","type":"image\/jpeg"}],"twitter_card":"summary_large_image","twitter_misc":{"Est. reading time":"1 minute"},"schema":{"@context":"https:\/\/schema.org","@graph":[{"@type":"WebPage","@id":"https:\/\/rockyspoon.lt\/produktas\/pikantiskas-burokelis-liofilizuotas\/","url":"https:\/\/rockyspoon.lt\/produktas\/pikantiskas-burokelis-liofilizuotas\/","name":"LIOFILIZUOTAS PIKANTI\u0160KAS BUROK\u0116LIS","isPartOf":{"@id":"https:\/\/rockyspoon.lt\/#website"},"primaryImageOfPage":{"@id":"https:\/\/rockyspoon.lt\/produktas\/pikantiskas-burokelis-liofilizuotas\/#primaryimage"},"image":{"@id":"https:\/\/rockyspoon.lt\/produktas\/pikantiskas-burokelis-liofilizuotas\/#primaryimage"},"thumbnailUrl":"https:\/\/rockyspoon.lt\/wp-content\/uploads\/2025\/01\/20250215_burokelis1.jpg","datePublished":"2025-03-11T08:56:11+00:00","dateModified":"2026-04-06T15:43:15+00:00","description":"Liofilizuotas Pikanti\u0161kas Burok\u0117lis \u2013 skonis ir nauda J\u016bs\u0173 sveikatai! Ie\u0161kote sveiko ir skanaus u\u017ekand\u017eio, Pikanti\u0161kas burok\u0117lis yra tai ko ie\u0161kojote.","breadcrumb":{"@id":"https:\/\/rockyspoon.lt\/produktas\/pikantiskas-burokelis-liofilizuotas\/#breadcrumb"},"inLanguage":"en-GB","potentialAction":[{"@type":"ReadAction","target":["https:\/\/rockyspoon.lt\/produktas\/pikantiskas-burokelis-liofilizuotas\/"]}]},{"@type":"ImageObject","inLanguage":"en-GB","@id":"https:\/\/rockyspoon.lt\/produktas\/pikantiskas-burokelis-liofilizuotas\/#primaryimage","url":"https:\/\/rockyspoon.lt\/wp-content\/uploads\/2025\/01\/20250215_burokelis1.jpg","contentUrl":"https:\/\/rockyspoon.lt\/wp-content\/uploads\/2025\/01\/20250215_burokelis1.jpg","width":1917,"height":2384,"caption":"rockyspoon.lt rocky spoon rockyspoon handmade ranku darbo liofilizuotas pikanti\u0161kas burok\u0117lis burokeliai beetroot freezedried d\u017eiovinti \u0161al\u010diu lithuania food taste lietuva"},{"@type":"BreadcrumbList","@id":"https:\/\/rockyspoon.lt\/produktas\/pikantiskas-burokelis-liofilizuotas\/#breadcrumb","itemListElement":[{"@type":"ListItem","position":1,"name":"Home","item":"https:\/\/rockyspoon.lt\/"},{"@type":"ListItem","position":2,"name":"Parduotuv\u0117","item":"https:\/\/rockyspoon.lt\/parduotuve\/"},{"@type":"ListItem","position":3,"name":"PIKANTI\u0160KAS BUROK\u0116LIS, liofilizuotas"}]},{"@type":"WebSite","@id":"https:\/\/rockyspoon.lt\/#website","url":"https:\/\/rockyspoon.lt\/","name":"Rocky Spoon","description":"Rocky Spoon - Rank\u0173 Darbo Pada\u017eai ir Pagardai","publisher":{"@id":"https:\/\/rockyspoon.lt\/#organization"},"potentialAction":[{"@type":"SearchAction","target":{"@type":"EntryPoint","urlTemplate":"https:\/\/rockyspoon.lt\/?s={search_term_string}"},"query-input":{"@type":"PropertyValueSpecification","valueRequired":true,"valueName":"search_term_string"}}],"inLanguage":"en-GB"},{"@type":"Organization","@id":"https:\/\/rockyspoon.lt\/#organization","name":"Rocky Spoon","url":"https:\/\/rockyspoon.lt\/","logo":{"@type":"ImageObject","inLanguage":"en-GB","@id":"https:\/\/rockyspoon.lt\/#\/schema\/logo\/image\/","url":"https:\/\/rockyspoon.lt\/wp-content\/uploads\/2024\/10\/cropped-android-chrome-192x192-1.png","contentUrl":"https:\/\/rockyspoon.lt\/wp-content\/uploads\/2024\/10\/cropped-android-chrome-192x192-1.png","width":512,"height":512,"caption":"Rocky Spoon"},"image":{"@id":"https:\/\/rockyspoon.lt\/#\/schema\/logo\/image\/"},"sameAs":["https:\/\/www.facebook.com\/profile.php?id=61564237763085"]}]}},"jetpack_sharing_enabled":true,"_links":{"self":[{"href":"https:\/\/rockyspoon.lt\/en\/wp-json\/wp\/v2\/product\/589","targetHints":{"allow":["GET"]}}],"collection":[{"href":"https:\/\/rockyspoon.lt\/en\/wp-json\/wp\/v2\/product"}],"about":[{"href":"https:\/\/rockyspoon.lt\/en\/wp-json\/wp\/v2\/types\/product"}],"replies":[{"embeddable":true,"href":"https:\/\/rockyspoon.lt\/en\/wp-json\/wp\/v2\/comments?post=589"}],"wp:featuredmedia":[{"embeddable":true,"href":"https:\/\/rockyspoon.lt\/en\/wp-json\/wp\/v2\/media\/566"}],"wp:attachment":[{"href":"https:\/\/rockyspoon.lt\/en\/wp-json\/wp\/v2\/media?parent=589"}],"wp:term":[{"taxonomy":"product_brand","embeddable":true,"href":"https:\/\/rockyspoon.lt\/en\/wp-json\/wp\/v2\/product_brand?post=589"},{"taxonomy":"product_cat","embeddable":true,"href":"https:\/\/rockyspoon.lt\/en\/wp-json\/wp\/v2\/product_cat?post=589"},{"taxonomy":"product_tag","embeddable":true,"href":"https:\/\/rockyspoon.lt\/en\/wp-json\/wp\/v2\/product_tag?post=589"}],"curies":[{"name":"wp","href":"https:\/\/api.w.org\/{rel}","templated":true}]}}