{"id":581,"date":"2025-03-10T13:27:17","date_gmt":"2025-03-10T13:27:17","guid":{"rendered":"https:\/\/rockyspoon.lt\/?post_type=product&#038;p=581"},"modified":"2026-04-06T15:48:53","modified_gmt":"2026-04-06T15:48:53","slug":"liofilizuotos-ciberzoles-ir-imbiero-himalaju-druska","status":"publish","type":"product","link":"https:\/\/rockyspoon.lt\/en\/product\/liofilizuotos-ciberzoles-ir-imbiero-himalaju-druska\/","title":{"rendered":"FREEZE-DRIED TURMERIC &amp; GINGER HIMALAYAN SALT"},"content":{"rendered":"<p data-start=\"473\" data-end=\"771\"><strong data-start=\"473\" data-end=\"540\">Rocky Spoon liofilizuotos ciber\u017eol\u0117s ir imbiero Himalaj\u0173 druska<\/strong> \u2013 tai gurmani\u0161kas prieskoni\u0173 mi\u0161inys, sukurtas suteikti j\u016bs\u0173 virtuvei spalv\u0173, skonio ir energijos. Himalaj\u0173 druskos mineralai susilieja su ry\u0161kia ciber\u017eol\u0117s geltona ir imbiero gaiva, sukurian\u010dia tiek aromat\u0105, tiek lengv\u0105 \u0161ilum\u0105.<\/p>\n<p data-start=\"773\" data-end=\"946\">\u0160i druska ne tik pagyvins kasdienius patiekalus \u2013 sriubas, dar\u017eoves, tro\u0161kinius ar ry\u017eius \u2013 bet ir taps subtiliu akcentu m\u0117sos, \u017euvies bei netgi sveik\u0173 u\u017ekand\u017ei\u0173 pagardui.<\/p>\n<p><strong>Ingredients<\/strong>: Himalaj\u0173 druska 60%, ciber\u017eol\u0117 30%, imbieras 10%<\/p>\n<p><strong>Storage conditions<\/strong> \u2013 Laikyti u\u017edaroje pakuot\u0117je, sausoje, \u0161varioje ir v\u0117sioje vietoje. Laikymo temperat\u016bra: nuo 10\u00b0C iki 20\u00b0C<\/p>\n<p><strong>Atidarius<\/strong> rekomenduojame sunaudoti per 3 m\u0117nesius<\/p>\n<p><strong>Gamintojas<\/strong> MB Rocky Spoon Siesarties g 3 Luk\u0161iai \u0160aki\u0173 raj Marijampol\u0117s apskritis <a href=\"https:\/\/rockyspoon.lt\/en\/\"><strong>www.rockyspoon.lt<\/strong><\/a>\u00a0 +37060666620\u00a0 +37060999920<\/p>\n<p>Grynas kiekis 100g<\/p>\n<p>&nbsp;<\/p>\n<p>Energin\u0117 vert\u0117 \u2013 548 kJ \/ 131 kcal<\/p>\n<p>Riebalai \u2013 2,0 g<\/p>\n<p>\u2013 i\u0161 j\u0173 so\u010di\u0173j\u0173 riebal\u0173 \u2013 0 g<\/p>\n<p>Angliavandeniai \u2013 26,6 g<\/p>\n<p>\u2013 i\u0161 j\u0173 cukr\u0173 \u2013 1,4 g<\/p>\n<p>Baltymai \u2013 3,8 g<\/p>\n<p>Druska \u2013 60 g<\/p>\n<p>&nbsp;<\/p>","protected":false},"excerpt":{"rendered":"<div dir=\"auto\">\n<p>Rocky Spoon- nat\u016brali J\u016bs\u0173 kasdien\u0117s mitybos dalel\u0117.<\/p>\n<\/div>\n<div dir=\"auto\">\n<p>Atraskite subalansuot\u0105 skon\u012f ir nat\u016bralias nauding\u0105sias savybes su liofilizuotos ciber\u017eol\u0117s ir imbiero Himalaj\u0173 druska. \u0160is kruop\u0161\u010diai atrinktas ingredient\u0173 derinys sukurtas tam, kad praturtint\u0173 j\u016bs\u0173 patiekalus ir suteikt\u0173 organizmui verting\u0173 med\u017eiag\u0173.<\/p>\n<\/div>\n<div dir=\"auto\">\n<p>Kas sudaro \u0161\u012f mi\u0161in\u012f?<\/p>\n<\/div>\n<div dir=\"auto\">\n<p>Ciber\u017eol\u0117 i\u0161 organi\u0161kos ciber\u017eol\u0117s \u0161aknies \u2013 nat\u016bralus ingredientas, \u017einomas d\u0117l savo ry\u0161kios spalvos ir nauding\u0173j\u0173 savybi\u0173.<\/p>\n<\/div>\n<div dir=\"auto\">\n<p>Imbieras \u2013 viena vertingiausi\u0173 \u0161akn\u0173, suteikianti \u0161veln\u0173 a\u0161trum\u0105 ir nat\u016bral\u0173 gyvybingumo poj\u016bt\u012f.<\/p>\n<\/div>\n<div dir=\"auto\">\n<p>Himalaj\u0173 druska \u2013 nat\u016bralus mineral\u0173 \u0161altinis, i\u0161gaunamas i\u0161 senovini\u0173 druskos klod\u0173.<\/p>\n<\/div>\n<div dir=\"auto\">\n<p>\u0160is mi\u0161inys idealiai tinka sriuboms, tro\u0161kiniams, marinavimui ir kasdieniam patiekal\u0173 pagardinimui. Tai paprastas b\u016bdas \u012ftraukti daugiau nat\u016brali\u0173 ingredient\u0173 \u012f savo mityb\u0105.<\/p>\n<\/div>\n<div dir=\"auto\">Rocky Spoon \u2013 kokyb\u0117 ir nat\u016bralumas j\u016bs\u0173 virtuv\u0117je.<\/div>","protected":false},"featured_media":817,"comment_status":"open","ping_status":"closed","template":"","meta":[],"product_brand":[],"product_cat":[119],"product_tag":[],"class_list":{"0":"post-581","1":"product","2":"type-product","3":"status-publish","4":"has-post-thumbnail","6":"product_cat-liofilizuoti","8":"first","9":"instock","10":"shipping-taxable","11":"purchasable","12":"product-type-simple"},"yoast_head":"<!-- This site is optimized with the Yoast SEO plugin v27.3 - https:\/\/yoast.com\/product\/yoast-seo-wordpress\/ -->\n<title>LIOFILIZUOTOS CIBER\u017dOL\u0116S IR IMBIERO HIMALAJ\u0172 DRUSKA - rockyspoon.lt<\/title>\n<meta name=\"description\" content=\"Himalaj\u0173 druskai susidraugavus su ciber\u017eole ir imbieru gimsta tikras skoni\u0173 superherojus! Tai - ne paprasta druska, tai \u2013 druska su charakteriu. Ne tik sveika ir skanu, bet ir \u0161iek tiek stebuklinga!\" \/>\n<meta name=\"robots\" content=\"index, follow, max-snippet:-1, max-image-preview:large, max-video-preview:-1\" \/>\n<link rel=\"canonical\" href=\"https:\/\/rockyspoon.lt\/en\/product\/liofilizuotos-ciberzoles-ir-imbiero-himalaju-druska\/\" \/>\n<meta property=\"og:locale\" content=\"en_GB\" \/>\n<meta property=\"og:type\" content=\"article\" \/>\n<meta property=\"og:title\" content=\"LIOFILIZUOTOS CIBER\u017dOL\u0116S IR IMBIERO HIMALAJ\u0172 DRUSKA - rockyspoon.lt\" \/>\n<meta property=\"og:description\" content=\"Himalaj\u0173 druskai susidraugavus su ciber\u017eole ir imbieru gimsta tikras skoni\u0173 superherojus! Tai - ne paprasta druska, tai \u2013 druska su charakteriu. Ne tik sveika ir skanu, bet ir \u0161iek tiek stebuklinga!\" \/>\n<meta property=\"og:url\" content=\"https:\/\/rockyspoon.lt\/en\/product\/liofilizuotos-ciberzoles-ir-imbiero-himalaju-druska\/\" \/>\n<meta property=\"og:site_name\" content=\"rockyspoon.lt\" \/>\n<meta property=\"article:publisher\" content=\"https:\/\/www.facebook.com\/profile.php?id=61564237763085\" \/>\n<meta property=\"article:modified_time\" content=\"2026-04-06T15:48:53+00:00\" \/>\n<meta property=\"og:image\" content=\"https:\/\/rockyspoon.lt\/wp-content\/uploads\/2025\/08\/20250825_171214a-scaled.jpg\" \/>\n\t<meta property=\"og:image:width\" content=\"2470\" \/>\n\t<meta property=\"og:image:height\" content=\"2560\" \/>\n\t<meta property=\"og:image:type\" content=\"image\/jpeg\" \/>\n<meta name=\"twitter:card\" content=\"summary_large_image\" \/>\n<meta name=\"twitter:label1\" content=\"Est. reading time\" \/>\n\t<meta name=\"twitter:data1\" content=\"1 minute\" \/>\n<script type=\"application\/ld+json\" class=\"yoast-schema-graph\">{\"@context\":\"https:\\\/\\\/schema.org\",\"@graph\":[{\"@type\":\"WebPage\",\"@id\":\"https:\\\/\\\/rockyspoon.lt\\\/produktas\\\/liofilizuotos-ciberzoles-ir-imbiero-himalaju-druska\\\/\",\"url\":\"https:\\\/\\\/rockyspoon.lt\\\/produktas\\\/liofilizuotos-ciberzoles-ir-imbiero-himalaju-druska\\\/\",\"name\":\"LIOFILIZUOTOS CIBER\u017dOL\u0116S IR IMBIERO HIMALAJ\u0172 DRUSKA - rockyspoon.lt\",\"isPartOf\":{\"@id\":\"https:\\\/\\\/rockyspoon.lt\\\/#website\"},\"primaryImageOfPage\":{\"@id\":\"https:\\\/\\\/rockyspoon.lt\\\/produktas\\\/liofilizuotos-ciberzoles-ir-imbiero-himalaju-druska\\\/#primaryimage\"},\"image\":{\"@id\":\"https:\\\/\\\/rockyspoon.lt\\\/produktas\\\/liofilizuotos-ciberzoles-ir-imbiero-himalaju-druska\\\/#primaryimage\"},\"thumbnailUrl\":\"https:\\\/\\\/rockyspoon.lt\\\/wp-content\\\/uploads\\\/2025\\\/08\\\/20250825_171214a-scaled.jpg\",\"datePublished\":\"2025-03-10T13:27:17+00:00\",\"dateModified\":\"2026-04-06T15:48:53+00:00\",\"description\":\"Himalaj\u0173 druskai susidraugavus su ciber\u017eole ir imbieru gimsta tikras skoni\u0173 superherojus! Tai - ne paprasta druska, tai \u2013 druska su charakteriu. Ne tik sveika ir skanu, bet ir \u0161iek tiek stebuklinga!\",\"breadcrumb\":{\"@id\":\"https:\\\/\\\/rockyspoon.lt\\\/produktas\\\/liofilizuotos-ciberzoles-ir-imbiero-himalaju-druska\\\/#breadcrumb\"},\"inLanguage\":\"en-GB\",\"potentialAction\":[{\"@type\":\"ReadAction\",\"target\":[\"https:\\\/\\\/rockyspoon.lt\\\/produktas\\\/liofilizuotos-ciberzoles-ir-imbiero-himalaju-druska\\\/\"]}]},{\"@type\":\"ImageObject\",\"inLanguage\":\"en-GB\",\"@id\":\"https:\\\/\\\/rockyspoon.lt\\\/produktas\\\/liofilizuotos-ciberzoles-ir-imbiero-himalaju-druska\\\/#primaryimage\",\"url\":\"https:\\\/\\\/rockyspoon.lt\\\/wp-content\\\/uploads\\\/2025\\\/08\\\/20250825_171214a-scaled.jpg\",\"contentUrl\":\"https:\\\/\\\/rockyspoon.lt\\\/wp-content\\\/uploads\\\/2025\\\/08\\\/20250825_171214a-scaled.jpg\",\"width\":2470,\"height\":2560,\"caption\":\"LIOFILIZUOTOS CIBER\u017dOL\u0116S IR IMBIERO HIMALAJ\u0172 DRUSKA\"},{\"@type\":\"BreadcrumbList\",\"@id\":\"https:\\\/\\\/rockyspoon.lt\\\/produktas\\\/liofilizuotos-ciberzoles-ir-imbiero-himalaju-druska\\\/#breadcrumb\",\"itemListElement\":[{\"@type\":\"ListItem\",\"position\":1,\"name\":\"Home\",\"item\":\"https:\\\/\\\/rockyspoon.lt\\\/\"},{\"@type\":\"ListItem\",\"position\":2,\"name\":\"Parduotuv\u0117\",\"item\":\"https:\\\/\\\/rockyspoon.lt\\\/parduotuve\\\/\"},{\"@type\":\"ListItem\",\"position\":3,\"name\":\"LIOFILIZUOTOS CIBER\u017dOL\u0116S IR IMBIERO HIMALAJ\u0172 DRUSKA\"}]},{\"@type\":\"WebSite\",\"@id\":\"https:\\\/\\\/rockyspoon.lt\\\/#website\",\"url\":\"https:\\\/\\\/rockyspoon.lt\\\/\",\"name\":\"Rocky Spoon\",\"description\":\"Rocky Spoon - Rank\u0173 Darbo Pada\u017eai ir Pagardai\",\"publisher\":{\"@id\":\"https:\\\/\\\/rockyspoon.lt\\\/#organization\"},\"potentialAction\":[{\"@type\":\"SearchAction\",\"target\":{\"@type\":\"EntryPoint\",\"urlTemplate\":\"https:\\\/\\\/rockyspoon.lt\\\/?s={search_term_string}\"},\"query-input\":{\"@type\":\"PropertyValueSpecification\",\"valueRequired\":true,\"valueName\":\"search_term_string\"}}],\"inLanguage\":\"en-GB\"},{\"@type\":\"Organization\",\"@id\":\"https:\\\/\\\/rockyspoon.lt\\\/#organization\",\"name\":\"Rocky Spoon\",\"url\":\"https:\\\/\\\/rockyspoon.lt\\\/\",\"logo\":{\"@type\":\"ImageObject\",\"inLanguage\":\"en-GB\",\"@id\":\"https:\\\/\\\/rockyspoon.lt\\\/#\\\/schema\\\/logo\\\/image\\\/\",\"url\":\"https:\\\/\\\/rockyspoon.lt\\\/wp-content\\\/uploads\\\/2024\\\/10\\\/cropped-android-chrome-192x192-1.png\",\"contentUrl\":\"https:\\\/\\\/rockyspoon.lt\\\/wp-content\\\/uploads\\\/2024\\\/10\\\/cropped-android-chrome-192x192-1.png\",\"width\":512,\"height\":512,\"caption\":\"Rocky Spoon\"},\"image\":{\"@id\":\"https:\\\/\\\/rockyspoon.lt\\\/#\\\/schema\\\/logo\\\/image\\\/\"},\"sameAs\":[\"https:\\\/\\\/www.facebook.com\\\/profile.php?id=61564237763085\"]}]}<\/script>\n<!-- \/ Yoast SEO plugin. -->","yoast_head_json":{"title":"LIOFILIZUOTOS CIBER\u017dOL\u0116S IR IMBIERO HIMALAJ\u0172 DRUSKA - rockyspoon.lt","description":"Himalaj\u0173 druskai susidraugavus su ciber\u017eole ir imbieru gimsta tikras skoni\u0173 superherojus! Tai - ne paprasta druska, tai \u2013 druska su charakteriu. Ne tik sveika ir skanu, bet ir \u0161iek tiek stebuklinga!","robots":{"index":"index","follow":"follow","max-snippet":"max-snippet:-1","max-image-preview":"max-image-preview:large","max-video-preview":"max-video-preview:-1"},"canonical":"https:\/\/rockyspoon.lt\/en\/product\/liofilizuotos-ciberzoles-ir-imbiero-himalaju-druska\/","og_locale":"en_GB","og_type":"article","og_title":"LIOFILIZUOTOS CIBER\u017dOL\u0116S IR IMBIERO HIMALAJ\u0172 DRUSKA - rockyspoon.lt","og_description":"Himalaj\u0173 druskai susidraugavus su ciber\u017eole ir imbieru gimsta tikras skoni\u0173 superherojus! Tai - ne paprasta druska, tai \u2013 druska su charakteriu. Ne tik sveika ir skanu, bet ir \u0161iek tiek stebuklinga!","og_url":"https:\/\/rockyspoon.lt\/en\/product\/liofilizuotos-ciberzoles-ir-imbiero-himalaju-druska\/","og_site_name":"rockyspoon.lt","article_publisher":"https:\/\/www.facebook.com\/profile.php?id=61564237763085","article_modified_time":"2026-04-06T15:48:53+00:00","og_image":[{"width":2470,"height":2560,"url":"https:\/\/rockyspoon.lt\/wp-content\/uploads\/2025\/08\/20250825_171214a-scaled.jpg","type":"image\/jpeg"}],"twitter_card":"summary_large_image","twitter_misc":{"Est. reading time":"1 minute"},"schema":{"@context":"https:\/\/schema.org","@graph":[{"@type":"WebPage","@id":"https:\/\/rockyspoon.lt\/produktas\/liofilizuotos-ciberzoles-ir-imbiero-himalaju-druska\/","url":"https:\/\/rockyspoon.lt\/produktas\/liofilizuotos-ciberzoles-ir-imbiero-himalaju-druska\/","name":"LIOFILIZUOTOS CIBER\u017dOL\u0116S IR IMBIERO HIMALAJ\u0172 DRUSKA - rockyspoon.lt","isPartOf":{"@id":"https:\/\/rockyspoon.lt\/#website"},"primaryImageOfPage":{"@id":"https:\/\/rockyspoon.lt\/produktas\/liofilizuotos-ciberzoles-ir-imbiero-himalaju-druska\/#primaryimage"},"image":{"@id":"https:\/\/rockyspoon.lt\/produktas\/liofilizuotos-ciberzoles-ir-imbiero-himalaju-druska\/#primaryimage"},"thumbnailUrl":"https:\/\/rockyspoon.lt\/wp-content\/uploads\/2025\/08\/20250825_171214a-scaled.jpg","datePublished":"2025-03-10T13:27:17+00:00","dateModified":"2026-04-06T15:48:53+00:00","description":"Himalaj\u0173 druskai susidraugavus su ciber\u017eole ir imbieru gimsta tikras skoni\u0173 superherojus! Tai - ne paprasta druska, tai \u2013 druska su charakteriu. Ne tik sveika ir skanu, bet ir \u0161iek tiek stebuklinga!","breadcrumb":{"@id":"https:\/\/rockyspoon.lt\/produktas\/liofilizuotos-ciberzoles-ir-imbiero-himalaju-druska\/#breadcrumb"},"inLanguage":"en-GB","potentialAction":[{"@type":"ReadAction","target":["https:\/\/rockyspoon.lt\/produktas\/liofilizuotos-ciberzoles-ir-imbiero-himalaju-druska\/"]}]},{"@type":"ImageObject","inLanguage":"en-GB","@id":"https:\/\/rockyspoon.lt\/produktas\/liofilizuotos-ciberzoles-ir-imbiero-himalaju-druska\/#primaryimage","url":"https:\/\/rockyspoon.lt\/wp-content\/uploads\/2025\/08\/20250825_171214a-scaled.jpg","contentUrl":"https:\/\/rockyspoon.lt\/wp-content\/uploads\/2025\/08\/20250825_171214a-scaled.jpg","width":2470,"height":2560,"caption":"LIOFILIZUOTOS CIBER\u017dOL\u0116S IR IMBIERO HIMALAJ\u0172 DRUSKA"},{"@type":"BreadcrumbList","@id":"https:\/\/rockyspoon.lt\/produktas\/liofilizuotos-ciberzoles-ir-imbiero-himalaju-druska\/#breadcrumb","itemListElement":[{"@type":"ListItem","position":1,"name":"Home","item":"https:\/\/rockyspoon.lt\/"},{"@type":"ListItem","position":2,"name":"Parduotuv\u0117","item":"https:\/\/rockyspoon.lt\/parduotuve\/"},{"@type":"ListItem","position":3,"name":"LIOFILIZUOTOS CIBER\u017dOL\u0116S IR IMBIERO HIMALAJ\u0172 DRUSKA"}]},{"@type":"WebSite","@id":"https:\/\/rockyspoon.lt\/#website","url":"https:\/\/rockyspoon.lt\/","name":"Rocky Spoon","description":"Rocky Spoon - Rank\u0173 Darbo Pada\u017eai ir Pagardai","publisher":{"@id":"https:\/\/rockyspoon.lt\/#organization"},"potentialAction":[{"@type":"SearchAction","target":{"@type":"EntryPoint","urlTemplate":"https:\/\/rockyspoon.lt\/?s={search_term_string}"},"query-input":{"@type":"PropertyValueSpecification","valueRequired":true,"valueName":"search_term_string"}}],"inLanguage":"en-GB"},{"@type":"Organization","@id":"https:\/\/rockyspoon.lt\/#organization","name":"Rocky Spoon","url":"https:\/\/rockyspoon.lt\/","logo":{"@type":"ImageObject","inLanguage":"en-GB","@id":"https:\/\/rockyspoon.lt\/#\/schema\/logo\/image\/","url":"https:\/\/rockyspoon.lt\/wp-content\/uploads\/2024\/10\/cropped-android-chrome-192x192-1.png","contentUrl":"https:\/\/rockyspoon.lt\/wp-content\/uploads\/2024\/10\/cropped-android-chrome-192x192-1.png","width":512,"height":512,"caption":"Rocky Spoon"},"image":{"@id":"https:\/\/rockyspoon.lt\/#\/schema\/logo\/image\/"},"sameAs":["https:\/\/www.facebook.com\/profile.php?id=61564237763085"]}]}},"jetpack_sharing_enabled":true,"_links":{"self":[{"href":"https:\/\/rockyspoon.lt\/en\/wp-json\/wp\/v2\/product\/581","targetHints":{"allow":["GET"]}}],"collection":[{"href":"https:\/\/rockyspoon.lt\/en\/wp-json\/wp\/v2\/product"}],"about":[{"href":"https:\/\/rockyspoon.lt\/en\/wp-json\/wp\/v2\/types\/product"}],"replies":[{"embeddable":true,"href":"https:\/\/rockyspoon.lt\/en\/wp-json\/wp\/v2\/comments?post=581"}],"wp:featuredmedia":[{"embeddable":true,"href":"https:\/\/rockyspoon.lt\/en\/wp-json\/wp\/v2\/media\/817"}],"wp:attachment":[{"href":"https:\/\/rockyspoon.lt\/en\/wp-json\/wp\/v2\/media?parent=581"}],"wp:term":[{"taxonomy":"product_brand","embeddable":true,"href":"https:\/\/rockyspoon.lt\/en\/wp-json\/wp\/v2\/product_brand?post=581"},{"taxonomy":"product_cat","embeddable":true,"href":"https:\/\/rockyspoon.lt\/en\/wp-json\/wp\/v2\/product_cat?post=581"},{"taxonomy":"product_tag","embeddable":true,"href":"https:\/\/rockyspoon.lt\/en\/wp-json\/wp\/v2\/product_tag?post=581"}],"curies":[{"name":"wp","href":"https:\/\/api.w.org\/{rel}","templated":true}]}}