{"id":580,"date":"2025-03-10T13:36:37","date_gmt":"2025-03-10T13:36:37","guid":{"rendered":"https:\/\/rockyspoon.lt\/?post_type=product&#038;p=580"},"modified":"2026-04-06T18:08:19","modified_gmt":"2026-04-06T18:08:19","slug":"tuk-tuk-prieskoninis-aliejus-kario","status":"publish","type":"product","link":"https:\/\/rockyspoon.lt\/en\/product\/tuk-tuk-prieskoninis-aliejus-kario\/","title":{"rendered":"TUK TUK SPICED OIL"},"content":{"rendered":"<p data-start=\"357\" data-end=\"675\"><strong data-start=\"357\" data-end=\"403\">Rocky Spoon \u201eTuk Tuk\u201c prieskoninis aliejus<\/strong> \u2013 tai gurmani\u0161kas skoni\u0173 nuotykis tiesiai i\u0161 stiklinio buteliuko. \u0160velnus aliejus persipina su \u010desnako aromatu, aitri\u0173j\u0173 paprik\u0173 a\u0161trumu ir rytieti\u0161ka prieskoni\u0173 \u0161iluma. Rezultatas \u2013 universalus pagardas, kuris vienu la\u0161u paver\u010dia patiekal\u0105 i\u0161 paprasto \u012f nepakartojam\u0105.<\/p>\n<p data-start=\"677\" data-end=\"814\">Puikiai tinka la\u0161inti ant pic\u0173, makaron\u0173, grilio m\u0117sos, dar\u017eovi\u0173, s\u016bri\u0173 ar salot\u0173.<\/p>\n<p><strong>Ingredients<\/strong>: Raps\u0173 aliejus, ciber\u017eol\u0117, kalendra, d\u017eiovinti svog\u016bnai, aitriosios \u010dili paprikos, imbieras, lauro lapai, kuminas, joduota druska, o\u017erag\u0117s s\u0117klos, \u010desnakas, juodi pipirai, \u017evaig\u017edinis any\u017eius, cinamonas, sald\u017eioji r\u016bkyta paprika.<\/p>\n<p><strong>Storage conditions<\/strong> \u2013 laikyti v\u0117sioje, tamsioje vietoje, kambario temperat\u016broje nuo 10\u00b0C iki 20\u00b0C<\/p>\n<p><strong>Atidarius<\/strong>, laikyti \u0161aldytuve nuo 2\u00b0C iki 5\u00b0C temperat\u016broje ir sunaudoti \u00a0per 30dien\u0173<\/p>\n<p><strong>Gamintojas<\/strong> MB Rocky Spoon Siesarties g 3 Luk\u0161iai \u0160aki\u0173 raj Marijampol\u0117s apskritis. <a href=\"https:\/\/rockyspoon.lt\/en\/\"><strong>www.rockyspoon.lt<\/strong><\/a> +37060666620\u00a0 +37060999920<\/p>\n<p>Energin\u0117 vert\u0117 \u2013 3246 kJ \/ 776 kcal<\/p>\n<p>Riebalai \u2013 84 g<\/p>\n<p>\u2013 i\u0161 j\u0173 so\u010di\u0173j\u0173 riebal\u0173 \u2013 6,0 g<\/p>\n<p>Angliavandeniai \u2013 4,0 g<\/p>\n<p>\u2013 i\u0161 j\u0173 cukr\u0173 \u2013 1,0 g<\/p>\n<p>Baltymai \u2013 0,9 g<\/p>\n<p>Druska \u2013 0,4 g<\/p>","protected":false},"excerpt":{"rendered":"<div dir=\"auto\">\n<p>Rocky Spoon TUK TUK prieskoninis aliejus \u2013 Indijos skoni\u0173 harmonija<\/p>\n<\/div>\n<div dir=\"auto\">\n<p>Leiskite savo patiekalams atsiskleisti naujais aromatais su TUK TUK prieskoniniu aliejumi. \u012ekv\u0117ptas Indijos virtuv\u0117s, \u0161is aliejus suteikia gylio ir i\u0161rai\u0161kingumo tiek kasdieniams, tiek ypatingiems patiekalams.<\/p>\n<\/div>\n<div dir=\"auto\">Tobulas pasirinkimas maistui paskaninti ir marinuoti, suteikiantis egzoti\u0161ko charakterio ir subalansuoto prieskoni\u0173 derinio.<\/div>","protected":false},"featured_media":802,"comment_status":"open","ping_status":"closed","template":"","meta":[],"product_brand":[],"product_cat":[120],"product_tag":[69,70,68,99,67,27,100],"class_list":{"0":"post-580","1":"product","2":"type-product","3":"status-publish","4":"has-post-thumbnail","6":"product_cat-aliejai","7":"product_tag-aliejus","8":"product_tag-indija","9":"product_tag-kario","10":"product_tag-paskanink-viska","11":"product_tag-prieskoninis-aliejus","12":"product_tag-rocky-spoon","13":"product_tag-tuk-tuk","15":"first","16":"instock","17":"featured","18":"shipping-taxable","19":"purchasable","20":"product-type-simple"},"yoast_head":"<!-- This site is optimized with the Yoast SEO plugin v27.3 - https:\/\/yoast.com\/product\/yoast-seo-wordpress\/ -->\n<title>Rocky Spoon TUK TUK prieskoninis kario aliejus<\/title>\n<meta name=\"description\" content=\"Rocky Spoon TUK TUK prieskoninis kario aliejus. Raps\u0173 alijus su prieskoni\u0173 orkestru, net papras\u010diausi\u0105 patiekal\u0105 pavers kulinarine avanti\u016bra!\" \/>\n<meta name=\"robots\" content=\"index, follow, max-snippet:-1, max-image-preview:large, max-video-preview:-1\" \/>\n<link rel=\"canonical\" href=\"https:\/\/rockyspoon.lt\/en\/product\/tuk-tuk-prieskoninis-aliejus-kario\/\" \/>\n<meta property=\"og:locale\" content=\"en_GB\" \/>\n<meta property=\"og:type\" content=\"article\" \/>\n<meta property=\"og:title\" content=\"Rocky Spoon TUK TUK prieskoninis kario aliejus\" \/>\n<meta property=\"og:description\" content=\"Rocky Spoon TUK TUK prieskoninis kario aliejus. Raps\u0173 alijus su prieskoni\u0173 orkestru, net papras\u010diausi\u0105 patiekal\u0105 pavers kulinarine avanti\u016bra!\" \/>\n<meta property=\"og:url\" content=\"https:\/\/rockyspoon.lt\/en\/product\/tuk-tuk-prieskoninis-aliejus-kario\/\" \/>\n<meta property=\"og:site_name\" content=\"rockyspoon.lt\" \/>\n<meta property=\"article:publisher\" content=\"https:\/\/www.facebook.com\/profile.php?id=61564237763085\" \/>\n<meta property=\"article:modified_time\" content=\"2026-04-06T18:08:19+00:00\" \/>\n<meta property=\"og:image\" content=\"https:\/\/rockyspoon.lt\/wp-content\/uploads\/2025\/08\/20250825_154622a-scaled.jpg\" \/>\n\t<meta property=\"og:image:width\" content=\"1196\" \/>\n\t<meta property=\"og:image:height\" content=\"2560\" \/>\n\t<meta property=\"og:image:type\" content=\"image\/jpeg\" \/>\n<meta name=\"twitter:card\" content=\"summary_large_image\" \/>\n<meta name=\"twitter:label1\" content=\"Est. reading time\" \/>\n\t<meta name=\"twitter:data1\" content=\"2 minutes\" \/>\n<script type=\"application\/ld+json\" class=\"yoast-schema-graph\">{\"@context\":\"https:\\\/\\\/schema.org\",\"@graph\":[{\"@type\":\"WebPage\",\"@id\":\"https:\\\/\\\/rockyspoon.lt\\\/produktas\\\/tuk-tuk-prieskoninis-aliejus-kario\\\/\",\"url\":\"https:\\\/\\\/rockyspoon.lt\\\/produktas\\\/tuk-tuk-prieskoninis-aliejus-kario\\\/\",\"name\":\"Rocky Spoon TUK TUK prieskoninis kario aliejus\",\"isPartOf\":{\"@id\":\"https:\\\/\\\/rockyspoon.lt\\\/#website\"},\"primaryImageOfPage\":{\"@id\":\"https:\\\/\\\/rockyspoon.lt\\\/produktas\\\/tuk-tuk-prieskoninis-aliejus-kario\\\/#primaryimage\"},\"image\":{\"@id\":\"https:\\\/\\\/rockyspoon.lt\\\/produktas\\\/tuk-tuk-prieskoninis-aliejus-kario\\\/#primaryimage\"},\"thumbnailUrl\":\"https:\\\/\\\/rockyspoon.lt\\\/wp-content\\\/uploads\\\/2025\\\/08\\\/20250825_154622a-scaled.jpg\",\"datePublished\":\"2025-03-10T13:36:37+00:00\",\"dateModified\":\"2026-04-06T18:08:19+00:00\",\"description\":\"Rocky Spoon TUK TUK prieskoninis kario aliejus. Raps\u0173 alijus su prieskoni\u0173 orkestru, net papras\u010diausi\u0105 patiekal\u0105 pavers kulinarine avanti\u016bra!\",\"breadcrumb\":{\"@id\":\"https:\\\/\\\/rockyspoon.lt\\\/produktas\\\/tuk-tuk-prieskoninis-aliejus-kario\\\/#breadcrumb\"},\"inLanguage\":\"en-GB\",\"potentialAction\":[{\"@type\":\"ReadAction\",\"target\":[\"https:\\\/\\\/rockyspoon.lt\\\/produktas\\\/tuk-tuk-prieskoninis-aliejus-kario\\\/\"]}]},{\"@type\":\"ImageObject\",\"inLanguage\":\"en-GB\",\"@id\":\"https:\\\/\\\/rockyspoon.lt\\\/produktas\\\/tuk-tuk-prieskoninis-aliejus-kario\\\/#primaryimage\",\"url\":\"https:\\\/\\\/rockyspoon.lt\\\/wp-content\\\/uploads\\\/2025\\\/08\\\/20250825_154622a-scaled.jpg\",\"contentUrl\":\"https:\\\/\\\/rockyspoon.lt\\\/wp-content\\\/uploads\\\/2025\\\/08\\\/20250825_154622a-scaled.jpg\",\"width\":1196,\"height\":2560,\"caption\":\"Rocky Spoon TUK TUK prieskoninis aliejus Tobulas pasirinkimas maistui paskaninti ir marinuoti, suteikiantis egzoti\u0161ko charakterio ir subalansuoto prieskoni\u0173 derinio.\"},{\"@type\":\"BreadcrumbList\",\"@id\":\"https:\\\/\\\/rockyspoon.lt\\\/produktas\\\/tuk-tuk-prieskoninis-aliejus-kario\\\/#breadcrumb\",\"itemListElement\":[{\"@type\":\"ListItem\",\"position\":1,\"name\":\"Home\",\"item\":\"https:\\\/\\\/rockyspoon.lt\\\/\"},{\"@type\":\"ListItem\",\"position\":2,\"name\":\"Parduotuv\u0117\",\"item\":\"https:\\\/\\\/rockyspoon.lt\\\/parduotuve\\\/\"},{\"@type\":\"ListItem\",\"position\":3,\"name\":\"TUK TUK, prieskoninis aliejus\"}]},{\"@type\":\"WebSite\",\"@id\":\"https:\\\/\\\/rockyspoon.lt\\\/#website\",\"url\":\"https:\\\/\\\/rockyspoon.lt\\\/\",\"name\":\"Rocky Spoon\",\"description\":\"Rocky Spoon - Rank\u0173 Darbo Pada\u017eai ir Pagardai\",\"publisher\":{\"@id\":\"https:\\\/\\\/rockyspoon.lt\\\/#organization\"},\"potentialAction\":[{\"@type\":\"SearchAction\",\"target\":{\"@type\":\"EntryPoint\",\"urlTemplate\":\"https:\\\/\\\/rockyspoon.lt\\\/?s={search_term_string}\"},\"query-input\":{\"@type\":\"PropertyValueSpecification\",\"valueRequired\":true,\"valueName\":\"search_term_string\"}}],\"inLanguage\":\"en-GB\"},{\"@type\":\"Organization\",\"@id\":\"https:\\\/\\\/rockyspoon.lt\\\/#organization\",\"name\":\"Rocky Spoon\",\"url\":\"https:\\\/\\\/rockyspoon.lt\\\/\",\"logo\":{\"@type\":\"ImageObject\",\"inLanguage\":\"en-GB\",\"@id\":\"https:\\\/\\\/rockyspoon.lt\\\/#\\\/schema\\\/logo\\\/image\\\/\",\"url\":\"https:\\\/\\\/rockyspoon.lt\\\/wp-content\\\/uploads\\\/2024\\\/10\\\/cropped-android-chrome-192x192-1.png\",\"contentUrl\":\"https:\\\/\\\/rockyspoon.lt\\\/wp-content\\\/uploads\\\/2024\\\/10\\\/cropped-android-chrome-192x192-1.png\",\"width\":512,\"height\":512,\"caption\":\"Rocky Spoon\"},\"image\":{\"@id\":\"https:\\\/\\\/rockyspoon.lt\\\/#\\\/schema\\\/logo\\\/image\\\/\"},\"sameAs\":[\"https:\\\/\\\/www.facebook.com\\\/profile.php?id=61564237763085\"]}]}<\/script>\n<!-- \/ Yoast SEO plugin. -->","yoast_head_json":{"title":"Rocky Spoon TUK TUK prieskoninis kario aliejus","description":"Rocky Spoon TUK TUK prieskoninis kario aliejus. Raps\u0173 alijus su prieskoni\u0173 orkestru, net papras\u010diausi\u0105 patiekal\u0105 pavers kulinarine avanti\u016bra!","robots":{"index":"index","follow":"follow","max-snippet":"max-snippet:-1","max-image-preview":"max-image-preview:large","max-video-preview":"max-video-preview:-1"},"canonical":"https:\/\/rockyspoon.lt\/en\/product\/tuk-tuk-prieskoninis-aliejus-kario\/","og_locale":"en_GB","og_type":"article","og_title":"Rocky Spoon TUK TUK prieskoninis kario aliejus","og_description":"Rocky Spoon TUK TUK prieskoninis kario aliejus. Raps\u0173 alijus su prieskoni\u0173 orkestru, net papras\u010diausi\u0105 patiekal\u0105 pavers kulinarine avanti\u016bra!","og_url":"https:\/\/rockyspoon.lt\/en\/product\/tuk-tuk-prieskoninis-aliejus-kario\/","og_site_name":"rockyspoon.lt","article_publisher":"https:\/\/www.facebook.com\/profile.php?id=61564237763085","article_modified_time":"2026-04-06T18:08:19+00:00","og_image":[{"width":1196,"height":2560,"url":"https:\/\/rockyspoon.lt\/wp-content\/uploads\/2025\/08\/20250825_154622a-scaled.jpg","type":"image\/jpeg"}],"twitter_card":"summary_large_image","twitter_misc":{"Est. reading time":"2 minutes"},"schema":{"@context":"https:\/\/schema.org","@graph":[{"@type":"WebPage","@id":"https:\/\/rockyspoon.lt\/produktas\/tuk-tuk-prieskoninis-aliejus-kario\/","url":"https:\/\/rockyspoon.lt\/produktas\/tuk-tuk-prieskoninis-aliejus-kario\/","name":"Rocky Spoon TUK TUK prieskoninis kario aliejus","isPartOf":{"@id":"https:\/\/rockyspoon.lt\/#website"},"primaryImageOfPage":{"@id":"https:\/\/rockyspoon.lt\/produktas\/tuk-tuk-prieskoninis-aliejus-kario\/#primaryimage"},"image":{"@id":"https:\/\/rockyspoon.lt\/produktas\/tuk-tuk-prieskoninis-aliejus-kario\/#primaryimage"},"thumbnailUrl":"https:\/\/rockyspoon.lt\/wp-content\/uploads\/2025\/08\/20250825_154622a-scaled.jpg","datePublished":"2025-03-10T13:36:37+00:00","dateModified":"2026-04-06T18:08:19+00:00","description":"Rocky Spoon TUK TUK prieskoninis kario aliejus. Raps\u0173 alijus su prieskoni\u0173 orkestru, net papras\u010diausi\u0105 patiekal\u0105 pavers kulinarine avanti\u016bra!","breadcrumb":{"@id":"https:\/\/rockyspoon.lt\/produktas\/tuk-tuk-prieskoninis-aliejus-kario\/#breadcrumb"},"inLanguage":"en-GB","potentialAction":[{"@type":"ReadAction","target":["https:\/\/rockyspoon.lt\/produktas\/tuk-tuk-prieskoninis-aliejus-kario\/"]}]},{"@type":"ImageObject","inLanguage":"en-GB","@id":"https:\/\/rockyspoon.lt\/produktas\/tuk-tuk-prieskoninis-aliejus-kario\/#primaryimage","url":"https:\/\/rockyspoon.lt\/wp-content\/uploads\/2025\/08\/20250825_154622a-scaled.jpg","contentUrl":"https:\/\/rockyspoon.lt\/wp-content\/uploads\/2025\/08\/20250825_154622a-scaled.jpg","width":1196,"height":2560,"caption":"Rocky Spoon TUK TUK prieskoninis aliejus Tobulas pasirinkimas maistui paskaninti ir marinuoti, suteikiantis egzoti\u0161ko charakterio ir subalansuoto prieskoni\u0173 derinio."},{"@type":"BreadcrumbList","@id":"https:\/\/rockyspoon.lt\/produktas\/tuk-tuk-prieskoninis-aliejus-kario\/#breadcrumb","itemListElement":[{"@type":"ListItem","position":1,"name":"Home","item":"https:\/\/rockyspoon.lt\/"},{"@type":"ListItem","position":2,"name":"Parduotuv\u0117","item":"https:\/\/rockyspoon.lt\/parduotuve\/"},{"@type":"ListItem","position":3,"name":"TUK TUK, prieskoninis aliejus"}]},{"@type":"WebSite","@id":"https:\/\/rockyspoon.lt\/#website","url":"https:\/\/rockyspoon.lt\/","name":"Rocky Spoon","description":"Rocky Spoon - Rank\u0173 Darbo Pada\u017eai ir Pagardai","publisher":{"@id":"https:\/\/rockyspoon.lt\/#organization"},"potentialAction":[{"@type":"SearchAction","target":{"@type":"EntryPoint","urlTemplate":"https:\/\/rockyspoon.lt\/?s={search_term_string}"},"query-input":{"@type":"PropertyValueSpecification","valueRequired":true,"valueName":"search_term_string"}}],"inLanguage":"en-GB"},{"@type":"Organization","@id":"https:\/\/rockyspoon.lt\/#organization","name":"Rocky Spoon","url":"https:\/\/rockyspoon.lt\/","logo":{"@type":"ImageObject","inLanguage":"en-GB","@id":"https:\/\/rockyspoon.lt\/#\/schema\/logo\/image\/","url":"https:\/\/rockyspoon.lt\/wp-content\/uploads\/2024\/10\/cropped-android-chrome-192x192-1.png","contentUrl":"https:\/\/rockyspoon.lt\/wp-content\/uploads\/2024\/10\/cropped-android-chrome-192x192-1.png","width":512,"height":512,"caption":"Rocky Spoon"},"image":{"@id":"https:\/\/rockyspoon.lt\/#\/schema\/logo\/image\/"},"sameAs":["https:\/\/www.facebook.com\/profile.php?id=61564237763085"]}]}},"jetpack_sharing_enabled":true,"_links":{"self":[{"href":"https:\/\/rockyspoon.lt\/en\/wp-json\/wp\/v2\/product\/580","targetHints":{"allow":["GET"]}}],"collection":[{"href":"https:\/\/rockyspoon.lt\/en\/wp-json\/wp\/v2\/product"}],"about":[{"href":"https:\/\/rockyspoon.lt\/en\/wp-json\/wp\/v2\/types\/product"}],"replies":[{"embeddable":true,"href":"https:\/\/rockyspoon.lt\/en\/wp-json\/wp\/v2\/comments?post=580"}],"wp:featuredmedia":[{"embeddable":true,"href":"https:\/\/rockyspoon.lt\/en\/wp-json\/wp\/v2\/media\/802"}],"wp:attachment":[{"href":"https:\/\/rockyspoon.lt\/en\/wp-json\/wp\/v2\/media?parent=580"}],"wp:term":[{"taxonomy":"product_brand","embeddable":true,"href":"https:\/\/rockyspoon.lt\/en\/wp-json\/wp\/v2\/product_brand?post=580"},{"taxonomy":"product_cat","embeddable":true,"href":"https:\/\/rockyspoon.lt\/en\/wp-json\/wp\/v2\/product_cat?post=580"},{"taxonomy":"product_tag","embeddable":true,"href":"https:\/\/rockyspoon.lt\/en\/wp-json\/wp\/v2\/product_tag?post=580"}],"curies":[{"name":"wp","href":"https:\/\/api.w.org\/{rel}","templated":true}]}}