{"id":572,"date":"2025-02-15T15:19:31","date_gmt":"2025-02-15T15:19:31","guid":{"rendered":"https:\/\/rockyspoon.lt\/?post_type=product&#038;p=572"},"modified":"2026-04-06T18:09:07","modified_gmt":"2026-04-06T18:09:07","slug":"habanero-mangas-catnis","status":"publish","type":"product","link":"https:\/\/rockyspoon.lt\/en\/product\/habanero-mangas-catnis\/","title":{"rendered":"HABANERO MANGO CHUTNEY"},"content":{"rendered":"<p data-start=\"345\" data-end=\"653\"><strong data-start=\"345\" data-end=\"385\">Rocky Spoon \u010datnis \u201eHabanero Mangas\u201c<\/strong> \u2013 tai tropik\u0173 ir a\u0161trumo susitikimas viename stiklainyje. Sald\u017ei\u0173, prinokusi\u0173 mang\u0173 \u0161velnum\u0105 pagyvina habanero pipir\u0173 ugninga \u0161iluma, imbiero gaiva ir subtilus prieskoni\u0173 fonas. Rezultatas \u2013 egzoti\u0161kas, bet harmoningas skonis, kuris suteiks patiekalams charakterio.<\/p>\n<p data-start=\"655\" data-end=\"809\">Tinka prie brandint\u0173 s\u016bri\u0173, j\u016bros g\u0117rybi\u0173, vi\u0161tienos, kiaulienos ar grilio patiekal\u0173.<\/p>\n<p><strong>Ingredients<\/strong>: Mango (55%), baltieji svog\u016bnai, obuoli\u0173 actas, cukrus, habanero pipirai (2,6%), imbieras, d\u017eiovinta paprika, joduota druska, vanduo, kukur\u016bz\u0173 krakmolas, r\u016bkyta paprika, juodgr\u016bd\u0117s s\u0117klos, juodi pipirai.<\/p>\n<p><strong>Storage conditions<\/strong> \u2013 Laikyti u\u017edaroje pakuot\u0117je, sausoje, \u0161varioje ir v\u0117sioje vietoje. Laikymo temperat\u016bra: nuo 10\u00b0C iki 20\u00b0C<\/p>\n<p><strong>Atidarius<\/strong> rekomenduojame sunaudoti per 3 dienas<\/p>\n<p><strong>Gamintojas<\/strong> MB Rocky Spoon Siesarties g 3 Luk\u0161iai \u0160aki\u0173 raj Marijampol\u0117s apskritis. <a href=\"https:\/\/rockyspoon.lt\/en\/\"><strong>www.rockyspoon.lt<\/strong><\/a> +37060666620\u00a0 +37060999920<\/p>\n<p>Net weight 120g<\/p>\n<p>Energin\u0117 vert\u0117 \u2013 548 kJ \/ 131 kcal<\/p>\n<p>Riebalai \u2013 2,0 g<\/p>\n<p>\u2013 i\u0161 j\u0173 so\u010di\u0173j\u0173 riebal\u0173 \u2013 0,03 g<\/p>\n<p>Angliavandeniai \u2013 26,6 g<\/p>\n<p>\u2013 i\u0161 j\u0173 cukr\u0173 \u2013 1,4 g<\/p>\n<p>Baltymai \u2013 3,8 g<\/p>\n<p>Druska \u2013 60 g<\/p>","protected":false},"excerpt":{"rendered":"<p>&#8222;Rocky Spoon&#8221; mango ir habanero \u010datnis \u2013 tai ne tik pada\u017eas, tai bilietas \u012f vien\u0105 smagiausi\u0173 ir skaniausi\u0173 gyvenimo atrakcion\u0173. Ar esate pasiruo\u0161\u0119 kulinarinei kelionei, kurioje j\u016bs\u0173 skonio receptoriai patirs tikr\u0105 adrenalino antpl\u016bd\u012f? Habanero Mango \u010datnis sujungia sald\u0173 mang\u0173 tropin\u012f skon\u012f su ugningu habanero pipir\u0173 a\u0161trumu, sukuriant i\u0161ties \u012fsimintin\u0105 skon\u012f. M\u016bs\u0173 \u010datnis gaminamas tik i\u0161 \u0161vie\u017eiausi\u0173 ir auk\u0161\u010diausios kokyb\u0117s ingredient\u0173. Joki\u0173 dirbtini\u0173 pried\u0173 ar konservant\u0173 \u2013 tik grynas, nat\u016bralus skonis. Habanero Mango \u010datnis yra a\u0161trus, bet ne per daug. Habanero pipirai suteikia jam reikiam\u0105 a\u0161trumo doz\u0119, ta\u010diau mango saldumas su\u0161velnina j\u0105, sukuriant puik\u0173 balans\u0105. Gardinkite juo m\u0117s\u0105, \u017euv\u012f, dar\u017eoves ar tiesiog m\u0117gaukit\u0117s juo su duonos rieke ar krekeriais.<\/p>","protected":false},"featured_media":888,"comment_status":"open","ping_status":"closed","template":"","meta":[],"product_brand":[],"product_cat":[118],"product_tag":[56,26,54,20,55,27],"class_list":{"0":"post-572","1":"product","2":"type-product","3":"status-publish","4":"has-post-thumbnail","6":"product_cat-chatniai","7":"product_tag-astrus-padazas","8":"product_tag-catnis","9":"product_tag-habanero-mangas","10":"product_tag-padazas","11":"product_tag-ranku-darbo-padazas","12":"product_tag-rocky-spoon","14":"first","15":"instock","16":"featured","17":"shipping-taxable","18":"purchasable","19":"product-type-simple"},"yoast_head":"<!-- This site is optimized with the Yoast SEO plugin v27.3 - https:\/\/yoast.com\/product\/yoast-seo-wordpress\/ -->\n<title>HABANERO MANGAS, \u010datnis - ROCKY SPOON<\/title>\n<meta name=\"description\" content=\"Habanero Mangas, \u010datnis ROCKY SPOON \u2013 tai nuotykis j\u016bs\u0173 gomuriui. Unikalus derinys sujungia sald\u0173 mang\u0173 tropin\u012f skon\u012f bei ugning\u0105 habanero pipir\u0173 a\u0161trum\u0105.\" \/>\n<meta name=\"robots\" content=\"index, follow, max-snippet:-1, max-image-preview:large, max-video-preview:-1\" \/>\n<link rel=\"canonical\" href=\"https:\/\/rockyspoon.lt\/en\/product\/habanero-mangas-catnis\/\" \/>\n<meta property=\"og:locale\" content=\"en_GB\" \/>\n<meta property=\"og:type\" content=\"article\" \/>\n<meta property=\"og:title\" content=\"HABANERO MANGAS, \u010datnis - ROCKY SPOON\" \/>\n<meta property=\"og:description\" content=\"Habanero Mangas, \u010datnis ROCKY SPOON \u2013 tai nuotykis j\u016bs\u0173 gomuriui. Unikalus derinys sujungia sald\u0173 mang\u0173 tropin\u012f skon\u012f bei ugning\u0105 habanero pipir\u0173 a\u0161trum\u0105.\" \/>\n<meta property=\"og:url\" content=\"https:\/\/rockyspoon.lt\/en\/product\/habanero-mangas-catnis\/\" \/>\n<meta property=\"og:site_name\" content=\"rockyspoon.lt\" \/>\n<meta property=\"article:publisher\" content=\"https:\/\/www.facebook.com\/profile.php?id=61564237763085\" \/>\n<meta property=\"article:modified_time\" content=\"2026-04-06T18:09:07+00:00\" \/>\n<meta property=\"og:image\" content=\"https:\/\/rockyspoon.lt\/wp-content\/uploads\/2025\/02\/20251012_152758-1-scaled.jpg\" \/>\n\t<meta property=\"og:image:width\" content=\"2046\" \/>\n\t<meta property=\"og:image:height\" content=\"2560\" \/>\n\t<meta property=\"og:image:type\" content=\"image\/jpeg\" \/>\n<meta name=\"twitter:card\" content=\"summary_large_image\" \/>\n<meta name=\"twitter:label1\" content=\"Est. reading time\" \/>\n\t<meta name=\"twitter:data1\" content=\"1 minute\" \/>\n<script type=\"application\/ld+json\" class=\"yoast-schema-graph\">{\"@context\":\"https:\\\/\\\/schema.org\",\"@graph\":[{\"@type\":\"WebPage\",\"@id\":\"https:\\\/\\\/rockyspoon.lt\\\/produktas\\\/habanero-mangas-catnis\\\/\",\"url\":\"https:\\\/\\\/rockyspoon.lt\\\/produktas\\\/habanero-mangas-catnis\\\/\",\"name\":\"HABANERO MANGAS, \u010datnis - ROCKY SPOON\",\"isPartOf\":{\"@id\":\"https:\\\/\\\/rockyspoon.lt\\\/#website\"},\"primaryImageOfPage\":{\"@id\":\"https:\\\/\\\/rockyspoon.lt\\\/produktas\\\/habanero-mangas-catnis\\\/#primaryimage\"},\"image\":{\"@id\":\"https:\\\/\\\/rockyspoon.lt\\\/produktas\\\/habanero-mangas-catnis\\\/#primaryimage\"},\"thumbnailUrl\":\"https:\\\/\\\/rockyspoon.lt\\\/wp-content\\\/uploads\\\/2025\\\/02\\\/20251012_152758-1-scaled.jpg\",\"datePublished\":\"2025-02-15T15:19:31+00:00\",\"dateModified\":\"2026-04-06T18:09:07+00:00\",\"description\":\"Habanero Mangas, \u010datnis ROCKY SPOON \u2013 tai nuotykis j\u016bs\u0173 gomuriui. Unikalus derinys sujungia sald\u0173 mang\u0173 tropin\u012f skon\u012f bei ugning\u0105 habanero pipir\u0173 a\u0161trum\u0105.\",\"breadcrumb\":{\"@id\":\"https:\\\/\\\/rockyspoon.lt\\\/produktas\\\/habanero-mangas-catnis\\\/#breadcrumb\"},\"inLanguage\":\"en-GB\",\"potentialAction\":[{\"@type\":\"ReadAction\",\"target\":[\"https:\\\/\\\/rockyspoon.lt\\\/produktas\\\/habanero-mangas-catnis\\\/\"]}]},{\"@type\":\"ImageObject\",\"inLanguage\":\"en-GB\",\"@id\":\"https:\\\/\\\/rockyspoon.lt\\\/produktas\\\/habanero-mangas-catnis\\\/#primaryimage\",\"url\":\"https:\\\/\\\/rockyspoon.lt\\\/wp-content\\\/uploads\\\/2025\\\/02\\\/20251012_152758-1-scaled.jpg\",\"contentUrl\":\"https:\\\/\\\/rockyspoon.lt\\\/wp-content\\\/uploads\\\/2025\\\/02\\\/20251012_152758-1-scaled.jpg\",\"width\":2046,\"height\":2560,\"caption\":\"roskyspoon rocky spoon handmade lithuania lietuva rank\u0173 darbas chutney mango caramelised onions freezedried snackstuk tuk curry oil bona sforca mizerija pagardas\"},{\"@type\":\"BreadcrumbList\",\"@id\":\"https:\\\/\\\/rockyspoon.lt\\\/produktas\\\/habanero-mangas-catnis\\\/#breadcrumb\",\"itemListElement\":[{\"@type\":\"ListItem\",\"position\":1,\"name\":\"Home\",\"item\":\"https:\\\/\\\/rockyspoon.lt\\\/\"},{\"@type\":\"ListItem\",\"position\":2,\"name\":\"Parduotuv\u0117\",\"item\":\"https:\\\/\\\/rockyspoon.lt\\\/parduotuve\\\/\"},{\"@type\":\"ListItem\",\"position\":3,\"name\":\"HABANERO MANGAS, \u010datnis\"}]},{\"@type\":\"WebSite\",\"@id\":\"https:\\\/\\\/rockyspoon.lt\\\/#website\",\"url\":\"https:\\\/\\\/rockyspoon.lt\\\/\",\"name\":\"Rocky Spoon\",\"description\":\"Rocky Spoon - Rank\u0173 Darbo Pada\u017eai ir Pagardai\",\"publisher\":{\"@id\":\"https:\\\/\\\/rockyspoon.lt\\\/#organization\"},\"potentialAction\":[{\"@type\":\"SearchAction\",\"target\":{\"@type\":\"EntryPoint\",\"urlTemplate\":\"https:\\\/\\\/rockyspoon.lt\\\/?s={search_term_string}\"},\"query-input\":{\"@type\":\"PropertyValueSpecification\",\"valueRequired\":true,\"valueName\":\"search_term_string\"}}],\"inLanguage\":\"en-GB\"},{\"@type\":\"Organization\",\"@id\":\"https:\\\/\\\/rockyspoon.lt\\\/#organization\",\"name\":\"Rocky Spoon\",\"url\":\"https:\\\/\\\/rockyspoon.lt\\\/\",\"logo\":{\"@type\":\"ImageObject\",\"inLanguage\":\"en-GB\",\"@id\":\"https:\\\/\\\/rockyspoon.lt\\\/#\\\/schema\\\/logo\\\/image\\\/\",\"url\":\"https:\\\/\\\/rockyspoon.lt\\\/wp-content\\\/uploads\\\/2024\\\/10\\\/cropped-android-chrome-192x192-1.png\",\"contentUrl\":\"https:\\\/\\\/rockyspoon.lt\\\/wp-content\\\/uploads\\\/2024\\\/10\\\/cropped-android-chrome-192x192-1.png\",\"width\":512,\"height\":512,\"caption\":\"Rocky Spoon\"},\"image\":{\"@id\":\"https:\\\/\\\/rockyspoon.lt\\\/#\\\/schema\\\/logo\\\/image\\\/\"},\"sameAs\":[\"https:\\\/\\\/www.facebook.com\\\/profile.php?id=61564237763085\"]}]}<\/script>\n<!-- \/ Yoast SEO plugin. -->","yoast_head_json":{"title":"HABANERO MANGAS, \u010datnis - ROCKY SPOON","description":"Habanero Mangas, \u010datnis ROCKY SPOON \u2013 tai nuotykis j\u016bs\u0173 gomuriui. Unikalus derinys sujungia sald\u0173 mang\u0173 tropin\u012f skon\u012f bei ugning\u0105 habanero pipir\u0173 a\u0161trum\u0105.","robots":{"index":"index","follow":"follow","max-snippet":"max-snippet:-1","max-image-preview":"max-image-preview:large","max-video-preview":"max-video-preview:-1"},"canonical":"https:\/\/rockyspoon.lt\/en\/product\/habanero-mangas-catnis\/","og_locale":"en_GB","og_type":"article","og_title":"HABANERO MANGAS, \u010datnis - ROCKY SPOON","og_description":"Habanero Mangas, \u010datnis ROCKY SPOON \u2013 tai nuotykis j\u016bs\u0173 gomuriui. Unikalus derinys sujungia sald\u0173 mang\u0173 tropin\u012f skon\u012f bei ugning\u0105 habanero pipir\u0173 a\u0161trum\u0105.","og_url":"https:\/\/rockyspoon.lt\/en\/product\/habanero-mangas-catnis\/","og_site_name":"rockyspoon.lt","article_publisher":"https:\/\/www.facebook.com\/profile.php?id=61564237763085","article_modified_time":"2026-04-06T18:09:07+00:00","og_image":[{"width":2046,"height":2560,"url":"https:\/\/rockyspoon.lt\/wp-content\/uploads\/2025\/02\/20251012_152758-1-scaled.jpg","type":"image\/jpeg"}],"twitter_card":"summary_large_image","twitter_misc":{"Est. reading time":"1 minute"},"schema":{"@context":"https:\/\/schema.org","@graph":[{"@type":"WebPage","@id":"https:\/\/rockyspoon.lt\/produktas\/habanero-mangas-catnis\/","url":"https:\/\/rockyspoon.lt\/produktas\/habanero-mangas-catnis\/","name":"HABANERO MANGAS, \u010datnis - ROCKY SPOON","isPartOf":{"@id":"https:\/\/rockyspoon.lt\/#website"},"primaryImageOfPage":{"@id":"https:\/\/rockyspoon.lt\/produktas\/habanero-mangas-catnis\/#primaryimage"},"image":{"@id":"https:\/\/rockyspoon.lt\/produktas\/habanero-mangas-catnis\/#primaryimage"},"thumbnailUrl":"https:\/\/rockyspoon.lt\/wp-content\/uploads\/2025\/02\/20251012_152758-1-scaled.jpg","datePublished":"2025-02-15T15:19:31+00:00","dateModified":"2026-04-06T18:09:07+00:00","description":"Habanero Mangas, \u010datnis ROCKY SPOON \u2013 tai nuotykis j\u016bs\u0173 gomuriui. Unikalus derinys sujungia sald\u0173 mang\u0173 tropin\u012f skon\u012f bei ugning\u0105 habanero pipir\u0173 a\u0161trum\u0105.","breadcrumb":{"@id":"https:\/\/rockyspoon.lt\/produktas\/habanero-mangas-catnis\/#breadcrumb"},"inLanguage":"en-GB","potentialAction":[{"@type":"ReadAction","target":["https:\/\/rockyspoon.lt\/produktas\/habanero-mangas-catnis\/"]}]},{"@type":"ImageObject","inLanguage":"en-GB","@id":"https:\/\/rockyspoon.lt\/produktas\/habanero-mangas-catnis\/#primaryimage","url":"https:\/\/rockyspoon.lt\/wp-content\/uploads\/2025\/02\/20251012_152758-1-scaled.jpg","contentUrl":"https:\/\/rockyspoon.lt\/wp-content\/uploads\/2025\/02\/20251012_152758-1-scaled.jpg","width":2046,"height":2560,"caption":"roskyspoon rocky spoon handmade lithuania lietuva rank\u0173 darbas chutney mango caramelised onions freezedried snackstuk tuk curry oil bona sforca mizerija pagardas"},{"@type":"BreadcrumbList","@id":"https:\/\/rockyspoon.lt\/produktas\/habanero-mangas-catnis\/#breadcrumb","itemListElement":[{"@type":"ListItem","position":1,"name":"Home","item":"https:\/\/rockyspoon.lt\/"},{"@type":"ListItem","position":2,"name":"Parduotuv\u0117","item":"https:\/\/rockyspoon.lt\/parduotuve\/"},{"@type":"ListItem","position":3,"name":"HABANERO MANGAS, \u010datnis"}]},{"@type":"WebSite","@id":"https:\/\/rockyspoon.lt\/#website","url":"https:\/\/rockyspoon.lt\/","name":"Rocky Spoon","description":"Rocky Spoon - Rank\u0173 Darbo Pada\u017eai ir Pagardai","publisher":{"@id":"https:\/\/rockyspoon.lt\/#organization"},"potentialAction":[{"@type":"SearchAction","target":{"@type":"EntryPoint","urlTemplate":"https:\/\/rockyspoon.lt\/?s={search_term_string}"},"query-input":{"@type":"PropertyValueSpecification","valueRequired":true,"valueName":"search_term_string"}}],"inLanguage":"en-GB"},{"@type":"Organization","@id":"https:\/\/rockyspoon.lt\/#organization","name":"Rocky Spoon","url":"https:\/\/rockyspoon.lt\/","logo":{"@type":"ImageObject","inLanguage":"en-GB","@id":"https:\/\/rockyspoon.lt\/#\/schema\/logo\/image\/","url":"https:\/\/rockyspoon.lt\/wp-content\/uploads\/2024\/10\/cropped-android-chrome-192x192-1.png","contentUrl":"https:\/\/rockyspoon.lt\/wp-content\/uploads\/2024\/10\/cropped-android-chrome-192x192-1.png","width":512,"height":512,"caption":"Rocky Spoon"},"image":{"@id":"https:\/\/rockyspoon.lt\/#\/schema\/logo\/image\/"},"sameAs":["https:\/\/www.facebook.com\/profile.php?id=61564237763085"]}]}},"jetpack_sharing_enabled":true,"_links":{"self":[{"href":"https:\/\/rockyspoon.lt\/en\/wp-json\/wp\/v2\/product\/572","targetHints":{"allow":["GET"]}}],"collection":[{"href":"https:\/\/rockyspoon.lt\/en\/wp-json\/wp\/v2\/product"}],"about":[{"href":"https:\/\/rockyspoon.lt\/en\/wp-json\/wp\/v2\/types\/product"}],"replies":[{"embeddable":true,"href":"https:\/\/rockyspoon.lt\/en\/wp-json\/wp\/v2\/comments?post=572"}],"wp:featuredmedia":[{"embeddable":true,"href":"https:\/\/rockyspoon.lt\/en\/wp-json\/wp\/v2\/media\/888"}],"wp:attachment":[{"href":"https:\/\/rockyspoon.lt\/en\/wp-json\/wp\/v2\/media?parent=572"}],"wp:term":[{"taxonomy":"product_brand","embeddable":true,"href":"https:\/\/rockyspoon.lt\/en\/wp-json\/wp\/v2\/product_brand?post=572"},{"taxonomy":"product_cat","embeddable":true,"href":"https:\/\/rockyspoon.lt\/en\/wp-json\/wp\/v2\/product_cat?post=572"},{"taxonomy":"product_tag","embeddable":true,"href":"https:\/\/rockyspoon.lt\/en\/wp-json\/wp\/v2\/product_tag?post=572"}],"curies":[{"name":"wp","href":"https:\/\/api.w.org\/{rel}","templated":true}]}}