{"id":476,"date":"2024-12-08T18:34:45","date_gmt":"2024-12-08T18:34:45","guid":{"rendered":"https:\/\/rockyspoon.lt\/?post_type=product&#038;p=476"},"modified":"2026-04-06T15:51:06","modified_gmt":"2026-04-06T15:51:06","slug":"liofilizuoti-rocky-spoon-pikantiski-avinzirniai","status":"publish","type":"product","link":"https:\/\/rockyspoon.lt\/en\/product\/liofilizuoti-rocky-spoon-pikantiski-avinzirniai\/","title":{"rendered":"ROCKY SPOON FREEZE-DRIED SPICED CHICKPEAS"},"content":{"rendered":"<p><strong>Ingredients<\/strong>: Avin\u017eirniai (99%), d\u016bmo skonio druska, r\u016bkytos paprikos milteliai, \u010desnako milteliai.<\/p>\n<p><strong>Storage conditions<\/strong> \u2013 Laikyti u\u017edaroje pakuot\u0117je, sausoje, \u0161varioje ir v\u0117sioje vietoje. Laikymo temperat\u016bra: nuo 10\u00b0C iki 20\u00b0C<\/p>\n<p><strong>Atidarius<\/strong> rekomenduojame sunaudoti per 3 dienas<\/p>\n<p><strong>Gamintojas<\/strong> MB Rocky Spoon Siesarties g 3 Luk\u0161iai \u0160aki\u0173 raj Marijampol\u0117s apskritis <a href=\"https:\/\/rockyspoon.lt\/en\/\"><strong>www.rockyspoon.lt<\/strong><\/a>\u00a0 +37060666620\u00a0 +37060999920<\/p>\n<table width=\"324\">\n<tbody>\n<tr>\n<td width=\"255\"><strong>Maistiningumas:<\/strong><\/td>\n<td width=\"69\"><strong>100g<\/strong><\/td>\n<\/tr>\n<tr>\n<td width=\"255\">Energin\u0117 vert\u0117<\/td>\n<td width=\"69\">536 kJ \/ 2242 kcal<\/td>\n<\/tr>\n<tr>\n<td width=\"255\">Fats<\/td>\n<td width=\"69\">0,4g<\/td>\n<\/tr>\n<tr>\n<td width=\"255\">\u2013 i\u0161 j\u0173 so\u010di\u0173j\u0173 riebal\u0173<\/td>\n<td width=\"69\">0,3g<\/td>\n<\/tr>\n<tr>\n<td width=\"255\">Carbohydrates<\/td>\n<td width=\"69\">45,7<\/td>\n<\/tr>\n<tr>\n<td width=\"255\">of which sugars<\/td>\n<td width=\"69\">1g<\/td>\n<\/tr>\n<tr>\n<td width=\"255\">Protein:<\/td>\n<td width=\"69\">16g<\/td>\n<\/tr>\n<tr>\n<td width=\"255\">Skaidulos:<\/td>\n<td width=\"69\">6g<\/td>\n<\/tr>\n<tr>\n<td width=\"255\">Sallt<\/td>\n<td width=\"69\">4g<\/td>\n<\/tr>\n<\/tbody>\n<\/table>\n<p>Grynas kiekis 50g<\/p>","protected":false},"excerpt":{"rendered":"<p>Liofilizuoti pikanti\u0161ko skonio Rocky Spoon avin\u017eirniai yra puikus pasirinkimas ie\u0161kantiems alternatyv\u0173 tradiciniams u\u017ekand\u017eiams. \u0160ie avin\u017eirniai, praturtinti ypatingais prieskoniais.<\/p>\n<p>\u0160ie avin\u017eirniai yra puiki alternatyva ne itin palankiems mums u\u017ekand\u017eiams. \u0160ie pikanti\u0161ki avin\u017eirniai mums suteiks sveikos, nat\u016bralios energijos. Pasirinkite liofilizuotus Rocky Spoon avin\u017eirnius ir m\u0117gaukit\u0117s puikiu skoniu be jokios kalt\u0117s!<\/p>\n<p>Sudedamosios dalys: Avin\u017eirniai (90%), d\u016bmo skonio druska, r\u016bkytos paprikos milteliai, \u010desnako milteliai.<\/p>","protected":false},"featured_media":809,"comment_status":"open","ping_status":"closed","template":"","meta":[],"product_brand":[],"product_cat":[119],"product_tag":[87,66,65,90,88,91,89,59],"class_list":{"0":"post-476","1":"product","2":"type-product","3":"status-publish","4":"has-post-thumbnail","6":"product_cat-liofilizuoti","7":"product_tag-avinzirniai","8":"product_tag-freezdryed","9":"product_tag-liofiliziota","10":"product_tag-pauzkandziauti","11":"product_tag-snack","12":"product_tag-sveikesne-alternatyva","13":"product_tag-tinka-prie-alaus","14":"product_tag-uzkandis","16":"first","17":"instock","18":"shipping-taxable","19":"purchasable","20":"product-type-simple"},"yoast_head":"<!-- This site is optimized with the Yoast SEO plugin v27.3 - https:\/\/yoast.com\/product\/yoast-seo-wordpress\/ -->\n<title>Liofilizuoti Rocky Spoon pikanti\u0161ki avin\u017eirniai<\/title>\n<meta name=\"description\" content=\"Liofilizuoti Rocky Spoon pikanti\u0161ki avin\u017eirniai. Pasirinkite liofilizuotus Rocky Spoon avin\u017eirnius ir m\u0117gaukit\u0117s puikiu skoniu be jokios kalt\u0117s!\" \/>\n<meta name=\"robots\" content=\"index, follow, max-snippet:-1, max-image-preview:large, max-video-preview:-1\" \/>\n<link rel=\"canonical\" href=\"https:\/\/rockyspoon.lt\/en\/product\/liofilizuoti-rocky-spoon-pikantiski-avinzirniai\/\" \/>\n<meta property=\"og:locale\" content=\"en_GB\" \/>\n<meta property=\"og:type\" content=\"article\" \/>\n<meta property=\"og:title\" content=\"Liofilizuoti Rocky Spoon pikanti\u0161ki avin\u017eirniai\" \/>\n<meta property=\"og:description\" content=\"Liofilizuoti Rocky Spoon pikanti\u0161ki avin\u017eirniai. Pasirinkite liofilizuotus Rocky Spoon avin\u017eirnius ir m\u0117gaukit\u0117s puikiu skoniu be jokios kalt\u0117s!\" \/>\n<meta property=\"og:url\" content=\"https:\/\/rockyspoon.lt\/en\/product\/liofilizuoti-rocky-spoon-pikantiski-avinzirniai\/\" \/>\n<meta property=\"og:site_name\" content=\"rockyspoon.lt\" \/>\n<meta property=\"article:publisher\" content=\"https:\/\/www.facebook.com\/profile.php?id=61564237763085\" \/>\n<meta property=\"article:modified_time\" content=\"2026-04-06T15:51:06+00:00\" \/>\n<meta property=\"og:image\" content=\"https:\/\/rockyspoon.lt\/wp-content\/uploads\/2025\/08\/20250825_154845a-scaled.jpg\" \/>\n\t<meta property=\"og:image:width\" content=\"1817\" \/>\n\t<meta property=\"og:image:height\" content=\"2560\" \/>\n\t<meta property=\"og:image:type\" content=\"image\/jpeg\" \/>\n<meta name=\"twitter:card\" content=\"summary_large_image\" \/>\n<meta name=\"twitter:label1\" content=\"Est. reading time\" \/>\n\t<meta name=\"twitter:data1\" content=\"1 minute\" \/>\n<script type=\"application\/ld+json\" class=\"yoast-schema-graph\">{\"@context\":\"https:\\\/\\\/schema.org\",\"@graph\":[{\"@type\":\"WebPage\",\"@id\":\"https:\\\/\\\/rockyspoon.lt\\\/produktas\\\/liofilizuoti-rocky-spoon-pikantiski-avinzirniai\\\/\",\"url\":\"https:\\\/\\\/rockyspoon.lt\\\/produktas\\\/liofilizuoti-rocky-spoon-pikantiski-avinzirniai\\\/\",\"name\":\"Liofilizuoti Rocky Spoon pikanti\u0161ki avin\u017eirniai\",\"isPartOf\":{\"@id\":\"https:\\\/\\\/rockyspoon.lt\\\/#website\"},\"primaryImageOfPage\":{\"@id\":\"https:\\\/\\\/rockyspoon.lt\\\/produktas\\\/liofilizuoti-rocky-spoon-pikantiski-avinzirniai\\\/#primaryimage\"},\"image\":{\"@id\":\"https:\\\/\\\/rockyspoon.lt\\\/produktas\\\/liofilizuoti-rocky-spoon-pikantiski-avinzirniai\\\/#primaryimage\"},\"thumbnailUrl\":\"https:\\\/\\\/rockyspoon.lt\\\/wp-content\\\/uploads\\\/2025\\\/08\\\/20250825_154845a-scaled.jpg\",\"datePublished\":\"2024-12-08T18:34:45+00:00\",\"dateModified\":\"2026-04-06T15:51:06+00:00\",\"description\":\"Liofilizuoti Rocky Spoon pikanti\u0161ki avin\u017eirniai. Pasirinkite liofilizuotus Rocky Spoon avin\u017eirnius ir m\u0117gaukit\u0117s puikiu skoniu be jokios kalt\u0117s!\",\"breadcrumb\":{\"@id\":\"https:\\\/\\\/rockyspoon.lt\\\/produktas\\\/liofilizuoti-rocky-spoon-pikantiski-avinzirniai\\\/#breadcrumb\"},\"inLanguage\":\"en-GB\",\"potentialAction\":[{\"@type\":\"ReadAction\",\"target\":[\"https:\\\/\\\/rockyspoon.lt\\\/produktas\\\/liofilizuoti-rocky-spoon-pikantiski-avinzirniai\\\/\"]}]},{\"@type\":\"ImageObject\",\"inLanguage\":\"en-GB\",\"@id\":\"https:\\\/\\\/rockyspoon.lt\\\/produktas\\\/liofilizuoti-rocky-spoon-pikantiski-avinzirniai\\\/#primaryimage\",\"url\":\"https:\\\/\\\/rockyspoon.lt\\\/wp-content\\\/uploads\\\/2025\\\/08\\\/20250825_154845a-scaled.jpg\",\"contentUrl\":\"https:\\\/\\\/rockyspoon.lt\\\/wp-content\\\/uploads\\\/2025\\\/08\\\/20250825_154845a-scaled.jpg\",\"width\":1817,\"height\":2560,\"caption\":\"Liofilizuoti pikanti\u0161ko skonio Rocky Spoon avin\u017eirniai yra puikus pasirinkimas ie\u0161kantiems alternatyv\u0173 tradiciniams u\u017ekand\u017eiams. \u0160ie avin\u017eirniai, praturtinti ypatingais prieskoniais, ne tik skan\u016bs, bet ir itin sveiki.\"},{\"@type\":\"BreadcrumbList\",\"@id\":\"https:\\\/\\\/rockyspoon.lt\\\/produktas\\\/liofilizuoti-rocky-spoon-pikantiski-avinzirniai\\\/#breadcrumb\",\"itemListElement\":[{\"@type\":\"ListItem\",\"position\":1,\"name\":\"Home\",\"item\":\"https:\\\/\\\/rockyspoon.lt\\\/\"},{\"@type\":\"ListItem\",\"position\":2,\"name\":\"Parduotuv\u0117\",\"item\":\"https:\\\/\\\/rockyspoon.lt\\\/parduotuve\\\/\"},{\"@type\":\"ListItem\",\"position\":3,\"name\":\"Rocky Spoon Pikanti\u0161kas Avin\u017eirnis, liofilizuotas\"}]},{\"@type\":\"WebSite\",\"@id\":\"https:\\\/\\\/rockyspoon.lt\\\/#website\",\"url\":\"https:\\\/\\\/rockyspoon.lt\\\/\",\"name\":\"Rocky Spoon\",\"description\":\"Rocky Spoon - Rank\u0173 Darbo Pada\u017eai ir Pagardai\",\"publisher\":{\"@id\":\"https:\\\/\\\/rockyspoon.lt\\\/#organization\"},\"potentialAction\":[{\"@type\":\"SearchAction\",\"target\":{\"@type\":\"EntryPoint\",\"urlTemplate\":\"https:\\\/\\\/rockyspoon.lt\\\/?s={search_term_string}\"},\"query-input\":{\"@type\":\"PropertyValueSpecification\",\"valueRequired\":true,\"valueName\":\"search_term_string\"}}],\"inLanguage\":\"en-GB\"},{\"@type\":\"Organization\",\"@id\":\"https:\\\/\\\/rockyspoon.lt\\\/#organization\",\"name\":\"Rocky Spoon\",\"url\":\"https:\\\/\\\/rockyspoon.lt\\\/\",\"logo\":{\"@type\":\"ImageObject\",\"inLanguage\":\"en-GB\",\"@id\":\"https:\\\/\\\/rockyspoon.lt\\\/#\\\/schema\\\/logo\\\/image\\\/\",\"url\":\"https:\\\/\\\/rockyspoon.lt\\\/wp-content\\\/uploads\\\/2024\\\/10\\\/cropped-android-chrome-192x192-1.png\",\"contentUrl\":\"https:\\\/\\\/rockyspoon.lt\\\/wp-content\\\/uploads\\\/2024\\\/10\\\/cropped-android-chrome-192x192-1.png\",\"width\":512,\"height\":512,\"caption\":\"Rocky Spoon\"},\"image\":{\"@id\":\"https:\\\/\\\/rockyspoon.lt\\\/#\\\/schema\\\/logo\\\/image\\\/\"},\"sameAs\":[\"https:\\\/\\\/www.facebook.com\\\/profile.php?id=61564237763085\"]}]}<\/script>\n<!-- \/ Yoast SEO plugin. -->","yoast_head_json":{"title":"Liofilizuoti Rocky Spoon pikanti\u0161ki avin\u017eirniai","description":"Liofilizuoti Rocky Spoon pikanti\u0161ki avin\u017eirniai. Pasirinkite liofilizuotus Rocky Spoon avin\u017eirnius ir m\u0117gaukit\u0117s puikiu skoniu be jokios kalt\u0117s!","robots":{"index":"index","follow":"follow","max-snippet":"max-snippet:-1","max-image-preview":"max-image-preview:large","max-video-preview":"max-video-preview:-1"},"canonical":"https:\/\/rockyspoon.lt\/en\/product\/liofilizuoti-rocky-spoon-pikantiski-avinzirniai\/","og_locale":"en_GB","og_type":"article","og_title":"Liofilizuoti Rocky Spoon pikanti\u0161ki avin\u017eirniai","og_description":"Liofilizuoti Rocky Spoon pikanti\u0161ki avin\u017eirniai. Pasirinkite liofilizuotus Rocky Spoon avin\u017eirnius ir m\u0117gaukit\u0117s puikiu skoniu be jokios kalt\u0117s!","og_url":"https:\/\/rockyspoon.lt\/en\/product\/liofilizuoti-rocky-spoon-pikantiski-avinzirniai\/","og_site_name":"rockyspoon.lt","article_publisher":"https:\/\/www.facebook.com\/profile.php?id=61564237763085","article_modified_time":"2026-04-06T15:51:06+00:00","og_image":[{"width":1817,"height":2560,"url":"https:\/\/rockyspoon.lt\/wp-content\/uploads\/2025\/08\/20250825_154845a-scaled.jpg","type":"image\/jpeg"}],"twitter_card":"summary_large_image","twitter_misc":{"Est. reading time":"1 minute"},"schema":{"@context":"https:\/\/schema.org","@graph":[{"@type":"WebPage","@id":"https:\/\/rockyspoon.lt\/produktas\/liofilizuoti-rocky-spoon-pikantiski-avinzirniai\/","url":"https:\/\/rockyspoon.lt\/produktas\/liofilizuoti-rocky-spoon-pikantiski-avinzirniai\/","name":"Liofilizuoti Rocky Spoon pikanti\u0161ki avin\u017eirniai","isPartOf":{"@id":"https:\/\/rockyspoon.lt\/#website"},"primaryImageOfPage":{"@id":"https:\/\/rockyspoon.lt\/produktas\/liofilizuoti-rocky-spoon-pikantiski-avinzirniai\/#primaryimage"},"image":{"@id":"https:\/\/rockyspoon.lt\/produktas\/liofilizuoti-rocky-spoon-pikantiski-avinzirniai\/#primaryimage"},"thumbnailUrl":"https:\/\/rockyspoon.lt\/wp-content\/uploads\/2025\/08\/20250825_154845a-scaled.jpg","datePublished":"2024-12-08T18:34:45+00:00","dateModified":"2026-04-06T15:51:06+00:00","description":"Liofilizuoti Rocky Spoon pikanti\u0161ki avin\u017eirniai. Pasirinkite liofilizuotus Rocky Spoon avin\u017eirnius ir m\u0117gaukit\u0117s puikiu skoniu be jokios kalt\u0117s!","breadcrumb":{"@id":"https:\/\/rockyspoon.lt\/produktas\/liofilizuoti-rocky-spoon-pikantiski-avinzirniai\/#breadcrumb"},"inLanguage":"en-GB","potentialAction":[{"@type":"ReadAction","target":["https:\/\/rockyspoon.lt\/produktas\/liofilizuoti-rocky-spoon-pikantiski-avinzirniai\/"]}]},{"@type":"ImageObject","inLanguage":"en-GB","@id":"https:\/\/rockyspoon.lt\/produktas\/liofilizuoti-rocky-spoon-pikantiski-avinzirniai\/#primaryimage","url":"https:\/\/rockyspoon.lt\/wp-content\/uploads\/2025\/08\/20250825_154845a-scaled.jpg","contentUrl":"https:\/\/rockyspoon.lt\/wp-content\/uploads\/2025\/08\/20250825_154845a-scaled.jpg","width":1817,"height":2560,"caption":"Liofilizuoti pikanti\u0161ko skonio Rocky Spoon avin\u017eirniai yra puikus pasirinkimas ie\u0161kantiems alternatyv\u0173 tradiciniams u\u017ekand\u017eiams. \u0160ie avin\u017eirniai, praturtinti ypatingais prieskoniais, ne tik skan\u016bs, bet ir itin sveiki."},{"@type":"BreadcrumbList","@id":"https:\/\/rockyspoon.lt\/produktas\/liofilizuoti-rocky-spoon-pikantiski-avinzirniai\/#breadcrumb","itemListElement":[{"@type":"ListItem","position":1,"name":"Home","item":"https:\/\/rockyspoon.lt\/"},{"@type":"ListItem","position":2,"name":"Parduotuv\u0117","item":"https:\/\/rockyspoon.lt\/parduotuve\/"},{"@type":"ListItem","position":3,"name":"Rocky Spoon Pikanti\u0161kas Avin\u017eirnis, liofilizuotas"}]},{"@type":"WebSite","@id":"https:\/\/rockyspoon.lt\/#website","url":"https:\/\/rockyspoon.lt\/","name":"Rocky Spoon","description":"Rocky Spoon - Rank\u0173 Darbo Pada\u017eai ir Pagardai","publisher":{"@id":"https:\/\/rockyspoon.lt\/#organization"},"potentialAction":[{"@type":"SearchAction","target":{"@type":"EntryPoint","urlTemplate":"https:\/\/rockyspoon.lt\/?s={search_term_string}"},"query-input":{"@type":"PropertyValueSpecification","valueRequired":true,"valueName":"search_term_string"}}],"inLanguage":"en-GB"},{"@type":"Organization","@id":"https:\/\/rockyspoon.lt\/#organization","name":"Rocky Spoon","url":"https:\/\/rockyspoon.lt\/","logo":{"@type":"ImageObject","inLanguage":"en-GB","@id":"https:\/\/rockyspoon.lt\/#\/schema\/logo\/image\/","url":"https:\/\/rockyspoon.lt\/wp-content\/uploads\/2024\/10\/cropped-android-chrome-192x192-1.png","contentUrl":"https:\/\/rockyspoon.lt\/wp-content\/uploads\/2024\/10\/cropped-android-chrome-192x192-1.png","width":512,"height":512,"caption":"Rocky Spoon"},"image":{"@id":"https:\/\/rockyspoon.lt\/#\/schema\/logo\/image\/"},"sameAs":["https:\/\/www.facebook.com\/profile.php?id=61564237763085"]}]}},"jetpack_sharing_enabled":true,"_links":{"self":[{"href":"https:\/\/rockyspoon.lt\/en\/wp-json\/wp\/v2\/product\/476","targetHints":{"allow":["GET"]}}],"collection":[{"href":"https:\/\/rockyspoon.lt\/en\/wp-json\/wp\/v2\/product"}],"about":[{"href":"https:\/\/rockyspoon.lt\/en\/wp-json\/wp\/v2\/types\/product"}],"replies":[{"embeddable":true,"href":"https:\/\/rockyspoon.lt\/en\/wp-json\/wp\/v2\/comments?post=476"}],"wp:featuredmedia":[{"embeddable":true,"href":"https:\/\/rockyspoon.lt\/en\/wp-json\/wp\/v2\/media\/809"}],"wp:attachment":[{"href":"https:\/\/rockyspoon.lt\/en\/wp-json\/wp\/v2\/media?parent=476"}],"wp:term":[{"taxonomy":"product_brand","embeddable":true,"href":"https:\/\/rockyspoon.lt\/en\/wp-json\/wp\/v2\/product_brand?post=476"},{"taxonomy":"product_cat","embeddable":true,"href":"https:\/\/rockyspoon.lt\/en\/wp-json\/wp\/v2\/product_cat?post=476"},{"taxonomy":"product_tag","embeddable":true,"href":"https:\/\/rockyspoon.lt\/en\/wp-json\/wp\/v2\/product_tag?post=476"}],"curies":[{"name":"wp","href":"https:\/\/api.w.org\/{rel}","templated":true}]}}