{"id":471,"date":"2024-12-08T16:52:56","date_gmt":"2024-12-08T16:52:56","guid":{"rendered":"https:\/\/rockyspoon.lt\/?post_type=product&#038;p=471"},"modified":"2026-04-06T15:51:56","modified_gmt":"2026-04-06T15:51:56","slug":"liofilizuoti-saldainiai-spalvainiukai","status":"publish","type":"product","link":"https:\/\/rockyspoon.lt\/en\/product\/liofilizuoti-saldainiai-spalvainiukai\/","title":{"rendered":"FREEZE-DRIED CANDIES \u201cSPALVAINIUKAI\u201d"},"content":{"rendered":"<p><strong>Ingredients<\/strong> Sudedamosios dalys: cukrus, gliukoz\u0117s sirupas, palmi\u0173 riebalai, r\u016bg\u0161tys E330, E296; dekstrinas, maltodekstrinas, kvapiosios med\u017eiagos, da\u017eikliai E162, E170, E100, E160a, E132, E133, E163; modifikuotas krakmolas, r\u016bg\u0161tingum\u0105 reguliuojanti med\u017eiaga E331, glajin\u0117 med\u017eiaga E903.<\/p>\n<p>Grynasis kiekis 50g<\/p>\n<p><strong>Gamintojas<\/strong> MB Rocky Spoon Siesarties g 3 Luk\u0161iai \u0160aki\u0173 raj Marijampol\u0117s apskritis. <a href=\"https:\/\/rockyspoon.lt\/en\/\"><strong>www.rockyspoon.lt<\/strong><\/a> +37060666620\u00a0 +37060999920<\/p>\n<table width=\"324\">\n<tbody>\n<tr>\n<td colspan=\"1\" rowspan=\"1\" width=\"255\"><strong>Maistiningumas:<\/strong><\/td>\n<td colspan=\"1\" rowspan=\"1\" width=\"69\"><strong>100g<\/strong><\/td>\n<\/tr>\n<tr>\n<td colspan=\"1\" rowspan=\"1\" width=\"255\">Calories \/ Energy<\/td>\n<td colspan=\"1\" rowspan=\"1\" width=\"69\">397 Kcal<\/p>\n<p>1683 Kj<\/td>\n<\/tr>\n<tr>\n<td colspan=\"1\" rowspan=\"1\" width=\"255\">Fats<\/td>\n<td colspan=\"1\" rowspan=\"1\" width=\"69\">4,2g<\/td>\n<\/tr>\n<tr>\n<td colspan=\"1\" rowspan=\"1\" width=\"255\">\u2013 i\u0161 j\u0173 so\u010di\u0173j\u0173 riebal\u0173<\/td>\n<td colspan=\"1\" rowspan=\"1\" width=\"69\">2,3g<\/td>\n<\/tr>\n<tr>\n<td colspan=\"1\" rowspan=\"1\" width=\"255\">Carbohydrates<\/td>\n<td colspan=\"1\" rowspan=\"1\" width=\"69\">89,1g<\/td>\n<\/tr>\n<tr>\n<td colspan=\"1\" rowspan=\"1\" width=\"255\">\u2013 i\u0161 j\u0173 cukr\u0173<\/td>\n<td colspan=\"1\" rowspan=\"1\" width=\"69\">73,7g<\/td>\n<\/tr>\n<tr>\n<td colspan=\"1\" rowspan=\"1\" width=\"255\">Protein:<\/td>\n<td colspan=\"1\" rowspan=\"1\" width=\"69\">0g<\/td>\n<\/tr>\n<tr>\n<td colspan=\"1\" rowspan=\"1\" width=\"255\">Sallt<\/td>\n<td colspan=\"1\" rowspan=\"1\" width=\"69\">0g<\/td>\n<\/tr>\n<\/tbody>\n<\/table>","protected":false},"excerpt":{"rendered":"<p>Liofilizuoti saldainiai &#8222;Spalvainiukai&#8221; yra inovatyvus skan\u0117stas, kuris pasi\u017eymi unikaliu itin lengvos tekst\u016bros ir skonio deriniu.<\/p>\n<p>\u0160ie saldainiai puikiai tinka tiek vaikams, tiek suaugusiems, ie\u0161kantiems nauj\u0173 skoni\u0173. &#8222;Spalvainiukai&#8221; yra puikus pasirinkimas u\u017ekand\u017eiui keliaujant ar tiesiog m\u0117gaujantis laisvalaikiu. Pasim\u0117gaukite unikalia liofilizuot\u0173 saldaini\u0173 patirtimi ir atraskite naujas skonio galimybes!<\/p>\n<p>Sudedamosios dalys: cukrus, gliukoz\u0117s sirupas, palmi\u0173 riebalai, r\u016bg\u0161tys E330, E296; dekstrinas, maltodekstrinas, kvapiosios med\u017eiagos, da\u017eikliai E162, E170, E100, E160a, E132, E133, E163; modifikuotas krakmolas, r\u016bg\u0161tingum\u0105 reguliuojanti med\u017eiaga E331, glajin\u0117 med\u017eiaga E903.<\/p>","protected":false},"featured_media":887,"comment_status":"open","ping_status":"closed","template":"","meta":[],"product_brand":[],"product_cat":[119],"product_tag":[82,66,83,27,84,86,85],"class_list":{"0":"post-471","1":"product","2":"type-product","3":"status-publish","4":"has-post-thumbnail","6":"product_cat-liofilizuoti","7":"product_tag-candy","8":"product_tag-freezdryed","9":"product_tag-liofilizuoti-saldainiai","10":"product_tag-rocky-spoon","11":"product_tag-saldainiai","12":"product_tag-saldu","13":"product_tag-trasku","15":"first","16":"instock","17":"shipping-taxable","18":"purchasable","19":"product-type-simple"},"yoast_head":"<!-- This site is optimized with the Yoast SEO plugin v27.3 - https:\/\/yoast.com\/product\/yoast-seo-wordpress\/ -->\n<title>Liofilizuoti saldainiai &quot;Spalvainiukai&quot;<\/title>\n<meta name=\"description\" content=\"Liofilizuoti saldainiai &quot;Spalvainiukai&quot; tai yra inovatyvus skan\u0117stas, kuris pasi\u017eymi unikaliu tekst\u016bros ir skonio deriniu. Vaisi\u0173 nuotaikos tau.\" \/>\n<meta name=\"robots\" content=\"index, follow, max-snippet:-1, max-image-preview:large, max-video-preview:-1\" \/>\n<link rel=\"canonical\" href=\"https:\/\/rockyspoon.lt\/en\/product\/liofilizuoti-saldainiai-spalvainiukai\/\" \/>\n<meta property=\"og:locale\" content=\"en_GB\" \/>\n<meta property=\"og:type\" content=\"article\" \/>\n<meta property=\"og:title\" content=\"Liofilizuoti saldainiai &quot;Spalvainiukai&quot;\" \/>\n<meta property=\"og:description\" content=\"Liofilizuoti saldainiai &quot;Spalvainiukai&quot; tai yra inovatyvus skan\u0117stas, kuris pasi\u017eymi unikaliu tekst\u016bros ir skonio deriniu. Vaisi\u0173 nuotaikos tau.\" \/>\n<meta property=\"og:url\" content=\"https:\/\/rockyspoon.lt\/en\/product\/liofilizuoti-saldainiai-spalvainiukai\/\" \/>\n<meta property=\"og:site_name\" content=\"rockyspoon.lt\" \/>\n<meta property=\"article:publisher\" content=\"https:\/\/www.facebook.com\/profile.php?id=61564237763085\" \/>\n<meta property=\"article:modified_time\" content=\"2026-04-06T15:51:56+00:00\" \/>\n<meta property=\"og:image\" content=\"https:\/\/rockyspoon.lt\/wp-content\/uploads\/2025\/02\/20251012_152818-1-scaled.jpg\" \/>\n\t<meta property=\"og:image:width\" content=\"2034\" \/>\n\t<meta property=\"og:image:height\" content=\"2560\" \/>\n\t<meta property=\"og:image:type\" content=\"image\/jpeg\" \/>\n<meta name=\"twitter:card\" content=\"summary_large_image\" \/>\n<meta name=\"twitter:label1\" content=\"Est. reading time\" \/>\n\t<meta name=\"twitter:data1\" content=\"1 minute\" \/>\n<script type=\"application\/ld+json\" class=\"yoast-schema-graph\">{\"@context\":\"https:\\\/\\\/schema.org\",\"@graph\":[{\"@type\":\"WebPage\",\"@id\":\"https:\\\/\\\/rockyspoon.lt\\\/produktas\\\/liofilizuoti-saldainiai-spalvainiukai\\\/\",\"url\":\"https:\\\/\\\/rockyspoon.lt\\\/produktas\\\/liofilizuoti-saldainiai-spalvainiukai\\\/\",\"name\":\"Liofilizuoti saldainiai \\\"Spalvainiukai\\\"\",\"isPartOf\":{\"@id\":\"https:\\\/\\\/rockyspoon.lt\\\/#website\"},\"primaryImageOfPage\":{\"@id\":\"https:\\\/\\\/rockyspoon.lt\\\/produktas\\\/liofilizuoti-saldainiai-spalvainiukai\\\/#primaryimage\"},\"image\":{\"@id\":\"https:\\\/\\\/rockyspoon.lt\\\/produktas\\\/liofilizuoti-saldainiai-spalvainiukai\\\/#primaryimage\"},\"thumbnailUrl\":\"https:\\\/\\\/rockyspoon.lt\\\/wp-content\\\/uploads\\\/2025\\\/02\\\/20251012_152818-1-scaled.jpg\",\"datePublished\":\"2024-12-08T16:52:56+00:00\",\"dateModified\":\"2026-04-06T15:51:56+00:00\",\"description\":\"Liofilizuoti saldainiai \\\"Spalvainiukai\\\" tai yra inovatyvus skan\u0117stas, kuris pasi\u017eymi unikaliu tekst\u016bros ir skonio deriniu. Vaisi\u0173 nuotaikos tau.\",\"breadcrumb\":{\"@id\":\"https:\\\/\\\/rockyspoon.lt\\\/produktas\\\/liofilizuoti-saldainiai-spalvainiukai\\\/#breadcrumb\"},\"inLanguage\":\"en-GB\",\"potentialAction\":[{\"@type\":\"ReadAction\",\"target\":[\"https:\\\/\\\/rockyspoon.lt\\\/produktas\\\/liofilizuoti-saldainiai-spalvainiukai\\\/\"]}]},{\"@type\":\"ImageObject\",\"inLanguage\":\"en-GB\",\"@id\":\"https:\\\/\\\/rockyspoon.lt\\\/produktas\\\/liofilizuoti-saldainiai-spalvainiukai\\\/#primaryimage\",\"url\":\"https:\\\/\\\/rockyspoon.lt\\\/wp-content\\\/uploads\\\/2025\\\/02\\\/20251012_152818-1-scaled.jpg\",\"contentUrl\":\"https:\\\/\\\/rockyspoon.lt\\\/wp-content\\\/uploads\\\/2025\\\/02\\\/20251012_152818-1-scaled.jpg\",\"width\":2034,\"height\":2560,\"caption\":\"rRocky Spoon liofilizuoti saldainiai \u201eSpalvainiukai\u201d yra inovatyvus skan\u0117stas, kuris pasi\u017eymi unikaliu itin lengvos tekst\u016bros ir skonio deriniu.\"},{\"@type\":\"BreadcrumbList\",\"@id\":\"https:\\\/\\\/rockyspoon.lt\\\/produktas\\\/liofilizuoti-saldainiai-spalvainiukai\\\/#breadcrumb\",\"itemListElement\":[{\"@type\":\"ListItem\",\"position\":1,\"name\":\"Home\",\"item\":\"https:\\\/\\\/rockyspoon.lt\\\/\"},{\"@type\":\"ListItem\",\"position\":2,\"name\":\"Parduotuv\u0117\",\"item\":\"https:\\\/\\\/rockyspoon.lt\\\/parduotuve\\\/\"},{\"@type\":\"ListItem\",\"position\":3,\"name\":\"Liofilizuoti saldainiai &#8222;Spalvainiukai&#8221;\"}]},{\"@type\":\"WebSite\",\"@id\":\"https:\\\/\\\/rockyspoon.lt\\\/#website\",\"url\":\"https:\\\/\\\/rockyspoon.lt\\\/\",\"name\":\"Rocky Spoon\",\"description\":\"Rocky Spoon - Rank\u0173 Darbo Pada\u017eai ir Pagardai\",\"publisher\":{\"@id\":\"https:\\\/\\\/rockyspoon.lt\\\/#organization\"},\"potentialAction\":[{\"@type\":\"SearchAction\",\"target\":{\"@type\":\"EntryPoint\",\"urlTemplate\":\"https:\\\/\\\/rockyspoon.lt\\\/?s={search_term_string}\"},\"query-input\":{\"@type\":\"PropertyValueSpecification\",\"valueRequired\":true,\"valueName\":\"search_term_string\"}}],\"inLanguage\":\"en-GB\"},{\"@type\":\"Organization\",\"@id\":\"https:\\\/\\\/rockyspoon.lt\\\/#organization\",\"name\":\"Rocky Spoon\",\"url\":\"https:\\\/\\\/rockyspoon.lt\\\/\",\"logo\":{\"@type\":\"ImageObject\",\"inLanguage\":\"en-GB\",\"@id\":\"https:\\\/\\\/rockyspoon.lt\\\/#\\\/schema\\\/logo\\\/image\\\/\",\"url\":\"https:\\\/\\\/rockyspoon.lt\\\/wp-content\\\/uploads\\\/2024\\\/10\\\/cropped-android-chrome-192x192-1.png\",\"contentUrl\":\"https:\\\/\\\/rockyspoon.lt\\\/wp-content\\\/uploads\\\/2024\\\/10\\\/cropped-android-chrome-192x192-1.png\",\"width\":512,\"height\":512,\"caption\":\"Rocky Spoon\"},\"image\":{\"@id\":\"https:\\\/\\\/rockyspoon.lt\\\/#\\\/schema\\\/logo\\\/image\\\/\"},\"sameAs\":[\"https:\\\/\\\/www.facebook.com\\\/profile.php?id=61564237763085\"]}]}<\/script>\n<!-- \/ Yoast SEO plugin. -->","yoast_head_json":{"title":"Liofilizuoti saldainiai \"Spalvainiukai\"","description":"Liofilizuoti saldainiai \"Spalvainiukai\" tai yra inovatyvus skan\u0117stas, kuris pasi\u017eymi unikaliu tekst\u016bros ir skonio deriniu. Vaisi\u0173 nuotaikos tau.","robots":{"index":"index","follow":"follow","max-snippet":"max-snippet:-1","max-image-preview":"max-image-preview:large","max-video-preview":"max-video-preview:-1"},"canonical":"https:\/\/rockyspoon.lt\/en\/product\/liofilizuoti-saldainiai-spalvainiukai\/","og_locale":"en_GB","og_type":"article","og_title":"Liofilizuoti saldainiai \"Spalvainiukai\"","og_description":"Liofilizuoti saldainiai \"Spalvainiukai\" tai yra inovatyvus skan\u0117stas, kuris pasi\u017eymi unikaliu tekst\u016bros ir skonio deriniu. Vaisi\u0173 nuotaikos tau.","og_url":"https:\/\/rockyspoon.lt\/en\/product\/liofilizuoti-saldainiai-spalvainiukai\/","og_site_name":"rockyspoon.lt","article_publisher":"https:\/\/www.facebook.com\/profile.php?id=61564237763085","article_modified_time":"2026-04-06T15:51:56+00:00","og_image":[{"width":2034,"height":2560,"url":"https:\/\/rockyspoon.lt\/wp-content\/uploads\/2025\/02\/20251012_152818-1-scaled.jpg","type":"image\/jpeg"}],"twitter_card":"summary_large_image","twitter_misc":{"Est. reading time":"1 minute"},"schema":{"@context":"https:\/\/schema.org","@graph":[{"@type":"WebPage","@id":"https:\/\/rockyspoon.lt\/produktas\/liofilizuoti-saldainiai-spalvainiukai\/","url":"https:\/\/rockyspoon.lt\/produktas\/liofilizuoti-saldainiai-spalvainiukai\/","name":"Liofilizuoti saldainiai \"Spalvainiukai\"","isPartOf":{"@id":"https:\/\/rockyspoon.lt\/#website"},"primaryImageOfPage":{"@id":"https:\/\/rockyspoon.lt\/produktas\/liofilizuoti-saldainiai-spalvainiukai\/#primaryimage"},"image":{"@id":"https:\/\/rockyspoon.lt\/produktas\/liofilizuoti-saldainiai-spalvainiukai\/#primaryimage"},"thumbnailUrl":"https:\/\/rockyspoon.lt\/wp-content\/uploads\/2025\/02\/20251012_152818-1-scaled.jpg","datePublished":"2024-12-08T16:52:56+00:00","dateModified":"2026-04-06T15:51:56+00:00","description":"Liofilizuoti saldainiai \"Spalvainiukai\" tai yra inovatyvus skan\u0117stas, kuris pasi\u017eymi unikaliu tekst\u016bros ir skonio deriniu. Vaisi\u0173 nuotaikos tau.","breadcrumb":{"@id":"https:\/\/rockyspoon.lt\/produktas\/liofilizuoti-saldainiai-spalvainiukai\/#breadcrumb"},"inLanguage":"en-GB","potentialAction":[{"@type":"ReadAction","target":["https:\/\/rockyspoon.lt\/produktas\/liofilizuoti-saldainiai-spalvainiukai\/"]}]},{"@type":"ImageObject","inLanguage":"en-GB","@id":"https:\/\/rockyspoon.lt\/produktas\/liofilizuoti-saldainiai-spalvainiukai\/#primaryimage","url":"https:\/\/rockyspoon.lt\/wp-content\/uploads\/2025\/02\/20251012_152818-1-scaled.jpg","contentUrl":"https:\/\/rockyspoon.lt\/wp-content\/uploads\/2025\/02\/20251012_152818-1-scaled.jpg","width":2034,"height":2560,"caption":"rRocky Spoon liofilizuoti saldainiai \u201eSpalvainiukai\u201d yra inovatyvus skan\u0117stas, kuris pasi\u017eymi unikaliu itin lengvos tekst\u016bros ir skonio deriniu."},{"@type":"BreadcrumbList","@id":"https:\/\/rockyspoon.lt\/produktas\/liofilizuoti-saldainiai-spalvainiukai\/#breadcrumb","itemListElement":[{"@type":"ListItem","position":1,"name":"Home","item":"https:\/\/rockyspoon.lt\/"},{"@type":"ListItem","position":2,"name":"Parduotuv\u0117","item":"https:\/\/rockyspoon.lt\/parduotuve\/"},{"@type":"ListItem","position":3,"name":"Liofilizuoti saldainiai &#8222;Spalvainiukai&#8221;"}]},{"@type":"WebSite","@id":"https:\/\/rockyspoon.lt\/#website","url":"https:\/\/rockyspoon.lt\/","name":"Rocky Spoon","description":"Rocky Spoon - Rank\u0173 Darbo Pada\u017eai ir Pagardai","publisher":{"@id":"https:\/\/rockyspoon.lt\/#organization"},"potentialAction":[{"@type":"SearchAction","target":{"@type":"EntryPoint","urlTemplate":"https:\/\/rockyspoon.lt\/?s={search_term_string}"},"query-input":{"@type":"PropertyValueSpecification","valueRequired":true,"valueName":"search_term_string"}}],"inLanguage":"en-GB"},{"@type":"Organization","@id":"https:\/\/rockyspoon.lt\/#organization","name":"Rocky Spoon","url":"https:\/\/rockyspoon.lt\/","logo":{"@type":"ImageObject","inLanguage":"en-GB","@id":"https:\/\/rockyspoon.lt\/#\/schema\/logo\/image\/","url":"https:\/\/rockyspoon.lt\/wp-content\/uploads\/2024\/10\/cropped-android-chrome-192x192-1.png","contentUrl":"https:\/\/rockyspoon.lt\/wp-content\/uploads\/2024\/10\/cropped-android-chrome-192x192-1.png","width":512,"height":512,"caption":"Rocky Spoon"},"image":{"@id":"https:\/\/rockyspoon.lt\/#\/schema\/logo\/image\/"},"sameAs":["https:\/\/www.facebook.com\/profile.php?id=61564237763085"]}]}},"jetpack_sharing_enabled":true,"_links":{"self":[{"href":"https:\/\/rockyspoon.lt\/en\/wp-json\/wp\/v2\/product\/471","targetHints":{"allow":["GET"]}}],"collection":[{"href":"https:\/\/rockyspoon.lt\/en\/wp-json\/wp\/v2\/product"}],"about":[{"href":"https:\/\/rockyspoon.lt\/en\/wp-json\/wp\/v2\/types\/product"}],"replies":[{"embeddable":true,"href":"https:\/\/rockyspoon.lt\/en\/wp-json\/wp\/v2\/comments?post=471"}],"wp:featuredmedia":[{"embeddable":true,"href":"https:\/\/rockyspoon.lt\/en\/wp-json\/wp\/v2\/media\/887"}],"wp:attachment":[{"href":"https:\/\/rockyspoon.lt\/en\/wp-json\/wp\/v2\/media?parent=471"}],"wp:term":[{"taxonomy":"product_brand","embeddable":true,"href":"https:\/\/rockyspoon.lt\/en\/wp-json\/wp\/v2\/product_brand?post=471"},{"taxonomy":"product_cat","embeddable":true,"href":"https:\/\/rockyspoon.lt\/en\/wp-json\/wp\/v2\/product_cat?post=471"},{"taxonomy":"product_tag","embeddable":true,"href":"https:\/\/rockyspoon.lt\/en\/wp-json\/wp\/v2\/product_tag?post=471"}],"curies":[{"name":"wp","href":"https:\/\/api.w.org\/{rel}","templated":true}]}}