{"id":293,"date":"2024-09-05T05:19:01","date_gmt":"2024-09-05T05:19:01","guid":{"rendered":"https:\/\/rockyspoon.lt\/?post_type=product&#038;p=293"},"modified":"2026-04-06T18:09:21","modified_gmt":"2026-04-06T18:09:21","slug":"sodrusis-pomidoras-padazas-220g","status":"publish","type":"product","link":"https:\/\/rockyspoon.lt\/en\/product\/sodrusis-pomidoras-padazas-220g\/","title":{"rendered":"RICH AND SMOKY TOMATO SAUCE"},"content":{"rendered":"<p><strong>Ingredients<\/strong>: vanduo, pomidor\u0173 pasta (26%), cukrus, raudono vyno actas, joduota druska, kajeno pipirai, tapijokos krakmolas, d\u016bmo skonio druska, r\u016bkyta paprika, \u010desnak\u0173 milteliai, balt\u0173 svog\u016bn\u0173 milteliai.<\/p>\n<p>&nbsp;<\/p>\n<p><strong>Storage conditions<\/strong> \u2013 laikyti v\u0117sioje, tamsioje vietoje<\/p>\n<p><strong>Atidarius<\/strong>\u00a0laikyti \u0161aldytuve ir sunaudoti per 7 dienas<\/p>\n<p><strong>Gamintojas<\/strong> MB Rocky Spoon Siesarties g 3 Luk\u0161iai \u0160aki\u0173 raj Marijampol\u0117s apskritis. <a href=\"https:\/\/rockyspoon.lt\/en\/\"><strong>www.rockyspoon.lt<\/strong><\/a> +37060666620\u00a0 +37060999920<\/p>\n<p>Grynasis kiekis 220g<\/p>\n<div class=\"additional-info-sections__item-title-wrapper\" data-v-9b7c3ab8=\"\">\n<h2 class=\"additional-info-sections__item-title\" data-v-9b7c3ab8=\"\">Produkto maistin\u0117 vert\u0117<\/h2>\n<\/div>\n<table>\n<colgroup>\n<col \/>\n<col \/>\n<col \/><\/colgroup>\n<tbody>\n<tr>\n<td colspan=\"1\" rowspan=\"1\"><strong>Produkto maistin\u0117 vert\u0117 (100 gram\u0173):<\/strong><\/td>\n<td colspan=\"1\" rowspan=\"1\"><strong>\u00a0Kcal<\/strong><\/td>\n<td colspan=\"1\" rowspan=\"1\"><strong>\u00a0Kj<\/strong><\/td>\n<\/tr>\n<tr>\n<td colspan=\"1\" rowspan=\"1\">Energin\u0117 vert\u0117<\/td>\n<td colspan=\"1\" rowspan=\"1\"><strong>212<\/strong><\/td>\n<td colspan=\"1\" rowspan=\"1\"><strong>886<\/strong><\/td>\n<\/tr>\n<tr>\n<td colspan=\"1\" rowspan=\"1\">Fats<\/td>\n<td colspan=\"1\" rowspan=\"1\">0.2g<\/td>\n<td colspan=\"1\" rowspan=\"1\"><\/td>\n<\/tr>\n<tr>\n<td colspan=\"1\" rowspan=\"1\">\u2013 i\u0161 j\u0173 so\u010di\u0173j\u0173 riebal\u0173<\/td>\n<td colspan=\"1\" rowspan=\"1\">0.2g<\/td>\n<td colspan=\"1\" rowspan=\"1\"><\/td>\n<\/tr>\n<tr>\n<td colspan=\"1\" rowspan=\"1\">Carbohydrates<\/td>\n<td colspan=\"1\" rowspan=\"1\">30g<\/td>\n<td colspan=\"1\" rowspan=\"1\"><\/td>\n<\/tr>\n<tr>\n<td colspan=\"1\" rowspan=\"1\">\u2013 i\u0161 j\u0173 cukr\u0173<\/td>\n<td colspan=\"1\" rowspan=\"1\">29g<\/td>\n<td colspan=\"1\" rowspan=\"1\"><\/td>\n<\/tr>\n<tr>\n<td colspan=\"1\" rowspan=\"1\">Skaidulos:<\/td>\n<td colspan=\"1\" rowspan=\"1\">1g<\/td>\n<td colspan=\"1\" rowspan=\"1\"><\/td>\n<\/tr>\n<tr>\n<td colspan=\"1\" rowspan=\"1\">Protein:<\/td>\n<td colspan=\"1\" rowspan=\"1\">2g<\/td>\n<td colspan=\"1\" rowspan=\"1\"><\/td>\n<\/tr>\n<tr>\n<td colspan=\"1\" rowspan=\"1\">Druska:<\/td>\n<td colspan=\"1\" rowspan=\"1\">4g<\/td>\n<td colspan=\"1\" rowspan=\"1\"><\/td>\n<\/tr>\n<\/tbody>\n<\/table>","protected":false},"excerpt":{"rendered":"<p>Temperamentingas, turtingas sodria skoni\u0173 palete, pomidoras, pagardintas d\u016bmo druska, r\u016bkyta paprika bei \u017eiupsneliu kajeno pipir\u0173.<\/p>\n<p>\u0160is pada\u017eas puikiai papildys j\u016bs\u0173 jautienos, vi\u0161tienos, kiaulienos ir kt. m\u0117sos patiekalus. \u0160auniai dera ir su keptomis dar\u017eov\u0117mis ar s\u016briu.<\/p>","protected":false},"featured_media":804,"comment_status":"open","ping_status":"closed","template":"","meta":[],"product_brand":[],"product_cat":[117],"product_tag":[81,80,75,20,74,35,36,27,22,40],"class_list":{"0":"post-293","1":"product","2":"type-product","3":"status-publish","4":"has-post-thumbnail","6":"product_cat-padazai","7":"product_tag-bbq","8":"product_tag-dumo-skonio","9":"product_tag-kamado","10":"product_tag-padazas","11":"product_tag-pagardas-prie-grill","12":"product_tag-pomidoras","13":"product_tag-pomidoru","14":"product_tag-rocky-spoon","15":"product_tag-skonio-ritmas","16":"product_tag-sordusis","18":"first","19":"instock","20":"featured","21":"shipping-taxable","22":"purchasable","23":"product-type-simple"},"yoast_head":"<!-- This site is optimized with the Yoast SEO plugin v27.3 - https:\/\/yoast.com\/product\/yoast-seo-wordpress\/ -->\n<title>SODRUSIS POMIDORAS - Rocky Spoon PADA\u017dAS<\/title>\n<meta name=\"description\" content=\"SODRUSIS POMIDORAS - Rank\u0173 Darbo Rocky Spoon pada\u017eas su d\u016bmo aromatu ir sodria skoni\u0173 palete. Pada\u017eas kuris nustebins ir pagardins j\u016bs\u0173 patiekal\u0105.\" \/>\n<meta name=\"robots\" content=\"index, follow, max-snippet:-1, max-image-preview:large, max-video-preview:-1\" \/>\n<link rel=\"canonical\" href=\"https:\/\/rockyspoon.lt\/en\/product\/sodrusis-pomidoras-padazas-220g\/\" \/>\n<meta property=\"og:locale\" content=\"en_GB\" \/>\n<meta property=\"og:type\" content=\"article\" \/>\n<meta property=\"og:title\" content=\"SODRUSIS POMIDORAS - Rocky Spoon PADA\u017dAS\" \/>\n<meta property=\"og:description\" content=\"SODRUSIS POMIDORAS - Rank\u0173 Darbo Rocky Spoon pada\u017eas su d\u016bmo aromatu ir sodria skoni\u0173 palete. Pada\u017eas kuris nustebins ir pagardins j\u016bs\u0173 patiekal\u0105.\" \/>\n<meta property=\"og:url\" content=\"https:\/\/rockyspoon.lt\/en\/product\/sodrusis-pomidoras-padazas-220g\/\" \/>\n<meta property=\"og:site_name\" content=\"rockyspoon.lt\" \/>\n<meta property=\"article:publisher\" content=\"https:\/\/www.facebook.com\/profile.php?id=61564237763085\" \/>\n<meta property=\"article:modified_time\" content=\"2026-04-06T18:09:21+00:00\" \/>\n<meta property=\"og:image\" content=\"https:\/\/rockyspoon.lt\/wp-content\/uploads\/2025\/08\/20250825_154710a-scaled.jpg\" \/>\n\t<meta property=\"og:image:width\" content=\"2382\" \/>\n\t<meta property=\"og:image:height\" content=\"2560\" \/>\n\t<meta property=\"og:image:type\" content=\"image\/jpeg\" \/>\n<meta name=\"twitter:card\" content=\"summary_large_image\" \/>\n<meta name=\"twitter:label1\" content=\"Est. reading time\" \/>\n\t<meta name=\"twitter:data1\" content=\"1 minute\" \/>\n<script type=\"application\/ld+json\" class=\"yoast-schema-graph\">{\"@context\":\"https:\\\/\\\/schema.org\",\"@graph\":[{\"@type\":\"WebPage\",\"@id\":\"https:\\\/\\\/rockyspoon.lt\\\/produktas\\\/sodrusis-pomidoras-padazas-220g\\\/\",\"url\":\"https:\\\/\\\/rockyspoon.lt\\\/produktas\\\/sodrusis-pomidoras-padazas-220g\\\/\",\"name\":\"SODRUSIS POMIDORAS - Rocky Spoon PADA\u017dAS\",\"isPartOf\":{\"@id\":\"https:\\\/\\\/rockyspoon.lt\\\/#website\"},\"primaryImageOfPage\":{\"@id\":\"https:\\\/\\\/rockyspoon.lt\\\/produktas\\\/sodrusis-pomidoras-padazas-220g\\\/#primaryimage\"},\"image\":{\"@id\":\"https:\\\/\\\/rockyspoon.lt\\\/produktas\\\/sodrusis-pomidoras-padazas-220g\\\/#primaryimage\"},\"thumbnailUrl\":\"https:\\\/\\\/rockyspoon.lt\\\/wp-content\\\/uploads\\\/2025\\\/08\\\/20250825_154710a-scaled.jpg\",\"datePublished\":\"2024-09-05T05:19:01+00:00\",\"dateModified\":\"2026-04-06T18:09:21+00:00\",\"description\":\"SODRUSIS POMIDORAS - Rank\u0173 Darbo Rocky Spoon pada\u017eas su d\u016bmo aromatu ir sodria skoni\u0173 palete. Pada\u017eas kuris nustebins ir pagardins j\u016bs\u0173 patiekal\u0105.\",\"breadcrumb\":{\"@id\":\"https:\\\/\\\/rockyspoon.lt\\\/produktas\\\/sodrusis-pomidoras-padazas-220g\\\/#breadcrumb\"},\"inLanguage\":\"en-GB\",\"potentialAction\":[{\"@type\":\"ReadAction\",\"target\":[\"https:\\\/\\\/rockyspoon.lt\\\/produktas\\\/sodrusis-pomidoras-padazas-220g\\\/\"]}]},{\"@type\":\"ImageObject\",\"inLanguage\":\"en-GB\",\"@id\":\"https:\\\/\\\/rockyspoon.lt\\\/produktas\\\/sodrusis-pomidoras-padazas-220g\\\/#primaryimage\",\"url\":\"https:\\\/\\\/rockyspoon.lt\\\/wp-content\\\/uploads\\\/2025\\\/08\\\/20250825_154710a-scaled.jpg\",\"contentUrl\":\"https:\\\/\\\/rockyspoon.lt\\\/wp-content\\\/uploads\\\/2025\\\/08\\\/20250825_154710a-scaled.jpg\",\"width\":2382,\"height\":2560,\"caption\":\"Temperamentingas, turtingas sodria skoni\u0173 palete, pomidoras, pagardintas d\u016bmo druska, r\u016bkyta paprika bei \u017eiupsneliu kajeno pipir\u0173.\"},{\"@type\":\"BreadcrumbList\",\"@id\":\"https:\\\/\\\/rockyspoon.lt\\\/produktas\\\/sodrusis-pomidoras-padazas-220g\\\/#breadcrumb\",\"itemListElement\":[{\"@type\":\"ListItem\",\"position\":1,\"name\":\"Home\",\"item\":\"https:\\\/\\\/rockyspoon.lt\\\/\"},{\"@type\":\"ListItem\",\"position\":2,\"name\":\"Parduotuv\u0117\",\"item\":\"https:\\\/\\\/rockyspoon.lt\\\/parduotuve\\\/\"},{\"@type\":\"ListItem\",\"position\":3,\"name\":\"SODRUSIS POMIDORAS, pada\u017eas\"}]},{\"@type\":\"WebSite\",\"@id\":\"https:\\\/\\\/rockyspoon.lt\\\/#website\",\"url\":\"https:\\\/\\\/rockyspoon.lt\\\/\",\"name\":\"Rocky Spoon\",\"description\":\"Rocky Spoon - Rank\u0173 Darbo Pada\u017eai ir Pagardai\",\"publisher\":{\"@id\":\"https:\\\/\\\/rockyspoon.lt\\\/#organization\"},\"potentialAction\":[{\"@type\":\"SearchAction\",\"target\":{\"@type\":\"EntryPoint\",\"urlTemplate\":\"https:\\\/\\\/rockyspoon.lt\\\/?s={search_term_string}\"},\"query-input\":{\"@type\":\"PropertyValueSpecification\",\"valueRequired\":true,\"valueName\":\"search_term_string\"}}],\"inLanguage\":\"en-GB\"},{\"@type\":\"Organization\",\"@id\":\"https:\\\/\\\/rockyspoon.lt\\\/#organization\",\"name\":\"Rocky Spoon\",\"url\":\"https:\\\/\\\/rockyspoon.lt\\\/\",\"logo\":{\"@type\":\"ImageObject\",\"inLanguage\":\"en-GB\",\"@id\":\"https:\\\/\\\/rockyspoon.lt\\\/#\\\/schema\\\/logo\\\/image\\\/\",\"url\":\"https:\\\/\\\/rockyspoon.lt\\\/wp-content\\\/uploads\\\/2024\\\/10\\\/cropped-android-chrome-192x192-1.png\",\"contentUrl\":\"https:\\\/\\\/rockyspoon.lt\\\/wp-content\\\/uploads\\\/2024\\\/10\\\/cropped-android-chrome-192x192-1.png\",\"width\":512,\"height\":512,\"caption\":\"Rocky Spoon\"},\"image\":{\"@id\":\"https:\\\/\\\/rockyspoon.lt\\\/#\\\/schema\\\/logo\\\/image\\\/\"},\"sameAs\":[\"https:\\\/\\\/www.facebook.com\\\/profile.php?id=61564237763085\"]}]}<\/script>\n<!-- \/ Yoast SEO plugin. -->","yoast_head_json":{"title":"SODRUSIS POMIDORAS - Rocky Spoon PADA\u017dAS","description":"SODRUSIS POMIDORAS - Rank\u0173 Darbo Rocky Spoon pada\u017eas su d\u016bmo aromatu ir sodria skoni\u0173 palete. Pada\u017eas kuris nustebins ir pagardins j\u016bs\u0173 patiekal\u0105.","robots":{"index":"index","follow":"follow","max-snippet":"max-snippet:-1","max-image-preview":"max-image-preview:large","max-video-preview":"max-video-preview:-1"},"canonical":"https:\/\/rockyspoon.lt\/en\/product\/sodrusis-pomidoras-padazas-220g\/","og_locale":"en_GB","og_type":"article","og_title":"SODRUSIS POMIDORAS - Rocky Spoon PADA\u017dAS","og_description":"SODRUSIS POMIDORAS - Rank\u0173 Darbo Rocky Spoon pada\u017eas su d\u016bmo aromatu ir sodria skoni\u0173 palete. Pada\u017eas kuris nustebins ir pagardins j\u016bs\u0173 patiekal\u0105.","og_url":"https:\/\/rockyspoon.lt\/en\/product\/sodrusis-pomidoras-padazas-220g\/","og_site_name":"rockyspoon.lt","article_publisher":"https:\/\/www.facebook.com\/profile.php?id=61564237763085","article_modified_time":"2026-04-06T18:09:21+00:00","og_image":[{"width":2382,"height":2560,"url":"https:\/\/rockyspoon.lt\/wp-content\/uploads\/2025\/08\/20250825_154710a-scaled.jpg","type":"image\/jpeg"}],"twitter_card":"summary_large_image","twitter_misc":{"Est. reading time":"1 minute"},"schema":{"@context":"https:\/\/schema.org","@graph":[{"@type":"WebPage","@id":"https:\/\/rockyspoon.lt\/produktas\/sodrusis-pomidoras-padazas-220g\/","url":"https:\/\/rockyspoon.lt\/produktas\/sodrusis-pomidoras-padazas-220g\/","name":"SODRUSIS POMIDORAS - Rocky Spoon PADA\u017dAS","isPartOf":{"@id":"https:\/\/rockyspoon.lt\/#website"},"primaryImageOfPage":{"@id":"https:\/\/rockyspoon.lt\/produktas\/sodrusis-pomidoras-padazas-220g\/#primaryimage"},"image":{"@id":"https:\/\/rockyspoon.lt\/produktas\/sodrusis-pomidoras-padazas-220g\/#primaryimage"},"thumbnailUrl":"https:\/\/rockyspoon.lt\/wp-content\/uploads\/2025\/08\/20250825_154710a-scaled.jpg","datePublished":"2024-09-05T05:19:01+00:00","dateModified":"2026-04-06T18:09:21+00:00","description":"SODRUSIS POMIDORAS - Rank\u0173 Darbo Rocky Spoon pada\u017eas su d\u016bmo aromatu ir sodria skoni\u0173 palete. Pada\u017eas kuris nustebins ir pagardins j\u016bs\u0173 patiekal\u0105.","breadcrumb":{"@id":"https:\/\/rockyspoon.lt\/produktas\/sodrusis-pomidoras-padazas-220g\/#breadcrumb"},"inLanguage":"en-GB","potentialAction":[{"@type":"ReadAction","target":["https:\/\/rockyspoon.lt\/produktas\/sodrusis-pomidoras-padazas-220g\/"]}]},{"@type":"ImageObject","inLanguage":"en-GB","@id":"https:\/\/rockyspoon.lt\/produktas\/sodrusis-pomidoras-padazas-220g\/#primaryimage","url":"https:\/\/rockyspoon.lt\/wp-content\/uploads\/2025\/08\/20250825_154710a-scaled.jpg","contentUrl":"https:\/\/rockyspoon.lt\/wp-content\/uploads\/2025\/08\/20250825_154710a-scaled.jpg","width":2382,"height":2560,"caption":"Temperamentingas, turtingas sodria skoni\u0173 palete, pomidoras, pagardintas d\u016bmo druska, r\u016bkyta paprika bei \u017eiupsneliu kajeno pipir\u0173."},{"@type":"BreadcrumbList","@id":"https:\/\/rockyspoon.lt\/produktas\/sodrusis-pomidoras-padazas-220g\/#breadcrumb","itemListElement":[{"@type":"ListItem","position":1,"name":"Home","item":"https:\/\/rockyspoon.lt\/"},{"@type":"ListItem","position":2,"name":"Parduotuv\u0117","item":"https:\/\/rockyspoon.lt\/parduotuve\/"},{"@type":"ListItem","position":3,"name":"SODRUSIS POMIDORAS, pada\u017eas"}]},{"@type":"WebSite","@id":"https:\/\/rockyspoon.lt\/#website","url":"https:\/\/rockyspoon.lt\/","name":"Rocky Spoon","description":"Rocky Spoon - Rank\u0173 Darbo Pada\u017eai ir Pagardai","publisher":{"@id":"https:\/\/rockyspoon.lt\/#organization"},"potentialAction":[{"@type":"SearchAction","target":{"@type":"EntryPoint","urlTemplate":"https:\/\/rockyspoon.lt\/?s={search_term_string}"},"query-input":{"@type":"PropertyValueSpecification","valueRequired":true,"valueName":"search_term_string"}}],"inLanguage":"en-GB"},{"@type":"Organization","@id":"https:\/\/rockyspoon.lt\/#organization","name":"Rocky Spoon","url":"https:\/\/rockyspoon.lt\/","logo":{"@type":"ImageObject","inLanguage":"en-GB","@id":"https:\/\/rockyspoon.lt\/#\/schema\/logo\/image\/","url":"https:\/\/rockyspoon.lt\/wp-content\/uploads\/2024\/10\/cropped-android-chrome-192x192-1.png","contentUrl":"https:\/\/rockyspoon.lt\/wp-content\/uploads\/2024\/10\/cropped-android-chrome-192x192-1.png","width":512,"height":512,"caption":"Rocky Spoon"},"image":{"@id":"https:\/\/rockyspoon.lt\/#\/schema\/logo\/image\/"},"sameAs":["https:\/\/www.facebook.com\/profile.php?id=61564237763085"]}]}},"jetpack_sharing_enabled":true,"_links":{"self":[{"href":"https:\/\/rockyspoon.lt\/en\/wp-json\/wp\/v2\/product\/293","targetHints":{"allow":["GET"]}}],"collection":[{"href":"https:\/\/rockyspoon.lt\/en\/wp-json\/wp\/v2\/product"}],"about":[{"href":"https:\/\/rockyspoon.lt\/en\/wp-json\/wp\/v2\/types\/product"}],"replies":[{"embeddable":true,"href":"https:\/\/rockyspoon.lt\/en\/wp-json\/wp\/v2\/comments?post=293"}],"wp:featuredmedia":[{"embeddable":true,"href":"https:\/\/rockyspoon.lt\/en\/wp-json\/wp\/v2\/media\/804"}],"wp:attachment":[{"href":"https:\/\/rockyspoon.lt\/en\/wp-json\/wp\/v2\/media?parent=293"}],"wp:term":[{"taxonomy":"product_brand","embeddable":true,"href":"https:\/\/rockyspoon.lt\/en\/wp-json\/wp\/v2\/product_brand?post=293"},{"taxonomy":"product_cat","embeddable":true,"href":"https:\/\/rockyspoon.lt\/en\/wp-json\/wp\/v2\/product_cat?post=293"},{"taxonomy":"product_tag","embeddable":true,"href":"https:\/\/rockyspoon.lt\/en\/wp-json\/wp\/v2\/product_tag?post=293"}],"curies":[{"name":"wp","href":"https:\/\/api.w.org\/{rel}","templated":true}]}}