{"id":292,"date":"2024-09-05T05:14:42","date_gmt":"2024-09-05T05:14:42","guid":{"rendered":"https:\/\/rockyspoon.lt\/?post_type=product&#038;p=292"},"modified":"2026-04-06T18:09:32","modified_gmt":"2026-04-06T18:09:32","slug":"kanapine-morka-catnis-200g","status":"publish","type":"product","link":"https:\/\/rockyspoon.lt\/en\/product\/kanapine-morka-catnis-200g\/","title":{"rendered":"SWEET CARROT &amp; HEMP CHUTNEY"},"content":{"rendered":"<p><strong>Ingredients<\/strong>: vanduo, morkos (31%), sidro actas, cukrus, kukur\u016bz\u0173 krakmolas, kanapi\u0173 s\u0117klos (1,6%), imbieras, \u010desnakas, laimo\u00a0 sul\u010di\u0173 koncentratas, joduota druska, kardamonas, juodieji pipirai<\/p>\n<p>&nbsp;<\/p>\n<p><strong>Storage conditions<\/strong> \u2013 laikyti v\u0117sioje, tamsioje vietoje<\/p>\n<p><strong>Atidarius<\/strong>\u00a0laikyti \u0161aldytuve ir sunaudoti per 7 dienas<\/p>\n<p>Grynasis kiekis 200g<\/p>\n<div class=\"additional-info-sections__item-title-wrapper\" data-v-9b7c3ab8=\"\">\n<h2 class=\"additional-info-sections__item-title\" data-v-9b7c3ab8=\"\">Produkto maistin\u0117 vert\u0117<\/h2>\n<\/div>\n<table>\n<colgroup>\n<col \/>\n<col \/>\n<col \/><\/colgroup>\n<tbody>\n<tr>\n<td colspan=\"1\" rowspan=\"1\"><strong>Produkto maistin\u0117 vert\u0117 (100 gram\u0173):<\/strong><\/td>\n<td colspan=\"1\" rowspan=\"1\"><strong>\u00a0Kcal<\/strong><\/td>\n<td colspan=\"1\" rowspan=\"1\"><strong>\u00a0Kj<\/strong><\/td>\n<\/tr>\n<tr>\n<td colspan=\"1\" rowspan=\"1\">Kalorijos \/ Energetin\u0117 vert\u0117:<\/td>\n<td colspan=\"1\" rowspan=\"1\"><strong>71.4<\/strong><\/td>\n<td colspan=\"1\" rowspan=\"1\"><strong>298.7<\/strong><\/td>\n<\/tr>\n<tr>\n<td colspan=\"1\" rowspan=\"1\">Fats<\/td>\n<td colspan=\"1\" rowspan=\"1\">0.9g<\/td>\n<td colspan=\"1\" rowspan=\"1\"><\/td>\n<\/tr>\n<tr>\n<td colspan=\"1\" rowspan=\"1\">So\u010diosios riebal\u0173 r\u016bg\u0161tys:<\/td>\n<td colspan=\"1\" rowspan=\"1\">0.1g<\/td>\n<td colspan=\"1\" rowspan=\"1\"><\/td>\n<\/tr>\n<tr>\n<td colspan=\"1\" rowspan=\"1\">Neso\u010diosios riebal\u0173 r\u016bg\u0161tys:<\/td>\n<td colspan=\"1\" rowspan=\"1\">0.4g<\/td>\n<td colspan=\"1\" rowspan=\"1\"><\/td>\n<\/tr>\n<tr>\n<td colspan=\"1\" rowspan=\"1\">Carbohydrates<\/td>\n<td colspan=\"1\" rowspan=\"1\">14.1g<\/td>\n<td colspan=\"1\" rowspan=\"1\"><\/td>\n<\/tr>\n<tr>\n<td colspan=\"1\" rowspan=\"1\">Cukrus:<\/td>\n<td colspan=\"1\" rowspan=\"1\">12.1g<\/td>\n<td colspan=\"1\" rowspan=\"1\"><\/td>\n<\/tr>\n<tr>\n<td colspan=\"1\" rowspan=\"1\">Skaidulos:<\/td>\n<td colspan=\"1\" rowspan=\"1\">2.0g<\/td>\n<td colspan=\"1\" rowspan=\"1\"><\/td>\n<\/tr>\n<tr>\n<td colspan=\"1\" rowspan=\"1\">Protein:<\/td>\n<td colspan=\"1\" rowspan=\"1\">1.2g<\/td>\n<td colspan=\"1\" rowspan=\"1\"><\/td>\n<\/tr>\n<tr>\n<td colspan=\"1\" rowspan=\"1\">Druska:<\/td>\n<td colspan=\"1\" rowspan=\"1\">0.2g<\/td>\n<td colspan=\"1\" rowspan=\"1\"><\/td>\n<\/tr>\n<\/tbody>\n<\/table>","protected":false},"excerpt":{"rendered":"<p>I\u0161skirtinis pagardas su lengva r\u016bg\u0161tele ir nat\u016braliu mork\u0173 saldumu, pasi\u017eymintis sodriu skoniu bei aromatu, praturtintas prieskoniais bei luk\u0161tentomis kanapi\u0173 s\u0117klomis.<\/p>\n<p>Saldus mork\u0173 \u010datnis skoniu praturtins ne tik \u012fvairius m\u0117sos, \u017euvies, dar\u017eovi\u0173, kruop\u0173 ar var\u0161k\u0117s patiekalus, bet ir bulvinius blynus.<\/p>\n<p>&nbsp;<\/p>","protected":false},"featured_media":803,"comment_status":"open","ping_status":"closed","template":"","meta":[],"product_brand":[],"product_cat":[118],"product_tag":[26,79,75,37,38,39,20,74,27,53,76,22,78,77],"class_list":{"0":"post-292","1":"product","2":"type-product","3":"status-publish","4":"has-post-thumbnail","6":"product_cat-chatniai","7":"product_tag-catnis","8":"product_tag-grill","9":"product_tag-kamado","10":"product_tag-kanapine","11":"product_tag-morka","12":"product_tag-morku","13":"product_tag-padazas","14":"product_tag-pagardas-prie-grill","15":"product_tag-rocky-spoon","16":"product_tag-saldziarugstis","17":"product_tag-skanus-padazas","18":"product_tag-skonio-ritmas","19":"product_tag-tinka-prie-grill","20":"product_tag-uzkandis-prie-surio","22":"first","23":"instock","24":"featured","25":"shipping-taxable","26":"purchasable","27":"product-type-simple"},"yoast_head":"<!-- This site is optimized with the Yoast SEO plugin v27.3 - https:\/\/yoast.com\/product\/yoast-seo-wordpress\/ -->\n<title>KANAPIN\u0116 MORKA - Rocky Spoon \u010catnis<\/title>\n<meta name=\"description\" content=\"KANAPIN\u0116 MORKA - Rocky Spoon \u010catnis. pagardas su lengva r\u016bg\u0161tele ir nat\u016braliu mork\u0173 saldumu, praturtintas prieskoniais bei luk\u0161tentomis kanapi\u0173 s\u0117klomis.\" \/>\n<meta name=\"robots\" content=\"index, follow, max-snippet:-1, max-image-preview:large, max-video-preview:-1\" \/>\n<link rel=\"canonical\" href=\"https:\/\/rockyspoon.lt\/en\/product\/kanapine-morka-catnis-200g\/\" \/>\n<meta property=\"og:locale\" content=\"en_GB\" \/>\n<meta property=\"og:type\" content=\"article\" \/>\n<meta property=\"og:title\" content=\"KANAPIN\u0116 MORKA - Rocky Spoon \u010catnis\" \/>\n<meta property=\"og:description\" content=\"KANAPIN\u0116 MORKA - Rocky Spoon \u010catnis. pagardas su lengva r\u016bg\u0161tele ir nat\u016braliu mork\u0173 saldumu, praturtintas prieskoniais bei luk\u0161tentomis kanapi\u0173 s\u0117klomis.\" \/>\n<meta property=\"og:url\" content=\"https:\/\/rockyspoon.lt\/en\/product\/kanapine-morka-catnis-200g\/\" \/>\n<meta property=\"og:site_name\" content=\"rockyspoon.lt\" \/>\n<meta property=\"article:publisher\" content=\"https:\/\/www.facebook.com\/profile.php?id=61564237763085\" \/>\n<meta property=\"article:modified_time\" content=\"2026-04-06T18:09:32+00:00\" \/>\n<meta property=\"og:image\" content=\"https:\/\/rockyspoon.lt\/wp-content\/uploads\/2025\/08\/20250825_154654a-scaled.jpg\" \/>\n\t<meta property=\"og:image:width\" content=\"2373\" \/>\n\t<meta property=\"og:image:height\" content=\"2560\" \/>\n\t<meta property=\"og:image:type\" content=\"image\/jpeg\" \/>\n<meta name=\"twitter:card\" content=\"summary_large_image\" \/>\n<meta name=\"twitter:label1\" content=\"Est. reading time\" \/>\n\t<meta name=\"twitter:data1\" content=\"1 minute\" \/>\n<script type=\"application\/ld+json\" class=\"yoast-schema-graph\">{\"@context\":\"https:\\\/\\\/schema.org\",\"@graph\":[{\"@type\":\"WebPage\",\"@id\":\"https:\\\/\\\/rockyspoon.lt\\\/produktas\\\/kanapine-morka-catnis-200g\\\/\",\"url\":\"https:\\\/\\\/rockyspoon.lt\\\/produktas\\\/kanapine-morka-catnis-200g\\\/\",\"name\":\"KANAPIN\u0116 MORKA - Rocky Spoon \u010catnis\",\"isPartOf\":{\"@id\":\"https:\\\/\\\/rockyspoon.lt\\\/#website\"},\"primaryImageOfPage\":{\"@id\":\"https:\\\/\\\/rockyspoon.lt\\\/produktas\\\/kanapine-morka-catnis-200g\\\/#primaryimage\"},\"image\":{\"@id\":\"https:\\\/\\\/rockyspoon.lt\\\/produktas\\\/kanapine-morka-catnis-200g\\\/#primaryimage\"},\"thumbnailUrl\":\"https:\\\/\\\/rockyspoon.lt\\\/wp-content\\\/uploads\\\/2025\\\/08\\\/20250825_154654a-scaled.jpg\",\"datePublished\":\"2024-09-05T05:14:42+00:00\",\"dateModified\":\"2026-04-06T18:09:32+00:00\",\"description\":\"KANAPIN\u0116 MORKA - Rocky Spoon \u010catnis. pagardas su lengva r\u016bg\u0161tele ir nat\u016braliu mork\u0173 saldumu, praturtintas prieskoniais bei luk\u0161tentomis kanapi\u0173 s\u0117klomis.\",\"breadcrumb\":{\"@id\":\"https:\\\/\\\/rockyspoon.lt\\\/produktas\\\/kanapine-morka-catnis-200g\\\/#breadcrumb\"},\"inLanguage\":\"en-GB\",\"potentialAction\":[{\"@type\":\"ReadAction\",\"target\":[\"https:\\\/\\\/rockyspoon.lt\\\/produktas\\\/kanapine-morka-catnis-200g\\\/\"]}]},{\"@type\":\"ImageObject\",\"inLanguage\":\"en-GB\",\"@id\":\"https:\\\/\\\/rockyspoon.lt\\\/produktas\\\/kanapine-morka-catnis-200g\\\/#primaryimage\",\"url\":\"https:\\\/\\\/rockyspoon.lt\\\/wp-content\\\/uploads\\\/2025\\\/08\\\/20250825_154654a-scaled.jpg\",\"contentUrl\":\"https:\\\/\\\/rockyspoon.lt\\\/wp-content\\\/uploads\\\/2025\\\/08\\\/20250825_154654a-scaled.jpg\",\"width\":2373,\"height\":2560,\"caption\":\"Rocky Spoon KANAPIN\u0116 MORKA, \u010datnis, I\u0161skirtinis pagardas su lengva r\u016bg\u0161tele ir nat\u016braliu mork\u0173 saldumu, pasi\u017eymintis sodriu skoniu bei aromatu, praturtintas prieskoniais bei luk\u0161tentomis kanapi\u0173 s\u0117klomis.\"},{\"@type\":\"BreadcrumbList\",\"@id\":\"https:\\\/\\\/rockyspoon.lt\\\/produktas\\\/kanapine-morka-catnis-200g\\\/#breadcrumb\",\"itemListElement\":[{\"@type\":\"ListItem\",\"position\":1,\"name\":\"Home\",\"item\":\"https:\\\/\\\/rockyspoon.lt\\\/\"},{\"@type\":\"ListItem\",\"position\":2,\"name\":\"Parduotuv\u0117\",\"item\":\"https:\\\/\\\/rockyspoon.lt\\\/parduotuve\\\/\"},{\"@type\":\"ListItem\",\"position\":3,\"name\":\"KANAPIN\u0116 MORKA, \u010datnis\"}]},{\"@type\":\"WebSite\",\"@id\":\"https:\\\/\\\/rockyspoon.lt\\\/#website\",\"url\":\"https:\\\/\\\/rockyspoon.lt\\\/\",\"name\":\"Rocky Spoon\",\"description\":\"Rocky Spoon - Rank\u0173 Darbo Pada\u017eai ir Pagardai\",\"publisher\":{\"@id\":\"https:\\\/\\\/rockyspoon.lt\\\/#organization\"},\"potentialAction\":[{\"@type\":\"SearchAction\",\"target\":{\"@type\":\"EntryPoint\",\"urlTemplate\":\"https:\\\/\\\/rockyspoon.lt\\\/?s={search_term_string}\"},\"query-input\":{\"@type\":\"PropertyValueSpecification\",\"valueRequired\":true,\"valueName\":\"search_term_string\"}}],\"inLanguage\":\"en-GB\"},{\"@type\":\"Organization\",\"@id\":\"https:\\\/\\\/rockyspoon.lt\\\/#organization\",\"name\":\"Rocky Spoon\",\"url\":\"https:\\\/\\\/rockyspoon.lt\\\/\",\"logo\":{\"@type\":\"ImageObject\",\"inLanguage\":\"en-GB\",\"@id\":\"https:\\\/\\\/rockyspoon.lt\\\/#\\\/schema\\\/logo\\\/image\\\/\",\"url\":\"https:\\\/\\\/rockyspoon.lt\\\/wp-content\\\/uploads\\\/2024\\\/10\\\/cropped-android-chrome-192x192-1.png\",\"contentUrl\":\"https:\\\/\\\/rockyspoon.lt\\\/wp-content\\\/uploads\\\/2024\\\/10\\\/cropped-android-chrome-192x192-1.png\",\"width\":512,\"height\":512,\"caption\":\"Rocky Spoon\"},\"image\":{\"@id\":\"https:\\\/\\\/rockyspoon.lt\\\/#\\\/schema\\\/logo\\\/image\\\/\"},\"sameAs\":[\"https:\\\/\\\/www.facebook.com\\\/profile.php?id=61564237763085\"]}]}<\/script>\n<!-- \/ Yoast SEO plugin. -->","yoast_head_json":{"title":"KANAPIN\u0116 MORKA - Rocky Spoon \u010catnis","description":"KANAPIN\u0116 MORKA - Rocky Spoon \u010catnis. pagardas su lengva r\u016bg\u0161tele ir nat\u016braliu mork\u0173 saldumu, praturtintas prieskoniais bei luk\u0161tentomis kanapi\u0173 s\u0117klomis.","robots":{"index":"index","follow":"follow","max-snippet":"max-snippet:-1","max-image-preview":"max-image-preview:large","max-video-preview":"max-video-preview:-1"},"canonical":"https:\/\/rockyspoon.lt\/en\/product\/kanapine-morka-catnis-200g\/","og_locale":"en_GB","og_type":"article","og_title":"KANAPIN\u0116 MORKA - Rocky Spoon \u010catnis","og_description":"KANAPIN\u0116 MORKA - Rocky Spoon \u010catnis. pagardas su lengva r\u016bg\u0161tele ir nat\u016braliu mork\u0173 saldumu, praturtintas prieskoniais bei luk\u0161tentomis kanapi\u0173 s\u0117klomis.","og_url":"https:\/\/rockyspoon.lt\/en\/product\/kanapine-morka-catnis-200g\/","og_site_name":"rockyspoon.lt","article_publisher":"https:\/\/www.facebook.com\/profile.php?id=61564237763085","article_modified_time":"2026-04-06T18:09:32+00:00","og_image":[{"width":2373,"height":2560,"url":"https:\/\/rockyspoon.lt\/wp-content\/uploads\/2025\/08\/20250825_154654a-scaled.jpg","type":"image\/jpeg"}],"twitter_card":"summary_large_image","twitter_misc":{"Est. reading time":"1 minute"},"schema":{"@context":"https:\/\/schema.org","@graph":[{"@type":"WebPage","@id":"https:\/\/rockyspoon.lt\/produktas\/kanapine-morka-catnis-200g\/","url":"https:\/\/rockyspoon.lt\/produktas\/kanapine-morka-catnis-200g\/","name":"KANAPIN\u0116 MORKA - Rocky Spoon \u010catnis","isPartOf":{"@id":"https:\/\/rockyspoon.lt\/#website"},"primaryImageOfPage":{"@id":"https:\/\/rockyspoon.lt\/produktas\/kanapine-morka-catnis-200g\/#primaryimage"},"image":{"@id":"https:\/\/rockyspoon.lt\/produktas\/kanapine-morka-catnis-200g\/#primaryimage"},"thumbnailUrl":"https:\/\/rockyspoon.lt\/wp-content\/uploads\/2025\/08\/20250825_154654a-scaled.jpg","datePublished":"2024-09-05T05:14:42+00:00","dateModified":"2026-04-06T18:09:32+00:00","description":"KANAPIN\u0116 MORKA - Rocky Spoon \u010catnis. pagardas su lengva r\u016bg\u0161tele ir nat\u016braliu mork\u0173 saldumu, praturtintas prieskoniais bei luk\u0161tentomis kanapi\u0173 s\u0117klomis.","breadcrumb":{"@id":"https:\/\/rockyspoon.lt\/produktas\/kanapine-morka-catnis-200g\/#breadcrumb"},"inLanguage":"en-GB","potentialAction":[{"@type":"ReadAction","target":["https:\/\/rockyspoon.lt\/produktas\/kanapine-morka-catnis-200g\/"]}]},{"@type":"ImageObject","inLanguage":"en-GB","@id":"https:\/\/rockyspoon.lt\/produktas\/kanapine-morka-catnis-200g\/#primaryimage","url":"https:\/\/rockyspoon.lt\/wp-content\/uploads\/2025\/08\/20250825_154654a-scaled.jpg","contentUrl":"https:\/\/rockyspoon.lt\/wp-content\/uploads\/2025\/08\/20250825_154654a-scaled.jpg","width":2373,"height":2560,"caption":"Rocky Spoon KANAPIN\u0116 MORKA, \u010datnis, I\u0161skirtinis pagardas su lengva r\u016bg\u0161tele ir nat\u016braliu mork\u0173 saldumu, pasi\u017eymintis sodriu skoniu bei aromatu, praturtintas prieskoniais bei luk\u0161tentomis kanapi\u0173 s\u0117klomis."},{"@type":"BreadcrumbList","@id":"https:\/\/rockyspoon.lt\/produktas\/kanapine-morka-catnis-200g\/#breadcrumb","itemListElement":[{"@type":"ListItem","position":1,"name":"Home","item":"https:\/\/rockyspoon.lt\/"},{"@type":"ListItem","position":2,"name":"Parduotuv\u0117","item":"https:\/\/rockyspoon.lt\/parduotuve\/"},{"@type":"ListItem","position":3,"name":"KANAPIN\u0116 MORKA, \u010datnis"}]},{"@type":"WebSite","@id":"https:\/\/rockyspoon.lt\/#website","url":"https:\/\/rockyspoon.lt\/","name":"Rocky Spoon","description":"Rocky Spoon - Rank\u0173 Darbo Pada\u017eai ir Pagardai","publisher":{"@id":"https:\/\/rockyspoon.lt\/#organization"},"potentialAction":[{"@type":"SearchAction","target":{"@type":"EntryPoint","urlTemplate":"https:\/\/rockyspoon.lt\/?s={search_term_string}"},"query-input":{"@type":"PropertyValueSpecification","valueRequired":true,"valueName":"search_term_string"}}],"inLanguage":"en-GB"},{"@type":"Organization","@id":"https:\/\/rockyspoon.lt\/#organization","name":"Rocky Spoon","url":"https:\/\/rockyspoon.lt\/","logo":{"@type":"ImageObject","inLanguage":"en-GB","@id":"https:\/\/rockyspoon.lt\/#\/schema\/logo\/image\/","url":"https:\/\/rockyspoon.lt\/wp-content\/uploads\/2024\/10\/cropped-android-chrome-192x192-1.png","contentUrl":"https:\/\/rockyspoon.lt\/wp-content\/uploads\/2024\/10\/cropped-android-chrome-192x192-1.png","width":512,"height":512,"caption":"Rocky Spoon"},"image":{"@id":"https:\/\/rockyspoon.lt\/#\/schema\/logo\/image\/"},"sameAs":["https:\/\/www.facebook.com\/profile.php?id=61564237763085"]}]}},"jetpack_sharing_enabled":true,"_links":{"self":[{"href":"https:\/\/rockyspoon.lt\/en\/wp-json\/wp\/v2\/product\/292","targetHints":{"allow":["GET"]}}],"collection":[{"href":"https:\/\/rockyspoon.lt\/en\/wp-json\/wp\/v2\/product"}],"about":[{"href":"https:\/\/rockyspoon.lt\/en\/wp-json\/wp\/v2\/types\/product"}],"replies":[{"embeddable":true,"href":"https:\/\/rockyspoon.lt\/en\/wp-json\/wp\/v2\/comments?post=292"}],"wp:featuredmedia":[{"embeddable":true,"href":"https:\/\/rockyspoon.lt\/en\/wp-json\/wp\/v2\/media\/803"}],"wp:attachment":[{"href":"https:\/\/rockyspoon.lt\/en\/wp-json\/wp\/v2\/media?parent=292"}],"wp:term":[{"taxonomy":"product_brand","embeddable":true,"href":"https:\/\/rockyspoon.lt\/en\/wp-json\/wp\/v2\/product_brand?post=292"},{"taxonomy":"product_cat","embeddable":true,"href":"https:\/\/rockyspoon.lt\/en\/wp-json\/wp\/v2\/product_cat?post=292"},{"taxonomy":"product_tag","embeddable":true,"href":"https:\/\/rockyspoon.lt\/en\/wp-json\/wp\/v2\/product_tag?post=292"}],"curies":[{"name":"wp","href":"https:\/\/api.w.org\/{rel}","templated":true}]}}