{"id":291,"date":"2024-09-05T05:11:01","date_gmt":"2024-09-05T05:11:01","guid":{"rendered":"https:\/\/rockyspoon.lt\/?post_type=product&#038;p=291"},"modified":"2026-04-08T17:16:52","modified_gmt":"2026-04-08T17:16:52","slug":"savitasis-pomidoras-pagardas-200g","status":"publish","type":"product","link":"https:\/\/rockyspoon.lt\/en\/product\/savitasis-pomidoras-pagardas-200g\/","title":{"rendered":"SAVITASIS POMIDORAS, pagardas"},"content":{"rendered":"<div class=\"additional-info-sections__item-title-wrapper\" data-v-9b7c3ab8=\"\">\n<p><strong>Ingredients<\/strong>: pomidorai (63%), svog\u016bnai, cukrus, raudono vyno actas, vanduo, pomidor\u0173 tyr\u0117, raps\u0173 aliejus, <strong>salierai<\/strong>, \u010desnak\u0173 tyr\u0117, <strong>garsty\u010di\u0173 s\u0117klos<\/strong>, d\u017eiovinta paprika, kukur\u016bz\u0173 krakmolas, spirito actas, svog\u016bn\u0173 milteliai, mi\u0161ri\u0173 prieskoni\u0173 mi\u0161inys.<\/p>\n<p>&nbsp;<\/p>\n<p><strong>Storage conditions<\/strong> \u2013 laikyti v\u0117sioje, tamsioje vietoje<\/p>\n<p><strong>Atidarius<\/strong>\u00a0laikyti \u0161aldytuve ir sunaudoti per 7 dienas<\/p>\n<p>Grynasis kiekis 200g<\/p>\n<h2 class=\"additional-info-sections__item-title\" data-v-9b7c3ab8=\"\">Produkto maistin\u0117 vert\u0117<\/h2>\n<\/div>\n<table>\n<colgroup>\n<col \/>\n<col \/>\n<col \/><\/colgroup>\n<tbody>\n<tr>\n<td colspan=\"1\" rowspan=\"1\"><strong>Produkto maistin\u0117 vert\u0117 (100 gram\u0173):<\/strong><\/td>\n<td colspan=\"1\" rowspan=\"1\">\u00a0Kcal<\/td>\n<td colspan=\"1\" rowspan=\"1\">\u00a0Kj<\/td>\n<\/tr>\n<tr>\n<td colspan=\"1\" rowspan=\"1\">Kalorijos:<\/td>\n<td colspan=\"1\" rowspan=\"1\">102<\/td>\n<td colspan=\"1\" rowspan=\"1\">428<\/td>\n<\/tr>\n<tr>\n<td colspan=\"1\" rowspan=\"1\">Fats<\/td>\n<td colspan=\"1\" rowspan=\"1\">0.5g<\/td>\n<td colspan=\"1\" rowspan=\"1\"><\/td>\n<\/tr>\n<tr>\n<td colspan=\"1\" rowspan=\"1\">So\u010diosios riebal\u0173 r\u016bg\u0161tys:<\/td>\n<td colspan=\"1\" rowspan=\"1\">0.02g<\/td>\n<td colspan=\"1\" rowspan=\"1\"><\/td>\n<\/tr>\n<tr>\n<td colspan=\"1\" rowspan=\"1\">Carbohydrates<\/td>\n<td colspan=\"1\" rowspan=\"1\">25g<\/td>\n<td colspan=\"1\" rowspan=\"1\"><\/td>\n<\/tr>\n<tr>\n<td colspan=\"1\" rowspan=\"1\">Cukrus:<\/td>\n<td colspan=\"1\" rowspan=\"1\">21g<\/td>\n<td colspan=\"1\" rowspan=\"1\"><\/td>\n<\/tr>\n<tr>\n<td colspan=\"1\" rowspan=\"1\">Skaidulos:<\/td>\n<td colspan=\"1\" rowspan=\"1\">1g<\/td>\n<td colspan=\"1\" rowspan=\"1\"><\/td>\n<\/tr>\n<tr>\n<td colspan=\"1\" rowspan=\"1\">Protein:<\/td>\n<td colspan=\"1\" rowspan=\"1\">0.6g<\/td>\n<td colspan=\"1\" rowspan=\"1\"><\/td>\n<\/tr>\n<tr>\n<td colspan=\"1\" rowspan=\"1\">Druska:<\/td>\n<td colspan=\"1\" rowspan=\"1\">0.001g<\/td>\n<td colspan=\"1\" rowspan=\"1\"><\/td>\n<\/tr>\n<\/tbody>\n<\/table>","protected":false},"excerpt":{"rendered":"<p>Puikiai dera prie s\u016braini\u0173, m\u0117saini\u0173, pauk\u0161tienos, \u017euvies patiekal\u0173 ar intensyvesnio skonio s\u016bri\u0173. Su \u0161iek tiek improvizacijos \u0161is pagardas nune\u0161 j\u016bsu patiekalus \u012f kit\u0105 lyg\u012f!<\/p>","protected":false},"featured_media":805,"comment_status":"open","ping_status":"closed","template":"","meta":[],"product_brand":[],"product_cat":[117],"product_tag":[20,35,36,27,34,22],"class_list":{"0":"post-291","1":"product","2":"type-product","3":"status-publish","4":"has-post-thumbnail","6":"product_cat-padazai","7":"product_tag-padazas","8":"product_tag-pomidoras","9":"product_tag-pomidoru","10":"product_tag-rocky-spoon","11":"product_tag-savitasis","12":"product_tag-skonio-ritmas","14":"first","15":"instock","16":"shipping-taxable","17":"purchasable","18":"product-type-simple"},"yoast_head":"<!-- This site is optimized with the Yoast SEO plugin v27.3 - https:\/\/yoast.com\/product\/yoast-seo-wordpress\/ -->\n<title>Savitasis Pomidoras - Rocky Spoon pagardas<\/title>\n<meta name=\"description\" content=\"Savitasis Pomidoras - Rocky Spoon pagardas. Puikus &quot;draugas&quot; m\u0117sainiams ir kitiems m\u0117sos patiekalams. P.S. draugauja ir su kitais patiekalais\" \/>\n<meta name=\"robots\" content=\"index, follow, max-snippet:-1, max-image-preview:large, max-video-preview:-1\" \/>\n<link rel=\"canonical\" href=\"https:\/\/rockyspoon.lt\/en\/product\/savitasis-pomidoras-pagardas-200g\/\" \/>\n<meta property=\"og:locale\" content=\"en_GB\" \/>\n<meta property=\"og:type\" content=\"article\" \/>\n<meta property=\"og:title\" content=\"Savitasis Pomidoras - Rocky Spoon pagardas\" \/>\n<meta property=\"og:description\" content=\"Savitasis Pomidoras - Rocky Spoon pagardas. Puikus &quot;draugas&quot; m\u0117sainiams ir kitiems m\u0117sos patiekalams. P.S. draugauja ir su kitais patiekalais\" \/>\n<meta property=\"og:url\" content=\"https:\/\/rockyspoon.lt\/en\/product\/savitasis-pomidoras-pagardas-200g\/\" \/>\n<meta property=\"og:site_name\" content=\"rockyspoon.lt\" \/>\n<meta property=\"article:publisher\" content=\"https:\/\/www.facebook.com\/profile.php?id=61564237763085\" \/>\n<meta property=\"article:modified_time\" content=\"2026-04-08T17:16:52+00:00\" \/>\n<meta property=\"og:image\" content=\"https:\/\/rockyspoon.lt\/wp-content\/uploads\/2025\/08\/20250825_154734a-scaled.jpg\" \/>\n\t<meta property=\"og:image:width\" content=\"2380\" \/>\n\t<meta property=\"og:image:height\" content=\"2560\" \/>\n\t<meta property=\"og:image:type\" content=\"image\/jpeg\" \/>\n<meta name=\"twitter:card\" content=\"summary_large_image\" \/>\n<meta name=\"twitter:label1\" content=\"Est. reading time\" \/>\n\t<meta name=\"twitter:data1\" content=\"1 minute\" \/>\n<script type=\"application\/ld+json\" class=\"yoast-schema-graph\">{\"@context\":\"https:\\\/\\\/schema.org\",\"@graph\":[{\"@type\":\"WebPage\",\"@id\":\"https:\\\/\\\/rockyspoon.lt\\\/produktas\\\/savitasis-pomidoras-pagardas-200g\\\/\",\"url\":\"https:\\\/\\\/rockyspoon.lt\\\/produktas\\\/savitasis-pomidoras-pagardas-200g\\\/\",\"name\":\"Savitasis Pomidoras - Rocky Spoon pagardas\",\"isPartOf\":{\"@id\":\"https:\\\/\\\/rockyspoon.lt\\\/#website\"},\"primaryImageOfPage\":{\"@id\":\"https:\\\/\\\/rockyspoon.lt\\\/produktas\\\/savitasis-pomidoras-pagardas-200g\\\/#primaryimage\"},\"image\":{\"@id\":\"https:\\\/\\\/rockyspoon.lt\\\/produktas\\\/savitasis-pomidoras-pagardas-200g\\\/#primaryimage\"},\"thumbnailUrl\":\"https:\\\/\\\/rockyspoon.lt\\\/wp-content\\\/uploads\\\/2025\\\/08\\\/20250825_154734a-scaled.jpg\",\"datePublished\":\"2024-09-05T05:11:01+00:00\",\"dateModified\":\"2026-04-08T17:16:52+00:00\",\"description\":\"Savitasis Pomidoras - Rocky Spoon pagardas. Puikus \\\"draugas\\\" m\u0117sainiams ir kitiems m\u0117sos patiekalams. P.S. draugauja ir su kitais patiekalais\",\"breadcrumb\":{\"@id\":\"https:\\\/\\\/rockyspoon.lt\\\/produktas\\\/savitasis-pomidoras-pagardas-200g\\\/#breadcrumb\"},\"inLanguage\":\"en-GB\",\"potentialAction\":[{\"@type\":\"ReadAction\",\"target\":[\"https:\\\/\\\/rockyspoon.lt\\\/produktas\\\/savitasis-pomidoras-pagardas-200g\\\/\"]}]},{\"@type\":\"ImageObject\",\"inLanguage\":\"en-GB\",\"@id\":\"https:\\\/\\\/rockyspoon.lt\\\/produktas\\\/savitasis-pomidoras-pagardas-200g\\\/#primaryimage\",\"url\":\"https:\\\/\\\/rockyspoon.lt\\\/wp-content\\\/uploads\\\/2025\\\/08\\\/20250825_154734a-scaled.jpg\",\"contentUrl\":\"https:\\\/\\\/rockyspoon.lt\\\/wp-content\\\/uploads\\\/2025\\\/08\\\/20250825_154734a-scaled.jpg\",\"width\":2380,\"height\":2560,\"caption\":\"Rocky Spoon SAVITASIS POMIDORAS, pagardas Puikiai dera prie s\u016braini\u0173, m\u0117saini\u0173, pauk\u0161tienos, \u017euvies patiekal\u0173 ar intensyvesnio skonio s\u016bri\u0173. Su \u0161iek tiek improvizacijos \u0161is pagardas nune\u0161 j\u016bsu patiekalus \u012f kit\u0105 lyg\u012f!\"},{\"@type\":\"BreadcrumbList\",\"@id\":\"https:\\\/\\\/rockyspoon.lt\\\/produktas\\\/savitasis-pomidoras-pagardas-200g\\\/#breadcrumb\",\"itemListElement\":[{\"@type\":\"ListItem\",\"position\":1,\"name\":\"Home\",\"item\":\"https:\\\/\\\/rockyspoon.lt\\\/\"},{\"@type\":\"ListItem\",\"position\":2,\"name\":\"Parduotuv\u0117\",\"item\":\"https:\\\/\\\/rockyspoon.lt\\\/parduotuve\\\/\"},{\"@type\":\"ListItem\",\"position\":3,\"name\":\"SAVITASIS POMIDORAS, pagardas\"}]},{\"@type\":\"WebSite\",\"@id\":\"https:\\\/\\\/rockyspoon.lt\\\/#website\",\"url\":\"https:\\\/\\\/rockyspoon.lt\\\/\",\"name\":\"Rocky Spoon\",\"description\":\"Rocky Spoon - Rank\u0173 Darbo Pada\u017eai ir Pagardai\",\"publisher\":{\"@id\":\"https:\\\/\\\/rockyspoon.lt\\\/#organization\"},\"potentialAction\":[{\"@type\":\"SearchAction\",\"target\":{\"@type\":\"EntryPoint\",\"urlTemplate\":\"https:\\\/\\\/rockyspoon.lt\\\/?s={search_term_string}\"},\"query-input\":{\"@type\":\"PropertyValueSpecification\",\"valueRequired\":true,\"valueName\":\"search_term_string\"}}],\"inLanguage\":\"en-GB\"},{\"@type\":\"Organization\",\"@id\":\"https:\\\/\\\/rockyspoon.lt\\\/#organization\",\"name\":\"Rocky Spoon\",\"url\":\"https:\\\/\\\/rockyspoon.lt\\\/\",\"logo\":{\"@type\":\"ImageObject\",\"inLanguage\":\"en-GB\",\"@id\":\"https:\\\/\\\/rockyspoon.lt\\\/#\\\/schema\\\/logo\\\/image\\\/\",\"url\":\"https:\\\/\\\/rockyspoon.lt\\\/wp-content\\\/uploads\\\/2024\\\/10\\\/cropped-android-chrome-192x192-1.png\",\"contentUrl\":\"https:\\\/\\\/rockyspoon.lt\\\/wp-content\\\/uploads\\\/2024\\\/10\\\/cropped-android-chrome-192x192-1.png\",\"width\":512,\"height\":512,\"caption\":\"Rocky Spoon\"},\"image\":{\"@id\":\"https:\\\/\\\/rockyspoon.lt\\\/#\\\/schema\\\/logo\\\/image\\\/\"},\"sameAs\":[\"https:\\\/\\\/www.facebook.com\\\/profile.php?id=61564237763085\"]}]}<\/script>\n<!-- \/ Yoast SEO plugin. -->","yoast_head_json":{"title":"Savitasis Pomidoras - Rocky Spoon pagardas","description":"Savitasis Pomidoras - Rocky Spoon pagardas. Puikus \"draugas\" m\u0117sainiams ir kitiems m\u0117sos patiekalams. P.S. draugauja ir su kitais patiekalais","robots":{"index":"index","follow":"follow","max-snippet":"max-snippet:-1","max-image-preview":"max-image-preview:large","max-video-preview":"max-video-preview:-1"},"canonical":"https:\/\/rockyspoon.lt\/en\/product\/savitasis-pomidoras-pagardas-200g\/","og_locale":"en_GB","og_type":"article","og_title":"Savitasis Pomidoras - Rocky Spoon pagardas","og_description":"Savitasis Pomidoras - Rocky Spoon pagardas. Puikus \"draugas\" m\u0117sainiams ir kitiems m\u0117sos patiekalams. P.S. draugauja ir su kitais patiekalais","og_url":"https:\/\/rockyspoon.lt\/en\/product\/savitasis-pomidoras-pagardas-200g\/","og_site_name":"rockyspoon.lt","article_publisher":"https:\/\/www.facebook.com\/profile.php?id=61564237763085","article_modified_time":"2026-04-08T17:16:52+00:00","og_image":[{"width":2380,"height":2560,"url":"https:\/\/rockyspoon.lt\/wp-content\/uploads\/2025\/08\/20250825_154734a-scaled.jpg","type":"image\/jpeg"}],"twitter_card":"summary_large_image","twitter_misc":{"Est. reading time":"1 minute"},"schema":{"@context":"https:\/\/schema.org","@graph":[{"@type":"WebPage","@id":"https:\/\/rockyspoon.lt\/produktas\/savitasis-pomidoras-pagardas-200g\/","url":"https:\/\/rockyspoon.lt\/produktas\/savitasis-pomidoras-pagardas-200g\/","name":"Savitasis Pomidoras - Rocky Spoon pagardas","isPartOf":{"@id":"https:\/\/rockyspoon.lt\/#website"},"primaryImageOfPage":{"@id":"https:\/\/rockyspoon.lt\/produktas\/savitasis-pomidoras-pagardas-200g\/#primaryimage"},"image":{"@id":"https:\/\/rockyspoon.lt\/produktas\/savitasis-pomidoras-pagardas-200g\/#primaryimage"},"thumbnailUrl":"https:\/\/rockyspoon.lt\/wp-content\/uploads\/2025\/08\/20250825_154734a-scaled.jpg","datePublished":"2024-09-05T05:11:01+00:00","dateModified":"2026-04-08T17:16:52+00:00","description":"Savitasis Pomidoras - Rocky Spoon pagardas. Puikus \"draugas\" m\u0117sainiams ir kitiems m\u0117sos patiekalams. P.S. draugauja ir su kitais patiekalais","breadcrumb":{"@id":"https:\/\/rockyspoon.lt\/produktas\/savitasis-pomidoras-pagardas-200g\/#breadcrumb"},"inLanguage":"en-GB","potentialAction":[{"@type":"ReadAction","target":["https:\/\/rockyspoon.lt\/produktas\/savitasis-pomidoras-pagardas-200g\/"]}]},{"@type":"ImageObject","inLanguage":"en-GB","@id":"https:\/\/rockyspoon.lt\/produktas\/savitasis-pomidoras-pagardas-200g\/#primaryimage","url":"https:\/\/rockyspoon.lt\/wp-content\/uploads\/2025\/08\/20250825_154734a-scaled.jpg","contentUrl":"https:\/\/rockyspoon.lt\/wp-content\/uploads\/2025\/08\/20250825_154734a-scaled.jpg","width":2380,"height":2560,"caption":"Rocky Spoon SAVITASIS POMIDORAS, pagardas Puikiai dera prie s\u016braini\u0173, m\u0117saini\u0173, pauk\u0161tienos, \u017euvies patiekal\u0173 ar intensyvesnio skonio s\u016bri\u0173. Su \u0161iek tiek improvizacijos \u0161is pagardas nune\u0161 j\u016bsu patiekalus \u012f kit\u0105 lyg\u012f!"},{"@type":"BreadcrumbList","@id":"https:\/\/rockyspoon.lt\/produktas\/savitasis-pomidoras-pagardas-200g\/#breadcrumb","itemListElement":[{"@type":"ListItem","position":1,"name":"Home","item":"https:\/\/rockyspoon.lt\/"},{"@type":"ListItem","position":2,"name":"Parduotuv\u0117","item":"https:\/\/rockyspoon.lt\/parduotuve\/"},{"@type":"ListItem","position":3,"name":"SAVITASIS POMIDORAS, pagardas"}]},{"@type":"WebSite","@id":"https:\/\/rockyspoon.lt\/#website","url":"https:\/\/rockyspoon.lt\/","name":"Rocky Spoon","description":"Rocky Spoon - Rank\u0173 Darbo Pada\u017eai ir Pagardai","publisher":{"@id":"https:\/\/rockyspoon.lt\/#organization"},"potentialAction":[{"@type":"SearchAction","target":{"@type":"EntryPoint","urlTemplate":"https:\/\/rockyspoon.lt\/?s={search_term_string}"},"query-input":{"@type":"PropertyValueSpecification","valueRequired":true,"valueName":"search_term_string"}}],"inLanguage":"en-GB"},{"@type":"Organization","@id":"https:\/\/rockyspoon.lt\/#organization","name":"Rocky Spoon","url":"https:\/\/rockyspoon.lt\/","logo":{"@type":"ImageObject","inLanguage":"en-GB","@id":"https:\/\/rockyspoon.lt\/#\/schema\/logo\/image\/","url":"https:\/\/rockyspoon.lt\/wp-content\/uploads\/2024\/10\/cropped-android-chrome-192x192-1.png","contentUrl":"https:\/\/rockyspoon.lt\/wp-content\/uploads\/2024\/10\/cropped-android-chrome-192x192-1.png","width":512,"height":512,"caption":"Rocky Spoon"},"image":{"@id":"https:\/\/rockyspoon.lt\/#\/schema\/logo\/image\/"},"sameAs":["https:\/\/www.facebook.com\/profile.php?id=61564237763085"]}]}},"jetpack_sharing_enabled":true,"_links":{"self":[{"href":"https:\/\/rockyspoon.lt\/en\/wp-json\/wp\/v2\/product\/291","targetHints":{"allow":["GET"]}}],"collection":[{"href":"https:\/\/rockyspoon.lt\/en\/wp-json\/wp\/v2\/product"}],"about":[{"href":"https:\/\/rockyspoon.lt\/en\/wp-json\/wp\/v2\/types\/product"}],"replies":[{"embeddable":true,"href":"https:\/\/rockyspoon.lt\/en\/wp-json\/wp\/v2\/comments?post=291"}],"wp:featuredmedia":[{"embeddable":true,"href":"https:\/\/rockyspoon.lt\/en\/wp-json\/wp\/v2\/media\/805"}],"wp:attachment":[{"href":"https:\/\/rockyspoon.lt\/en\/wp-json\/wp\/v2\/media?parent=291"}],"wp:term":[{"taxonomy":"product_brand","embeddable":true,"href":"https:\/\/rockyspoon.lt\/en\/wp-json\/wp\/v2\/product_brand?post=291"},{"taxonomy":"product_cat","embeddable":true,"href":"https:\/\/rockyspoon.lt\/en\/wp-json\/wp\/v2\/product_cat?post=291"},{"taxonomy":"product_tag","embeddable":true,"href":"https:\/\/rockyspoon.lt\/en\/wp-json\/wp\/v2\/product_tag?post=291"}],"curies":[{"name":"wp","href":"https:\/\/api.w.org\/{rel}","templated":true}]}}