{"id":290,"date":"2024-09-05T05:06:41","date_gmt":"2024-09-05T05:06:41","guid":{"rendered":"https:\/\/rockyspoon.lt\/?post_type=product&#038;p=290"},"modified":"2026-04-06T20:12:39","modified_gmt":"2026-04-06T20:12:39","slug":"karamelizuotas-svogunas-catnis-220g","status":"publish","type":"product","link":"https:\/\/rockyspoon.lt\/en\/product\/karamelizuotas-svogunas-catnis-220g\/","title":{"rendered":"CARAMELIZED ONIONS"},"content":{"rendered":"<p><strong>Ingredients<\/strong>: svog\u016bnai (27%), demarera cukrus, balto vyno actas, vanduo, nesmulkinti raudonieji pipiriai, d\u017eiovinti svog\u016bnai, tapijokos krakmolas, joduota druska, balt\u0173j\u0173 pipir\u0173 milteliai<\/p>\n<p>&nbsp;<\/p>\n<p><strong>Storage conditions<\/strong> \u2013 laikyti v\u0117sioje, tamsioje vietoje<\/p>\n<p><strong>Atidarius<\/strong>\u00a0laikyti \u0161aldytuve ir sunaudoti per 7 dienas<\/p>\n<p><strong>Gamintojas<\/strong> MB Rocky Spoon Siesarties g 3 Luk\u0161iai \u0160aki\u0173 raj Marijampol\u0117s apskritis. <a href=\"https:\/\/rockyspoon.lt\/en\/\"><strong>www.rockyspoon.lt<\/strong><\/a> +37060666620\u00a0 +37060999920<\/p>\n<p>Grynasis kiekis 220g<\/p>\n<div class=\"additional-info-sections__item-title-wrapper\" data-v-9b7c3ab8=\"\">\n<h2 class=\"additional-info-sections__item-title\" data-v-9b7c3ab8=\"\">Produkto maistin\u0117 vert\u0117<\/h2>\n<\/div>\n<table>\n<colgroup>\n<col \/>\n<col \/>\n<col \/><\/colgroup>\n<tbody>\n<tr>\n<td colspan=\"1\" rowspan=\"1\"><strong>Produkto maistin\u0117 vert\u0117 (100 gram\u0173):<\/strong><\/td>\n<td colspan=\"1\" rowspan=\"1\"><strong>\u00a0Kcal<\/strong><\/td>\n<td colspan=\"1\" rowspan=\"1\"><strong>\u00a0Kj<\/strong><\/td>\n<\/tr>\n<tr>\n<td colspan=\"1\" rowspan=\"1\">Energin\u0117 vert\u0117:<\/td>\n<td colspan=\"1\" rowspan=\"1\">141.78<\/td>\n<td colspan=\"1\" rowspan=\"1\">593<\/td>\n<\/tr>\n<tr>\n<td colspan=\"1\" rowspan=\"1\">Fats<\/p>\n<p>\u2013 i\u0161 j\u0173 so\u010di\u0173j\u0173 riebal\u0173 \u2013<\/td>\n<td colspan=\"1\" rowspan=\"1\">0.05g<\/p>\n<p>0,01g<\/td>\n<td colspan=\"1\" rowspan=\"1\"><\/td>\n<\/tr>\n<tr>\n<td colspan=\"1\" rowspan=\"1\">Carbohydrates<\/td>\n<td colspan=\"1\" rowspan=\"1\">37.37g<\/td>\n<td colspan=\"1\" rowspan=\"1\"><\/td>\n<\/tr>\n<tr>\n<td colspan=\"1\" rowspan=\"1\">\u2013 i\u0161 j\u0173 cukr\u0173<\/td>\n<td colspan=\"1\" rowspan=\"1\">32.37g<\/td>\n<td colspan=\"1\" rowspan=\"1\"><\/td>\n<\/tr>\n<tr>\n<td colspan=\"1\" rowspan=\"1\">Skaidulos:<\/td>\n<td colspan=\"1\" rowspan=\"1\">0.17g<\/td>\n<td colspan=\"1\" rowspan=\"1\"><\/td>\n<\/tr>\n<tr>\n<td colspan=\"1\" rowspan=\"1\">Protein:<\/td>\n<td colspan=\"1\" rowspan=\"1\">0.09g<\/td>\n<td colspan=\"1\" rowspan=\"1\"><\/td>\n<\/tr>\n<tr>\n<td colspan=\"1\" rowspan=\"1\">Druska:<\/td>\n<td colspan=\"1\" rowspan=\"1\">0.40g<\/td>\n<td colspan=\"1\" rowspan=\"1\"><\/td>\n<\/tr>\n<\/tbody>\n<\/table>","protected":false},"excerpt":{"rendered":"<p>Sald\u017eiar\u016bg\u0161tis pagardas, pagamintas i\u0161 balt\u0173 grie\u017ein\u0117liais pjaustyt\u0173 svog\u016bn\u0173, acto, cukraus ir prieskoni\u0173. Rausvieji pipirai suteikia tekst\u016bros, \u0161velnaus a\u0161trumo bei i\u0161skirtinumo.<\/p>\n<p>Karamelizuot\u0173 svog\u016bn\u0173 \u010datn\u012f ragaukite su s\u016briu ir krekeriais, naudokite kaip keptos m\u0117sos, \u017euvies ,sumu\u0161tini\u0173 ar m\u0117saini\u0173 pada\u017e\u0105, \u012fmai\u0161ykite jo \u012f jogurt\u0105, kad i\u0161gautum\u0117te vasari\u0161k\u0105 gaiv\u0173 pagard\u0105. B\u016bkite k\u016brybi\u0161ki ir m\u0117gaukit\u0117s eksperimentais!<\/p>","protected":false},"featured_media":806,"comment_status":"open","ping_status":"closed","template":"","meta":[],"product_brand":[],"product_cat":[118],"product_tag":[26,31,27,22,32,33],"class_list":{"0":"post-290","1":"product","2":"type-product","3":"status-publish","4":"has-post-thumbnail","6":"product_cat-chatniai","7":"product_tag-catnis","8":"product_tag-karamelizuotas","9":"product_tag-rocky-spoon","10":"product_tag-skonio-ritmas","11":"product_tag-svogunas","12":"product_tag-svogunu","14":"first","15":"instock","16":"featured","17":"shipping-taxable","18":"purchasable","19":"product-type-simple"},"yoast_head":"<!-- This site is optimized with the Yoast SEO plugin v27.3 - https:\/\/yoast.com\/product\/yoast-seo-wordpress\/ -->\n<title>KARAMELIZUOTAS SVOG\u016aNAS - \u010cATNIS - ROCKY SPOON<\/title>\n<meta name=\"description\" content=\"ROCKY SPOON pasidid\u017eiavimas - KARAMELIZUOTAS SVOG\u016aNAS \u010cATNIS. Su rausvais pipirais suteikian\u010diais tekst\u016bros, \u0161velnaus a\u0161trumo bei i\u0161skirtinumo.\" \/>\n<meta name=\"robots\" content=\"index, follow, max-snippet:-1, max-image-preview:large, max-video-preview:-1\" \/>\n<link rel=\"canonical\" href=\"https:\/\/rockyspoon.lt\/en\/product\/karamelizuotas-svogunas-catnis-220g\/\" \/>\n<meta property=\"og:locale\" content=\"en_GB\" \/>\n<meta property=\"og:type\" content=\"article\" \/>\n<meta property=\"og:title\" content=\"KARAMELIZUOTAS SVOG\u016aNAS - \u010cATNIS - ROCKY SPOON\" \/>\n<meta property=\"og:description\" content=\"ROCKY SPOON pasidid\u017eiavimas - KARAMELIZUOTAS SVOG\u016aNAS \u010cATNIS. Su rausvais pipirais suteikian\u010diais tekst\u016bros, \u0161velnaus a\u0161trumo bei i\u0161skirtinumo.\" \/>\n<meta property=\"og:url\" content=\"https:\/\/rockyspoon.lt\/en\/product\/karamelizuotas-svogunas-catnis-220g\/\" \/>\n<meta property=\"og:site_name\" content=\"rockyspoon.lt\" \/>\n<meta property=\"article:publisher\" content=\"https:\/\/www.facebook.com\/profile.php?id=61564237763085\" \/>\n<meta property=\"article:modified_time\" content=\"2026-04-06T20:12:39+00:00\" \/>\n<meta property=\"og:image\" content=\"https:\/\/rockyspoon.lt\/wp-content\/uploads\/2025\/08\/20250825_154751a-scaled.jpg\" \/>\n\t<meta property=\"og:image:width\" content=\"2349\" \/>\n\t<meta property=\"og:image:height\" content=\"2560\" \/>\n\t<meta property=\"og:image:type\" content=\"image\/jpeg\" \/>\n<meta name=\"twitter:card\" content=\"summary_large_image\" \/>\n<meta name=\"twitter:label1\" content=\"Est. reading time\" \/>\n\t<meta name=\"twitter:data1\" content=\"1 minute\" \/>\n<script type=\"application\/ld+json\" class=\"yoast-schema-graph\">{\"@context\":\"https:\\\/\\\/schema.org\",\"@graph\":[{\"@type\":\"WebPage\",\"@id\":\"https:\\\/\\\/rockyspoon.lt\\\/produktas\\\/karamelizuotas-svogunas-catnis-220g\\\/\",\"url\":\"https:\\\/\\\/rockyspoon.lt\\\/produktas\\\/karamelizuotas-svogunas-catnis-220g\\\/\",\"name\":\"KARAMELIZUOTAS SVOG\u016aNAS - \u010cATNIS - ROCKY SPOON\",\"isPartOf\":{\"@id\":\"https:\\\/\\\/rockyspoon.lt\\\/#website\"},\"primaryImageOfPage\":{\"@id\":\"https:\\\/\\\/rockyspoon.lt\\\/produktas\\\/karamelizuotas-svogunas-catnis-220g\\\/#primaryimage\"},\"image\":{\"@id\":\"https:\\\/\\\/rockyspoon.lt\\\/produktas\\\/karamelizuotas-svogunas-catnis-220g\\\/#primaryimage\"},\"thumbnailUrl\":\"https:\\\/\\\/rockyspoon.lt\\\/wp-content\\\/uploads\\\/2025\\\/08\\\/20250825_154751a-scaled.jpg\",\"datePublished\":\"2024-09-05T05:06:41+00:00\",\"dateModified\":\"2026-04-06T20:12:39+00:00\",\"description\":\"ROCKY SPOON pasidid\u017eiavimas - KARAMELIZUOTAS SVOG\u016aNAS \u010cATNIS. Su rausvais pipirais suteikian\u010diais tekst\u016bros, \u0161velnaus a\u0161trumo bei i\u0161skirtinumo.\",\"breadcrumb\":{\"@id\":\"https:\\\/\\\/rockyspoon.lt\\\/produktas\\\/karamelizuotas-svogunas-catnis-220g\\\/#breadcrumb\"},\"inLanguage\":\"en-GB\",\"potentialAction\":[{\"@type\":\"ReadAction\",\"target\":[\"https:\\\/\\\/rockyspoon.lt\\\/produktas\\\/karamelizuotas-svogunas-catnis-220g\\\/\"]}]},{\"@type\":\"ImageObject\",\"inLanguage\":\"en-GB\",\"@id\":\"https:\\\/\\\/rockyspoon.lt\\\/produktas\\\/karamelizuotas-svogunas-catnis-220g\\\/#primaryimage\",\"url\":\"https:\\\/\\\/rockyspoon.lt\\\/wp-content\\\/uploads\\\/2025\\\/08\\\/20250825_154751a-scaled.jpg\",\"contentUrl\":\"https:\\\/\\\/rockyspoon.lt\\\/wp-content\\\/uploads\\\/2025\\\/08\\\/20250825_154751a-scaled.jpg\",\"width\":2349,\"height\":2560,\"caption\":\"Sald\u017eiar\u016bg\u0161tis pagardas, pagamintas i\u0161 balt\u0173 grie\u017ein\u0117liais pjaustyt\u0173 svog\u016bn\u0173, acto, cukraus ir prieskoni\u0173. Rausvieji pipirai suteikia tekst\u016bros, \u0161velnaus a\u0161trumo bei i\u0161skirtinumo.\"},{\"@type\":\"BreadcrumbList\",\"@id\":\"https:\\\/\\\/rockyspoon.lt\\\/produktas\\\/karamelizuotas-svogunas-catnis-220g\\\/#breadcrumb\",\"itemListElement\":[{\"@type\":\"ListItem\",\"position\":1,\"name\":\"Home\",\"item\":\"https:\\\/\\\/rockyspoon.lt\\\/\"},{\"@type\":\"ListItem\",\"position\":2,\"name\":\"Parduotuv\u0117\",\"item\":\"https:\\\/\\\/rockyspoon.lt\\\/parduotuve\\\/\"},{\"@type\":\"ListItem\",\"position\":3,\"name\":\"KARAMELIZUOTI SVOG\u016aNAI, \u010datnis\"}]},{\"@type\":\"WebSite\",\"@id\":\"https:\\\/\\\/rockyspoon.lt\\\/#website\",\"url\":\"https:\\\/\\\/rockyspoon.lt\\\/\",\"name\":\"Rocky Spoon\",\"description\":\"Rocky Spoon - Rank\u0173 Darbo Pada\u017eai ir Pagardai\",\"publisher\":{\"@id\":\"https:\\\/\\\/rockyspoon.lt\\\/#organization\"},\"potentialAction\":[{\"@type\":\"SearchAction\",\"target\":{\"@type\":\"EntryPoint\",\"urlTemplate\":\"https:\\\/\\\/rockyspoon.lt\\\/?s={search_term_string}\"},\"query-input\":{\"@type\":\"PropertyValueSpecification\",\"valueRequired\":true,\"valueName\":\"search_term_string\"}}],\"inLanguage\":\"en-GB\"},{\"@type\":\"Organization\",\"@id\":\"https:\\\/\\\/rockyspoon.lt\\\/#organization\",\"name\":\"Rocky Spoon\",\"url\":\"https:\\\/\\\/rockyspoon.lt\\\/\",\"logo\":{\"@type\":\"ImageObject\",\"inLanguage\":\"en-GB\",\"@id\":\"https:\\\/\\\/rockyspoon.lt\\\/#\\\/schema\\\/logo\\\/image\\\/\",\"url\":\"https:\\\/\\\/rockyspoon.lt\\\/wp-content\\\/uploads\\\/2024\\\/10\\\/cropped-android-chrome-192x192-1.png\",\"contentUrl\":\"https:\\\/\\\/rockyspoon.lt\\\/wp-content\\\/uploads\\\/2024\\\/10\\\/cropped-android-chrome-192x192-1.png\",\"width\":512,\"height\":512,\"caption\":\"Rocky Spoon\"},\"image\":{\"@id\":\"https:\\\/\\\/rockyspoon.lt\\\/#\\\/schema\\\/logo\\\/image\\\/\"},\"sameAs\":[\"https:\\\/\\\/www.facebook.com\\\/profile.php?id=61564237763085\"]}]}<\/script>\n<!-- \/ Yoast SEO plugin. -->","yoast_head_json":{"title":"KARAMELIZUOTAS SVOG\u016aNAS - \u010cATNIS - ROCKY SPOON","description":"ROCKY SPOON pasidid\u017eiavimas - KARAMELIZUOTAS SVOG\u016aNAS \u010cATNIS. Su rausvais pipirais suteikian\u010diais tekst\u016bros, \u0161velnaus a\u0161trumo bei i\u0161skirtinumo.","robots":{"index":"index","follow":"follow","max-snippet":"max-snippet:-1","max-image-preview":"max-image-preview:large","max-video-preview":"max-video-preview:-1"},"canonical":"https:\/\/rockyspoon.lt\/en\/product\/karamelizuotas-svogunas-catnis-220g\/","og_locale":"en_GB","og_type":"article","og_title":"KARAMELIZUOTAS SVOG\u016aNAS - \u010cATNIS - ROCKY SPOON","og_description":"ROCKY SPOON pasidid\u017eiavimas - KARAMELIZUOTAS SVOG\u016aNAS \u010cATNIS. Su rausvais pipirais suteikian\u010diais tekst\u016bros, \u0161velnaus a\u0161trumo bei i\u0161skirtinumo.","og_url":"https:\/\/rockyspoon.lt\/en\/product\/karamelizuotas-svogunas-catnis-220g\/","og_site_name":"rockyspoon.lt","article_publisher":"https:\/\/www.facebook.com\/profile.php?id=61564237763085","article_modified_time":"2026-04-06T20:12:39+00:00","og_image":[{"width":2349,"height":2560,"url":"https:\/\/rockyspoon.lt\/wp-content\/uploads\/2025\/08\/20250825_154751a-scaled.jpg","type":"image\/jpeg"}],"twitter_card":"summary_large_image","twitter_misc":{"Est. reading time":"1 minute"},"schema":{"@context":"https:\/\/schema.org","@graph":[{"@type":"WebPage","@id":"https:\/\/rockyspoon.lt\/produktas\/karamelizuotas-svogunas-catnis-220g\/","url":"https:\/\/rockyspoon.lt\/produktas\/karamelizuotas-svogunas-catnis-220g\/","name":"KARAMELIZUOTAS SVOG\u016aNAS - \u010cATNIS - ROCKY SPOON","isPartOf":{"@id":"https:\/\/rockyspoon.lt\/#website"},"primaryImageOfPage":{"@id":"https:\/\/rockyspoon.lt\/produktas\/karamelizuotas-svogunas-catnis-220g\/#primaryimage"},"image":{"@id":"https:\/\/rockyspoon.lt\/produktas\/karamelizuotas-svogunas-catnis-220g\/#primaryimage"},"thumbnailUrl":"https:\/\/rockyspoon.lt\/wp-content\/uploads\/2025\/08\/20250825_154751a-scaled.jpg","datePublished":"2024-09-05T05:06:41+00:00","dateModified":"2026-04-06T20:12:39+00:00","description":"ROCKY SPOON pasidid\u017eiavimas - KARAMELIZUOTAS SVOG\u016aNAS \u010cATNIS. Su rausvais pipirais suteikian\u010diais tekst\u016bros, \u0161velnaus a\u0161trumo bei i\u0161skirtinumo.","breadcrumb":{"@id":"https:\/\/rockyspoon.lt\/produktas\/karamelizuotas-svogunas-catnis-220g\/#breadcrumb"},"inLanguage":"en-GB","potentialAction":[{"@type":"ReadAction","target":["https:\/\/rockyspoon.lt\/produktas\/karamelizuotas-svogunas-catnis-220g\/"]}]},{"@type":"ImageObject","inLanguage":"en-GB","@id":"https:\/\/rockyspoon.lt\/produktas\/karamelizuotas-svogunas-catnis-220g\/#primaryimage","url":"https:\/\/rockyspoon.lt\/wp-content\/uploads\/2025\/08\/20250825_154751a-scaled.jpg","contentUrl":"https:\/\/rockyspoon.lt\/wp-content\/uploads\/2025\/08\/20250825_154751a-scaled.jpg","width":2349,"height":2560,"caption":"Sald\u017eiar\u016bg\u0161tis pagardas, pagamintas i\u0161 balt\u0173 grie\u017ein\u0117liais pjaustyt\u0173 svog\u016bn\u0173, acto, cukraus ir prieskoni\u0173. Rausvieji pipirai suteikia tekst\u016bros, \u0161velnaus a\u0161trumo bei i\u0161skirtinumo."},{"@type":"BreadcrumbList","@id":"https:\/\/rockyspoon.lt\/produktas\/karamelizuotas-svogunas-catnis-220g\/#breadcrumb","itemListElement":[{"@type":"ListItem","position":1,"name":"Home","item":"https:\/\/rockyspoon.lt\/"},{"@type":"ListItem","position":2,"name":"Parduotuv\u0117","item":"https:\/\/rockyspoon.lt\/parduotuve\/"},{"@type":"ListItem","position":3,"name":"KARAMELIZUOTI SVOG\u016aNAI, \u010datnis"}]},{"@type":"WebSite","@id":"https:\/\/rockyspoon.lt\/#website","url":"https:\/\/rockyspoon.lt\/","name":"Rocky Spoon","description":"Rocky Spoon - Rank\u0173 Darbo Pada\u017eai ir Pagardai","publisher":{"@id":"https:\/\/rockyspoon.lt\/#organization"},"potentialAction":[{"@type":"SearchAction","target":{"@type":"EntryPoint","urlTemplate":"https:\/\/rockyspoon.lt\/?s={search_term_string}"},"query-input":{"@type":"PropertyValueSpecification","valueRequired":true,"valueName":"search_term_string"}}],"inLanguage":"en-GB"},{"@type":"Organization","@id":"https:\/\/rockyspoon.lt\/#organization","name":"Rocky Spoon","url":"https:\/\/rockyspoon.lt\/","logo":{"@type":"ImageObject","inLanguage":"en-GB","@id":"https:\/\/rockyspoon.lt\/#\/schema\/logo\/image\/","url":"https:\/\/rockyspoon.lt\/wp-content\/uploads\/2024\/10\/cropped-android-chrome-192x192-1.png","contentUrl":"https:\/\/rockyspoon.lt\/wp-content\/uploads\/2024\/10\/cropped-android-chrome-192x192-1.png","width":512,"height":512,"caption":"Rocky Spoon"},"image":{"@id":"https:\/\/rockyspoon.lt\/#\/schema\/logo\/image\/"},"sameAs":["https:\/\/www.facebook.com\/profile.php?id=61564237763085"]}]}},"jetpack_sharing_enabled":true,"_links":{"self":[{"href":"https:\/\/rockyspoon.lt\/en\/wp-json\/wp\/v2\/product\/290","targetHints":{"allow":["GET"]}}],"collection":[{"href":"https:\/\/rockyspoon.lt\/en\/wp-json\/wp\/v2\/product"}],"about":[{"href":"https:\/\/rockyspoon.lt\/en\/wp-json\/wp\/v2\/types\/product"}],"replies":[{"embeddable":true,"href":"https:\/\/rockyspoon.lt\/en\/wp-json\/wp\/v2\/comments?post=290"}],"wp:featuredmedia":[{"embeddable":true,"href":"https:\/\/rockyspoon.lt\/en\/wp-json\/wp\/v2\/media\/806"}],"wp:attachment":[{"href":"https:\/\/rockyspoon.lt\/en\/wp-json\/wp\/v2\/media?parent=290"}],"wp:term":[{"taxonomy":"product_brand","embeddable":true,"href":"https:\/\/rockyspoon.lt\/en\/wp-json\/wp\/v2\/product_brand?post=290"},{"taxonomy":"product_cat","embeddable":true,"href":"https:\/\/rockyspoon.lt\/en\/wp-json\/wp\/v2\/product_cat?post=290"},{"taxonomy":"product_tag","embeddable":true,"href":"https:\/\/rockyspoon.lt\/en\/wp-json\/wp\/v2\/product_tag?post=290"}],"curies":[{"name":"wp","href":"https:\/\/api.w.org\/{rel}","templated":true}]}}