{"id":289,"date":"2024-09-05T05:04:00","date_gmt":"2024-09-05T05:04:00","guid":{"rendered":"https:\/\/rockyspoon.lt\/?post_type=product&#038;p=289"},"modified":"2026-04-08T17:16:52","modified_gmt":"2026-04-08T17:16:52","slug":"mangas-catnis-120g","status":"publish","type":"product","link":"https:\/\/rockyspoon.lt\/en\/product\/mangas-catnis-120g\/","title":{"rendered":"MANGO CHUTNEY"},"content":{"rendered":"<p><strong>Ingredients<\/strong>: Mangai (55%), cukrus, vanduo, tapijokos krakmolas, \u010desnakas, joduota druska, obuoli\u0173 actas, juodgr\u016bd\u0117s s\u0117klos, r\u016bkyta paprika, maltas kuminas, o\u017erag\u0117s s\u0117klos, juodieji pipirai, malti gvazdik\u0117liai, kardamonas, mi\u0161ri\u0173 prieskoni\u0173 mi\u0161inys.<\/p>\n<p>&nbsp;<\/p>\n<p><strong>Storage conditions<\/strong> \u2013 laikyti v\u0117sioje, tamsioje vietoje<\/p>\n<p><strong>Atidarius<\/strong>\u00a0laikyti \u0161aldytuve ir sunaudoti per 7 dienas<\/p>\n<p><strong>Gamintojas<\/strong> MB Rocky Spoon Siesarties g 3 Luk\u0161iai \u0160aki\u0173 raj Marijampol\u0117s apskritis. <a href=\"https:\/\/rockyspoon.lt\/en\/\"><strong>www.rockyspoon.lt<\/strong><\/a> +37060666620\u00a0 +37060999920<\/p>\n<p>Net weight 120g<\/p>\n<div class=\"additional-info-sections__item-title-wrapper\" data-v-9b7c3ab8=\"\">\n<h2 class=\"additional-info-sections__item-title\" data-v-9b7c3ab8=\"\">Produkto maistin\u0117 vert\u0117<\/h2>\n<\/div>\n<table>\n<colgroup>\n<col \/>\n<col \/>\n<col \/><\/colgroup>\n<tbody>\n<tr>\n<td colspan=\"1\" rowspan=\"1\"><strong>Produkto\u00a0 maistin\u0117 vert\u0117 (100 gram\u0173):<\/strong><\/td>\n<td colspan=\"1\" rowspan=\"1\"><strong>\u00a0Kcal<\/strong><\/td>\n<td colspan=\"1\" rowspan=\"1\"><strong>\u00a0Kj<\/strong><\/td>\n<\/tr>\n<tr>\n<td colspan=\"1\" rowspan=\"1\">Energin\u0117 vert\u0117:<\/td>\n<td colspan=\"1\" rowspan=\"1\">171.19<\/td>\n<td colspan=\"1\" rowspan=\"1\">716<\/td>\n<\/tr>\n<tr>\n<td colspan=\"1\" rowspan=\"1\">Fats<\/td>\n<td colspan=\"1\" rowspan=\"1\">0.22g<\/td>\n<td colspan=\"1\" rowspan=\"1\"><\/td>\n<\/tr>\n<tr>\n<td colspan=\"1\" rowspan=\"1\">\u2013 i\u0161 j\u0173 so\u010di\u0173j\u0173 riebal\u0173<\/td>\n<td colspan=\"1\" rowspan=\"1\">0.03g<\/td>\n<td colspan=\"1\" rowspan=\"1\"><\/td>\n<\/tr>\n<tr>\n<td colspan=\"1\" rowspan=\"1\">Neso\u010diosios riebal\u0173 r\u016bg\u0161tys:<\/td>\n<td colspan=\"1\" rowspan=\"1\">0.04g<\/td>\n<td colspan=\"1\" rowspan=\"1\"><\/td>\n<\/tr>\n<tr>\n<td colspan=\"1\" rowspan=\"1\">Carbohydrates<\/td>\n<td colspan=\"1\" rowspan=\"1\">42.93g<\/td>\n<td colspan=\"1\" rowspan=\"1\"><\/td>\n<\/tr>\n<tr>\n<td colspan=\"1\" rowspan=\"1\">\u2013 i\u0161 j\u0173 cukr\u0173<\/td>\n<td colspan=\"1\" rowspan=\"1\">39.97g<\/td>\n<td colspan=\"1\" rowspan=\"1\"><\/td>\n<\/tr>\n<tr>\n<td colspan=\"1\" rowspan=\"1\">Skaidulos:<\/td>\n<td colspan=\"1\" rowspan=\"1\">0.08g<\/td>\n<td colspan=\"1\" rowspan=\"1\"><\/td>\n<\/tr>\n<tr>\n<td colspan=\"1\" rowspan=\"1\">Protein:<\/td>\n<td colspan=\"1\" rowspan=\"1\">0.65g<\/td>\n<td colspan=\"1\" rowspan=\"1\"><\/td>\n<\/tr>\n<tr>\n<td colspan=\"1\" rowspan=\"1\">Druska:<\/td>\n<td colspan=\"1\" rowspan=\"1\">0.20g<\/td>\n<td colspan=\"1\" rowspan=\"1\"><\/td>\n<\/tr>\n<\/tbody>\n<\/table>","protected":false},"excerpt":{"rendered":"<p>\u2b50 Vienas populiariausi\u0173 Rocky Spoon skoni\u0173<\/p>\n<p>Sald\u017eiar\u016bg\u0161tis mango \u010datnis, kuris tinka beveik prie visko.<br \/>\nPuikus prie s\u016brio, m\u0117sos, dar\u017eovi\u0173, u\u017ekand\u017ei\u0173 ar net paprasto sumu\u0161tinio.<\/p>\n<p>Tinka su:<\/p>\n<ul>\n<li>s\u016briais ir krekeriais<\/li>\n<li>kepta m\u0117sa \/ BBQ<\/li>\n<li>dar\u017eov\u0117mis, humusu<\/li>\n<li>sumu\u0161tiniais<\/li>\n<\/ul>\n<p>Atrask savo derin\u012f.<\/p>\n<p>Rank\u0173 darbo, ma\u017eomis partijomis gaminamas Lietuvoje.<\/p>\n<p>Nori a\u0161triau?<br \/>\n<a href=\"https:\/\/rockyspoon.lt\/en\/product\/habanero-mangas-catnis\/\">Mango Habanero \u010datn\u012f<\/a><br \/>\n<a href=\"https:\/\/rockyspoon.lt\/en\/product\/cili-paprika-dzemas-230g\/\">\u010cili paprik\u0173 d\u017eem\u0105<\/a><\/p>","protected":false},"featured_media":807,"comment_status":"open","ping_status":"closed","template":"","meta":[],"product_brand":[],"product_cat":[118],"product_tag":[26,72,28,29,73,27,53,76],"class_list":{"0":"post-289","1":"product","2":"type-product","3":"status-publish","4":"has-post-thumbnail","6":"product_cat-chatniai","7":"product_tag-catnis","8":"product_tag-gurmaniskas","9":"product_tag-mangas","10":"product_tag-mango","11":"product_tag-pagardas-prie-surio","12":"product_tag-rocky-spoon","13":"product_tag-saldziarugstis","14":"product_tag-skanus-padazas","16":"first","17":"instock","18":"featured","19":"shipping-taxable","20":"purchasable","21":"product-type-simple"},"yoast_head":"<!-- This site is optimized with the Yoast SEO plugin v27.3 - https:\/\/yoast.com\/product\/yoast-seo-wordpress\/ -->\n<title>MANGAS - ROCKY SPOON mango \u010datnis<\/title>\n<meta name=\"description\" content=\"MANGAS - ROCKY SPOON mango \u010datnis. \u012edomus bei nustebinantis, rytieti\u0161kais prieskoniais spindintis skonis, kurio norisi dar ir dar...\" \/>\n<meta name=\"robots\" content=\"index, follow, max-snippet:-1, max-image-preview:large, max-video-preview:-1\" \/>\n<link rel=\"canonical\" href=\"https:\/\/rockyspoon.lt\/en\/product\/mangas-catnis-120g\/\" \/>\n<meta property=\"og:locale\" content=\"en_GB\" \/>\n<meta property=\"og:type\" content=\"article\" \/>\n<meta property=\"og:title\" content=\"MANGAS - ROCKY SPOON mango \u010datnis\" \/>\n<meta property=\"og:description\" content=\"MANGAS - ROCKY SPOON mango \u010datnis. \u012edomus bei nustebinantis, rytieti\u0161kais prieskoniais spindintis skonis, kurio norisi dar ir dar...\" \/>\n<meta property=\"og:url\" content=\"https:\/\/rockyspoon.lt\/en\/product\/mangas-catnis-120g\/\" \/>\n<meta property=\"og:site_name\" content=\"rockyspoon.lt\" \/>\n<meta property=\"article:publisher\" content=\"https:\/\/www.facebook.com\/profile.php?id=61564237763085\" \/>\n<meta property=\"article:modified_time\" content=\"2026-04-08T17:16:52+00:00\" \/>\n<meta property=\"og:image\" content=\"https:\/\/rockyspoon.lt\/wp-content\/uploads\/2025\/08\/20250825_154821a.jpg\" \/>\n\t<meta property=\"og:image:width\" content=\"2468\" \/>\n\t<meta property=\"og:image:height\" content=\"2531\" \/>\n\t<meta property=\"og:image:type\" content=\"image\/jpeg\" \/>\n<meta name=\"twitter:card\" content=\"summary_large_image\" \/>\n<meta name=\"twitter:label1\" content=\"Est. reading time\" \/>\n\t<meta name=\"twitter:data1\" content=\"1 minute\" \/>\n<script type=\"application\/ld+json\" class=\"yoast-schema-graph\">{\"@context\":\"https:\\\/\\\/schema.org\",\"@graph\":[{\"@type\":\"WebPage\",\"@id\":\"https:\\\/\\\/rockyspoon.lt\\\/produktas\\\/mangas-catnis-120g\\\/\",\"url\":\"https:\\\/\\\/rockyspoon.lt\\\/produktas\\\/mangas-catnis-120g\\\/\",\"name\":\"MANGAS - ROCKY SPOON mango \u010datnis\",\"isPartOf\":{\"@id\":\"https:\\\/\\\/rockyspoon.lt\\\/#website\"},\"primaryImageOfPage\":{\"@id\":\"https:\\\/\\\/rockyspoon.lt\\\/produktas\\\/mangas-catnis-120g\\\/#primaryimage\"},\"image\":{\"@id\":\"https:\\\/\\\/rockyspoon.lt\\\/produktas\\\/mangas-catnis-120g\\\/#primaryimage\"},\"thumbnailUrl\":\"https:\\\/\\\/rockyspoon.lt\\\/wp-content\\\/uploads\\\/2025\\\/08\\\/20250825_154821a.jpg\",\"datePublished\":\"2024-09-05T05:04:00+00:00\",\"dateModified\":\"2026-04-08T17:16:52+00:00\",\"description\":\"MANGAS - ROCKY SPOON mango \u010datnis. \u012edomus bei nustebinantis, rytieti\u0161kais prieskoniais spindintis skonis, kurio norisi dar ir dar...\",\"breadcrumb\":{\"@id\":\"https:\\\/\\\/rockyspoon.lt\\\/produktas\\\/mangas-catnis-120g\\\/#breadcrumb\"},\"inLanguage\":\"en-GB\",\"potentialAction\":[{\"@type\":\"ReadAction\",\"target\":[\"https:\\\/\\\/rockyspoon.lt\\\/produktas\\\/mangas-catnis-120g\\\/\"]}]},{\"@type\":\"ImageObject\",\"inLanguage\":\"en-GB\",\"@id\":\"https:\\\/\\\/rockyspoon.lt\\\/produktas\\\/mangas-catnis-120g\\\/#primaryimage\",\"url\":\"https:\\\/\\\/rockyspoon.lt\\\/wp-content\\\/uploads\\\/2025\\\/08\\\/20250825_154821a.jpg\",\"contentUrl\":\"https:\\\/\\\/rockyspoon.lt\\\/wp-content\\\/uploads\\\/2025\\\/08\\\/20250825_154821a.jpg\",\"width\":2468,\"height\":2531,\"caption\":\"MANGAS, \u010datnis Rocky Spoon\"},{\"@type\":\"BreadcrumbList\",\"@id\":\"https:\\\/\\\/rockyspoon.lt\\\/produktas\\\/mangas-catnis-120g\\\/#breadcrumb\",\"itemListElement\":[{\"@type\":\"ListItem\",\"position\":1,\"name\":\"Home\",\"item\":\"https:\\\/\\\/rockyspoon.lt\\\/\"},{\"@type\":\"ListItem\",\"position\":2,\"name\":\"Parduotuv\u0117\",\"item\":\"https:\\\/\\\/rockyspoon.lt\\\/parduotuve\\\/\"},{\"@type\":\"ListItem\",\"position\":3,\"name\":\"MANGAS, \u010datnis\"}]},{\"@type\":\"WebSite\",\"@id\":\"https:\\\/\\\/rockyspoon.lt\\\/#website\",\"url\":\"https:\\\/\\\/rockyspoon.lt\\\/\",\"name\":\"Rocky Spoon\",\"description\":\"Rocky Spoon - Rank\u0173 Darbo Pada\u017eai ir Pagardai\",\"publisher\":{\"@id\":\"https:\\\/\\\/rockyspoon.lt\\\/#organization\"},\"potentialAction\":[{\"@type\":\"SearchAction\",\"target\":{\"@type\":\"EntryPoint\",\"urlTemplate\":\"https:\\\/\\\/rockyspoon.lt\\\/?s={search_term_string}\"},\"query-input\":{\"@type\":\"PropertyValueSpecification\",\"valueRequired\":true,\"valueName\":\"search_term_string\"}}],\"inLanguage\":\"en-GB\"},{\"@type\":\"Organization\",\"@id\":\"https:\\\/\\\/rockyspoon.lt\\\/#organization\",\"name\":\"Rocky Spoon\",\"url\":\"https:\\\/\\\/rockyspoon.lt\\\/\",\"logo\":{\"@type\":\"ImageObject\",\"inLanguage\":\"en-GB\",\"@id\":\"https:\\\/\\\/rockyspoon.lt\\\/#\\\/schema\\\/logo\\\/image\\\/\",\"url\":\"https:\\\/\\\/rockyspoon.lt\\\/wp-content\\\/uploads\\\/2024\\\/10\\\/cropped-android-chrome-192x192-1.png\",\"contentUrl\":\"https:\\\/\\\/rockyspoon.lt\\\/wp-content\\\/uploads\\\/2024\\\/10\\\/cropped-android-chrome-192x192-1.png\",\"width\":512,\"height\":512,\"caption\":\"Rocky Spoon\"},\"image\":{\"@id\":\"https:\\\/\\\/rockyspoon.lt\\\/#\\\/schema\\\/logo\\\/image\\\/\"},\"sameAs\":[\"https:\\\/\\\/www.facebook.com\\\/profile.php?id=61564237763085\"]}]}<\/script>\n<!-- \/ Yoast SEO plugin. -->","yoast_head_json":{"title":"MANGAS - ROCKY SPOON mango \u010datnis","description":"MANGAS - ROCKY SPOON mango \u010datnis. \u012edomus bei nustebinantis, rytieti\u0161kais prieskoniais spindintis skonis, kurio norisi dar ir dar...","robots":{"index":"index","follow":"follow","max-snippet":"max-snippet:-1","max-image-preview":"max-image-preview:large","max-video-preview":"max-video-preview:-1"},"canonical":"https:\/\/rockyspoon.lt\/en\/product\/mangas-catnis-120g\/","og_locale":"en_GB","og_type":"article","og_title":"MANGAS - ROCKY SPOON mango \u010datnis","og_description":"MANGAS - ROCKY SPOON mango \u010datnis. \u012edomus bei nustebinantis, rytieti\u0161kais prieskoniais spindintis skonis, kurio norisi dar ir dar...","og_url":"https:\/\/rockyspoon.lt\/en\/product\/mangas-catnis-120g\/","og_site_name":"rockyspoon.lt","article_publisher":"https:\/\/www.facebook.com\/profile.php?id=61564237763085","article_modified_time":"2026-04-08T17:16:52+00:00","og_image":[{"width":2468,"height":2531,"url":"https:\/\/rockyspoon.lt\/wp-content\/uploads\/2025\/08\/20250825_154821a.jpg","type":"image\/jpeg"}],"twitter_card":"summary_large_image","twitter_misc":{"Est. reading time":"1 minute"},"schema":{"@context":"https:\/\/schema.org","@graph":[{"@type":"WebPage","@id":"https:\/\/rockyspoon.lt\/produktas\/mangas-catnis-120g\/","url":"https:\/\/rockyspoon.lt\/produktas\/mangas-catnis-120g\/","name":"MANGAS - ROCKY SPOON mango \u010datnis","isPartOf":{"@id":"https:\/\/rockyspoon.lt\/#website"},"primaryImageOfPage":{"@id":"https:\/\/rockyspoon.lt\/produktas\/mangas-catnis-120g\/#primaryimage"},"image":{"@id":"https:\/\/rockyspoon.lt\/produktas\/mangas-catnis-120g\/#primaryimage"},"thumbnailUrl":"https:\/\/rockyspoon.lt\/wp-content\/uploads\/2025\/08\/20250825_154821a.jpg","datePublished":"2024-09-05T05:04:00+00:00","dateModified":"2026-04-08T17:16:52+00:00","description":"MANGAS - ROCKY SPOON mango \u010datnis. \u012edomus bei nustebinantis, rytieti\u0161kais prieskoniais spindintis skonis, kurio norisi dar ir dar...","breadcrumb":{"@id":"https:\/\/rockyspoon.lt\/produktas\/mangas-catnis-120g\/#breadcrumb"},"inLanguage":"en-GB","potentialAction":[{"@type":"ReadAction","target":["https:\/\/rockyspoon.lt\/produktas\/mangas-catnis-120g\/"]}]},{"@type":"ImageObject","inLanguage":"en-GB","@id":"https:\/\/rockyspoon.lt\/produktas\/mangas-catnis-120g\/#primaryimage","url":"https:\/\/rockyspoon.lt\/wp-content\/uploads\/2025\/08\/20250825_154821a.jpg","contentUrl":"https:\/\/rockyspoon.lt\/wp-content\/uploads\/2025\/08\/20250825_154821a.jpg","width":2468,"height":2531,"caption":"MANGAS, \u010datnis Rocky Spoon"},{"@type":"BreadcrumbList","@id":"https:\/\/rockyspoon.lt\/produktas\/mangas-catnis-120g\/#breadcrumb","itemListElement":[{"@type":"ListItem","position":1,"name":"Home","item":"https:\/\/rockyspoon.lt\/"},{"@type":"ListItem","position":2,"name":"Parduotuv\u0117","item":"https:\/\/rockyspoon.lt\/parduotuve\/"},{"@type":"ListItem","position":3,"name":"MANGAS, \u010datnis"}]},{"@type":"WebSite","@id":"https:\/\/rockyspoon.lt\/#website","url":"https:\/\/rockyspoon.lt\/","name":"Rocky Spoon","description":"Rocky Spoon - Rank\u0173 Darbo Pada\u017eai ir Pagardai","publisher":{"@id":"https:\/\/rockyspoon.lt\/#organization"},"potentialAction":[{"@type":"SearchAction","target":{"@type":"EntryPoint","urlTemplate":"https:\/\/rockyspoon.lt\/?s={search_term_string}"},"query-input":{"@type":"PropertyValueSpecification","valueRequired":true,"valueName":"search_term_string"}}],"inLanguage":"en-GB"},{"@type":"Organization","@id":"https:\/\/rockyspoon.lt\/#organization","name":"Rocky Spoon","url":"https:\/\/rockyspoon.lt\/","logo":{"@type":"ImageObject","inLanguage":"en-GB","@id":"https:\/\/rockyspoon.lt\/#\/schema\/logo\/image\/","url":"https:\/\/rockyspoon.lt\/wp-content\/uploads\/2024\/10\/cropped-android-chrome-192x192-1.png","contentUrl":"https:\/\/rockyspoon.lt\/wp-content\/uploads\/2024\/10\/cropped-android-chrome-192x192-1.png","width":512,"height":512,"caption":"Rocky Spoon"},"image":{"@id":"https:\/\/rockyspoon.lt\/#\/schema\/logo\/image\/"},"sameAs":["https:\/\/www.facebook.com\/profile.php?id=61564237763085"]}]}},"jetpack_sharing_enabled":true,"_links":{"self":[{"href":"https:\/\/rockyspoon.lt\/en\/wp-json\/wp\/v2\/product\/289","targetHints":{"allow":["GET"]}}],"collection":[{"href":"https:\/\/rockyspoon.lt\/en\/wp-json\/wp\/v2\/product"}],"about":[{"href":"https:\/\/rockyspoon.lt\/en\/wp-json\/wp\/v2\/types\/product"}],"replies":[{"embeddable":true,"href":"https:\/\/rockyspoon.lt\/en\/wp-json\/wp\/v2\/comments?post=289"}],"wp:featuredmedia":[{"embeddable":true,"href":"https:\/\/rockyspoon.lt\/en\/wp-json\/wp\/v2\/media\/807"}],"wp:attachment":[{"href":"https:\/\/rockyspoon.lt\/en\/wp-json\/wp\/v2\/media?parent=289"}],"wp:term":[{"taxonomy":"product_brand","embeddable":true,"href":"https:\/\/rockyspoon.lt\/en\/wp-json\/wp\/v2\/product_brand?post=289"},{"taxonomy":"product_cat","embeddable":true,"href":"https:\/\/rockyspoon.lt\/en\/wp-json\/wp\/v2\/product_cat?post=289"},{"taxonomy":"product_tag","embeddable":true,"href":"https:\/\/rockyspoon.lt\/en\/wp-json\/wp\/v2\/product_tag?post=289"}],"curies":[{"name":"wp","href":"https:\/\/api.w.org\/{rel}","templated":true}]}}