{"id":288,"date":"2024-09-05T05:00:25","date_gmt":"2024-09-05T05:00:25","guid":{"rendered":"https:\/\/rockyspoon.lt\/?post_type=product&#038;p=288"},"modified":"2026-04-06T16:01:47","modified_gmt":"2026-04-06T16:01:47","slug":"obuoliai-ir-elis-catnis-120g","status":"publish","type":"product","link":"https:\/\/rockyspoon.lt\/en\/product\/obuoliai-ir-elis-catnis-120g\/","title":{"rendered":"APPLE AND ALE CHUTNEY"},"content":{"rendered":"<p><strong>Ingredients<\/strong>: svog\u016bnai, obuoliai (22%), balto vyno actas, cukrus, d\u017eiovinta raudonoji paprika, vanduo, tamsus elis \u2013 alus (5,5%), tapijokos krakmolas, a\u0161tr\u016bs \u010dili pipirai, <strong>garsty\u010di\u0173 s\u0117klos<\/strong>, d\u017eiovintos petra\u017eol\u0117s, kuminas.<\/p>\n<p>&nbsp;<\/p>\n<p><strong>Storage conditions<\/strong> \u2013 laikyti v\u0117sioje, tamsioje vietoje<\/p>\n<p><strong>Atidarius<\/strong>\u00a0laikyti \u0161aldytuve ir sunaudoti per 7 dienas<\/p>\n<p><strong>Gamintojas<\/strong> MB Rocky Spoon Siesarties g 3 Luk\u0161iai \u0160aki\u0173 raj Marijampol\u0117s apskritis. <a href=\"https:\/\/rockyspoon.lt\/en\/\"><strong>www.rockyspoon.lt<\/strong><\/a> +37060666620\u00a0 +37060999920<\/p>\n<p>Net weight 120g<\/p>\n<div class=\"additional-info-sections__item-title-wrapper\" data-v-9b7c3ab8=\"\">\n<h2 class=\"additional-info-sections__item-title\" data-v-9b7c3ab8=\"\">Produkto maistin\u0117 vert\u0117<\/h2>\n<\/div>\n<table>\n<colgroup>\n<col \/>\n<col \/>\n<col \/><\/colgroup>\n<tbody>\n<tr>\n<td colspan=\"1\" rowspan=\"1\"><strong>Produkto maistin\u0117 vert\u0117 (100 gram\u0173):<\/strong><\/td>\n<td colspan=\"1\" rowspan=\"1\">\u00a0Kcal<\/td>\n<td colspan=\"1\" rowspan=\"1\">\u00a0Kj<\/td>\n<\/tr>\n<tr>\n<td colspan=\"1\" rowspan=\"1\">Kalorijos:<\/td>\n<td colspan=\"1\" rowspan=\"1\">102<\/td>\n<td colspan=\"1\" rowspan=\"1\">428<\/td>\n<\/tr>\n<tr>\n<td colspan=\"1\" rowspan=\"1\">Fats<\/td>\n<td colspan=\"1\" rowspan=\"1\">0.5g<\/td>\n<td colspan=\"1\" rowspan=\"1\"><\/td>\n<\/tr>\n<tr>\n<td colspan=\"1\" rowspan=\"1\">\u2013 i\u0161 j\u0173 so\u010di\u0173j\u0173 riebal\u0173<\/td>\n<td colspan=\"1\" rowspan=\"1\">0.02g<\/td>\n<td colspan=\"1\" rowspan=\"1\"><\/td>\n<\/tr>\n<tr>\n<td colspan=\"1\" rowspan=\"1\">Carbohydrates<\/td>\n<td colspan=\"1\" rowspan=\"1\">25g<\/td>\n<td colspan=\"1\" rowspan=\"1\"><\/td>\n<\/tr>\n<tr>\n<td colspan=\"1\" rowspan=\"1\">\u2013 i\u0161 j\u0173 cukr\u0173<\/td>\n<td colspan=\"1\" rowspan=\"1\">21g<\/td>\n<td colspan=\"1\" rowspan=\"1\"><\/td>\n<\/tr>\n<tr>\n<td colspan=\"1\" rowspan=\"1\">Skaidulos:<\/td>\n<td colspan=\"1\" rowspan=\"1\">1g<\/td>\n<td colspan=\"1\" rowspan=\"1\"><\/td>\n<\/tr>\n<tr>\n<td colspan=\"1\" rowspan=\"1\">Protein:<\/td>\n<td colspan=\"1\" rowspan=\"1\">0.6g<\/td>\n<td colspan=\"1\" rowspan=\"1\"><\/td>\n<\/tr>\n<tr>\n<td colspan=\"1\" rowspan=\"1\">Druska:<\/td>\n<td colspan=\"1\" rowspan=\"1\">0.001g<\/td>\n<td colspan=\"1\" rowspan=\"1\"><\/td>\n<\/tr>\n<\/tbody>\n<\/table>","protected":false},"excerpt":{"rendered":"<p>Sald\u017eiar\u016bg\u0161tis pagardas, skoniais susipyn\u0119s su nat\u016braliu obuoli\u0173 saldumu ir lengva acto r\u016bg\u0161tele. Elis \u012fne\u0161a \u0161iek tiek kartaus, malonaus skonio bei pagyvina kitus ingredientus. O vaisi\u0173 ir paprik\u0173 gabal\u0117liai suteikia tekst\u016bros.<\/p>\n<p>Obuoli\u0173 ir elio \u010datnis puikiai dera su \u012fvairiausiais skoniais, ypa\u010d pikanti\u0161kesniais ar riebesniais patiekalais. Jis ne tik suteiks papildomo skonio, bet ir pad\u0117s subalansuoti riebum\u0105!<\/p>","protected":false},"featured_media":815,"comment_status":"open","ping_status":"closed","template":"","meta":[],"product_brand":[],"product_cat":[118],"product_tag":[25,26,24,72,75,23,74,73,27,53,71,22],"class_list":{"0":"post-288","1":"product","2":"type-product","3":"status-publish","4":"has-post-thumbnail","6":"product_cat-chatniai","7":"product_tag-alus","8":"product_tag-catnis","9":"product_tag-elis","10":"product_tag-gurmaniskas","11":"product_tag-kamado","12":"product_tag-obuoliai","13":"product_tag-pagardas-prie-grill","14":"product_tag-pagardas-prie-surio","15":"product_tag-rocky-spoon","16":"product_tag-saldziarugstis","17":"product_tag-skanu","18":"product_tag-skonio-ritmas","20":"first","21":"instock","22":"shipping-taxable","23":"purchasable","24":"product-type-simple"},"yoast_head":"<!-- This site is optimized with the Yoast SEO plugin v27.3 - https:\/\/yoast.com\/product\/yoast-seo-wordpress\/ -->\n<title>OBUOLIAI IR ELIS- ROCKY SPOON \u010cATNIS<\/title>\n<meta name=\"description\" content=\"OBUOLIAI IR ELIS- ROCKY SPOON \u010cATNIS Sald\u017eiar\u016bg\u0161tis pagardas, skoniais susipyn\u0119s su nat\u016braliu obuoli\u0173 saldumu, lengva acto r\u016bg\u0161tele ir elio kartumu.\" \/>\n<meta name=\"robots\" content=\"index, follow, max-snippet:-1, max-image-preview:large, max-video-preview:-1\" \/>\n<link rel=\"canonical\" href=\"https:\/\/rockyspoon.lt\/en\/product\/obuoliai-ir-elis-catnis-120g\/\" \/>\n<meta property=\"og:locale\" content=\"en_GB\" \/>\n<meta property=\"og:type\" content=\"article\" \/>\n<meta property=\"og:title\" content=\"OBUOLIAI IR ELIS- ROCKY SPOON \u010cATNIS\" \/>\n<meta property=\"og:description\" content=\"OBUOLIAI IR ELIS- ROCKY SPOON \u010cATNIS Sald\u017eiar\u016bg\u0161tis pagardas, skoniais susipyn\u0119s su nat\u016braliu obuoli\u0173 saldumu, lengva acto r\u016bg\u0161tele ir elio kartumu.\" \/>\n<meta property=\"og:url\" content=\"https:\/\/rockyspoon.lt\/en\/product\/obuoliai-ir-elis-catnis-120g\/\" \/>\n<meta property=\"og:site_name\" content=\"rockyspoon.lt\" \/>\n<meta property=\"article:publisher\" content=\"https:\/\/www.facebook.com\/profile.php?id=61564237763085\" \/>\n<meta property=\"article:modified_time\" content=\"2026-04-06T16:01:47+00:00\" \/>\n<meta property=\"og:image\" content=\"https:\/\/rockyspoon.lt\/wp-content\/uploads\/2025\/08\/20250825_171047a-scaled.jpg\" \/>\n\t<meta property=\"og:image:width\" content=\"2386\" \/>\n\t<meta property=\"og:image:height\" content=\"2560\" \/>\n\t<meta property=\"og:image:type\" content=\"image\/jpeg\" \/>\n<meta name=\"twitter:card\" content=\"summary_large_image\" \/>\n<meta name=\"twitter:label1\" content=\"Est. reading time\" \/>\n\t<meta name=\"twitter:data1\" content=\"1 minute\" \/>\n<script type=\"application\/ld+json\" class=\"yoast-schema-graph\">{\"@context\":\"https:\\\/\\\/schema.org\",\"@graph\":[{\"@type\":\"WebPage\",\"@id\":\"https:\\\/\\\/rockyspoon.lt\\\/produktas\\\/obuoliai-ir-elis-catnis-120g\\\/\",\"url\":\"https:\\\/\\\/rockyspoon.lt\\\/produktas\\\/obuoliai-ir-elis-catnis-120g\\\/\",\"name\":\"OBUOLIAI IR ELIS- ROCKY SPOON \u010cATNIS\",\"isPartOf\":{\"@id\":\"https:\\\/\\\/rockyspoon.lt\\\/#website\"},\"primaryImageOfPage\":{\"@id\":\"https:\\\/\\\/rockyspoon.lt\\\/produktas\\\/obuoliai-ir-elis-catnis-120g\\\/#primaryimage\"},\"image\":{\"@id\":\"https:\\\/\\\/rockyspoon.lt\\\/produktas\\\/obuoliai-ir-elis-catnis-120g\\\/#primaryimage\"},\"thumbnailUrl\":\"https:\\\/\\\/rockyspoon.lt\\\/wp-content\\\/uploads\\\/2025\\\/08\\\/20250825_171047a-scaled.jpg\",\"datePublished\":\"2024-09-05T05:00:25+00:00\",\"dateModified\":\"2026-04-06T16:01:47+00:00\",\"description\":\"OBUOLIAI IR ELIS- ROCKY SPOON \u010cATNIS Sald\u017eiar\u016bg\u0161tis pagardas, skoniais susipyn\u0119s su nat\u016braliu obuoli\u0173 saldumu, lengva acto r\u016bg\u0161tele ir elio kartumu.\",\"breadcrumb\":{\"@id\":\"https:\\\/\\\/rockyspoon.lt\\\/produktas\\\/obuoliai-ir-elis-catnis-120g\\\/#breadcrumb\"},\"inLanguage\":\"en-GB\",\"potentialAction\":[{\"@type\":\"ReadAction\",\"target\":[\"https:\\\/\\\/rockyspoon.lt\\\/produktas\\\/obuoliai-ir-elis-catnis-120g\\\/\"]}]},{\"@type\":\"ImageObject\",\"inLanguage\":\"en-GB\",\"@id\":\"https:\\\/\\\/rockyspoon.lt\\\/produktas\\\/obuoliai-ir-elis-catnis-120g\\\/#primaryimage\",\"url\":\"https:\\\/\\\/rockyspoon.lt\\\/wp-content\\\/uploads\\\/2025\\\/08\\\/20250825_171047a-scaled.jpg\",\"contentUrl\":\"https:\\\/\\\/rockyspoon.lt\\\/wp-content\\\/uploads\\\/2025\\\/08\\\/20250825_171047a-scaled.jpg\",\"width\":2386,\"height\":2560,\"caption\":\"Sald\u017eiar\u016bg\u0161tis pagardas, skoniais susipyn\u0119s su nat\u016braliu obuoli\u0173 saldumu ir lengva acto r\u016bg\u0161tele. Elis \u012fne\u0161a \u0161iek tiek kartaus, malonaus skonio bei pagyvina kitus ingredientus. O vaisi\u0173 ir paprik\u0173 gabal\u0117liai suteikia tekst\u016bros.\"},{\"@type\":\"BreadcrumbList\",\"@id\":\"https:\\\/\\\/rockyspoon.lt\\\/produktas\\\/obuoliai-ir-elis-catnis-120g\\\/#breadcrumb\",\"itemListElement\":[{\"@type\":\"ListItem\",\"position\":1,\"name\":\"Home\",\"item\":\"https:\\\/\\\/rockyspoon.lt\\\/\"},{\"@type\":\"ListItem\",\"position\":2,\"name\":\"Parduotuv\u0117\",\"item\":\"https:\\\/\\\/rockyspoon.lt\\\/parduotuve\\\/\"},{\"@type\":\"ListItem\",\"position\":3,\"name\":\"OBUOLIAI IR ELIS, \u010datnis\"}]},{\"@type\":\"WebSite\",\"@id\":\"https:\\\/\\\/rockyspoon.lt\\\/#website\",\"url\":\"https:\\\/\\\/rockyspoon.lt\\\/\",\"name\":\"Rocky Spoon\",\"description\":\"Rocky Spoon - Rank\u0173 Darbo Pada\u017eai ir Pagardai\",\"publisher\":{\"@id\":\"https:\\\/\\\/rockyspoon.lt\\\/#organization\"},\"potentialAction\":[{\"@type\":\"SearchAction\",\"target\":{\"@type\":\"EntryPoint\",\"urlTemplate\":\"https:\\\/\\\/rockyspoon.lt\\\/?s={search_term_string}\"},\"query-input\":{\"@type\":\"PropertyValueSpecification\",\"valueRequired\":true,\"valueName\":\"search_term_string\"}}],\"inLanguage\":\"en-GB\"},{\"@type\":\"Organization\",\"@id\":\"https:\\\/\\\/rockyspoon.lt\\\/#organization\",\"name\":\"Rocky Spoon\",\"url\":\"https:\\\/\\\/rockyspoon.lt\\\/\",\"logo\":{\"@type\":\"ImageObject\",\"inLanguage\":\"en-GB\",\"@id\":\"https:\\\/\\\/rockyspoon.lt\\\/#\\\/schema\\\/logo\\\/image\\\/\",\"url\":\"https:\\\/\\\/rockyspoon.lt\\\/wp-content\\\/uploads\\\/2024\\\/10\\\/cropped-android-chrome-192x192-1.png\",\"contentUrl\":\"https:\\\/\\\/rockyspoon.lt\\\/wp-content\\\/uploads\\\/2024\\\/10\\\/cropped-android-chrome-192x192-1.png\",\"width\":512,\"height\":512,\"caption\":\"Rocky Spoon\"},\"image\":{\"@id\":\"https:\\\/\\\/rockyspoon.lt\\\/#\\\/schema\\\/logo\\\/image\\\/\"},\"sameAs\":[\"https:\\\/\\\/www.facebook.com\\\/profile.php?id=61564237763085\"]}]}<\/script>\n<!-- \/ Yoast SEO plugin. -->","yoast_head_json":{"title":"OBUOLIAI IR ELIS- ROCKY SPOON \u010cATNIS","description":"OBUOLIAI IR ELIS- ROCKY SPOON \u010cATNIS Sald\u017eiar\u016bg\u0161tis pagardas, skoniais susipyn\u0119s su nat\u016braliu obuoli\u0173 saldumu, lengva acto r\u016bg\u0161tele ir elio kartumu.","robots":{"index":"index","follow":"follow","max-snippet":"max-snippet:-1","max-image-preview":"max-image-preview:large","max-video-preview":"max-video-preview:-1"},"canonical":"https:\/\/rockyspoon.lt\/en\/product\/obuoliai-ir-elis-catnis-120g\/","og_locale":"en_GB","og_type":"article","og_title":"OBUOLIAI IR ELIS- ROCKY SPOON \u010cATNIS","og_description":"OBUOLIAI IR ELIS- ROCKY SPOON \u010cATNIS Sald\u017eiar\u016bg\u0161tis pagardas, skoniais susipyn\u0119s su nat\u016braliu obuoli\u0173 saldumu, lengva acto r\u016bg\u0161tele ir elio kartumu.","og_url":"https:\/\/rockyspoon.lt\/en\/product\/obuoliai-ir-elis-catnis-120g\/","og_site_name":"rockyspoon.lt","article_publisher":"https:\/\/www.facebook.com\/profile.php?id=61564237763085","article_modified_time":"2026-04-06T16:01:47+00:00","og_image":[{"width":2386,"height":2560,"url":"https:\/\/rockyspoon.lt\/wp-content\/uploads\/2025\/08\/20250825_171047a-scaled.jpg","type":"image\/jpeg"}],"twitter_card":"summary_large_image","twitter_misc":{"Est. reading time":"1 minute"},"schema":{"@context":"https:\/\/schema.org","@graph":[{"@type":"WebPage","@id":"https:\/\/rockyspoon.lt\/produktas\/obuoliai-ir-elis-catnis-120g\/","url":"https:\/\/rockyspoon.lt\/produktas\/obuoliai-ir-elis-catnis-120g\/","name":"OBUOLIAI IR ELIS- ROCKY SPOON \u010cATNIS","isPartOf":{"@id":"https:\/\/rockyspoon.lt\/#website"},"primaryImageOfPage":{"@id":"https:\/\/rockyspoon.lt\/produktas\/obuoliai-ir-elis-catnis-120g\/#primaryimage"},"image":{"@id":"https:\/\/rockyspoon.lt\/produktas\/obuoliai-ir-elis-catnis-120g\/#primaryimage"},"thumbnailUrl":"https:\/\/rockyspoon.lt\/wp-content\/uploads\/2025\/08\/20250825_171047a-scaled.jpg","datePublished":"2024-09-05T05:00:25+00:00","dateModified":"2026-04-06T16:01:47+00:00","description":"OBUOLIAI IR ELIS- ROCKY SPOON \u010cATNIS Sald\u017eiar\u016bg\u0161tis pagardas, skoniais susipyn\u0119s su nat\u016braliu obuoli\u0173 saldumu, lengva acto r\u016bg\u0161tele ir elio kartumu.","breadcrumb":{"@id":"https:\/\/rockyspoon.lt\/produktas\/obuoliai-ir-elis-catnis-120g\/#breadcrumb"},"inLanguage":"en-GB","potentialAction":[{"@type":"ReadAction","target":["https:\/\/rockyspoon.lt\/produktas\/obuoliai-ir-elis-catnis-120g\/"]}]},{"@type":"ImageObject","inLanguage":"en-GB","@id":"https:\/\/rockyspoon.lt\/produktas\/obuoliai-ir-elis-catnis-120g\/#primaryimage","url":"https:\/\/rockyspoon.lt\/wp-content\/uploads\/2025\/08\/20250825_171047a-scaled.jpg","contentUrl":"https:\/\/rockyspoon.lt\/wp-content\/uploads\/2025\/08\/20250825_171047a-scaled.jpg","width":2386,"height":2560,"caption":"Sald\u017eiar\u016bg\u0161tis pagardas, skoniais susipyn\u0119s su nat\u016braliu obuoli\u0173 saldumu ir lengva acto r\u016bg\u0161tele. Elis \u012fne\u0161a \u0161iek tiek kartaus, malonaus skonio bei pagyvina kitus ingredientus. O vaisi\u0173 ir paprik\u0173 gabal\u0117liai suteikia tekst\u016bros."},{"@type":"BreadcrumbList","@id":"https:\/\/rockyspoon.lt\/produktas\/obuoliai-ir-elis-catnis-120g\/#breadcrumb","itemListElement":[{"@type":"ListItem","position":1,"name":"Home","item":"https:\/\/rockyspoon.lt\/"},{"@type":"ListItem","position":2,"name":"Parduotuv\u0117","item":"https:\/\/rockyspoon.lt\/parduotuve\/"},{"@type":"ListItem","position":3,"name":"OBUOLIAI IR ELIS, \u010datnis"}]},{"@type":"WebSite","@id":"https:\/\/rockyspoon.lt\/#website","url":"https:\/\/rockyspoon.lt\/","name":"Rocky Spoon","description":"Rocky Spoon - Rank\u0173 Darbo Pada\u017eai ir Pagardai","publisher":{"@id":"https:\/\/rockyspoon.lt\/#organization"},"potentialAction":[{"@type":"SearchAction","target":{"@type":"EntryPoint","urlTemplate":"https:\/\/rockyspoon.lt\/?s={search_term_string}"},"query-input":{"@type":"PropertyValueSpecification","valueRequired":true,"valueName":"search_term_string"}}],"inLanguage":"en-GB"},{"@type":"Organization","@id":"https:\/\/rockyspoon.lt\/#organization","name":"Rocky Spoon","url":"https:\/\/rockyspoon.lt\/","logo":{"@type":"ImageObject","inLanguage":"en-GB","@id":"https:\/\/rockyspoon.lt\/#\/schema\/logo\/image\/","url":"https:\/\/rockyspoon.lt\/wp-content\/uploads\/2024\/10\/cropped-android-chrome-192x192-1.png","contentUrl":"https:\/\/rockyspoon.lt\/wp-content\/uploads\/2024\/10\/cropped-android-chrome-192x192-1.png","width":512,"height":512,"caption":"Rocky Spoon"},"image":{"@id":"https:\/\/rockyspoon.lt\/#\/schema\/logo\/image\/"},"sameAs":["https:\/\/www.facebook.com\/profile.php?id=61564237763085"]}]}},"jetpack_sharing_enabled":true,"_links":{"self":[{"href":"https:\/\/rockyspoon.lt\/en\/wp-json\/wp\/v2\/product\/288","targetHints":{"allow":["GET"]}}],"collection":[{"href":"https:\/\/rockyspoon.lt\/en\/wp-json\/wp\/v2\/product"}],"about":[{"href":"https:\/\/rockyspoon.lt\/en\/wp-json\/wp\/v2\/types\/product"}],"replies":[{"embeddable":true,"href":"https:\/\/rockyspoon.lt\/en\/wp-json\/wp\/v2\/comments?post=288"}],"wp:featuredmedia":[{"embeddable":true,"href":"https:\/\/rockyspoon.lt\/en\/wp-json\/wp\/v2\/media\/815"}],"wp:attachment":[{"href":"https:\/\/rockyspoon.lt\/en\/wp-json\/wp\/v2\/media?parent=288"}],"wp:term":[{"taxonomy":"product_brand","embeddable":true,"href":"https:\/\/rockyspoon.lt\/en\/wp-json\/wp\/v2\/product_brand?post=288"},{"taxonomy":"product_cat","embeddable":true,"href":"https:\/\/rockyspoon.lt\/en\/wp-json\/wp\/v2\/product_cat?post=288"},{"taxonomy":"product_tag","embeddable":true,"href":"https:\/\/rockyspoon.lt\/en\/wp-json\/wp\/v2\/product_tag?post=288"}],"curies":[{"name":"wp","href":"https:\/\/api.w.org\/{rel}","templated":true}]}}