{"id":287,"date":"2024-09-05T04:55:45","date_gmt":"2024-09-05T04:55:45","guid":{"rendered":"https:\/\/rockyspoon.lt\/?post_type=product&#038;p=287"},"modified":"2026-04-06T18:36:38","modified_gmt":"2026-04-06T18:36:38","slug":"piri-piri-pikantiskas-padazas-110g","status":"publish","type":"product","link":"https:\/\/rockyspoon.lt\/en\/product\/piri-piri-pikantiskas-padazas-110g\/","title":{"rendered":"PIRI PIRI SAUCE"},"content":{"rendered":"<p><strong>Ingredients<\/strong>: vanduo, raudonoji paprika, balto vyno actas, svog\u016bnai, \u010desnakai, citrinos \u017eiev\u0117, raps\u0173 aliejus, joduota druska, citrinos sul\u010di\u0173 koncentratas, laimo sul\u010di\u0173 koncentratas, kajeno a\u0161trieji pipirai.<\/p>\n<p><strong>PADA\u017dAS BE PRID\u0116TINIO CUKRAUS<\/strong><\/p>\n<p><strong>Storage conditions<\/strong> \u2013 laikyti v\u0117sioje, tamsioje vietoje<\/p>\n<p><strong>Atidarius<\/strong>\u00a0laikyti \u0161aldytuve ir sunaudoti per 7 dienas<\/p>\n<p><strong>Gamintojas<\/strong> MB Rocky Spoon Siesarties g 3 Luk\u0161iai \u0160aki\u0173 raj Marijampol\u0117s apskritis. <a href=\"https:\/\/rockyspoon.lt\/en\/\"><strong>www.rockyspoon.lt<\/strong><\/a> +37060666620\u00a0 +37060999920<\/p>\n<p>Grynasis kiekis 110g<\/p>\n<div class=\"additional-info-sections__item-title-wrapper\" data-v-9b7c3ab8=\"\">\n<h2 class=\"additional-info-sections__item-title\" data-v-9b7c3ab8=\"\">Produkto maistin\u0117 vert\u0117<\/h2>\n<\/div>\n<table style=\"height: 386px;\" width=\"343\">\n<colgroup>\n<col \/>\n<col \/>\n<col \/><\/colgroup>\n<tbody>\n<tr>\n<td colspan=\"3\" rowspan=\"1\"><strong>Produkto maistin\u0117 vert\u0117 (100 gram\u0173):<\/strong><\/td>\n<\/tr>\n<tr>\n<td colspan=\"1\" rowspan=\"1\">Energin\u0117 vert\u0117<\/td>\n<td colspan=\"1\" rowspan=\"1\">Kcal<\/p>\n<p>45.22<\/td>\n<td colspan=\"1\" rowspan=\"1\">Kj<\/p>\n<p>189<\/td>\n<\/tr>\n<tr>\n<td colspan=\"1\" rowspan=\"1\">Fats<\/td>\n<td colspan=\"1\" rowspan=\"1\">2.94g<\/td>\n<td colspan=\"1\" rowspan=\"1\"><\/td>\n<\/tr>\n<tr>\n<td colspan=\"1\" rowspan=\"1\">\u2013 i\u0161 j\u0173 so\u010di\u0173j\u0173 riebal\u0173<\/td>\n<td colspan=\"1\" rowspan=\"1\">0.21g<\/td>\n<td colspan=\"1\" rowspan=\"1\"><\/td>\n<\/tr>\n<tr>\n<td colspan=\"1\" rowspan=\"1\"><\/td>\n<td colspan=\"1\" rowspan=\"1\"><\/td>\n<td colspan=\"1\" rowspan=\"1\"><\/td>\n<\/tr>\n<tr>\n<td colspan=\"1\" rowspan=\"1\">Carbohydrates<\/td>\n<td colspan=\"1\" rowspan=\"1\">3.61g<\/td>\n<td colspan=\"1\" rowspan=\"1\"><\/td>\n<\/tr>\n<tr>\n<td colspan=\"1\" rowspan=\"1\">\u2013 i\u0161 j\u0173 cukr\u0173<\/td>\n<td colspan=\"1\" rowspan=\"1\">2.53g<\/td>\n<td colspan=\"1\" rowspan=\"1\"><\/td>\n<\/tr>\n<tr>\n<td colspan=\"1\" rowspan=\"1\">Skaidulos:<\/td>\n<td colspan=\"1\" rowspan=\"1\">1.04g<\/td>\n<td colspan=\"1\" rowspan=\"1\"><\/td>\n<\/tr>\n<tr>\n<td colspan=\"1\" rowspan=\"1\">Protein:<\/td>\n<td colspan=\"1\" rowspan=\"1\">0.57g<\/td>\n<td colspan=\"1\" rowspan=\"1\"><\/td>\n<\/tr>\n<tr>\n<td colspan=\"1\" rowspan=\"1\">Druska:<\/td>\n<td colspan=\"1\" rowspan=\"1\">2.23g<\/td>\n<td colspan=\"1\" rowspan=\"1\"><\/td>\n<\/tr>\n<\/tbody>\n<\/table>","protected":false},"excerpt":{"rendered":"<p>Nepaliekantis abejing\u0173 \u2013 stipraus citrusinio bei lengvo pikanti\u0161ko skonio palete i\u0161reik\u0161tas pada\u017eas.<\/p>\n<p>Aromatingasis Piri Piri puikiai tiks ne tik prie keptos m\u0117sos, dar\u017eovi\u0173, tro\u0161kini\u0173, baltos \u017euvies, kreve\u010di\u0173, kalmar\u0173 bei midij\u0173, bet \u00a0ir pasitarnaus kaip dar\u017eovi\u0173 ie\u0161meli\u0173 marinatas. Pasitelk vaizduot\u0119 ir tu!<\/p>","protected":false},"featured_media":816,"comment_status":"open","ping_status":"closed","template":"","meta":[],"product_brand":[],"product_cat":[117],"product_tag":[20,19,18,21,22],"class_list":{"0":"post-287","1":"product","2":"type-product","3":"status-publish","4":"has-post-thumbnail","6":"product_cat-padazai","7":"product_tag-padazas","8":"product_tag-pikantiskas","9":"product_tag-piri-piri","10":"product_tag-rockyspoon","11":"product_tag-skonio-ritmas","13":"first","14":"instock","15":"featured","16":"shipping-taxable","17":"purchasable","18":"product-type-simple"},"yoast_head":"<!-- This site is optimized with the Yoast SEO plugin v27.3 - https:\/\/yoast.com\/product\/yoast-seo-wordpress\/ -->\n<title>PIRI PIRI pikanti\u0161kas pada\u017eas ROCKY SPOON<\/title>\n<meta name=\"description\" content=\"PIRI PIRI pikanti\u0161kas Rocky Spoon pada\u017eas Nepaliekantis abejing\u0173 \u2013 stipraus citrusinio bei lengvo pikanti\u0161ko skonio palete i\u0161reik\u0161tas pada\u017eas.\" \/>\n<meta name=\"robots\" content=\"index, follow, max-snippet:-1, max-image-preview:large, max-video-preview:-1\" \/>\n<link rel=\"canonical\" href=\"https:\/\/rockyspoon.lt\/en\/product\/piri-piri-pikantiskas-padazas-110g\/\" \/>\n<meta property=\"og:locale\" content=\"en_GB\" \/>\n<meta property=\"og:type\" content=\"article\" \/>\n<meta property=\"og:title\" content=\"PIRI PIRI pikanti\u0161kas pada\u017eas ROCKY SPOON\" \/>\n<meta property=\"og:description\" content=\"PIRI PIRI pikanti\u0161kas Rocky Spoon pada\u017eas Nepaliekantis abejing\u0173 \u2013 stipraus citrusinio bei lengvo pikanti\u0161ko skonio palete i\u0161reik\u0161tas pada\u017eas.\" \/>\n<meta property=\"og:url\" content=\"https:\/\/rockyspoon.lt\/en\/product\/piri-piri-pikantiskas-padazas-110g\/\" \/>\n<meta property=\"og:site_name\" content=\"rockyspoon.lt\" \/>\n<meta property=\"article:publisher\" content=\"https:\/\/www.facebook.com\/profile.php?id=61564237763085\" \/>\n<meta property=\"article:modified_time\" content=\"2026-04-06T18:36:38+00:00\" \/>\n<meta property=\"og:image\" content=\"https:\/\/rockyspoon.lt\/wp-content\/uploads\/2025\/08\/20250825_171101a-scaled.jpg\" \/>\n\t<meta property=\"og:image:width\" content=\"2535\" \/>\n\t<meta property=\"og:image:height\" content=\"2560\" \/>\n\t<meta property=\"og:image:type\" content=\"image\/jpeg\" \/>\n<meta name=\"twitter:card\" content=\"summary_large_image\" \/>\n<meta name=\"twitter:label1\" content=\"Est. reading time\" \/>\n\t<meta name=\"twitter:data1\" content=\"1 minute\" \/>\n<script type=\"application\/ld+json\" class=\"yoast-schema-graph\">{\"@context\":\"https:\\\/\\\/schema.org\",\"@graph\":[{\"@type\":\"WebPage\",\"@id\":\"https:\\\/\\\/rockyspoon.lt\\\/produktas\\\/piri-piri-pikantiskas-padazas-110g\\\/\",\"url\":\"https:\\\/\\\/rockyspoon.lt\\\/produktas\\\/piri-piri-pikantiskas-padazas-110g\\\/\",\"name\":\"PIRI PIRI pikanti\u0161kas pada\u017eas ROCKY SPOON\",\"isPartOf\":{\"@id\":\"https:\\\/\\\/rockyspoon.lt\\\/#website\"},\"primaryImageOfPage\":{\"@id\":\"https:\\\/\\\/rockyspoon.lt\\\/produktas\\\/piri-piri-pikantiskas-padazas-110g\\\/#primaryimage\"},\"image\":{\"@id\":\"https:\\\/\\\/rockyspoon.lt\\\/produktas\\\/piri-piri-pikantiskas-padazas-110g\\\/#primaryimage\"},\"thumbnailUrl\":\"https:\\\/\\\/rockyspoon.lt\\\/wp-content\\\/uploads\\\/2025\\\/08\\\/20250825_171101a-scaled.jpg\",\"datePublished\":\"2024-09-05T04:55:45+00:00\",\"dateModified\":\"2026-04-06T18:36:38+00:00\",\"description\":\"PIRI PIRI pikanti\u0161kas Rocky Spoon pada\u017eas Nepaliekantis abejing\u0173 \u2013 stipraus citrusinio bei lengvo pikanti\u0161ko skonio palete i\u0161reik\u0161tas pada\u017eas.\",\"breadcrumb\":{\"@id\":\"https:\\\/\\\/rockyspoon.lt\\\/produktas\\\/piri-piri-pikantiskas-padazas-110g\\\/#breadcrumb\"},\"inLanguage\":\"en-GB\",\"potentialAction\":[{\"@type\":\"ReadAction\",\"target\":[\"https:\\\/\\\/rockyspoon.lt\\\/produktas\\\/piri-piri-pikantiskas-padazas-110g\\\/\"]}]},{\"@type\":\"ImageObject\",\"inLanguage\":\"en-GB\",\"@id\":\"https:\\\/\\\/rockyspoon.lt\\\/produktas\\\/piri-piri-pikantiskas-padazas-110g\\\/#primaryimage\",\"url\":\"https:\\\/\\\/rockyspoon.lt\\\/wp-content\\\/uploads\\\/2025\\\/08\\\/20250825_171101a-scaled.jpg\",\"contentUrl\":\"https:\\\/\\\/rockyspoon.lt\\\/wp-content\\\/uploads\\\/2025\\\/08\\\/20250825_171101a-scaled.jpg\",\"width\":2535,\"height\":2560,\"caption\":\"Piri piri piknati\u0161kas Rocky Spoon pada\u017eas BE PRID\u0116TINIO CUKRAUS\"},{\"@type\":\"BreadcrumbList\",\"@id\":\"https:\\\/\\\/rockyspoon.lt\\\/produktas\\\/piri-piri-pikantiskas-padazas-110g\\\/#breadcrumb\",\"itemListElement\":[{\"@type\":\"ListItem\",\"position\":1,\"name\":\"Home\",\"item\":\"https:\\\/\\\/rockyspoon.lt\\\/\"},{\"@type\":\"ListItem\",\"position\":2,\"name\":\"Parduotuv\u0117\",\"item\":\"https:\\\/\\\/rockyspoon.lt\\\/parduotuve\\\/\"},{\"@type\":\"ListItem\",\"position\":3,\"name\":\"PIRI PIRI pikanti\u0161kas, pada\u017eas\"}]},{\"@type\":\"WebSite\",\"@id\":\"https:\\\/\\\/rockyspoon.lt\\\/#website\",\"url\":\"https:\\\/\\\/rockyspoon.lt\\\/\",\"name\":\"Rocky Spoon\",\"description\":\"Rocky Spoon - Rank\u0173 Darbo Pada\u017eai ir Pagardai\",\"publisher\":{\"@id\":\"https:\\\/\\\/rockyspoon.lt\\\/#organization\"},\"potentialAction\":[{\"@type\":\"SearchAction\",\"target\":{\"@type\":\"EntryPoint\",\"urlTemplate\":\"https:\\\/\\\/rockyspoon.lt\\\/?s={search_term_string}\"},\"query-input\":{\"@type\":\"PropertyValueSpecification\",\"valueRequired\":true,\"valueName\":\"search_term_string\"}}],\"inLanguage\":\"en-GB\"},{\"@type\":\"Organization\",\"@id\":\"https:\\\/\\\/rockyspoon.lt\\\/#organization\",\"name\":\"Rocky Spoon\",\"url\":\"https:\\\/\\\/rockyspoon.lt\\\/\",\"logo\":{\"@type\":\"ImageObject\",\"inLanguage\":\"en-GB\",\"@id\":\"https:\\\/\\\/rockyspoon.lt\\\/#\\\/schema\\\/logo\\\/image\\\/\",\"url\":\"https:\\\/\\\/rockyspoon.lt\\\/wp-content\\\/uploads\\\/2024\\\/10\\\/cropped-android-chrome-192x192-1.png\",\"contentUrl\":\"https:\\\/\\\/rockyspoon.lt\\\/wp-content\\\/uploads\\\/2024\\\/10\\\/cropped-android-chrome-192x192-1.png\",\"width\":512,\"height\":512,\"caption\":\"Rocky Spoon\"},\"image\":{\"@id\":\"https:\\\/\\\/rockyspoon.lt\\\/#\\\/schema\\\/logo\\\/image\\\/\"},\"sameAs\":[\"https:\\\/\\\/www.facebook.com\\\/profile.php?id=61564237763085\"]}]}<\/script>\n<!-- \/ Yoast SEO plugin. -->","yoast_head_json":{"title":"PIRI PIRI pikanti\u0161kas pada\u017eas ROCKY SPOON","description":"PIRI PIRI pikanti\u0161kas Rocky Spoon pada\u017eas Nepaliekantis abejing\u0173 \u2013 stipraus citrusinio bei lengvo pikanti\u0161ko skonio palete i\u0161reik\u0161tas pada\u017eas.","robots":{"index":"index","follow":"follow","max-snippet":"max-snippet:-1","max-image-preview":"max-image-preview:large","max-video-preview":"max-video-preview:-1"},"canonical":"https:\/\/rockyspoon.lt\/en\/product\/piri-piri-pikantiskas-padazas-110g\/","og_locale":"en_GB","og_type":"article","og_title":"PIRI PIRI pikanti\u0161kas pada\u017eas ROCKY SPOON","og_description":"PIRI PIRI pikanti\u0161kas Rocky Spoon pada\u017eas Nepaliekantis abejing\u0173 \u2013 stipraus citrusinio bei lengvo pikanti\u0161ko skonio palete i\u0161reik\u0161tas pada\u017eas.","og_url":"https:\/\/rockyspoon.lt\/en\/product\/piri-piri-pikantiskas-padazas-110g\/","og_site_name":"rockyspoon.lt","article_publisher":"https:\/\/www.facebook.com\/profile.php?id=61564237763085","article_modified_time":"2026-04-06T18:36:38+00:00","og_image":[{"width":2535,"height":2560,"url":"https:\/\/rockyspoon.lt\/wp-content\/uploads\/2025\/08\/20250825_171101a-scaled.jpg","type":"image\/jpeg"}],"twitter_card":"summary_large_image","twitter_misc":{"Est. reading time":"1 minute"},"schema":{"@context":"https:\/\/schema.org","@graph":[{"@type":"WebPage","@id":"https:\/\/rockyspoon.lt\/produktas\/piri-piri-pikantiskas-padazas-110g\/","url":"https:\/\/rockyspoon.lt\/produktas\/piri-piri-pikantiskas-padazas-110g\/","name":"PIRI PIRI pikanti\u0161kas pada\u017eas ROCKY SPOON","isPartOf":{"@id":"https:\/\/rockyspoon.lt\/#website"},"primaryImageOfPage":{"@id":"https:\/\/rockyspoon.lt\/produktas\/piri-piri-pikantiskas-padazas-110g\/#primaryimage"},"image":{"@id":"https:\/\/rockyspoon.lt\/produktas\/piri-piri-pikantiskas-padazas-110g\/#primaryimage"},"thumbnailUrl":"https:\/\/rockyspoon.lt\/wp-content\/uploads\/2025\/08\/20250825_171101a-scaled.jpg","datePublished":"2024-09-05T04:55:45+00:00","dateModified":"2026-04-06T18:36:38+00:00","description":"PIRI PIRI pikanti\u0161kas Rocky Spoon pada\u017eas Nepaliekantis abejing\u0173 \u2013 stipraus citrusinio bei lengvo pikanti\u0161ko skonio palete i\u0161reik\u0161tas pada\u017eas.","breadcrumb":{"@id":"https:\/\/rockyspoon.lt\/produktas\/piri-piri-pikantiskas-padazas-110g\/#breadcrumb"},"inLanguage":"en-GB","potentialAction":[{"@type":"ReadAction","target":["https:\/\/rockyspoon.lt\/produktas\/piri-piri-pikantiskas-padazas-110g\/"]}]},{"@type":"ImageObject","inLanguage":"en-GB","@id":"https:\/\/rockyspoon.lt\/produktas\/piri-piri-pikantiskas-padazas-110g\/#primaryimage","url":"https:\/\/rockyspoon.lt\/wp-content\/uploads\/2025\/08\/20250825_171101a-scaled.jpg","contentUrl":"https:\/\/rockyspoon.lt\/wp-content\/uploads\/2025\/08\/20250825_171101a-scaled.jpg","width":2535,"height":2560,"caption":"Piri piri piknati\u0161kas Rocky Spoon pada\u017eas BE PRID\u0116TINIO CUKRAUS"},{"@type":"BreadcrumbList","@id":"https:\/\/rockyspoon.lt\/produktas\/piri-piri-pikantiskas-padazas-110g\/#breadcrumb","itemListElement":[{"@type":"ListItem","position":1,"name":"Home","item":"https:\/\/rockyspoon.lt\/"},{"@type":"ListItem","position":2,"name":"Parduotuv\u0117","item":"https:\/\/rockyspoon.lt\/parduotuve\/"},{"@type":"ListItem","position":3,"name":"PIRI PIRI pikanti\u0161kas, pada\u017eas"}]},{"@type":"WebSite","@id":"https:\/\/rockyspoon.lt\/#website","url":"https:\/\/rockyspoon.lt\/","name":"Rocky Spoon","description":"Rocky Spoon - Rank\u0173 Darbo Pada\u017eai ir Pagardai","publisher":{"@id":"https:\/\/rockyspoon.lt\/#organization"},"potentialAction":[{"@type":"SearchAction","target":{"@type":"EntryPoint","urlTemplate":"https:\/\/rockyspoon.lt\/?s={search_term_string}"},"query-input":{"@type":"PropertyValueSpecification","valueRequired":true,"valueName":"search_term_string"}}],"inLanguage":"en-GB"},{"@type":"Organization","@id":"https:\/\/rockyspoon.lt\/#organization","name":"Rocky Spoon","url":"https:\/\/rockyspoon.lt\/","logo":{"@type":"ImageObject","inLanguage":"en-GB","@id":"https:\/\/rockyspoon.lt\/#\/schema\/logo\/image\/","url":"https:\/\/rockyspoon.lt\/wp-content\/uploads\/2024\/10\/cropped-android-chrome-192x192-1.png","contentUrl":"https:\/\/rockyspoon.lt\/wp-content\/uploads\/2024\/10\/cropped-android-chrome-192x192-1.png","width":512,"height":512,"caption":"Rocky Spoon"},"image":{"@id":"https:\/\/rockyspoon.lt\/#\/schema\/logo\/image\/"},"sameAs":["https:\/\/www.facebook.com\/profile.php?id=61564237763085"]}]}},"jetpack_sharing_enabled":true,"_links":{"self":[{"href":"https:\/\/rockyspoon.lt\/en\/wp-json\/wp\/v2\/product\/287","targetHints":{"allow":["GET"]}}],"collection":[{"href":"https:\/\/rockyspoon.lt\/en\/wp-json\/wp\/v2\/product"}],"about":[{"href":"https:\/\/rockyspoon.lt\/en\/wp-json\/wp\/v2\/types\/product"}],"replies":[{"embeddable":true,"href":"https:\/\/rockyspoon.lt\/en\/wp-json\/wp\/v2\/comments?post=287"}],"wp:featuredmedia":[{"embeddable":true,"href":"https:\/\/rockyspoon.lt\/en\/wp-json\/wp\/v2\/media\/816"}],"wp:attachment":[{"href":"https:\/\/rockyspoon.lt\/en\/wp-json\/wp\/v2\/media?parent=287"}],"wp:term":[{"taxonomy":"product_brand","embeddable":true,"href":"https:\/\/rockyspoon.lt\/en\/wp-json\/wp\/v2\/product_brand?post=287"},{"taxonomy":"product_cat","embeddable":true,"href":"https:\/\/rockyspoon.lt\/en\/wp-json\/wp\/v2\/product_cat?post=287"},{"taxonomy":"product_tag","embeddable":true,"href":"https:\/\/rockyspoon.lt\/en\/wp-json\/wp\/v2\/product_tag?post=287"}],"curies":[{"name":"wp","href":"https:\/\/api.w.org\/{rel}","templated":true}]}}