{"id":1053,"date":"2026-04-02T16:39:25","date_gmt":"2026-04-02T16:39:25","guid":{"rendered":"https:\/\/rockyspoon.lt\/?post_type=product&#038;p=1053"},"modified":"2026-04-06T18:08:56","modified_gmt":"2026-04-06T18:08:56","slug":"rinkinys-5-uz-25-e","status":"publish","type":"product","link":"https:\/\/rockyspoon.lt\/en\/product\/rinkinys-5-uz-25-e\/","title":{"rendered":"BUILD YOUR TOP 5 AND TASTE MORE FOR LESS"},"content":{"rendered":"<h2 data-section-id=\"pg6v9\" data-start=\"281\" data-end=\"334\">BUILD YOUR OWN 5 ROCKY SPOON PRODUCTS FOR \u20ac25<\/h2>\n<p data-start=\"336\" data-end=\"373\">Can\u2019t choose just one? You don\u2019t have to.<\/p>\n<p data-start=\"375\" data-end=\"500\">Create your <strong data-start=\"389\" data-end=\"421\">own personal Rocky Spoon set<\/strong> pick any 5 products from our favorites and discover what truly works for you.<\/p>\n<p data-start=\"502\" data-end=\"519\">It\u2019s the perfect way to:<\/p>\n<ul data-start=\"520\" data-end=\"643\">\n<li data-section-id=\"y4lzsz\" data-start=\"520\" data-end=\"548\">taste a variety of flavors<\/li>\n<li data-section-id=\"1nuqtw7\" data-start=\"549\" data-end=\"586\">build your own favorite combination<\/li>\n<li data-section-id=\"1gcyanq\" data-start=\"587\" data-end=\"643\">always have something special on the table \u2013 for everyday moments or guests<\/li>\n<\/ul>\n<hr data-start=\"645\" data-end=\"648\" \/>\n<h2 data-section-id=\"pylkcp\" data-start=\"650\" data-end=\"673\">What\u2019s inside?<\/h2>\n<p data-start=\"675\" data-end=\"698\">Mix and match:<\/p>\n<ul data-start=\"699\" data-end=\"815\">\n<li data-section-id=\"39wxls\" data-start=\"699\" data-end=\"726\">sweet &amp; tangy chutneys<\/li>\n<li data-section-id=\"hz6c14\" data-start=\"727\" data-end=\"750\">bold, savory sauces<\/li>\n<li data-section-id=\"1hvga8h\" data-start=\"751\" data-end=\"783\">rich tomato-based flavors<\/li>\n<li data-section-id=\"1c6a2zb\" data-start=\"784\" data-end=\"815\">mildly spicy accents<\/li>\n<\/ul>\n<p data-start=\"817\" data-end=\"835\">All products are:<\/p>\n<ul data-start=\"836\" data-end=\"957\">\n<li data-section-id=\"11y51u7\" data-start=\"836\" data-end=\"859\" class=\"translation-block\">handcrafted<\/li>\n<li data-section-id=\"1nlzdsv\" data-start=\"860\" data-end=\"878\">made without preservatives<\/li>\n<li data-section-id=\"gvp835\" data-start=\"879\" data-end=\"957\">created to pair perfectly with <strong data-start=\"911\" data-end=\"957\">cheese, meat, grill dishes, and snacks<\/strong><\/li>\n<\/ul>\n<hr data-start=\"959\" data-end=\"962\" \/>\n<h2 data-section-id=\"1vmp0cf\" data-start=\"964\" data-end=\"986\">How it works:<\/h2>\n<ol data-start=\"988\" data-end=\"1090\">\n<li data-section-id=\"1akjpqy\" data-start=\"988\" data-end=\"1016\">Choose <strong data-start=\"1001\" data-end=\"1016\">any 5 products<\/strong><\/li>\n<li data-section-id=\"9j1pfy\" data-start=\"1017\" data-end=\"1049\">Build your custom set<\/li>\n<li data-section-id=\"h0w9um\" data-start=\"1050\" data-end=\"1069\">Add to cart<\/li>\n<li data-section-id=\"1r9k1c2\" data-start=\"1070\" data-end=\"1090\">Pay only <strong data-start=\"1082\" data-end=\"1090\">25 \u20ac<\/strong><\/li>\n<\/ol>\n<p data-start=\"1092\" data-end=\"1101\">Simple.<\/p>\n<hr data-start=\"1103\" data-end=\"1106\" \/>\n<h2 data-section-id=\"evwpkb\" data-start=\"1108\" data-end=\"1153\">When is this set perfect?<\/h2>\n<ul data-start=\"1155\" data-end=\"1316\">\n<li data-section-id=\"1ypcpop\" data-start=\"1155\" data-end=\"1189\">a cozy evening with cheese and a glass of wine<\/li>\n<li data-section-id=\"ermgid\" data-start=\"1190\" data-end=\"1210\">a grill party<\/li>\n<li data-section-id=\"viuf8z\" data-start=\"1211\" data-end=\"1265\">as a gift (when you want to impress, but keep it tasteful)<\/li>\n<li data-section-id=\"170dayu\" data-start=\"1266\" data-end=\"1316\">when you just want to have \u201csomething good\u201d in your fridge<\/li>\n<\/ul>\n<hr data-start=\"1318\" data-end=\"1321\" \/>\n<h2 data-section-id=\"pd6rsp\" data-start=\"1323\" data-end=\"1344\">Pro tip<\/h2>\n<p data-start=\"1346\" data-end=\"1434\">Most people go for:<br \/>\n2 sweeter + 3 more savory<br data-start=\"1399\" data-end=\"1402\" \/>or a \u201ccheese + grill\u201d mix<\/p>\n<p data-start=\"1436\" data-end=\"1489\">But the best choice?\nThe one you create yourself<\/p>\n<hr data-start=\"1491\" data-end=\"1494\" \/>\n<h2 data-section-id=\"16y6kz3\" data-start=\"1496\" data-end=\"1513\">Rocky Spoon<\/h2>\n<p data-start=\"1515\" data-end=\"1595\">We don\u2019t just make sauces.<br data-start=\"1544\" data-end=\"1547\" \/>We create flavors you\u2019ll come back to.<\/p>","protected":false},"excerpt":{"rendered":"<p>\ud83c\udf6f Susikomplektuok 5 Rocky Spoon produktus u\u017e 25 \u20ac Negali i\u0161sirinkti vieno? Ir nereikia. Susikurk savo asmenin\u012f Rocky Spoon rinkin\u012f \u2013 pasirink 5 produktus i\u0161 m\u016bs\u0173 favorit\u0173 ir atrask, kas tau labiausiai \u201elimpa\u201c. Tai puikus b\u016bdas: paragauti skirting\u0173 skoni\u0173 susikurti savo m\u0117gstamiausi\u0173 derin\u012f tur\u0117ti k\u0105 pad\u0117ti ant stalo tiek kasdien, tiek sve\u010diams \ud83d\udd25 Kas tav\u0119s [&#8230;]\n","protected":false},"featured_media":1056,"comment_status":"open","ping_status":"closed","template":"","meta":[],"product_brand":[],"product_cat":[121],"product_tag":[],"class_list":{"0":"post-1053","1":"product","2":"type-product","3":"status-publish","4":"has-post-thumbnail","6":"product_cat-rinkiniai","8":"first","9":"instock","10":"featured","11":"sold-individually","12":"shipping-taxable","13":"purchasable","14":"product-type-simple"},"yoast_head":"<!-- This site is optimized with the Yoast SEO plugin v27.3 - https:\/\/yoast.com\/product\/yoast-seo-wordpress\/ -->\n<title>SUD\u0116LIOK SAVO TOP 5 IR PARAGAUK DAUGIAU U\u017d MA\u017dIAU - rockyspoon.lt<\/title>\n<meta name=\"robots\" content=\"index, follow, max-snippet:-1, max-image-preview:large, max-video-preview:-1\" \/>\n<link rel=\"canonical\" href=\"https:\/\/rockyspoon.lt\/en\/product\/rinkinys-5-uz-25-e\/\" \/>\n<meta property=\"og:locale\" content=\"en_GB\" \/>\n<meta property=\"og:type\" content=\"article\" \/>\n<meta property=\"og:title\" content=\"SUD\u0116LIOK SAVO TOP 5 IR PARAGAUK DAUGIAU U\u017d MA\u017dIAU - rockyspoon.lt\" \/>\n<meta property=\"og:description\" content=\"\ud83c\udf6f Susikomplektuok 5 Rocky Spoon produktus u\u017e 25 \u20ac Negali i\u0161sirinkti vieno? Ir nereikia. Susikurk savo asmenin\u012f Rocky Spoon rinkin\u012f \u2013 pasirink 5 produktus i\u0161 m\u016bs\u0173 favorit\u0173 ir atrask, kas tau labiausiai \u201elimpa\u201c. Tai puikus b\u016bdas: paragauti skirting\u0173 skoni\u0173 susikurti savo m\u0117gstamiausi\u0173 derin\u012f tur\u0117ti k\u0105 pad\u0117ti ant stalo tiek kasdien, tiek sve\u010diams \ud83d\udd25 Kas tav\u0119s [...]\" \/>\n<meta property=\"og:url\" content=\"https:\/\/rockyspoon.lt\/en\/product\/rinkinys-5-uz-25-e\/\" \/>\n<meta property=\"og:site_name\" content=\"rockyspoon.lt\" \/>\n<meta property=\"article:publisher\" content=\"https:\/\/www.facebook.com\/profile.php?id=61564237763085\" \/>\n<meta property=\"article:modified_time\" content=\"2026-04-06T18:08:56+00:00\" \/>\n<meta property=\"og:image\" content=\"https:\/\/rockyspoon.lt\/wp-content\/uploads\/2026\/04\/5-uz-25E.png\" \/>\n\t<meta property=\"og:image:width\" content=\"1200\" \/>\n\t<meta property=\"og:image:height\" content=\"1200\" \/>\n\t<meta property=\"og:image:type\" content=\"image\/png\" \/>\n<meta name=\"twitter:card\" content=\"summary_large_image\" \/>\n<meta name=\"twitter:label1\" content=\"Est. reading time\" \/>\n\t<meta name=\"twitter:data1\" content=\"2 minutes\" \/>\n<script type=\"application\/ld+json\" class=\"yoast-schema-graph\">{\"@context\":\"https:\\\/\\\/schema.org\",\"@graph\":[{\"@type\":\"WebPage\",\"@id\":\"https:\\\/\\\/rockyspoon.lt\\\/produktas\\\/rinkinys-5-uz-25-e\\\/\",\"url\":\"https:\\\/\\\/rockyspoon.lt\\\/produktas\\\/rinkinys-5-uz-25-e\\\/\",\"name\":\"SUD\u0116LIOK SAVO TOP 5 IR PARAGAUK DAUGIAU U\u017d MA\u017dIAU - rockyspoon.lt\",\"isPartOf\":{\"@id\":\"https:\\\/\\\/rockyspoon.lt\\\/#website\"},\"primaryImageOfPage\":{\"@id\":\"https:\\\/\\\/rockyspoon.lt\\\/produktas\\\/rinkinys-5-uz-25-e\\\/#primaryimage\"},\"image\":{\"@id\":\"https:\\\/\\\/rockyspoon.lt\\\/produktas\\\/rinkinys-5-uz-25-e\\\/#primaryimage\"},\"thumbnailUrl\":\"https:\\\/\\\/rockyspoon.lt\\\/wp-content\\\/uploads\\\/2026\\\/04\\\/5-uz-25E.png\",\"datePublished\":\"2026-04-02T16:39:25+00:00\",\"dateModified\":\"2026-04-06T18:08:56+00:00\",\"breadcrumb\":{\"@id\":\"https:\\\/\\\/rockyspoon.lt\\\/produktas\\\/rinkinys-5-uz-25-e\\\/#breadcrumb\"},\"inLanguage\":\"en-GB\",\"potentialAction\":[{\"@type\":\"ReadAction\",\"target\":[\"https:\\\/\\\/rockyspoon.lt\\\/produktas\\\/rinkinys-5-uz-25-e\\\/\"]}]},{\"@type\":\"ImageObject\",\"inLanguage\":\"en-GB\",\"@id\":\"https:\\\/\\\/rockyspoon.lt\\\/produktas\\\/rinkinys-5-uz-25-e\\\/#primaryimage\",\"url\":\"https:\\\/\\\/rockyspoon.lt\\\/wp-content\\\/uploads\\\/2026\\\/04\\\/5-uz-25E.png\",\"contentUrl\":\"https:\\\/\\\/rockyspoon.lt\\\/wp-content\\\/uploads\\\/2026\\\/04\\\/5-uz-25E.png\",\"width\":1200,\"height\":1200,\"caption\":\"5 u\u017e 25\u20ac Rocky Spoon\"},{\"@type\":\"BreadcrumbList\",\"@id\":\"https:\\\/\\\/rockyspoon.lt\\\/produktas\\\/rinkinys-5-uz-25-e\\\/#breadcrumb\",\"itemListElement\":[{\"@type\":\"ListItem\",\"position\":1,\"name\":\"Home\",\"item\":\"https:\\\/\\\/rockyspoon.lt\\\/\"},{\"@type\":\"ListItem\",\"position\":2,\"name\":\"Parduotuv\u0117\",\"item\":\"https:\\\/\\\/rockyspoon.lt\\\/parduotuve\\\/\"},{\"@type\":\"ListItem\",\"position\":3,\"name\":\"SUD\u0116LIOK SAVO TOP 5 IR PARAGAUK DAUGIAU U\u017d MA\u017dIAU\"}]},{\"@type\":\"WebSite\",\"@id\":\"https:\\\/\\\/rockyspoon.lt\\\/#website\",\"url\":\"https:\\\/\\\/rockyspoon.lt\\\/\",\"name\":\"Rocky Spoon\",\"description\":\"Rocky Spoon - Rank\u0173 Darbo Pada\u017eai ir Pagardai\",\"publisher\":{\"@id\":\"https:\\\/\\\/rockyspoon.lt\\\/#organization\"},\"potentialAction\":[{\"@type\":\"SearchAction\",\"target\":{\"@type\":\"EntryPoint\",\"urlTemplate\":\"https:\\\/\\\/rockyspoon.lt\\\/?s={search_term_string}\"},\"query-input\":{\"@type\":\"PropertyValueSpecification\",\"valueRequired\":true,\"valueName\":\"search_term_string\"}}],\"inLanguage\":\"en-GB\"},{\"@type\":\"Organization\",\"@id\":\"https:\\\/\\\/rockyspoon.lt\\\/#organization\",\"name\":\"Rocky Spoon\",\"url\":\"https:\\\/\\\/rockyspoon.lt\\\/\",\"logo\":{\"@type\":\"ImageObject\",\"inLanguage\":\"en-GB\",\"@id\":\"https:\\\/\\\/rockyspoon.lt\\\/#\\\/schema\\\/logo\\\/image\\\/\",\"url\":\"https:\\\/\\\/rockyspoon.lt\\\/wp-content\\\/uploads\\\/2024\\\/10\\\/cropped-android-chrome-192x192-1.png\",\"contentUrl\":\"https:\\\/\\\/rockyspoon.lt\\\/wp-content\\\/uploads\\\/2024\\\/10\\\/cropped-android-chrome-192x192-1.png\",\"width\":512,\"height\":512,\"caption\":\"Rocky Spoon\"},\"image\":{\"@id\":\"https:\\\/\\\/rockyspoon.lt\\\/#\\\/schema\\\/logo\\\/image\\\/\"},\"sameAs\":[\"https:\\\/\\\/www.facebook.com\\\/profile.php?id=61564237763085\"]}]}<\/script>\n<!-- \/ Yoast SEO plugin. -->","yoast_head_json":{"title":"SUD\u0116LIOK SAVO TOP 5 IR PARAGAUK DAUGIAU U\u017d MA\u017dIAU - rockyspoon.lt","robots":{"index":"index","follow":"follow","max-snippet":"max-snippet:-1","max-image-preview":"max-image-preview:large","max-video-preview":"max-video-preview:-1"},"canonical":"https:\/\/rockyspoon.lt\/en\/product\/rinkinys-5-uz-25-e\/","og_locale":"en_GB","og_type":"article","og_title":"SUD\u0116LIOK SAVO TOP 5 IR PARAGAUK DAUGIAU U\u017d MA\u017dIAU - rockyspoon.lt","og_description":"\ud83c\udf6f Susikomplektuok 5 Rocky Spoon produktus u\u017e 25 \u20ac Negali i\u0161sirinkti vieno? Ir nereikia. Susikurk savo asmenin\u012f Rocky Spoon rinkin\u012f \u2013 pasirink 5 produktus i\u0161 m\u016bs\u0173 favorit\u0173 ir atrask, kas tau labiausiai \u201elimpa\u201c. Tai puikus b\u016bdas: paragauti skirting\u0173 skoni\u0173 susikurti savo m\u0117gstamiausi\u0173 derin\u012f tur\u0117ti k\u0105 pad\u0117ti ant stalo tiek kasdien, tiek sve\u010diams \ud83d\udd25 Kas tav\u0119s [...]","og_url":"https:\/\/rockyspoon.lt\/en\/product\/rinkinys-5-uz-25-e\/","og_site_name":"rockyspoon.lt","article_publisher":"https:\/\/www.facebook.com\/profile.php?id=61564237763085","article_modified_time":"2026-04-06T18:08:56+00:00","og_image":[{"width":1200,"height":1200,"url":"https:\/\/rockyspoon.lt\/wp-content\/uploads\/2026\/04\/5-uz-25E.png","type":"image\/png"}],"twitter_card":"summary_large_image","twitter_misc":{"Est. reading time":"2 minutes"},"schema":{"@context":"https:\/\/schema.org","@graph":[{"@type":"WebPage","@id":"https:\/\/rockyspoon.lt\/produktas\/rinkinys-5-uz-25-e\/","url":"https:\/\/rockyspoon.lt\/produktas\/rinkinys-5-uz-25-e\/","name":"SUD\u0116LIOK SAVO TOP 5 IR PARAGAUK DAUGIAU U\u017d MA\u017dIAU - rockyspoon.lt","isPartOf":{"@id":"https:\/\/rockyspoon.lt\/#website"},"primaryImageOfPage":{"@id":"https:\/\/rockyspoon.lt\/produktas\/rinkinys-5-uz-25-e\/#primaryimage"},"image":{"@id":"https:\/\/rockyspoon.lt\/produktas\/rinkinys-5-uz-25-e\/#primaryimage"},"thumbnailUrl":"https:\/\/rockyspoon.lt\/wp-content\/uploads\/2026\/04\/5-uz-25E.png","datePublished":"2026-04-02T16:39:25+00:00","dateModified":"2026-04-06T18:08:56+00:00","breadcrumb":{"@id":"https:\/\/rockyspoon.lt\/produktas\/rinkinys-5-uz-25-e\/#breadcrumb"},"inLanguage":"en-GB","potentialAction":[{"@type":"ReadAction","target":["https:\/\/rockyspoon.lt\/produktas\/rinkinys-5-uz-25-e\/"]}]},{"@type":"ImageObject","inLanguage":"en-GB","@id":"https:\/\/rockyspoon.lt\/produktas\/rinkinys-5-uz-25-e\/#primaryimage","url":"https:\/\/rockyspoon.lt\/wp-content\/uploads\/2026\/04\/5-uz-25E.png","contentUrl":"https:\/\/rockyspoon.lt\/wp-content\/uploads\/2026\/04\/5-uz-25E.png","width":1200,"height":1200,"caption":"5 u\u017e 25\u20ac Rocky Spoon"},{"@type":"BreadcrumbList","@id":"https:\/\/rockyspoon.lt\/produktas\/rinkinys-5-uz-25-e\/#breadcrumb","itemListElement":[{"@type":"ListItem","position":1,"name":"Home","item":"https:\/\/rockyspoon.lt\/"},{"@type":"ListItem","position":2,"name":"Parduotuv\u0117","item":"https:\/\/rockyspoon.lt\/parduotuve\/"},{"@type":"ListItem","position":3,"name":"SUD\u0116LIOK SAVO TOP 5 IR PARAGAUK DAUGIAU U\u017d MA\u017dIAU"}]},{"@type":"WebSite","@id":"https:\/\/rockyspoon.lt\/#website","url":"https:\/\/rockyspoon.lt\/","name":"Rocky Spoon","description":"Rocky Spoon - Rank\u0173 Darbo Pada\u017eai ir Pagardai","publisher":{"@id":"https:\/\/rockyspoon.lt\/#organization"},"potentialAction":[{"@type":"SearchAction","target":{"@type":"EntryPoint","urlTemplate":"https:\/\/rockyspoon.lt\/?s={search_term_string}"},"query-input":{"@type":"PropertyValueSpecification","valueRequired":true,"valueName":"search_term_string"}}],"inLanguage":"en-GB"},{"@type":"Organization","@id":"https:\/\/rockyspoon.lt\/#organization","name":"Rocky Spoon","url":"https:\/\/rockyspoon.lt\/","logo":{"@type":"ImageObject","inLanguage":"en-GB","@id":"https:\/\/rockyspoon.lt\/#\/schema\/logo\/image\/","url":"https:\/\/rockyspoon.lt\/wp-content\/uploads\/2024\/10\/cropped-android-chrome-192x192-1.png","contentUrl":"https:\/\/rockyspoon.lt\/wp-content\/uploads\/2024\/10\/cropped-android-chrome-192x192-1.png","width":512,"height":512,"caption":"Rocky Spoon"},"image":{"@id":"https:\/\/rockyspoon.lt\/#\/schema\/logo\/image\/"},"sameAs":["https:\/\/www.facebook.com\/profile.php?id=61564237763085"]}]}},"jetpack_sharing_enabled":true,"_links":{"self":[{"href":"https:\/\/rockyspoon.lt\/en\/wp-json\/wp\/v2\/product\/1053","targetHints":{"allow":["GET"]}}],"collection":[{"href":"https:\/\/rockyspoon.lt\/en\/wp-json\/wp\/v2\/product"}],"about":[{"href":"https:\/\/rockyspoon.lt\/en\/wp-json\/wp\/v2\/types\/product"}],"replies":[{"embeddable":true,"href":"https:\/\/rockyspoon.lt\/en\/wp-json\/wp\/v2\/comments?post=1053"}],"wp:featuredmedia":[{"embeddable":true,"href":"https:\/\/rockyspoon.lt\/en\/wp-json\/wp\/v2\/media\/1056"}],"wp:attachment":[{"href":"https:\/\/rockyspoon.lt\/en\/wp-json\/wp\/v2\/media?parent=1053"}],"wp:term":[{"taxonomy":"product_brand","embeddable":true,"href":"https:\/\/rockyspoon.lt\/en\/wp-json\/wp\/v2\/product_brand?post=1053"},{"taxonomy":"product_cat","embeddable":true,"href":"https:\/\/rockyspoon.lt\/en\/wp-json\/wp\/v2\/product_cat?post=1053"},{"taxonomy":"product_tag","embeddable":true,"href":"https:\/\/rockyspoon.lt\/en\/wp-json\/wp\/v2\/product_tag?post=1053"}],"curies":[{"name":"wp","href":"https:\/\/api.w.org\/{rel}","templated":true}]}}