{"id":737,"date":"2025-08-20T11:01:15","date_gmt":"2025-08-20T11:01:15","guid":{"rendered":"https:\/\/rockyspoon.lt\/?page_id=737"},"modified":"2025-08-26T10:58:00","modified_gmt":"2025-08-26T10:58:00","slug":"bonos-sforcos-mizerija-pagardas-arturas-rakauskas","status":"publish","type":"page","link":"https:\/\/rockyspoon.lt\/en\/bonos-sforcos-mizerija-pagardas-arturas-rakauskas\/","title":{"rendered":"ART\u016aRAS RAKAUSKAS"},"content":{"rendered":"<section class=\"section\" id=\"section_1959624549\">\n\t\t<div class=\"section-bg fill\" >\n\t\t\t\t\t\t\t\t\t\n\t\t\t\n\n\t\t<\/div>\n\n\t\t\n\n\t\t<div class=\"section-content relative\">\n\t\t\t\n\n\n  <div class=\"banner has-hover\" id=\"banner-1372270722\">\n          <div class=\"banner-inner fill\">\n        <div class=\"banner-bg fill\" >\n            <img loading=\"lazy\" decoding=\"async\" width=\"1020\" height=\"1020\" src=\"https:\/\/rockyspoon.lt\/wp-content\/uploads\/2025\/08\/arturas-2-1024x1024.jpg\" class=\"bg attachment-large size-large\" alt=\"roskyspoon rocky spoon handmade lithuania lietuva rank\u0173 darbas chutney mango caramelised onions freezedried snacks bona sforca kuchmistras Arturas rakauskas\" \/>                                    \n                    <\/div>\n\t\t\n        <div class=\"banner-layers container\">\n            <div class=\"fill banner-link\"><\/div>            \n\n   <div id=\"text-box-908074969\" class=\"text-box banner-layer x85 md-x80 lg-x80 y100 md-y100 lg-y100 res-text\">\n                                <div class=\"text-box-content text dark\">\n              \n              <div class=\"text-inner text-center\">\n                  \n\n\t<div id=\"text-2839833375\" class=\"text\">\n\t\t\n\n<h4 class=\"alt-font\"><span style=\"font-size: 250%;\"><strong><span style=\"color: #000000;\">Art\u016bras<\/span><\/strong><\/span><\/h4>\n\t\t\n<style>\n#text-2839833375 {\n  text-align: right;\n}\n@media (min-width:550px) {\n  #text-2839833375 {\n    text-align: right;\n  }\n}\n<\/style>\n\t<\/div>\n\t\n\n              <\/div>\n           <\/div>\n                            \n<style>\n#text-box-908074969 {\n  width: 31%;\n}\n#text-box-908074969 .text-box-content {\n  font-size: 100%;\n}\n<\/style>\n    <\/div>\n \n\n        <\/div>\n      <\/div>\n\n            \n<style>\n#banner-1372270722 {\n  padding-top: 250px;\n  background-color: rgb(217, 217, 217);\n}\n#banner-1372270722 .banner-bg img {\n  object-position: 40% 27%;\n}\n@media (min-width:550px) {\n  #banner-1372270722 {\n    padding-top: 400px;\n  }\n}\n@media (min-width:850px) {\n  #banner-1372270722 {\n    padding-top: 592px;\n  }\n}\n<\/style>\n  <\/div>\n\n\n\t<div id=\"gap-1226759173\" class=\"gap-element clearfix\" style=\"display:block; height:auto;\">\n\t\t\n<style>\n#gap-1226759173 {\n  padding-top: 30px;\n}\n<\/style>\n\t<\/div>\n\t\n\n\n\t\t<div class=\"icon-box featured-box icon-box-top text-left\"  >\n\t\t\t\t<div class=\"icon-box-text last-reset\">\n\t\t\t\t\t\t\t\t\t\n\n<p><span style=\"color: #f7eded;\">Art\u016bras Rakauskas \u2013 tai ne tik virtuv\u0117s \u0161efas, bet ir menininkas, kuris savo k\u016bryb\u0105 perkelia i\u0161 drob\u0117s \u012f l\u0117k\u0161t\u0119 ir atgal. \u0160efas \u201eKuchmistrai\u201c restorane ir aistringas Pop Art krypties k\u016br\u0117jas, Art\u016bras jungia kulinarij\u0105 su vaizduojamuoju menu taip, kad kiekvienas jo darbas \u2013 ar tai b\u016bt\u0173 patiekalas, ar paveikslas \u2013 tampa emocine patirtimi.<\/span><\/p>\n<p><span style=\"color: #f7eded;\">\u00a0Jo menas \u2013 dr\u0105sus, spalvingas ir nebijantis provokuoti. \u012ekv\u0117ptas kasdienyb\u0117s chaoso, sovietme\u010dio estetikos fragment\u0173, reklamos pasaulio ir \u0161iuolaikin\u0117s kult\u016bros, Rakauskas per Pop Art prizm\u0119 kalba apie laikmet\u012f, tapatyb\u0119 ir pas\u0105mon\u0117s sluoksnius. Jo k\u016briniai \u2013 tai tarsi vizualinis pankrokas: ironija, humoras ir spalv\u0173 sprogimas viename.<\/span><\/p>\n\n\t\t<\/div>\n\t<\/div>\n\t\n\t\n\n\t\t<\/div>\n\n\t\t\n<style>\n#section_1959624549 {\n  padding-top: 50px;\n  padding-bottom: 50px;\n  background-color: rgb(24, 27, 31);\n}\n@media (min-width:550px) {\n  #section_1959624549 {\n    padding-top: 60px;\n    padding-bottom: 60px;\n  }\n}\n<\/style>\n\t<\/section>\n\t\n\n\t<section class=\"section\" id=\"section_969087940\">\n\t\t<div class=\"section-bg fill\" >\n\t\t\t\t\t\t\t\t\t\n\t\t\t\n\n\t\t<\/div>\n\n\t\t\n\n\t\t<div class=\"section-content relative\">\n\t\t\t\n\n<div class=\"row align-right\" style=\"max-width:1300px\" id=\"row-467317807\">\n\n\n\t<div id=\"col-382766267\" class=\"col medium-8 small-12 large-8\"  >\n\t\t\t\t<div class=\"col-inner\"  >\n\t\t\t\n\t\t\t\n\n\n  <div class=\"banner has-hover\" id=\"banner-1941233417\">\n          <div class=\"banner-inner fill\">\n        <div class=\"banner-bg fill\" >\n            <img loading=\"lazy\" decoding=\"async\" width=\"819\" height=\"1024\" src=\"https:\/\/rockyspoon.lt\/wp-content\/uploads\/2025\/08\/ArturasAR_-819x1024.jpg\" class=\"bg attachment-large size-large\" alt=\"roskyspoon rocky spoon handmade lithuania lietuva rank\u0173 darbas chutney mango caramelised onions freezedried snacks bona sforca kuchmistras Arturas rakauskas\" \/>                                    \n                    <\/div>\n\t\t\n        <div class=\"banner-layers container\">\n            <div class=\"fill banner-link\"><\/div>            \n\n   <div id=\"text-box-325788843\" class=\"text-box banner-layer x50 md-x50 lg-x50 y50 md-y50 lg-y50 res-text\">\n                                <div class=\"text-box-content text dark\">\n              \n              <div class=\"text-inner text-center\">\n                  \n\n\n              <\/div>\n           <\/div>\n                            \n<style>\n#text-box-325788843 {\n  width: 60%;\n}\n#text-box-325788843 .text-box-content {\n  font-size: 100%;\n}\n@media (min-width:550px) {\n  #text-box-325788843 {\n    width: 60%;\n  }\n}\n<\/style>\n    <\/div>\n \n\n        <\/div>\n      <\/div>\n\n            \n<style>\n#banner-1941233417 {\n  padding-top: 250px;\n  background-color: rgb(217, 217, 217);\n}\n#banner-1941233417 .banner-bg img {\n  object-position: 51% 76%;\n}\n@media (min-width:550px) {\n  #banner-1941233417 {\n    padding-top: 400px;\n  }\n}\n@media (min-width:850px) {\n  #banner-1941233417 {\n    padding-top: 406px;\n  }\n}\n<\/style>\n  <\/div>\n\n\n\n\t\t<\/div>\n\t\t\t\t\t<\/div>\n\n\t\n\n<\/div>\n<div class=\"row\" style=\"max-width:1300px\" id=\"row-1868490202\">\n\n\n\t<div id=\"col-1735565439\" class=\"col medium-8 small-12 large-6\"  >\n\t\t\t\t<div class=\"col-inner\" style=\"background-color:rgb(212, 204, 204);\" >\n\t\t\t\n\t\t\t\n\n<p><span style=\"color: #282828;\">\u00a0Virtuv\u0117je jis elgiasi kaip tikras performanso menininkas \u2013 ne tik gamina, bet kuria istorijas, pasitelkdamas ingredientus tarsi da\u017eus. Kiekvienas patiekalas \u2013 lyg instaliacija, kuri prabyla apie kulinarin\u0119 tradicij\u0105, ta\u010diau visada su \u0161iuolaikiniu akcentu.<\/span><\/p>\n<p><span style=\"color: #282828;\">\u00a0Art\u016bras Rakauskas \u2013 tai ribas lau\u017eantis k\u016br\u0117jas, kuris nepasiduoda formatams. Jis nebijo eksperimentuoti, mai\u0161yti kult\u016bras, epochas ir medijas, nes tiki, kad tik taip gimsta ka\u017ekas autenti\u0161ko ir gyvo.<\/span><\/p>\n<a href=\"https:\/\/rockyspoon.lt\/en\/bonos-sforcos-mizerija-pagardas\/\" class=\"button secondary is-underline\" >\n\t\t<span>Gr\u012f\u017eti<\/span>\n\t<\/a>\n\n\n\n\t\t<\/div>\n\t\t\t\t\n<style>\n#col-1735565439 > .col-inner {\n  padding: 40px 40px 40px 40px;\n  margin: -37px 0px 0px 0px;\n}\n@media (min-width:550px) {\n  #col-1735565439 > .col-inner {\n    padding: 50px 50px 50px 50px;\n    margin: -270px 0px 0px 0px;\n  }\n}\n<\/style>\n\t<\/div>\n\n\t\n\n\t<div id=\"col-1807807131\" class=\"col medium-2 small-12 large-2\"  >\n\t\t\t\t<div class=\"col-inner\"  >\n\t\t\t\n\t\t\t\n\n<div class=\"ux-logo has-hover align-middle ux_logo inline-block\" style=\"max-width: 100%!important; width: 80px!important\"><a class=\"ux-logo-link block image-\" title=\"\" href=\"https:\/\/www.facebook.com\/profile.php?id=100010635994604\" style=\"padding: 15px;\"><img decoding=\"async\" src=\"https:\/\/rockyspoon.lt\/wp-content\/uploads\/2025\/08\/2021_Facebook_icon.svg.png\" title=\"\" alt=\"\" class=\"ux-logo-image block\" style=\"height:50px;\" \/><\/a><\/div>\n\n\n\t\t<\/div>\n\t\t\t\t\t<\/div>\n\n\t\n\n\t<div id=\"col-2073375089\" class=\"col medium-2 small-12 large-2\"  >\n\t\t\t\t<div class=\"col-inner\"  >\n\t\t\t\n\t\t\t\n\n<div class=\"ux-logo has-hover align-middle ux_logo inline-block\" style=\"max-width: 100%!important; width: 80px!important\"><a class=\"ux-logo-link block image-\" title=\"\" href=\"https:\/\/www.instagram.com\/arturas.rakausk\/\" style=\"padding: 15px;\"><img decoding=\"async\" src=\"https:\/\/rockyspoon.lt\/wp-content\/uploads\/2025\/08\/Instagram_icon-1-scaled.png\" title=\"\" alt=\"\" class=\"ux-logo-image block\" style=\"height:50px;\" \/><\/a><\/div>\n\n\n\t\t<\/div>\n\t\t\t\t\t<\/div>\n\n\t\n\n<\/div>\n\n\t\t<\/div>\n\n\t\t\n<style>\n#section_969087940 {\n  padding-top: 50px;\n  padding-bottom: 50px;\n  background-color: rgb(24, 27, 31);\n}\n@media (min-width:550px) {\n  #section_969087940 {\n    padding-top: 1px;\n    padding-bottom: 1px;\n  }\n}\n<\/style>\n\t<\/section>","protected":false},"excerpt":{"rendered":"","protected":false},"author":1,"featured_media":0,"parent":0,"menu_order":0,"comment_status":"closed","ping_status":"closed","template":"","meta":{"footnotes":""},"class_list":["post-737","page","type-page","status-publish","hentry"],"yoast_head":"<!-- This site is optimized with the Yoast SEO plugin v27.3 - https:\/\/yoast.com\/product\/yoast-seo-wordpress\/ -->\n<title>ART\u016aRAS RAKAUSKAS - Rocky Spoon - Rank\u0173 Darbo Pada\u017eai ir Pagardai<\/title>\n<meta name=\"description\" content=\"Rocky Spoon - Unikal\u016bs ranko darbo pada\u017eai ir pagardai\" \/>\n<meta name=\"robots\" content=\"index, follow, max-snippet:-1, max-image-preview:large, max-video-preview:-1\" \/>\n<link rel=\"canonical\" href=\"https:\/\/rockyspoon.lt\/en\/bonos-sforcos-mizerija-pagardas-arturas-rakauskas\/\" \/>\n<meta property=\"og:locale\" content=\"en_GB\" \/>\n<meta property=\"og:type\" content=\"article\" \/>\n<meta property=\"og:title\" content=\"ART\u016aRAS RAKAUSKAS - Rocky Spoon - Rank\u0173 Darbo Pada\u017eai ir Pagardai\" \/>\n<meta property=\"og:description\" content=\"Rocky Spoon - Unikal\u016bs ranko darbo pada\u017eai ir pagardai\" \/>\n<meta property=\"og:url\" content=\"https:\/\/rockyspoon.lt\/en\/bonos-sforcos-mizerija-pagardas-arturas-rakauskas\/\" \/>\n<meta property=\"og:site_name\" content=\"rockyspoon.lt\" \/>\n<meta property=\"article:publisher\" content=\"https:\/\/www.facebook.com\/profile.php?id=61564237763085\" \/>\n<meta property=\"article:modified_time\" content=\"2025-08-26T10:58:00+00:00\" \/>\n<meta property=\"og:image\" content=\"https:\/\/rockyspoon.lt\/wp-content\/uploads\/2024\/10\/ROCKY-SPOON_Logo_favicon.png\" \/>\n\t<meta property=\"og:image:width\" content=\"144\" \/>\n\t<meta property=\"og:image:height\" content=\"99\" \/>\n\t<meta property=\"og:image:type\" content=\"image\/png\" \/>\n<meta name=\"twitter:card\" content=\"summary_large_image\" \/>\n<script type=\"application\/ld+json\" class=\"yoast-schema-graph\">{\"@context\":\"https:\\\/\\\/schema.org\",\"@graph\":[{\"@type\":\"WebPage\",\"@id\":\"https:\\\/\\\/rockyspoon.lt\\\/bonos-sforcos-mizerija-pagardas-arturas-rakauskas\\\/\",\"url\":\"https:\\\/\\\/rockyspoon.lt\\\/bonos-sforcos-mizerija-pagardas-arturas-rakauskas\\\/\",\"name\":\"ART\u016aRAS RAKAUSKAS - Rocky Spoon - Rank\u0173 Darbo Pada\u017eai ir Pagardai\",\"isPartOf\":{\"@id\":\"https:\\\/\\\/rockyspoon.lt\\\/#website\"},\"datePublished\":\"2025-08-20T11:01:15+00:00\",\"dateModified\":\"2025-08-26T10:58:00+00:00\",\"description\":\"Rocky Spoon - Unikal\u016bs ranko darbo pada\u017eai ir pagardai\",\"breadcrumb\":{\"@id\":\"https:\\\/\\\/rockyspoon.lt\\\/bonos-sforcos-mizerija-pagardas-arturas-rakauskas\\\/#breadcrumb\"},\"inLanguage\":\"en-GB\",\"potentialAction\":[{\"@type\":\"ReadAction\",\"target\":[\"https:\\\/\\\/rockyspoon.lt\\\/bonos-sforcos-mizerija-pagardas-arturas-rakauskas\\\/\"]}]},{\"@type\":\"BreadcrumbList\",\"@id\":\"https:\\\/\\\/rockyspoon.lt\\\/bonos-sforcos-mizerija-pagardas-arturas-rakauskas\\\/#breadcrumb\",\"itemListElement\":[{\"@type\":\"ListItem\",\"position\":1,\"name\":\"Home\",\"item\":\"https:\\\/\\\/rockyspoon.lt\\\/\"},{\"@type\":\"ListItem\",\"position\":2,\"name\":\"ART\u016aRAS RAKAUSKAS\"}]},{\"@type\":\"WebSite\",\"@id\":\"https:\\\/\\\/rockyspoon.lt\\\/#website\",\"url\":\"https:\\\/\\\/rockyspoon.lt\\\/\",\"name\":\"Rocky Spoon\",\"description\":\"Rocky Spoon - Rank\u0173 Darbo Pada\u017eai ir Pagardai\",\"publisher\":{\"@id\":\"https:\\\/\\\/rockyspoon.lt\\\/#organization\"},\"potentialAction\":[{\"@type\":\"SearchAction\",\"target\":{\"@type\":\"EntryPoint\",\"urlTemplate\":\"https:\\\/\\\/rockyspoon.lt\\\/?s={search_term_string}\"},\"query-input\":{\"@type\":\"PropertyValueSpecification\",\"valueRequired\":true,\"valueName\":\"search_term_string\"}}],\"inLanguage\":\"en-GB\"},{\"@type\":\"Organization\",\"@id\":\"https:\\\/\\\/rockyspoon.lt\\\/#organization\",\"name\":\"Rocky Spoon\",\"url\":\"https:\\\/\\\/rockyspoon.lt\\\/\",\"logo\":{\"@type\":\"ImageObject\",\"inLanguage\":\"en-GB\",\"@id\":\"https:\\\/\\\/rockyspoon.lt\\\/#\\\/schema\\\/logo\\\/image\\\/\",\"url\":\"https:\\\/\\\/rockyspoon.lt\\\/wp-content\\\/uploads\\\/2024\\\/10\\\/cropped-android-chrome-192x192-1.png\",\"contentUrl\":\"https:\\\/\\\/rockyspoon.lt\\\/wp-content\\\/uploads\\\/2024\\\/10\\\/cropped-android-chrome-192x192-1.png\",\"width\":512,\"height\":512,\"caption\":\"Rocky Spoon\"},\"image\":{\"@id\":\"https:\\\/\\\/rockyspoon.lt\\\/#\\\/schema\\\/logo\\\/image\\\/\"},\"sameAs\":[\"https:\\\/\\\/www.facebook.com\\\/profile.php?id=61564237763085\"]}]}<\/script>\n<!-- \/ Yoast SEO plugin. -->","yoast_head_json":{"title":"ART\u016aRAS RAKAUSKAS - Rocky Spoon - Rank\u0173 Darbo Pada\u017eai ir Pagardai","description":"Rocky Spoon - Unikal\u016bs ranko darbo pada\u017eai ir pagardai","robots":{"index":"index","follow":"follow","max-snippet":"max-snippet:-1","max-image-preview":"max-image-preview:large","max-video-preview":"max-video-preview:-1"},"canonical":"https:\/\/rockyspoon.lt\/en\/bonos-sforcos-mizerija-pagardas-arturas-rakauskas\/","og_locale":"en_GB","og_type":"article","og_title":"ART\u016aRAS RAKAUSKAS - Rocky Spoon - Rank\u0173 Darbo Pada\u017eai ir Pagardai","og_description":"Rocky Spoon - Unikal\u016bs ranko darbo pada\u017eai ir pagardai","og_url":"https:\/\/rockyspoon.lt\/en\/bonos-sforcos-mizerija-pagardas-arturas-rakauskas\/","og_site_name":"rockyspoon.lt","article_publisher":"https:\/\/www.facebook.com\/profile.php?id=61564237763085","article_modified_time":"2025-08-26T10:58:00+00:00","og_image":[{"width":144,"height":99,"url":"https:\/\/rockyspoon.lt\/wp-content\/uploads\/2024\/10\/ROCKY-SPOON_Logo_favicon.png","type":"image\/png"}],"twitter_card":"summary_large_image","schema":{"@context":"https:\/\/schema.org","@graph":[{"@type":"WebPage","@id":"https:\/\/rockyspoon.lt\/bonos-sforcos-mizerija-pagardas-arturas-rakauskas\/","url":"https:\/\/rockyspoon.lt\/bonos-sforcos-mizerija-pagardas-arturas-rakauskas\/","name":"ART\u016aRAS RAKAUSKAS - Rocky Spoon - Rank\u0173 Darbo Pada\u017eai ir Pagardai","isPartOf":{"@id":"https:\/\/rockyspoon.lt\/#website"},"datePublished":"2025-08-20T11:01:15+00:00","dateModified":"2025-08-26T10:58:00+00:00","description":"Rocky Spoon - Unikal\u016bs ranko darbo pada\u017eai ir pagardai","breadcrumb":{"@id":"https:\/\/rockyspoon.lt\/bonos-sforcos-mizerija-pagardas-arturas-rakauskas\/#breadcrumb"},"inLanguage":"en-GB","potentialAction":[{"@type":"ReadAction","target":["https:\/\/rockyspoon.lt\/bonos-sforcos-mizerija-pagardas-arturas-rakauskas\/"]}]},{"@type":"BreadcrumbList","@id":"https:\/\/rockyspoon.lt\/bonos-sforcos-mizerija-pagardas-arturas-rakauskas\/#breadcrumb","itemListElement":[{"@type":"ListItem","position":1,"name":"Home","item":"https:\/\/rockyspoon.lt\/"},{"@type":"ListItem","position":2,"name":"ART\u016aRAS RAKAUSKAS"}]},{"@type":"WebSite","@id":"https:\/\/rockyspoon.lt\/#website","url":"https:\/\/rockyspoon.lt\/","name":"Rocky Spoon","description":"Rocky Spoon - Rank\u0173 Darbo Pada\u017eai ir Pagardai","publisher":{"@id":"https:\/\/rockyspoon.lt\/#organization"},"potentialAction":[{"@type":"SearchAction","target":{"@type":"EntryPoint","urlTemplate":"https:\/\/rockyspoon.lt\/?s={search_term_string}"},"query-input":{"@type":"PropertyValueSpecification","valueRequired":true,"valueName":"search_term_string"}}],"inLanguage":"en-GB"},{"@type":"Organization","@id":"https:\/\/rockyspoon.lt\/#organization","name":"Rocky Spoon","url":"https:\/\/rockyspoon.lt\/","logo":{"@type":"ImageObject","inLanguage":"en-GB","@id":"https:\/\/rockyspoon.lt\/#\/schema\/logo\/image\/","url":"https:\/\/rockyspoon.lt\/wp-content\/uploads\/2024\/10\/cropped-android-chrome-192x192-1.png","contentUrl":"https:\/\/rockyspoon.lt\/wp-content\/uploads\/2024\/10\/cropped-android-chrome-192x192-1.png","width":512,"height":512,"caption":"Rocky Spoon"},"image":{"@id":"https:\/\/rockyspoon.lt\/#\/schema\/logo\/image\/"},"sameAs":["https:\/\/www.facebook.com\/profile.php?id=61564237763085"]}]}},"jetpack_sharing_enabled":true,"_links":{"self":[{"href":"https:\/\/rockyspoon.lt\/en\/wp-json\/wp\/v2\/pages\/737","targetHints":{"allow":["GET"]}}],"collection":[{"href":"https:\/\/rockyspoon.lt\/en\/wp-json\/wp\/v2\/pages"}],"about":[{"href":"https:\/\/rockyspoon.lt\/en\/wp-json\/wp\/v2\/types\/page"}],"author":[{"embeddable":true,"href":"https:\/\/rockyspoon.lt\/en\/wp-json\/wp\/v2\/users\/1"}],"replies":[{"embeddable":true,"href":"https:\/\/rockyspoon.lt\/en\/wp-json\/wp\/v2\/comments?post=737"}],"version-history":[{"count":9,"href":"https:\/\/rockyspoon.lt\/en\/wp-json\/wp\/v2\/pages\/737\/revisions"}],"predecessor-version":[{"id":842,"href":"https:\/\/rockyspoon.lt\/en\/wp-json\/wp\/v2\/pages\/737\/revisions\/842"}],"wp:attachment":[{"href":"https:\/\/rockyspoon.lt\/en\/wp-json\/wp\/v2\/media?parent=737"}],"curies":[{"name":"wp","href":"https:\/\/api.w.org\/{rel}","templated":true}]}}