{"id":689,"date":"2025-08-10T10:25:31","date_gmt":"2025-08-10T10:25:31","guid":{"rendered":"https:\/\/rockyspoon.lt\/?page_id=689"},"modified":"2025-08-31T13:18:13","modified_gmt":"2025-08-31T13:18:13","slug":"kolabai","status":"publish","type":"page","link":"https:\/\/rockyspoon.lt\/en\/kolabai\/","title":{"rendered":"COLLABS"},"content":{"rendered":"<section class=\"section\" id=\"section_763449741\">\n\t\t<div class=\"section-bg fill\" >\n\t\t\t\t\t\t\t\t\t\n\t\t\t\n\n\t\t<\/div>\n\n\t\t\n\n\t\t<div class=\"section-content relative\">\n\t\t\t\n\n\t<div id=\"text-2273954040\" class=\"text\">\n\t\t\n\n<h2 style=\"text-align: center;\">ROCKY SPOON COLLABS<\/h2>\n<h4 style=\"text-align: center;\">Collaborative projects with our partners \u2013<\/h4>\n<h4 style=\"text-align: center;\">limited edition, one-of-a-kind flavors.<\/h4>\n\t\t\n<style>\n#text-2273954040 {\n  text-align: center;\n}\n<\/style>\n\t<\/div>\n\t\n<div class=\"row\"  id=\"row-1844128857\">\n\n\n\t<div id=\"col-2013715484\" class=\"col medium-12 small-12 large-4\"  >\n\t\t\t\t<div class=\"col-inner\"  >\n\t\t\t\n\t\t\t\n\n\n  <div class=\"banner has-hover\" id=\"banner-926884037\">\n          <div class=\"banner-inner fill\">\n        <div class=\"banner-bg fill\" >\n            <img loading=\"lazy\" decoding=\"async\" width=\"1020\" height=\"1020\" src=\"https:\/\/rockyspoon.lt\/wp-content\/uploads\/2025\/08\/20250819_152518A-1024x1024.jpg\" class=\"bg attachment-large size-large\" alt=\"roskyspoon rocky spoon handmade lithuania lietuva rank\u0173 darbas chutney mango caramelised onions freezedried snacks bona sforca pagardas bonos storcos virtuve arturas rakauskas sigita papieviene Martynas papievis\" \/>                                    \n                    <\/div>\n\t\t\n        <div class=\"banner-layers container\">\n            <a class=\"fill\" href=\"https:\/\/rockyspoon.lt\/en\/product\/bonos-sforcos-mizerija-pagardas\/\"><div class=\"fill banner-link\"><\/div><\/a>            \n\n   <div id=\"text-box-2030459640\" class=\"text-box banner-layer x50 md-x50 lg-x50 y50 md-y50 lg-y50 res-text\">\n                                <div class=\"text-box-content text dark\">\n              \n              <div class=\"text-inner text-center\">\n                  \n\n\n              <\/div>\n           <\/div>\n                            \n<style>\n#text-box-2030459640 {\n  width: 60%;\n}\n#text-box-2030459640 .text-box-content {\n  font-size: 100%;\n}\n@media (min-width:550px) {\n  #text-box-2030459640 {\n    width: 60%;\n  }\n}\n<\/style>\n    <\/div>\n \n\n        <\/div>\n      <\/div>\n\n            \n<style>\n#banner-926884037 {\n  padding-top: 300px;\n  background-color: rgba(255, 255, 255, 0);\n}\n@media (min-width:550px) {\n  #banner-926884037 {\n    padding-top: 306px;\n  }\n}\n<\/style>\n  <\/div>\n\n\n\n\t\t<\/div>\n\t\t\t\t\t<\/div>\n\n\t\n\n<\/div>\n<div class=\"row align-right\"  id=\"row-1049884430\">\n\n\n\t<div id=\"col-2032870537\" class=\"col medium-12 small-12 large-9\"  >\n\t\t\t\t<div class=\"col-inner\" style=\"background-color:rgb(24, 27, 31);\" >\n\t\t\t\n\t\t\t\n\n\t<div id=\"text-1646437495\" class=\"text\">\n\t\t\n\n<h2><span style=\"color: #faf7f7;\"><strong>Bona Sforca\u2019s Mizeria \u2013 condiment<\/strong><\/span><\/h2>\n\t\t\n<style>\n#text-1646437495 {\n  font-size: 1.25rem;\n}\n<\/style>\n\t<\/div>\n\t\n<p><span style=\"color: #faf7f7;\">A limited edition condiment inspired by the story of Renaissance Grand Duchess of Lithuania, Bona Sforca, and the traditions of \u201cmizeria\u201d.\nFresh notes of cucumber, apple, and aromatic herbs come together in a refined balance, enhancing meat, fish, and vegetable dishes alike.<\/span><\/p>\n<a href=\"https:\/\/rockyspoon.lt\/en\/bonos-sforcos-mizerija-pagardas\/\" class=\"button white\" style=\"border-radius:5px;padding:5px 20px 5px 20px;\">\n\t\t<span>Explore the collab<\/span>\n\t<\/a>\n\n\n\n\t\t<\/div>\n\t\t\t\t\n<style>\n#col-2032870537 > .col-inner {\n  padding: 7% 8% 5% 8%;\n  margin: -50px 0 0px 0px;\n}\n@media (min-width:550px) {\n  #col-2032870537 > .col-inner {\n    padding: 6% 8% 5% 8%;\n  }\n}\n@media (min-width:850px) {\n  #col-2032870537 > .col-inner {\n    padding: 8% 8% 5% 8%;\n    margin: -290px 0px 0px 0px;\n  }\n}\n<\/style>\n\t<\/div>\n\n\t\n\n<\/div>\n\n\t\t<\/div>\n\n\t\t\n<style>\n#section_763449741 {\n  padding-top: 30px;\n  padding-bottom: 30px;\n  background-color: rgb(255,255,255);\n}\n@media (min-width:550px) {\n  #section_763449741 {\n    padding-top: 50px;\n    padding-bottom: 50px;\n  }\n}\n<\/style>\n\t<\/section>\n\t\n\n\t<section class=\"section\" id=\"section_2144528569\">\n\t\t<div class=\"section-bg fill\" >\n\t\t\t\t\t\t\t\t\t\n\t\t\t\n\n\t\t<\/div>\n\n\t\t\n\n\t\t<div class=\"section-content relative\">\n\t\t\t\n\n<div class=\"row\"  id=\"row-96179922\">\n\n\n\t<div id=\"col-517630161\" class=\"col medium-12 small-12 large-4\"  >\n\t\t\t\t<div class=\"col-inner\"  >\n\t\t\t\n\t\t\t\n\n\n  <div class=\"banner has-hover\" id=\"banner-1557581848\">\n          <div class=\"banner-inner fill\">\n        <div class=\"banner-bg fill\" >\n            <img loading=\"lazy\" decoding=\"async\" width=\"1020\" height=\"1024\" src=\"https:\/\/rockyspoon.lt\/wp-content\/uploads\/2025\/03\/imbierine_slyva-1020x1024.jpg\" class=\"bg attachment-large size-large\" alt=\"roskyspoon rocky spoon handmade lithuania lietuva rank\u0173 darbas chutney mango caramelised onions freezedried snacks\" \/>                                    \n                    <\/div>\n\t\t\n        <div class=\"banner-layers container\">\n            <a class=\"fill\" href=\"https:\/\/rockyspoon.lt\/en\/product\/bonos-sforcos-mizerija-pagardas\/\"><div class=\"fill banner-link\"><\/div><\/a>            \n\n   <div id=\"text-box-902749662\" class=\"text-box banner-layer x100 md-x100 lg-x100 y85 md-y85 lg-y85 res-text\">\n                                <div class=\"text-box-content text dark\">\n              \n              <div class=\"text-inner text-center\">\n                  \n\n\n              <\/div>\n           <\/div>\n                            \n<style>\n#text-box-902749662 {\n  width: 60%;\n}\n#text-box-902749662 .text-box-content {\n  font-size: 100%;\n}\n@media (min-width:550px) {\n  #text-box-902749662 {\n    width: 60%;\n  }\n}\n<\/style>\n    <\/div>\n \n\n        <\/div>\n      <\/div>\n\n            \n<style>\n#banner-1557581848 {\n  padding-top: 300px;\n  background-color: rgba(255, 255, 255, 0);\n}\n@media (min-width:550px) {\n  #banner-1557581848 {\n    padding-top: 306px;\n  }\n}\n<\/style>\n  <\/div>\n\n\n\n\t\t<\/div>\n\t\t\t\t\t<\/div>\n\n\t\n\n<\/div>\n<div class=\"row align-right\"  id=\"row-2110433171\">\n\n\n\t<div id=\"col-1515788639\" class=\"col medium-12 small-12 large-9\"  >\n\t\t\t\t<div class=\"col-inner\" style=\"background-color:rgb(24, 27, 31);\" >\n\t\t\t\n\t\t\t\n\n\t<div id=\"text-2485818719\" class=\"text\">\n\t\t\n\n<p><span style=\"color: #faf7f7; font-size: 160%;\"><strong>Ginger Plum Chutney<\/strong><\/span><\/p>\n\t\t\n<style>\n#text-2485818719 {\n  font-size: 1.25rem;\n}\n<\/style>\n\t<\/div>\n\t\n<p data-start=\"92\" data-end=\"427\"><span style=\"color: #faf5f5;\">A distinctive Rocky Spoon creation, developed in collaboration with the restaurant Kuchmistrai.\n\nIn search of a flavor that harmoniously reflects both tradition and a contemporary culinary approach, we crafted a recipe where the sweetness of ripe plums meets the gentle warmth of ginger, enriched with carefully selected spices.<\/span><\/p>\n<p data-start=\"429\" data-end=\"821\"><span style=\"color: #faf5f5;\">This chutney is more than a condiment.\nIt is designed to elevate everyday dishes to a gourmet experience:\n\ngrilled meats\npoultry\naged cheeses\nand even vegetarian creations\n\nGinger Plum Chutney invites you to explore unexpected pairings and enjoy a journey of flavor inspired by Kuchmistrai\u2019s culinary philosophy and Rocky Spoon\u2019s handcrafted expertise.<\/span><\/p>\n<p data-start=\"429\" data-end=\"821\">\u00a0<\/p>\n<a href=\"https:\/\/kuchmistrai.lt\/\" class=\"button white\" style=\"border-radius:5px;padding:5px 20px 5px 20px;\">\n\t\t<span>Kuchmistrai.lt<\/span>\n\t<\/a>\n\n\n\n\t\t<\/div>\n\t\t\t\t\n<style>\n#col-1515788639 > .col-inner {\n  padding: 7% 8% 5% 8%;\n  margin: -50px 0 0px 0px;\n}\n@media (min-width:550px) {\n  #col-1515788639 > .col-inner {\n    padding: 6% 8% 5% 8%;\n  }\n}\n@media (min-width:850px) {\n  #col-1515788639 > .col-inner {\n    padding: 8% 8% 5% 8%;\n    margin: -290px 0px 0px 0px;\n  }\n}\n<\/style>\n\t<\/div>\n\n\t\n\n<\/div>\n\n\t\t<\/div>\n\n\t\t\n<style>\n#section_2144528569 {\n  padding-top: 30px;\n  padding-bottom: 30px;\n  background-color: rgb(255,255,255);\n}\n@media (min-width:550px) {\n  #section_2144528569 {\n    padding-top: 50px;\n    padding-bottom: 50px;\n  }\n}\n<\/style>\n\t<\/section>","protected":false},"excerpt":{"rendered":"","protected":false},"author":1,"featured_media":0,"parent":0,"menu_order":0,"comment_status":"closed","ping_status":"closed","template":"","meta":{"footnotes":""},"class_list":["post-689","page","type-page","status-publish","hentry"],"yoast_head":"<!-- This site is optimized with the Yoast SEO plugin v27.3 - https:\/\/yoast.com\/product\/yoast-seo-wordpress\/ -->\n<title>KOLABAI - Rocky Spoon - Rank\u0173 Darbo Pada\u017eai ir Pagardai<\/title>\n<meta name=\"description\" content=\"Rocky Spoon - Unikal\u016bs ranko darbo pada\u017eai ir pagardai\" \/>\n<meta name=\"robots\" content=\"index, follow, max-snippet:-1, max-image-preview:large, max-video-preview:-1\" \/>\n<link rel=\"canonical\" href=\"https:\/\/rockyspoon.lt\/en\/kolabai\/\" \/>\n<meta property=\"og:locale\" content=\"en_GB\" \/>\n<meta property=\"og:type\" content=\"article\" \/>\n<meta property=\"og:title\" content=\"KOLABAI - Rocky Spoon - Rank\u0173 Darbo Pada\u017eai ir Pagardai\" \/>\n<meta property=\"og:description\" content=\"Rocky Spoon - Unikal\u016bs ranko darbo pada\u017eai ir pagardai\" \/>\n<meta property=\"og:url\" content=\"https:\/\/rockyspoon.lt\/en\/kolabai\/\" \/>\n<meta property=\"og:site_name\" content=\"rockyspoon.lt\" \/>\n<meta property=\"article:publisher\" content=\"https:\/\/www.facebook.com\/profile.php?id=61564237763085\" \/>\n<meta property=\"article:modified_time\" content=\"2025-08-31T13:18:13+00:00\" \/>\n<meta property=\"og:image\" content=\"https:\/\/rockyspoon.lt\/wp-content\/uploads\/2024\/10\/ROCKY-SPOON_Logo_favicon.png\" \/>\n\t<meta property=\"og:image:width\" content=\"144\" \/>\n\t<meta property=\"og:image:height\" content=\"99\" \/>\n\t<meta property=\"og:image:type\" content=\"image\/png\" \/>\n<meta name=\"twitter:card\" content=\"summary_large_image\" \/>\n<meta name=\"twitter:label1\" content=\"Est. reading time\" \/>\n\t<meta name=\"twitter:data1\" content=\"1 minute\" \/>\n<script type=\"application\/ld+json\" class=\"yoast-schema-graph\">{\"@context\":\"https:\\\/\\\/schema.org\",\"@graph\":[{\"@type\":\"WebPage\",\"@id\":\"https:\\\/\\\/rockyspoon.lt\\\/kolabai\\\/\",\"url\":\"https:\\\/\\\/rockyspoon.lt\\\/kolabai\\\/\",\"name\":\"KOLABAI - Rocky Spoon - Rank\u0173 Darbo Pada\u017eai ir Pagardai\",\"isPartOf\":{\"@id\":\"https:\\\/\\\/rockyspoon.lt\\\/#website\"},\"datePublished\":\"2025-08-10T10:25:31+00:00\",\"dateModified\":\"2025-08-31T13:18:13+00:00\",\"description\":\"Rocky Spoon - Unikal\u016bs ranko darbo pada\u017eai ir pagardai\",\"breadcrumb\":{\"@id\":\"https:\\\/\\\/rockyspoon.lt\\\/kolabai\\\/#breadcrumb\"},\"inLanguage\":\"en-GB\",\"potentialAction\":[{\"@type\":\"ReadAction\",\"target\":[\"https:\\\/\\\/rockyspoon.lt\\\/kolabai\\\/\"]}]},{\"@type\":\"BreadcrumbList\",\"@id\":\"https:\\\/\\\/rockyspoon.lt\\\/kolabai\\\/#breadcrumb\",\"itemListElement\":[{\"@type\":\"ListItem\",\"position\":1,\"name\":\"Home\",\"item\":\"https:\\\/\\\/rockyspoon.lt\\\/\"},{\"@type\":\"ListItem\",\"position\":2,\"name\":\"KOLABAI\"}]},{\"@type\":\"WebSite\",\"@id\":\"https:\\\/\\\/rockyspoon.lt\\\/#website\",\"url\":\"https:\\\/\\\/rockyspoon.lt\\\/\",\"name\":\"Rocky Spoon\",\"description\":\"Rocky Spoon - Rank\u0173 Darbo Pada\u017eai ir Pagardai\",\"publisher\":{\"@id\":\"https:\\\/\\\/rockyspoon.lt\\\/#organization\"},\"potentialAction\":[{\"@type\":\"SearchAction\",\"target\":{\"@type\":\"EntryPoint\",\"urlTemplate\":\"https:\\\/\\\/rockyspoon.lt\\\/?s={search_term_string}\"},\"query-input\":{\"@type\":\"PropertyValueSpecification\",\"valueRequired\":true,\"valueName\":\"search_term_string\"}}],\"inLanguage\":\"en-GB\"},{\"@type\":\"Organization\",\"@id\":\"https:\\\/\\\/rockyspoon.lt\\\/#organization\",\"name\":\"Rocky Spoon\",\"url\":\"https:\\\/\\\/rockyspoon.lt\\\/\",\"logo\":{\"@type\":\"ImageObject\",\"inLanguage\":\"en-GB\",\"@id\":\"https:\\\/\\\/rockyspoon.lt\\\/#\\\/schema\\\/logo\\\/image\\\/\",\"url\":\"https:\\\/\\\/rockyspoon.lt\\\/wp-content\\\/uploads\\\/2024\\\/10\\\/cropped-android-chrome-192x192-1.png\",\"contentUrl\":\"https:\\\/\\\/rockyspoon.lt\\\/wp-content\\\/uploads\\\/2024\\\/10\\\/cropped-android-chrome-192x192-1.png\",\"width\":512,\"height\":512,\"caption\":\"Rocky Spoon\"},\"image\":{\"@id\":\"https:\\\/\\\/rockyspoon.lt\\\/#\\\/schema\\\/logo\\\/image\\\/\"},\"sameAs\":[\"https:\\\/\\\/www.facebook.com\\\/profile.php?id=61564237763085\"]}]}<\/script>\n<!-- \/ Yoast SEO plugin. -->","yoast_head_json":{"title":"KOLABAI - Rocky Spoon - Rank\u0173 Darbo Pada\u017eai ir Pagardai","description":"Rocky Spoon - Unikal\u016bs ranko darbo pada\u017eai ir pagardai","robots":{"index":"index","follow":"follow","max-snippet":"max-snippet:-1","max-image-preview":"max-image-preview:large","max-video-preview":"max-video-preview:-1"},"canonical":"https:\/\/rockyspoon.lt\/en\/kolabai\/","og_locale":"en_GB","og_type":"article","og_title":"KOLABAI - Rocky Spoon - Rank\u0173 Darbo Pada\u017eai ir Pagardai","og_description":"Rocky Spoon - Unikal\u016bs ranko darbo pada\u017eai ir pagardai","og_url":"https:\/\/rockyspoon.lt\/en\/kolabai\/","og_site_name":"rockyspoon.lt","article_publisher":"https:\/\/www.facebook.com\/profile.php?id=61564237763085","article_modified_time":"2025-08-31T13:18:13+00:00","og_image":[{"width":144,"height":99,"url":"https:\/\/rockyspoon.lt\/wp-content\/uploads\/2024\/10\/ROCKY-SPOON_Logo_favicon.png","type":"image\/png"}],"twitter_card":"summary_large_image","twitter_misc":{"Est. reading time":"1 minute"},"schema":{"@context":"https:\/\/schema.org","@graph":[{"@type":"WebPage","@id":"https:\/\/rockyspoon.lt\/kolabai\/","url":"https:\/\/rockyspoon.lt\/kolabai\/","name":"KOLABAI - Rocky Spoon - Rank\u0173 Darbo Pada\u017eai ir Pagardai","isPartOf":{"@id":"https:\/\/rockyspoon.lt\/#website"},"datePublished":"2025-08-10T10:25:31+00:00","dateModified":"2025-08-31T13:18:13+00:00","description":"Rocky Spoon - Unikal\u016bs ranko darbo pada\u017eai ir pagardai","breadcrumb":{"@id":"https:\/\/rockyspoon.lt\/kolabai\/#breadcrumb"},"inLanguage":"en-GB","potentialAction":[{"@type":"ReadAction","target":["https:\/\/rockyspoon.lt\/kolabai\/"]}]},{"@type":"BreadcrumbList","@id":"https:\/\/rockyspoon.lt\/kolabai\/#breadcrumb","itemListElement":[{"@type":"ListItem","position":1,"name":"Home","item":"https:\/\/rockyspoon.lt\/"},{"@type":"ListItem","position":2,"name":"KOLABAI"}]},{"@type":"WebSite","@id":"https:\/\/rockyspoon.lt\/#website","url":"https:\/\/rockyspoon.lt\/","name":"Rocky Spoon","description":"Rocky Spoon - Rank\u0173 Darbo Pada\u017eai ir Pagardai","publisher":{"@id":"https:\/\/rockyspoon.lt\/#organization"},"potentialAction":[{"@type":"SearchAction","target":{"@type":"EntryPoint","urlTemplate":"https:\/\/rockyspoon.lt\/?s={search_term_string}"},"query-input":{"@type":"PropertyValueSpecification","valueRequired":true,"valueName":"search_term_string"}}],"inLanguage":"en-GB"},{"@type":"Organization","@id":"https:\/\/rockyspoon.lt\/#organization","name":"Rocky Spoon","url":"https:\/\/rockyspoon.lt\/","logo":{"@type":"ImageObject","inLanguage":"en-GB","@id":"https:\/\/rockyspoon.lt\/#\/schema\/logo\/image\/","url":"https:\/\/rockyspoon.lt\/wp-content\/uploads\/2024\/10\/cropped-android-chrome-192x192-1.png","contentUrl":"https:\/\/rockyspoon.lt\/wp-content\/uploads\/2024\/10\/cropped-android-chrome-192x192-1.png","width":512,"height":512,"caption":"Rocky Spoon"},"image":{"@id":"https:\/\/rockyspoon.lt\/#\/schema\/logo\/image\/"},"sameAs":["https:\/\/www.facebook.com\/profile.php?id=61564237763085"]}]}},"jetpack_sharing_enabled":true,"_links":{"self":[{"href":"https:\/\/rockyspoon.lt\/en\/wp-json\/wp\/v2\/pages\/689","targetHints":{"allow":["GET"]}}],"collection":[{"href":"https:\/\/rockyspoon.lt\/en\/wp-json\/wp\/v2\/pages"}],"about":[{"href":"https:\/\/rockyspoon.lt\/en\/wp-json\/wp\/v2\/types\/page"}],"author":[{"embeddable":true,"href":"https:\/\/rockyspoon.lt\/en\/wp-json\/wp\/v2\/users\/1"}],"replies":[{"embeddable":true,"href":"https:\/\/rockyspoon.lt\/en\/wp-json\/wp\/v2\/comments?post=689"}],"version-history":[{"count":12,"href":"https:\/\/rockyspoon.lt\/en\/wp-json\/wp\/v2\/pages\/689\/revisions"}],"predecessor-version":[{"id":846,"href":"https:\/\/rockyspoon.lt\/en\/wp-json\/wp\/v2\/pages\/689\/revisions\/846"}],"wp:attachment":[{"href":"https:\/\/rockyspoon.lt\/en\/wp-json\/wp\/v2\/media?parent=689"}],"curies":[{"name":"wp","href":"https:\/\/api.w.org\/{rel}","templated":true}]}}