{"id":686,"date":"2025-08-10T10:17:44","date_gmt":"2025-08-10T10:17:44","guid":{"rendered":"https:\/\/rockyspoon.lt\/?page_id=686"},"modified":"2025-08-26T08:52:12","modified_gmt":"2025-08-26T08:52:12","slug":"bonos-sforcos-mizerija-pagardas","status":"publish","type":"page","link":"https:\/\/rockyspoon.lt\/en\/bonos-sforcos-mizerija-pagardas\/","title":{"rendered":"Bonos Sforcos mizerija &#8211; pagardas"},"content":{"rendered":"<section class=\"section dark\" id=\"section_1530151092\">\n\t\t<div class=\"section-bg fill\" >\n\t\t\t\t\t\t\t\t\t<div class=\"section-bg-overlay absolute fill\"><\/div>\n\t\t\t\n\n\t\t<\/div>\n\n\t\t\n\n\t\t<div class=\"section-content relative\">\n\t\t\t\n\n<div class=\"row\" style=\"max-width:1300px\" id=\"row-2124644499\">\n\n\n\t<div id=\"col-1573463838\" class=\"col medium-8 small-12 large-12\"  >\n\t\t\t\t<div class=\"col-inner\"  >\n\t\t\t\n\t\t\t\n\n\t<div id=\"gap-383729592\" class=\"gap-element clearfix\" style=\"display:block; height:auto;\">\n\t\t\n<style>\n#gap-383729592 {\n  padding-top: 30px;\n}\n<\/style>\n\t<\/div>\n\t\n\n\t<div class=\"img has-hover x md-x lg-x y md-y lg-y\" id=\"image_694750907\">\n\t\t<a class=\"\" href=\"https:\/\/rockyspoon.lt\/en\/product\/bonos-sforcos-mizerija-pagardas\/\" >\t\t\t\t\t\t<div class=\"img-inner image-zoom-long dark\" >\n\t\t\t<img loading=\"lazy\" decoding=\"async\" width=\"1012\" height=\"312\" src=\"https:\/\/rockyspoon.lt\/wp-content\/uploads\/2025\/08\/ETIKET4_aaaa.png\" class=\"attachment-large size-large\" alt=\"roskyspoon rocky spoon handmade lithuania lietuva rank\u0173 darbas chutney mango caramelised onions freezedried snacks bona sforca pagardas bonos storcos virtuve arturas rakauskas sigita papieviene Martynas papievis\" srcset=\"https:\/\/rockyspoon.lt\/wp-content\/uploads\/2025\/08\/ETIKET4_aaaa.png 1012w, https:\/\/rockyspoon.lt\/wp-content\/uploads\/2025\/08\/ETIKET4_aaaa-300x92.png 300w, https:\/\/rockyspoon.lt\/wp-content\/uploads\/2025\/08\/ETIKET4_aaaa-768x237.png 768w, https:\/\/rockyspoon.lt\/wp-content\/uploads\/2025\/08\/ETIKET4_aaaa-600x185.png 600w\" sizes=\"auto, (max-width: 1012px) 100vw, 1012px\" \/>\t\t\t\t\t\t\n\t\t\t\t\t<\/div>\n\t\t\t\t\t\t<\/a>\t\t\n<style>\n#image_694750907 {\n  width: 100%;\n}\n<\/style>\n\t<\/div>\n\t\n\n\t<div id=\"gap-792615099\" class=\"gap-element clearfix\" style=\"display:block; height:auto;\">\n\t\t\n<style>\n#gap-792615099 {\n  padding-top: 30px;\n}\n<\/style>\n\t<\/div>\n\t\n\n<div class=\"text-center\"><div class=\"is-divider divider clearfix\" ><\/div><\/div>\n\n\t<div id=\"text-1080804028\" class=\"text\">\n\t\t\n\n<h3 style=\"text-align: center;\">BONOS SFORCOS MIZERIJA \u2013ISTORIJA, MENAS IR SKONIS VIENAME STIKLAINYJE<\/h3>\n\t\t\n<style>\n#text-1080804028 {\n  font-size: 1.5rem;\n}\n<\/style>\n\t<\/div>\n\t\n\n\t\t<\/div>\n\t\t\t\t\t<\/div>\n\n\t\n\n<\/div>\n\n\t\t<\/div>\n\n\t\t\n<style>\n#section_1530151092 {\n  padding-top: 30px;\n  padding-bottom: 30px;\n  min-height: 350px;\n  background-color: rgb(24, 27, 31);\n}\n#section_1530151092 .section-bg-overlay {\n  background-color: rgba(0, 0, 0, 0.6);\n}\n@media (min-width:550px) {\n  #section_1530151092 {\n    min-height: 450px;\n  }\n}\n<\/style>\n\t<\/section>\n\t\n\n\t<section class=\"section dark\" id=\"section_1965868824\">\n\t\t<div class=\"section-bg fill\" >\n\t\t\t\t\t\t\t\t\t\n\t\t\t\n\n\t\t<\/div>\n\n\t\t\n\n\t\t<div class=\"section-content relative\">\n\t\t\t\n\n<div class=\"row row-collapse row-full-width align-middle\"  id=\"row-1089174537\">\n\n\n\t<div id=\"col-2046470420\" class=\"col medium-7 small-12 large-7\"  >\n\t\t\t\t<div class=\"col-inner\"  >\n\t\t\t\n\t\t\t\n\n\t<div class=\"img has-hover x md-x lg-x y md-y lg-y\" id=\"image_1615994494\">\n\t\t\t\t\t\t\t\t<div class=\"img-inner dark\" >\n\t\t\t<img loading=\"lazy\" decoding=\"async\" width=\"1366\" height=\"1037\" src=\"https:\/\/rockyspoon.lt\/wp-content\/uploads\/2025\/08\/IMG_20250711_125319_124Aaa.jpg\" class=\"attachment-2048x2048 size-2048x2048\" alt=\"roskyspoon rocky spoon handmade lithuania lietuva rank\u0173 darbas chutney mango caramelised onions freezedried snacks bona sforca pagardas bonos storcos virtuve arturas rakauskas sigita papieviene Martynas papievis\" srcset=\"https:\/\/rockyspoon.lt\/wp-content\/uploads\/2025\/08\/IMG_20250711_125319_124Aaa.jpg 1366w, https:\/\/rockyspoon.lt\/wp-content\/uploads\/2025\/08\/IMG_20250711_125319_124Aaa-300x228.jpg 300w, https:\/\/rockyspoon.lt\/wp-content\/uploads\/2025\/08\/IMG_20250711_125319_124Aaa-1024x777.jpg 1024w, https:\/\/rockyspoon.lt\/wp-content\/uploads\/2025\/08\/IMG_20250711_125319_124Aaa-768x583.jpg 768w, https:\/\/rockyspoon.lt\/wp-content\/uploads\/2025\/08\/IMG_20250711_125319_124Aaa-600x455.jpg 600w\" sizes=\"auto, (max-width: 1366px) 100vw, 1366px\" \/>\t\t\t\t\t\t\n\t\t\t\t\t<\/div>\n\t\t\t\t\t\t\t\t\n<style>\n#image_1615994494 {\n  width: 100%;\n}\n<\/style>\n\t<\/div>\n\t\n\n\n\t\t<\/div>\n\t\t\t\t\t<\/div>\n\n\t\n\n\t<div id=\"col-1801434564\" class=\"col medium-1 small-12 large-1\"  >\n\t\t\t\t<div class=\"col-inner\"  >\n\t\t\t\n\t\t\t\n\n\n\t\t<\/div>\n\t\t\t\t\t<\/div>\n\n\t\n\n\t<div id=\"col-176168385\" class=\"col medium-12 small-12 large-4\"  >\n\t\t\t\t<div class=\"col-inner text-left\"  >\n\t\t\t\n\t\t\t\n\n<a href=\"https:\/\/rockyspoon.lt\/en\/bonos-sforcos-mizerija-pagardas-gamybos-procesas\/\" class=\"button primary is-underline\" >\n\t\t<span>gamybos procesas<\/span>\n\t<\/a>\n\n\n<p style=\"text-align: left;\">Kartais geriausios id\u0117jos gimsta netik\u0117tai. Taip nutiko ir \u0161\u012fkart \u2013 mintis apie bendr\u0105 projekt\u0105 kilo Martynui Papieviui, \u201eRocky Spoon\u201c bendra\u012fk\u016br\u0117jui. Jis pamat\u0117 galimyb\u0119 sujungti du pasaulius \u2013 gurmani\u0161k\u0105 skon\u012f ir ry\u0161k\u0173 men\u0105.<\/p>\n<p style=\"text-align: left;\">Temos \u012fkv\u0117p\u0117jas \u2013 LDK virtuv\u0117s \u0161efas Art\u016bras Rakauskas, \u201eKuchmistr\u0173\u201c restorano siela ir istorini\u0173 skoni\u0173 tyrin\u0117tojas. Jo aistra XVI a. Lietuvos Did\u017eiosios Kunigaik\u0161tyst\u0117s gastronomijai tapo pagrindu kurti i\u0161skirtin\u012f produkt\u0105, kuris tilpt\u0173 \u012f vien\u0105 stiklain\u012f, bet savyje talpint\u0173 \u0161imtme\u010di\u0173 istorij\u0105.<\/p>\n<p style=\"text-align: left;\">\u00a0<\/p>\n\n\t\t<\/div>\n\t\t\t\t\t<\/div>\n\n\t\n\n<\/div>\n\n\t\t<\/div>\n\n\t\t\n<style>\n#section_1965868824 {\n  padding-top: 0px;\n  padding-bottom: 0px;\n  background-color: rgb(24, 27, 31);\n}\n<\/style>\n\t<\/section>\n\t\n\n\t<section class=\"section dark\" id=\"section_499591642\">\n\t\t<div class=\"section-bg fill\" >\n\t\t\t\t\t\t\t\t\t\n\t\t\t\n\n\t\t<\/div>\n\n\t\t\n\n\t\t<div class=\"section-content relative\">\n\t\t\t\n\n<div class=\"row row-collapse row-full-width align-middle\"  id=\"row-1689988451\">\n\n\n\t<div id=\"col-132648753\" class=\"col medium-12 small-12 large-6\"  >\n\t\t\t\t<div class=\"col-inner text-left\"  >\n\t\t\t\n\t\t\t\n\n<p>Recept\u0105 suk\u016br\u0117 \u201eRocky Spoon\u201c direktor\u0117 Sigita Papievien\u0117, \u012fpratusi derinti netik\u0117tus ingredientus ir kurti skonius, kuriuos norisi prisiminti. Ji pasirinko agurkus, obuolius, svog\u016bnus, krapus, petra\u017eoles, ciber\u017eol\u0119 ir subtil\u0173 \u010desnako akcent\u0105 \u2013 tai ingredientai, kurie der\u0117jo LDK laik\u0173 virtuv\u0117je ir \u0161iandien skamba moderniai.<\/p>\n<p style=\"text-align: left;\">Vizualin\u0117 \u0161io pagardo dalis \u2013 ne ma\u017eiau svarbi. Ant etiket\u0117s puikuojasi Art\u016bro Rakausko tapyto paveikslo fragmentas- Bonos Sforcos portretas. \u00a0B\u016btent jis tapo etiket\u0117s akcentu \u2013 tarsi priminimas, kad kiekvienas skonis turi savo istorij\u0105. Bona Sforca, Lietuvos ir Lenkijos valdov\u0117, gars\u0117jo ne tik politiniais geb\u0117jimais, bet ir meile sodininkystei bei dar\u017eov\u0117ms, ypa\u010d agurkams. Tad jos portretas \u2013 tai ne tik grafinis sprendimas, bet ir simbolin\u0117 u\u017euomina \u012f produkto esm\u0119.<\/p>\n<p style=\"text-align: left;\">Bonos Sforcos mizerija \u2013 tai ne eilinis pagardas. Tai kulinarin\u0117 kelion\u0117 laiku: nuo XVI a. r\u016bm\u0173 virtuvi\u0173 iki \u0161iandienos gurmani\u0161k\u0173 vakarieni\u0173. O sukurtas jis tiems, kurie m\u0117gsta netik\u0117tumus ir vertina istorij\u0105 l\u0117k\u0161t\u0117je.<\/p>\n<p style=\"text-align: left;\">\u00a0<\/p>\n\n\t\t<\/div>\n\t\t\t\t\t<\/div>\n\n\t\n\n\t<div id=\"col-537121966\" class=\"col medium-1 small-12 large-1\"  >\n\t\t\t\t<div class=\"col-inner\"  >\n\t\t\t\n\t\t\t\n\n\n\t\t<\/div>\n\t\t\t\t\t<\/div>\n\n\t\n\n\t<div id=\"col-678695424\" class=\"col medium-5 small-12 large-5\"  >\n\t\t\t\t<div class=\"col-inner\"  >\n\t\t\t\n\t\t\t\n\n\t<div class=\"img has-hover x md-x lg-x y md-y lg-y\" id=\"image_168147969\">\n\t\t<a class=\"\" href=\"https:\/\/rockyspoon.lt\/en\/bonos-sforcos-mizerija-pagardas-arturas-rakauskas\/\" >\t\t\t\t\t\t<div class=\"img-inner dark\" >\n\t\t\t<img loading=\"lazy\" decoding=\"async\" width=\"1020\" height=\"1020\" src=\"https:\/\/rockyspoon.lt\/wp-content\/uploads\/2025\/08\/ArturasA-1024x1024.jpg\" class=\"attachment-large size-large\" alt=\"roskyspoon rocky spoon handmade lithuania lietuva rank\u0173 darbas chutney mango caramelised onions freezedried snacks bona sforca kuchmistras Arturas rakauskas\" srcset=\"https:\/\/rockyspoon.lt\/wp-content\/uploads\/2025\/08\/ArturasA-1024x1024.jpg 1024w, https:\/\/rockyspoon.lt\/wp-content\/uploads\/2025\/08\/ArturasA-300x300.jpg 300w, https:\/\/rockyspoon.lt\/wp-content\/uploads\/2025\/08\/ArturasA-150x150.jpg 150w, https:\/\/rockyspoon.lt\/wp-content\/uploads\/2025\/08\/ArturasA-768x768.jpg 768w, https:\/\/rockyspoon.lt\/wp-content\/uploads\/2025\/08\/ArturasA-1536x1536.jpg 1536w, https:\/\/rockyspoon.lt\/wp-content\/uploads\/2025\/08\/ArturasA-600x600.jpg 600w, https:\/\/rockyspoon.lt\/wp-content\/uploads\/2025\/08\/ArturasA-100x100.jpg 100w, https:\/\/rockyspoon.lt\/wp-content\/uploads\/2025\/08\/ArturasA.jpg 2048w\" sizes=\"auto, (max-width: 1020px) 100vw, 1020px\" \/>\t\t\t\t\t\t\n\t\t\t\t\t<\/div>\n\t\t\t\t\t\t<\/a>\t\t\n<style>\n#image_168147969 {\n  width: 100%;\n}\n<\/style>\n\t<\/div>\n\t\n\n<a href=\"https:\/\/rockyspoon.lt\/en\/bonos-sforcos-mizerija-pagardas-arturas-rakauskas\/\" class=\"button primary is-underline\" >\n\t\t<span>art\u016bras-kuchmistras\/menininkas<\/span>\n\t<\/a>\n\n\n\n\t\t<\/div>\n\t\t\t\t\t<\/div>\n\n\t\n\n\t<div id=\"col-757664822\" class=\"col medium-12 small-12 large-12 medium-col-first\"  >\n\t\t\t\t<div class=\"col-inner\"  >\n\t\t\t\n\t\t\t\n\n<p>\u0160is projektas \u012frodo, kad kai susitinka istorija, menas ir skonis \u2013 gimsta produktai, kurie pasakoja istorij\u0105 ne \u017eod\u017eiais, o skoniais.<\/p>\n\n\t\t<\/div>\n\t\t\t\t\t<\/div>\n\n\t\n\n<\/div>\n\t<div id=\"gap-471569562\" class=\"gap-element clearfix\" style=\"display:block; height:auto;\">\n\t\t\n<style>\n#gap-471569562 {\n  padding-top: 30px;\n}\n<\/style>\n\t<\/div>\n\t\n\n\n\t\t<\/div>\n\n\t\t\n<style>\n#section_499591642 {\n  padding-top: 0px;\n  padding-bottom: 0px;\n  background-color: rgb(24, 27, 31);\n}\n<\/style>\n\t<\/section>\n\t\n<div class=\"message-box relative dark\" style=\"padding-top:15px;padding-bottom:15px;\"><div class=\"message-box-bg-image bg-fill fill\" ><\/div><div class=\"message-box-bg-overlay bg-fill fill\" style=\"background-color:rgb(24, 27, 31);\"><\/div><div class=\"container relative\"><div class=\"inner last-reset\">\n\n<div class=\"row align-middle align-center\"  id=\"row-210212028\">\n\n\n\t<div id=\"col-168820749\" class=\"col medium-3 small-12 large-3\"  >\n\t\t\t\t<div class=\"col-inner text-center\"  >\n\t\t\t\n\t\t\t\n\n<div class=\"ux-logo has-hover align-middle ux_logo inline-block\" style=\"max-width: 100%!important; width: 80px!important\"><div class=\"ux-logo-link block image-\" title=\"\" href=\"\" style=\"padding: 15px;\"><img decoding=\"async\" src=\"https:\/\/rockyspoon.lt\/wp-content\/uploads\/2025\/08\/Instagram_icon-scaled.png\" title=\"\" alt=\"\" class=\"ux-logo-image block\" style=\"height:50px;\" \/><\/div><\/div>\n\n<a href=\"https:\/\/www.instagram.com\/arturas.rakausk\/\" class=\"button primary is-underline\" >\n\t\t<span>Art\u016bras rakauskas<\/span>\n\t<\/a>\n\n\n\n\t\t<\/div>\n\t\t\t\t\t<\/div>\n\n\t\n\n\t<div id=\"col-471781326\" class=\"col medium-2 small-12 large-2\"  >\n\t\t\t\t<div class=\"col-inner text-center\"  >\n\t\t\t\n\t\t\t\n\n<div class=\"ux-logo has-hover align-middle ux_logo inline-block\" style=\"max-width: 100%!important; width: 80px!important\"><div class=\"ux-logo-link block image-\" title=\"\" href=\"\" style=\"padding: 15px;\"><img decoding=\"async\" src=\"https:\/\/rockyspoon.lt\/wp-content\/uploads\/2025\/08\/Instagram_icon-scaled.png\" title=\"\" alt=\"\" class=\"ux-logo-image block\" style=\"height:50px;\" \/><\/div><\/div>\n\n<a href=\"https:\/\/www.instagram.com\/rockyspoon.lt\/\" class=\"button primary is-underline\" >\n\t\t<span>Rocky Spoon<\/span>\n\t<\/a>\n\n\n\n\t\t<\/div>\n\t\t\t\t\t<\/div>\n\n\t\n\n\t<div id=\"col-589425259\" class=\"col medium-3 small-12 large-3\"  >\n\t\t\t\t<div class=\"col-inner text-center\"  >\n\t\t\t\n\t\t\t\n\n<div class=\"ux-logo has-hover align-middle ux_logo inline-block\" style=\"max-width: 100%!important; width: 80px!important\"><div class=\"ux-logo-link block image-\" title=\"\" href=\"\" style=\"padding: 15px;\"><img decoding=\"async\" src=\"https:\/\/rockyspoon.lt\/wp-content\/uploads\/2025\/08\/2021_Facebook_icon.svg.png\" title=\"\" alt=\"\" class=\"ux-logo-image block\" style=\"height:50px;\" \/><\/div><\/div>\n\n<a href=\"https:\/\/www.facebook.com\/profile.php?id=100010635994604\" class=\"button primary is-underline\" >\n\t\t<span>art\u016bras rakauskas<\/span>\n\t<\/a>\n\n\n\n\t\t<\/div>\n\t\t\t\t\t<\/div>\n\n\t\n\n\t<div id=\"col-1032808676\" class=\"col medium-2 small-12 large-2\"  >\n\t\t\t\t<div class=\"col-inner text-center\"  >\n\t\t\t\n\t\t\t\n\n<div class=\"ux-logo has-hover align-middle ux_logo inline-block\" style=\"max-width: 100%!important; width: 80px!important\"><div class=\"ux-logo-link block image-\" title=\"\" href=\"\" style=\"padding: 15px;\"><img decoding=\"async\" src=\"https:\/\/rockyspoon.lt\/wp-content\/uploads\/2025\/08\/2021_Facebook_icon.svg.png\" title=\"\" alt=\"\" class=\"ux-logo-image block\" style=\"height:50px;\" \/><\/div><\/div>\n\n<a href=\"https:\/\/www.facebook.com\/profile.php?id=61564237763085\" class=\"button primary is-underline\" >\n\t\t<span>Rocky Spoon<\/span>\n\t<\/a>\n\n\n\n\t\t<\/div>\n\t\t\t\t\t<\/div>\n\n\t\n\n<\/div>\n\n<\/div><\/div><\/div>","protected":false},"excerpt":{"rendered":"","protected":false},"author":1,"featured_media":0,"parent":0,"menu_order":0,"comment_status":"closed","ping_status":"closed","template":"","meta":{"footnotes":""},"class_list":["post-686","page","type-page","status-publish","hentry"],"yoast_head":"<!-- This site is optimized with the Yoast SEO plugin v27.3 - https:\/\/yoast.com\/product\/yoast-seo-wordpress\/ -->\n<title>Bonos Sforcos mizerija - pagardas - Rocky Spoon - Rank\u0173 Darbo Pada\u017eai ir Pagardai<\/title>\n<meta name=\"description\" content=\"Rocky Spoon - Unikal\u016bs ranko darbo pada\u017eai ir pagardai\" \/>\n<meta name=\"robots\" content=\"index, follow, max-snippet:-1, max-image-preview:large, max-video-preview:-1\" \/>\n<link rel=\"canonical\" href=\"https:\/\/rockyspoon.lt\/en\/bonos-sforcos-mizerija-pagardas\/\" \/>\n<meta property=\"og:locale\" content=\"en_GB\" \/>\n<meta property=\"og:type\" content=\"article\" \/>\n<meta property=\"og:title\" content=\"Bonos Sforcos mizerija - pagardas - Rocky Spoon - Rank\u0173 Darbo Pada\u017eai ir Pagardai\" \/>\n<meta property=\"og:description\" content=\"Rocky Spoon - Unikal\u016bs ranko darbo pada\u017eai ir pagardai\" \/>\n<meta property=\"og:url\" content=\"https:\/\/rockyspoon.lt\/en\/bonos-sforcos-mizerija-pagardas\/\" \/>\n<meta property=\"og:site_name\" content=\"rockyspoon.lt\" \/>\n<meta property=\"article:publisher\" content=\"https:\/\/www.facebook.com\/profile.php?id=61564237763085\" \/>\n<meta property=\"article:modified_time\" content=\"2025-08-26T08:52:12+00:00\" \/>\n<meta property=\"og:image\" content=\"https:\/\/rockyspoon.lt\/wp-content\/uploads\/2024\/10\/ROCKY-SPOON_Logo_favicon.png\" \/>\n\t<meta property=\"og:image:width\" content=\"144\" \/>\n\t<meta property=\"og:image:height\" content=\"99\" \/>\n\t<meta property=\"og:image:type\" content=\"image\/png\" \/>\n<meta name=\"twitter:card\" content=\"summary_large_image\" \/>\n<meta name=\"twitter:label1\" content=\"Est. reading time\" \/>\n\t<meta name=\"twitter:data1\" content=\"6 minutes\" \/>\n<script type=\"application\/ld+json\" class=\"yoast-schema-graph\">{\"@context\":\"https:\\\/\\\/schema.org\",\"@graph\":[{\"@type\":\"WebPage\",\"@id\":\"https:\\\/\\\/rockyspoon.lt\\\/bonos-sforcos-mizerija-pagardas\\\/\",\"url\":\"https:\\\/\\\/rockyspoon.lt\\\/bonos-sforcos-mizerija-pagardas\\\/\",\"name\":\"Bonos Sforcos mizerija - pagardas - Rocky Spoon - Rank\u0173 Darbo Pada\u017eai ir Pagardai\",\"isPartOf\":{\"@id\":\"https:\\\/\\\/rockyspoon.lt\\\/#website\"},\"datePublished\":\"2025-08-10T10:17:44+00:00\",\"dateModified\":\"2025-08-26T08:52:12+00:00\",\"description\":\"Rocky Spoon - Unikal\u016bs ranko darbo pada\u017eai ir pagardai\",\"breadcrumb\":{\"@id\":\"https:\\\/\\\/rockyspoon.lt\\\/bonos-sforcos-mizerija-pagardas\\\/#breadcrumb\"},\"inLanguage\":\"en-GB\",\"potentialAction\":[{\"@type\":\"ReadAction\",\"target\":[\"https:\\\/\\\/rockyspoon.lt\\\/bonos-sforcos-mizerija-pagardas\\\/\"]}]},{\"@type\":\"BreadcrumbList\",\"@id\":\"https:\\\/\\\/rockyspoon.lt\\\/bonos-sforcos-mizerija-pagardas\\\/#breadcrumb\",\"itemListElement\":[{\"@type\":\"ListItem\",\"position\":1,\"name\":\"Home\",\"item\":\"https:\\\/\\\/rockyspoon.lt\\\/\"},{\"@type\":\"ListItem\",\"position\":2,\"name\":\"Bonos Sforcos mizerija &#8211; pagardas\"}]},{\"@type\":\"WebSite\",\"@id\":\"https:\\\/\\\/rockyspoon.lt\\\/#website\",\"url\":\"https:\\\/\\\/rockyspoon.lt\\\/\",\"name\":\"Rocky Spoon\",\"description\":\"Rocky Spoon - Rank\u0173 Darbo Pada\u017eai ir Pagardai\",\"publisher\":{\"@id\":\"https:\\\/\\\/rockyspoon.lt\\\/#organization\"},\"potentialAction\":[{\"@type\":\"SearchAction\",\"target\":{\"@type\":\"EntryPoint\",\"urlTemplate\":\"https:\\\/\\\/rockyspoon.lt\\\/?s={search_term_string}\"},\"query-input\":{\"@type\":\"PropertyValueSpecification\",\"valueRequired\":true,\"valueName\":\"search_term_string\"}}],\"inLanguage\":\"en-GB\"},{\"@type\":\"Organization\",\"@id\":\"https:\\\/\\\/rockyspoon.lt\\\/#organization\",\"name\":\"Rocky Spoon\",\"url\":\"https:\\\/\\\/rockyspoon.lt\\\/\",\"logo\":{\"@type\":\"ImageObject\",\"inLanguage\":\"en-GB\",\"@id\":\"https:\\\/\\\/rockyspoon.lt\\\/#\\\/schema\\\/logo\\\/image\\\/\",\"url\":\"https:\\\/\\\/rockyspoon.lt\\\/wp-content\\\/uploads\\\/2024\\\/10\\\/cropped-android-chrome-192x192-1.png\",\"contentUrl\":\"https:\\\/\\\/rockyspoon.lt\\\/wp-content\\\/uploads\\\/2024\\\/10\\\/cropped-android-chrome-192x192-1.png\",\"width\":512,\"height\":512,\"caption\":\"Rocky Spoon\"},\"image\":{\"@id\":\"https:\\\/\\\/rockyspoon.lt\\\/#\\\/schema\\\/logo\\\/image\\\/\"},\"sameAs\":[\"https:\\\/\\\/www.facebook.com\\\/profile.php?id=61564237763085\"]}]}<\/script>\n<!-- \/ Yoast SEO plugin. -->","yoast_head_json":{"title":"Bonos Sforcos mizerija - pagardas - Rocky Spoon - Rank\u0173 Darbo Pada\u017eai ir Pagardai","description":"Rocky Spoon - Unikal\u016bs ranko darbo pada\u017eai ir pagardai","robots":{"index":"index","follow":"follow","max-snippet":"max-snippet:-1","max-image-preview":"max-image-preview:large","max-video-preview":"max-video-preview:-1"},"canonical":"https:\/\/rockyspoon.lt\/en\/bonos-sforcos-mizerija-pagardas\/","og_locale":"en_GB","og_type":"article","og_title":"Bonos Sforcos mizerija - pagardas - Rocky Spoon - Rank\u0173 Darbo Pada\u017eai ir Pagardai","og_description":"Rocky Spoon - Unikal\u016bs ranko darbo pada\u017eai ir pagardai","og_url":"https:\/\/rockyspoon.lt\/en\/bonos-sforcos-mizerija-pagardas\/","og_site_name":"rockyspoon.lt","article_publisher":"https:\/\/www.facebook.com\/profile.php?id=61564237763085","article_modified_time":"2025-08-26T08:52:12+00:00","og_image":[{"width":144,"height":99,"url":"https:\/\/rockyspoon.lt\/wp-content\/uploads\/2024\/10\/ROCKY-SPOON_Logo_favicon.png","type":"image\/png"}],"twitter_card":"summary_large_image","twitter_misc":{"Est. reading time":"6 minutes"},"schema":{"@context":"https:\/\/schema.org","@graph":[{"@type":"WebPage","@id":"https:\/\/rockyspoon.lt\/bonos-sforcos-mizerija-pagardas\/","url":"https:\/\/rockyspoon.lt\/bonos-sforcos-mizerija-pagardas\/","name":"Bonos Sforcos mizerija - pagardas - Rocky Spoon - Rank\u0173 Darbo Pada\u017eai ir Pagardai","isPartOf":{"@id":"https:\/\/rockyspoon.lt\/#website"},"datePublished":"2025-08-10T10:17:44+00:00","dateModified":"2025-08-26T08:52:12+00:00","description":"Rocky Spoon - Unikal\u016bs ranko darbo pada\u017eai ir pagardai","breadcrumb":{"@id":"https:\/\/rockyspoon.lt\/bonos-sforcos-mizerija-pagardas\/#breadcrumb"},"inLanguage":"en-GB","potentialAction":[{"@type":"ReadAction","target":["https:\/\/rockyspoon.lt\/bonos-sforcos-mizerija-pagardas\/"]}]},{"@type":"BreadcrumbList","@id":"https:\/\/rockyspoon.lt\/bonos-sforcos-mizerija-pagardas\/#breadcrumb","itemListElement":[{"@type":"ListItem","position":1,"name":"Home","item":"https:\/\/rockyspoon.lt\/"},{"@type":"ListItem","position":2,"name":"Bonos Sforcos mizerija &#8211; pagardas"}]},{"@type":"WebSite","@id":"https:\/\/rockyspoon.lt\/#website","url":"https:\/\/rockyspoon.lt\/","name":"Rocky Spoon","description":"Rocky Spoon - Rank\u0173 Darbo Pada\u017eai ir Pagardai","publisher":{"@id":"https:\/\/rockyspoon.lt\/#organization"},"potentialAction":[{"@type":"SearchAction","target":{"@type":"EntryPoint","urlTemplate":"https:\/\/rockyspoon.lt\/?s={search_term_string}"},"query-input":{"@type":"PropertyValueSpecification","valueRequired":true,"valueName":"search_term_string"}}],"inLanguage":"en-GB"},{"@type":"Organization","@id":"https:\/\/rockyspoon.lt\/#organization","name":"Rocky Spoon","url":"https:\/\/rockyspoon.lt\/","logo":{"@type":"ImageObject","inLanguage":"en-GB","@id":"https:\/\/rockyspoon.lt\/#\/schema\/logo\/image\/","url":"https:\/\/rockyspoon.lt\/wp-content\/uploads\/2024\/10\/cropped-android-chrome-192x192-1.png","contentUrl":"https:\/\/rockyspoon.lt\/wp-content\/uploads\/2024\/10\/cropped-android-chrome-192x192-1.png","width":512,"height":512,"caption":"Rocky Spoon"},"image":{"@id":"https:\/\/rockyspoon.lt\/#\/schema\/logo\/image\/"},"sameAs":["https:\/\/www.facebook.com\/profile.php?id=61564237763085"]}]}},"jetpack_sharing_enabled":true,"_links":{"self":[{"href":"https:\/\/rockyspoon.lt\/en\/wp-json\/wp\/v2\/pages\/686","targetHints":{"allow":["GET"]}}],"collection":[{"href":"https:\/\/rockyspoon.lt\/en\/wp-json\/wp\/v2\/pages"}],"about":[{"href":"https:\/\/rockyspoon.lt\/en\/wp-json\/wp\/v2\/types\/page"}],"author":[{"embeddable":true,"href":"https:\/\/rockyspoon.lt\/en\/wp-json\/wp\/v2\/users\/1"}],"replies":[{"embeddable":true,"href":"https:\/\/rockyspoon.lt\/en\/wp-json\/wp\/v2\/comments?post=686"}],"version-history":[{"count":13,"href":"https:\/\/rockyspoon.lt\/en\/wp-json\/wp\/v2\/pages\/686\/revisions"}],"predecessor-version":[{"id":831,"href":"https:\/\/rockyspoon.lt\/en\/wp-json\/wp\/v2\/pages\/686\/revisions\/831"}],"wp:attachment":[{"href":"https:\/\/rockyspoon.lt\/en\/wp-json\/wp\/v2\/media?parent=686"}],"curies":[{"name":"wp","href":"https:\/\/api.w.org\/{rel}","templated":true}]}}