{"id":369,"date":"2024-09-17T06:09:07","date_gmt":"2024-09-17T06:09:07","guid":{"rendered":"https:\/\/rockyspoon.lt\/?page_id=369"},"modified":"2026-04-13T13:20:04","modified_gmt":"2026-04-13T13:20:04","slug":"salygos","status":"publish","type":"page","link":"https:\/\/rockyspoon.lt\/en\/salygos\/","title":{"rendered":"TERMS AND CONDITITIONS"},"content":{"rendered":"<section class=\"section\" id=\"section_13464053\">\n\t\t<div class=\"section-bg fill\" >\n\t\t\t\t\t\t\t\t\t\n\t\t\t\n\n\t\t<\/div>\n\n\t\t\n\n\t\t<div class=\"section-content relative\">\n\t\t\t\n\n<div class=\"row row-full-width\"  id=\"row-1255893015\">\n\n\n\t<div id=\"col-1203874045\" class=\"col small-12 large-12\"  >\n\t\t\t\t<div class=\"col-inner\" style=\"background-color:rgb(255,255,255);\" >\n\t\t\t\n\t\t\t\n\n<div class=\"text-center\"><div class=\"is-divider divider clearfix\" ><\/div><\/div>\n\n<h1 style=\"text-align: center;\" data-section-id=\"1tkz6vv\" data-start=\"293\" data-end=\"329\"><span role=\"text\">\ud83c\uddec\ud83c\udde7 ROCKY SPOON POLICY (EN) <strong data-start=\"300\" data-end=\"329\">-<\/strong><\/span><\/h1>\n<h2 data-section-id=\"1eawrtf\" data-start=\"331\" data-end=\"355\">1. Shipping<\/h2>\n<p data-start=\"357\" data-end=\"439\">Orders are prepared and shipped within <strong data-start=\"396\" data-end=\"416\">1\u20133 business days<\/strong> after payment is received.<\/p>\n<p data-start=\"441\" data-end=\"556\">Delivery is carried out using the method selected by the customer. Shipping costs are displayed at checkout.<\/p>\n<p data-start=\"558\" data-end=\"667\">During peak seasons (e.g., Christmas, Easter), delivery times may be longer.<\/p>\n<p data-start=\"669\" data-end=\"757\">If your shipment is delayed, contact us:<br \/>\ud83d\udce7 <a class=\"decorated-link cursor-pointer\" rel=\"noopener\" data-start=\"717\" data-end=\"735\">info@rockyspoon.lt<\/a><br data-start=\"735\" data-end=\"738\" \/>\ud83d\udcde +370 606 66620<\/p>\n<hr data-start=\"759\" data-end=\"762\" \/>\n<h2 data-section-id=\"11ag5d4\" data-start=\"764\" data-end=\"797\">2. Returns &amp; Product Quality<\/h2>\n<p data-start=\"799\" data-end=\"938\">According to EU regulations, <strong data-start=\"828\" data-end=\"899\">food products are non-returnable<\/strong> if they are of good quality.<\/p>\n<p data-start=\"940\" data-end=\"958\">If you receive:<\/p>\n<ul data-start=\"959\" data-end=\"1001\">\n<li data-section-id=\"1qbfxtw\" data-start=\"959\" data-end=\"980\">a defective product<\/li>\n<li data-section-id=\"11sdohw\" data-start=\"981\" data-end=\"1001\">damaged packaging<\/li>\n<\/ul>\n<p data-start=\"1003\" data-end=\"1067\">please contact us within <strong data-start=\"1015\" data-end=\"1040\">3 calendar days:<\/strong> from delivery day<\/p>\n<p data-start=\"1069\" data-end=\"1112\">\ud83d\udce7 <a class=\"decorated-link cursor-pointer\" rel=\"noopener\" data-start=\"1072\" data-end=\"1090\">info@rockyspoon.lt<\/a><br data-start=\"1090\" data-end=\"1093\" \/>\ud83d\udcde +370 606 66620<\/p>\n<p data-start=\"1114\" data-end=\"1142\">Include:<\/p>\n<ul data-start=\"1143\" data-end=\"1196\">\n<li data-section-id=\"1b3q5ik\" data-start=\"1143\" data-end=\"1165\">product photo<\/li>\n<li data-section-id=\"1r54hx3\" data-start=\"1166\" data-end=\"1196\">description of the issue<\/li>\n<\/ul>\n<p data-start=\"1198\" data-end=\"1209\">We may offer:<\/p>\n<ul data-start=\"1210\" data-end=\"1282\">\n<li data-section-id=\"jrrt6c\" data-start=\"1210\" data-end=\"1231\">replacement<\/li>\n<li data-section-id=\"1xw96rh\" data-start=\"1232\" data-end=\"1253\">refund<\/li>\n<li data-section-id=\"1sz8dsl\" data-start=\"1254\" data-end=\"1282\">alternative solution<\/li>\n<\/ul>\n<p data-start=\"1284\" data-end=\"1336\">Complaints are processed within <strong data-start=\"1310\" data-end=\"1335\">10 calendar days.<\/strong>.<\/p>\n<p data-start=\"1338\" data-end=\"1386\">Returns without prior agreement are not accepted.<\/p>\n<hr data-start=\"1388\" data-end=\"1391\" \/>\n<h2 data-section-id=\"9o9idu\" data-start=\"1393\" data-end=\"1430\">3. Orders &amp; Payments<\/h2>\n<p data-start=\"1432\" data-end=\"1508\">To place an order, customers must provide:<\/p>\n<ul data-start=\"1509\" data-end=\"1590\">\n<li data-section-id=\"mca0jt\" data-start=\"1509\" data-end=\"1527\">full name<\/li>\n<li data-section-id=\"1wpktv2\" data-start=\"1528\" data-end=\"1549\">delivery adress<\/li>\n<li data-section-id=\"j9govq\" data-start=\"1550\" data-end=\"1569\">phone number<\/li>\n<li data-section-id=\"iagr8g\" data-start=\"1570\" data-end=\"1590\">email<\/li>\n<\/ul>\n<p data-start=\"1592\" data-end=\"1650\">Customer agrees with Terms and Conditions<\/p>\n<p data-start=\"1652\" data-end=\"1671\">Payment methods:<\/p>\n<ul data-start=\"1672\" data-end=\"1777\">\n<li data-section-id=\"18mjk0s\" data-start=\"1672\" data-end=\"1701\">elektronin\u0117 bankininkyst\u0117<\/li>\n<li data-section-id=\"1slxwkw\" data-start=\"1702\" data-end=\"1742\">Visa \/ MasterCard<\/li>\n<li data-section-id=\"uhdnku\" data-start=\"1743\" data-end=\"1777\">other available methods<\/li>\n<\/ul>\n<p data-start=\"1779\" data-end=\"1817\">All payments are processed in EUR (\u20ac) <strong data-start=\"1802\" data-end=\"1816\">eurais (\u20ac)<\/strong>.<\/p>\n<hr data-start=\"1819\" data-end=\"1822\" \/>\n<h2 data-section-id=\"1rjybx3\" data-start=\"1824\" data-end=\"1862\">4. Privacy Policy (GDPR)<\/h2>\n<h3 data-section-id=\"rkrxhw\" data-start=\"1864\" data-end=\"1889\">4.1 General<\/h3>\n<p data-start=\"1891\" data-end=\"2033\">MB Rocky Spoon (hereinafter referred to as \u201cwe\u201d) protects your privacy and processes personal data in accordance with <strong data-start=\"1982\" data-end=\"2032\">General Data Protection Regulation (GDPR)<\/strong>.<\/p>\n<hr data-start=\"2035\" data-end=\"2038\" \/>\n<h3 data-section-id=\"j33xyv\" data-start=\"2040\" data-end=\"2071\">4.2 Data we collect<\/h3>\n<p data-start=\"2073\" data-end=\"2087\">We may collect:<\/p>\n<ul data-start=\"2088\" data-end=\"2243\">\n<li data-section-id=\"mca0jt\" data-start=\"2088\" data-end=\"2106\">full name<\/li>\n<li data-section-id=\"iagr8g\" data-start=\"2107\" data-end=\"2127\">email<\/li>\n<li data-section-id=\"j9govq\" data-start=\"2128\" data-end=\"2147\">phone number<\/li>\n<li data-section-id=\"1wpktv2\" data-start=\"2148\" data-end=\"2169\">delivery adress<\/li>\n<li data-section-id=\"kwun2c\" data-start=\"2170\" data-end=\"2206\">company details<\/li>\n<li data-section-id=\"y8yarg\" data-start=\"2207\" data-end=\"2243\">IP address and browsing data<\/li>\n<\/ul>\n<hr data-start=\"2245\" data-end=\"2248\" \/>\n<h3 data-section-id=\"117nrxx\" data-start=\"2250\" data-end=\"2283\">4.3 How we use data<\/h3>\n<p data-start=\"2285\" data-end=\"2304\">We use data to:<\/p>\n<ul data-start=\"2305\" data-end=\"2448\">\n<li data-section-id=\"y8yuad\" data-start=\"2305\" data-end=\"2326\">process orders<\/li>\n<li data-section-id=\"wohs4d\" data-start=\"2327\" data-end=\"2351\">provide customer support<\/li>\n<li data-section-id=\"d006td\" data-start=\"2352\" data-end=\"2377\">improve our website<\/li>\n<li data-section-id=\"1mft5qu\" data-start=\"2378\" data-end=\"2410\">marketing (with consent)<\/li>\n<li data-section-id=\"1dhw30j\" data-start=\"2411\" data-end=\"2448\">prevent fraud<\/li>\n<\/ul>\n<hr data-start=\"2450\" data-end=\"2453\" \/>\n<h3 data-section-id=\"1qbawkw\" data-start=\"2455\" data-end=\"2481\">4.4 Data retention<\/h3>\n<p data-start=\"2483\" data-end=\"2522\">Data is stored only as long as necessary:<\/p>\n<ul data-start=\"2523\" data-end=\"2598\">\n<li data-section-id=\"4z5u3z\" data-start=\"2523\" data-end=\"2562\">for legal obligations<\/li>\n<li data-section-id=\"1ado15c\" data-start=\"2563\" data-end=\"2598\">or based on your consent<\/li>\n<\/ul>\n<hr data-start=\"2600\" data-end=\"2603\" \/>\n<h3 data-section-id=\"em9l9j\" data-start=\"2605\" data-end=\"2624\">4.5 Your rights<\/h3>\n<p data-start=\"2626\" data-end=\"2643\">You have the right to:<\/p>\n<ul data-start=\"2644\" data-end=\"2810\">\n<li data-section-id=\"2tajf8\" data-start=\"2644\" data-end=\"2673\">access your data<\/li>\n<li data-section-id=\"1avylko\" data-start=\"2674\" data-end=\"2707\">correct data<\/li>\n<li data-section-id=\"pwhazz\" data-start=\"2708\" data-end=\"2740\">delete data<\/li>\n<li data-section-id=\"1s2hv7d\" data-start=\"2741\" data-end=\"2762\">restrict processing<\/li>\n<li data-section-id=\"19yyqb7\" data-start=\"2763\" data-end=\"2788\">object to processing<\/li>\n<li data-section-id=\"ndkuoi\" data-start=\"2789\" data-end=\"2810\">data portability<\/li>\n<\/ul>\n<p data-start=\"2812\" data-end=\"2860\">Contact:<br \/>\ud83d\udce7 <a class=\"decorated-link cursor-pointer\" rel=\"noopener\" data-start=\"2840\" data-end=\"2858\">info@rockyspoon.lt<\/a><\/p>\n<p data-start=\"2862\" data-end=\"2888\">Response time: <strong data-start=\"2875\" data-end=\"2887\">up to 1 month<\/strong>.<\/p>\n<hr data-start=\"2890\" data-end=\"2893\" \/>\n<h3 data-section-id=\"1m50qv8\" data-start=\"2895\" data-end=\"2921\">4.6 Cookies<\/h3>\n<p data-start=\"2923\" data-end=\"2953\">We use cookies for:<\/p>\n<ul data-start=\"2954\" data-end=\"3013\">\n<li data-section-id=\"11whpmx\" data-start=\"2954\" data-end=\"2983\">website functionality<\/li>\n<li data-section-id=\"10bqe3h\" data-start=\"2984\" data-end=\"2998\">analytics<\/li>\n<li data-section-id=\"g13hae\" data-start=\"2999\" data-end=\"3013\">marketing<\/li>\n<\/ul>\n<p data-start=\"3015\" data-end=\"3069\">By using the site, you agree to cookies.<\/p>\n<hr data-start=\"3071\" data-end=\"3074\" \/>\n<h3 data-section-id=\"14fp0vz\" data-start=\"3076\" data-end=\"3098\">4.7 Children\u2019s data<\/h3>\n<p data-start=\"3100\" data-end=\"3201\">We do not knowingly collect data from children under 14.<br data-start=\"3154\" data-end=\"3157\" \/>Pasteb\u0117jus \u2013 duomenys nedelsiant pa\u0161alinami.<\/p>\n<hr data-start=\"3203\" data-end=\"3206\" \/>\n<h2 data-section-id=\"9j8d06\" data-start=\"3208\" data-end=\"3223\">CONTACT US<\/h2>\n<p data-start=\"3225\" data-end=\"3298\">MB Rocky Spoon<br data-start=\"3239\" data-end=\"3242\" \/>\ud83d\udce7 <a class=\"decorated-link cursor-pointer\" rel=\"noopener\" data-start=\"3245\" data-end=\"3263\">info@rockyspoon.lt<\/a><br data-start=\"3263\" data-end=\"3266\" \/>\ud83d\udcde +370 606 66620<br data-start=\"3283\" data-end=\"3286\" \/>Lithuania<\/p>\n<div class=\"text-center\"><div class=\"is-divider divider clearfix\" ><\/div><\/div>\n\n\n\t\t<\/div>\n\t\t\t\t\n<style>\n#col-1203874045 > .col-inner {\n  padding: 10px 10px 0px 10px;\n}\n@media (min-width:550px) {\n  #col-1203874045 > .col-inner {\n    padding: 30px 30px 0px 30px;\n  }\n}\n<\/style>\n\t<\/div>\n\n\t\n\n<\/div>\n<div class=\"row row-collapse\" style=\"max-width:900px\" id=\"row-1912541776\">\n\n\n\t<div id=\"col-186377876\" class=\"col medium-4 small-12 large-4\"  >\n\t\t\t\t<div class=\"col-inner\"  >\n\t\t\t\n\t\t\t\n\n\n\t\t<div class=\"icon-box featured-box icon-box-center text-center\"  >\n\t\t\t\t\t<div class=\"icon-box-img\" style=\"width: 40px\">\n\t\t\t\t<div class=\"icon\">\n\t\t\t\t\t<div class=\"icon-inner\" >\n\t\t\t\t\t\t<img loading=\"lazy\" decoding=\"async\" width=\"120\" height=\"120\" src=\"https:\/\/rockyspoon.lt\/wp-content\/uploads\/2024\/09\/mail-fill.png\" class=\"attachment-medium size-medium\" alt=\"\" srcset=\"https:\/\/rockyspoon.lt\/wp-content\/uploads\/2024\/09\/mail-fill.png 120w, https:\/\/rockyspoon.lt\/wp-content\/uploads\/2024\/09\/mail-fill-100x100.png 100w\" sizes=\"auto, (max-width: 120px) 100vw, 120px\" \/>\t\t\t\t\t<\/div>\n\t\t\t\t<\/div>\n\t\t\t<\/div>\n\t\t\t\t<div class=\"icon-box-text last-reset\">\n\t\t\t\t\t\t\t\t\t\n\n\t<div id=\"text-3516961477\" class=\"text\">\n\t\t\n\n<h4>info@rockyspoon.lt<\/h4>\n\t\t\n<style>\n#text-3516961477 {\n  line-height: 1;\n}\n<\/style>\n\t<\/div>\n\t\n\n\t\t<\/div>\n\t<\/div>\n\t\n\t\n\t<div id=\"gap-973768762\" class=\"gap-element clearfix\" style=\"display:block; height:auto;\">\n\t\t\n<style>\n#gap-973768762 {\n  padding-top: 20px;\n}\n<\/style>\n\t<\/div>\n\t\n\n\n\t\t<\/div>\n\t\t\t\t\t<\/div>\n\n\t\n\n\t<div id=\"col-1105750178\" class=\"col medium-4 small-12 large-4\"  >\n\t\t\t\t<div class=\"col-inner\"  >\n\t\t\t\n\t\t\t\n\n\n\t\t<div class=\"icon-box featured-box icon-box-center text-center\"  >\n\t\t\t\t\t<div class=\"icon-box-img\" style=\"width: 40px\">\n\t\t\t\t<div class=\"icon\">\n\t\t\t\t\t<div class=\"icon-inner\" >\n\t\t\t\t\t\t<img loading=\"lazy\" decoding=\"async\" width=\"120\" height=\"120\" src=\"https:\/\/rockyspoon.lt\/wp-content\/uploads\/2024\/09\/map-pin-2-fill.png\" class=\"attachment-medium size-medium\" alt=\"\" srcset=\"https:\/\/rockyspoon.lt\/wp-content\/uploads\/2024\/09\/map-pin-2-fill.png 120w, https:\/\/rockyspoon.lt\/wp-content\/uploads\/2024\/09\/map-pin-2-fill-100x100.png 100w\" sizes=\"auto, (max-width: 120px) 100vw, 120px\" \/>\t\t\t\t\t<\/div>\n\t\t\t\t<\/div>\n\t\t\t<\/div>\n\t\t\t\t<div class=\"icon-box-text last-reset\">\n\t\t\t\t\t\t\t\t\t\n\n\t<div id=\"text-3920620524\" class=\"text\">\n\t\t\n\n<h4>Siesarties g. , Luk\u0161iai<\/h4>\n<h4>\u0160aki\u0173 raj., LT 71181<\/h4>\n\t\t\n<style>\n#text-3920620524 {\n  line-height: 1;\n}\n<\/style>\n\t<\/div>\n\t\n\n\t\t<\/div>\n\t<\/div>\n\t\n\t\n\n\t\t<\/div>\n\t\t\t\t\t<\/div>\n\n\t\n\n\t<div id=\"col-622259946\" class=\"col medium-4 small-12 large-4\"  >\n\t\t\t\t<div class=\"col-inner\"  >\n\t\t\t\n\t\t\t\n\n\n\t\t<div class=\"icon-box featured-box icon-box-center text-center\"  >\n\t\t\t\t\t<div class=\"icon-box-img\" style=\"width: 40px\">\n\t\t\t\t<div class=\"icon\">\n\t\t\t\t\t<div class=\"icon-inner\" >\n\t\t\t\t\t\t<img loading=\"lazy\" decoding=\"async\" width=\"120\" height=\"120\" src=\"https:\/\/rockyspoon.lt\/wp-content\/uploads\/2024\/09\/phone-fill-2.png\" class=\"attachment-medium size-medium\" alt=\"\" srcset=\"https:\/\/rockyspoon.lt\/wp-content\/uploads\/2024\/09\/phone-fill-2.png 120w, https:\/\/rockyspoon.lt\/wp-content\/uploads\/2024\/09\/phone-fill-2-100x100.png 100w\" sizes=\"auto, (max-width: 120px) 100vw, 120px\" \/>\t\t\t\t\t<\/div>\n\t\t\t\t<\/div>\n\t\t\t<\/div>\n\t\t\t\t<div class=\"icon-box-text last-reset\">\n\t\t\t\t\t\t\t\t\t\n\n\t<div id=\"text-885142726\" class=\"text\">\n\t\t\n\n<h4>+370 60999920<\/h4>\n<h4>+370 60666620<\/h4>\n<p>\u00a0<\/p>\n\t\t\n<style>\n#text-885142726 {\n  line-height: 1;\n}\n<\/style>\n\t<\/div>\n\t\n\n\t\t<\/div>\n\t<\/div>\n\t\n\t\n\n\t\t<\/div>\n\t\t\t\t\t<\/div>\n\n\t\n\n<\/div>\n\t<div id=\"gap-547832190\" class=\"gap-element clearfix\" style=\"display:block; height:auto;\">\n\t\t\n<style>\n#gap-547832190 {\n  padding-top: 100px;\n}\n<\/style>\n\t<\/div>\n\t\n\n\n\t\t<\/div>\n\n\t\t\n<style>\n#section_13464053 {\n  padding-top: 30px;\n  padding-bottom: 30px;\n}\n<\/style>\n\t<\/section>","protected":false},"excerpt":{"rendered":"","protected":false},"author":1,"featured_media":0,"parent":0,"menu_order":0,"comment_status":"closed","ping_status":"closed","template":"","meta":{"footnotes":""},"class_list":["post-369","page","type-page","status-publish","hentry"],"yoast_head":"<!-- This site is optimized with the Yoast SEO plugin v27.3 - https:\/\/yoast.com\/product\/yoast-seo-wordpress\/ -->\n<title>Rocky Spoon - e parduotuv\u0117s s\u0105lyygos<\/title>\n<meta name=\"description\" content=\"Rocky Spoon - e parduotuv\u0117s taisykl\u0117s ir s\u0105lygos. Preki\u0173 pristatymas, Preki\u0173 gr\u0105\u017einimas, Preki\u0173 u\u017esakymas ir apmok\u0117jimas,Privatumo politika\" \/>\n<meta name=\"robots\" content=\"index, follow, max-snippet:-1, max-image-preview:large, max-video-preview:-1\" \/>\n<link rel=\"canonical\" href=\"https:\/\/rockyspoon.lt\/en\/salygos\/\" \/>\n<meta property=\"og:locale\" content=\"en_GB\" \/>\n<meta property=\"og:type\" content=\"article\" \/>\n<meta property=\"og:title\" content=\"Rocky Spoon - e parduotuv\u0117s s\u0105lyygos\" \/>\n<meta property=\"og:description\" content=\"Rocky Spoon - e parduotuv\u0117s taisykl\u0117s ir s\u0105lygos. Preki\u0173 pristatymas, Preki\u0173 gr\u0105\u017einimas, Preki\u0173 u\u017esakymas ir apmok\u0117jimas,Privatumo politika\" \/>\n<meta property=\"og:url\" content=\"https:\/\/rockyspoon.lt\/en\/salygos\/\" \/>\n<meta property=\"og:site_name\" content=\"rockyspoon.lt\" \/>\n<meta property=\"article:publisher\" content=\"https:\/\/www.facebook.com\/profile.php?id=61564237763085\" \/>\n<meta property=\"article:modified_time\" content=\"2026-04-13T13:20:04+00:00\" \/>\n<meta property=\"og:image\" content=\"https:\/\/rockyspoon.lt\/wp-content\/uploads\/2024\/10\/ROCKY-SPOON_Logo_favicon.png\" \/>\n\t<meta property=\"og:image:width\" content=\"144\" \/>\n\t<meta property=\"og:image:height\" content=\"99\" \/>\n\t<meta property=\"og:image:type\" content=\"image\/png\" \/>\n<meta name=\"twitter:card\" content=\"summary_large_image\" \/>\n<meta name=\"twitter:label1\" content=\"Est. reading time\" \/>\n\t<meta name=\"twitter:data1\" content=\"7 minutes\" \/>\n<script type=\"application\/ld+json\" class=\"yoast-schema-graph\">{\"@context\":\"https:\\\/\\\/schema.org\",\"@graph\":[{\"@type\":\"WebPage\",\"@id\":\"https:\\\/\\\/rockyspoon.lt\\\/salygos\\\/\",\"url\":\"https:\\\/\\\/rockyspoon.lt\\\/salygos\\\/\",\"name\":\"Rocky Spoon - e parduotuv\u0117s s\u0105lyygos\",\"isPartOf\":{\"@id\":\"https:\\\/\\\/rockyspoon.lt\\\/#website\"},\"datePublished\":\"2024-09-17T06:09:07+00:00\",\"dateModified\":\"2026-04-13T13:20:04+00:00\",\"description\":\"Rocky Spoon - e parduotuv\u0117s taisykl\u0117s ir s\u0105lygos. Preki\u0173 pristatymas, Preki\u0173 gr\u0105\u017einimas, Preki\u0173 u\u017esakymas ir apmok\u0117jimas,Privatumo politika\",\"breadcrumb\":{\"@id\":\"https:\\\/\\\/rockyspoon.lt\\\/salygos\\\/#breadcrumb\"},\"inLanguage\":\"en-GB\",\"potentialAction\":[{\"@type\":\"ReadAction\",\"target\":[\"https:\\\/\\\/rockyspoon.lt\\\/salygos\\\/\"]}]},{\"@type\":\"BreadcrumbList\",\"@id\":\"https:\\\/\\\/rockyspoon.lt\\\/salygos\\\/#breadcrumb\",\"itemListElement\":[{\"@type\":\"ListItem\",\"position\":1,\"name\":\"Home\",\"item\":\"https:\\\/\\\/rockyspoon.lt\\\/\"},{\"@type\":\"ListItem\",\"position\":2,\"name\":\"S\u0104LYGOS\"}]},{\"@type\":\"WebSite\",\"@id\":\"https:\\\/\\\/rockyspoon.lt\\\/#website\",\"url\":\"https:\\\/\\\/rockyspoon.lt\\\/\",\"name\":\"Rocky Spoon\",\"description\":\"Rocky Spoon - Rank\u0173 Darbo Pada\u017eai ir Pagardai\",\"publisher\":{\"@id\":\"https:\\\/\\\/rockyspoon.lt\\\/#organization\"},\"potentialAction\":[{\"@type\":\"SearchAction\",\"target\":{\"@type\":\"EntryPoint\",\"urlTemplate\":\"https:\\\/\\\/rockyspoon.lt\\\/?s={search_term_string}\"},\"query-input\":{\"@type\":\"PropertyValueSpecification\",\"valueRequired\":true,\"valueName\":\"search_term_string\"}}],\"inLanguage\":\"en-GB\"},{\"@type\":\"Organization\",\"@id\":\"https:\\\/\\\/rockyspoon.lt\\\/#organization\",\"name\":\"Rocky Spoon\",\"url\":\"https:\\\/\\\/rockyspoon.lt\\\/\",\"logo\":{\"@type\":\"ImageObject\",\"inLanguage\":\"en-GB\",\"@id\":\"https:\\\/\\\/rockyspoon.lt\\\/#\\\/schema\\\/logo\\\/image\\\/\",\"url\":\"https:\\\/\\\/rockyspoon.lt\\\/wp-content\\\/uploads\\\/2024\\\/10\\\/cropped-android-chrome-192x192-1.png\",\"contentUrl\":\"https:\\\/\\\/rockyspoon.lt\\\/wp-content\\\/uploads\\\/2024\\\/10\\\/cropped-android-chrome-192x192-1.png\",\"width\":512,\"height\":512,\"caption\":\"Rocky Spoon\"},\"image\":{\"@id\":\"https:\\\/\\\/rockyspoon.lt\\\/#\\\/schema\\\/logo\\\/image\\\/\"},\"sameAs\":[\"https:\\\/\\\/www.facebook.com\\\/profile.php?id=61564237763085\"]}]}<\/script>\n<!-- \/ Yoast SEO plugin. -->","yoast_head_json":{"title":"Rocky Spoon - e parduotuv\u0117s s\u0105lyygos","description":"Rocky Spoon - e parduotuv\u0117s taisykl\u0117s ir s\u0105lygos. Preki\u0173 pristatymas, Preki\u0173 gr\u0105\u017einimas, Preki\u0173 u\u017esakymas ir apmok\u0117jimas,Privatumo politika","robots":{"index":"index","follow":"follow","max-snippet":"max-snippet:-1","max-image-preview":"max-image-preview:large","max-video-preview":"max-video-preview:-1"},"canonical":"https:\/\/rockyspoon.lt\/en\/salygos\/","og_locale":"en_GB","og_type":"article","og_title":"Rocky Spoon - e parduotuv\u0117s s\u0105lyygos","og_description":"Rocky Spoon - e parduotuv\u0117s taisykl\u0117s ir s\u0105lygos. Preki\u0173 pristatymas, Preki\u0173 gr\u0105\u017einimas, Preki\u0173 u\u017esakymas ir apmok\u0117jimas,Privatumo politika","og_url":"https:\/\/rockyspoon.lt\/en\/salygos\/","og_site_name":"rockyspoon.lt","article_publisher":"https:\/\/www.facebook.com\/profile.php?id=61564237763085","article_modified_time":"2026-04-13T13:20:04+00:00","og_image":[{"width":144,"height":99,"url":"https:\/\/rockyspoon.lt\/wp-content\/uploads\/2024\/10\/ROCKY-SPOON_Logo_favicon.png","type":"image\/png"}],"twitter_card":"summary_large_image","twitter_misc":{"Est. reading time":"7 minutes"},"schema":{"@context":"https:\/\/schema.org","@graph":[{"@type":"WebPage","@id":"https:\/\/rockyspoon.lt\/salygos\/","url":"https:\/\/rockyspoon.lt\/salygos\/","name":"Rocky Spoon - e parduotuv\u0117s s\u0105lyygos","isPartOf":{"@id":"https:\/\/rockyspoon.lt\/#website"},"datePublished":"2024-09-17T06:09:07+00:00","dateModified":"2026-04-13T13:20:04+00:00","description":"Rocky Spoon - e parduotuv\u0117s taisykl\u0117s ir s\u0105lygos. Preki\u0173 pristatymas, Preki\u0173 gr\u0105\u017einimas, Preki\u0173 u\u017esakymas ir apmok\u0117jimas,Privatumo politika","breadcrumb":{"@id":"https:\/\/rockyspoon.lt\/salygos\/#breadcrumb"},"inLanguage":"en-GB","potentialAction":[{"@type":"ReadAction","target":["https:\/\/rockyspoon.lt\/salygos\/"]}]},{"@type":"BreadcrumbList","@id":"https:\/\/rockyspoon.lt\/salygos\/#breadcrumb","itemListElement":[{"@type":"ListItem","position":1,"name":"Home","item":"https:\/\/rockyspoon.lt\/"},{"@type":"ListItem","position":2,"name":"S\u0104LYGOS"}]},{"@type":"WebSite","@id":"https:\/\/rockyspoon.lt\/#website","url":"https:\/\/rockyspoon.lt\/","name":"Rocky Spoon","description":"Rocky Spoon - Rank\u0173 Darbo Pada\u017eai ir Pagardai","publisher":{"@id":"https:\/\/rockyspoon.lt\/#organization"},"potentialAction":[{"@type":"SearchAction","target":{"@type":"EntryPoint","urlTemplate":"https:\/\/rockyspoon.lt\/?s={search_term_string}"},"query-input":{"@type":"PropertyValueSpecification","valueRequired":true,"valueName":"search_term_string"}}],"inLanguage":"en-GB"},{"@type":"Organization","@id":"https:\/\/rockyspoon.lt\/#organization","name":"Rocky Spoon","url":"https:\/\/rockyspoon.lt\/","logo":{"@type":"ImageObject","inLanguage":"en-GB","@id":"https:\/\/rockyspoon.lt\/#\/schema\/logo\/image\/","url":"https:\/\/rockyspoon.lt\/wp-content\/uploads\/2024\/10\/cropped-android-chrome-192x192-1.png","contentUrl":"https:\/\/rockyspoon.lt\/wp-content\/uploads\/2024\/10\/cropped-android-chrome-192x192-1.png","width":512,"height":512,"caption":"Rocky Spoon"},"image":{"@id":"https:\/\/rockyspoon.lt\/#\/schema\/logo\/image\/"},"sameAs":["https:\/\/www.facebook.com\/profile.php?id=61564237763085"]}]}},"jetpack_sharing_enabled":true,"_links":{"self":[{"href":"https:\/\/rockyspoon.lt\/en\/wp-json\/wp\/v2\/pages\/369","targetHints":{"allow":["GET"]}}],"collection":[{"href":"https:\/\/rockyspoon.lt\/en\/wp-json\/wp\/v2\/pages"}],"about":[{"href":"https:\/\/rockyspoon.lt\/en\/wp-json\/wp\/v2\/types\/page"}],"author":[{"embeddable":true,"href":"https:\/\/rockyspoon.lt\/en\/wp-json\/wp\/v2\/users\/1"}],"replies":[{"embeddable":true,"href":"https:\/\/rockyspoon.lt\/en\/wp-json\/wp\/v2\/comments?post=369"}],"version-history":[{"count":7,"href":"https:\/\/rockyspoon.lt\/en\/wp-json\/wp\/v2\/pages\/369\/revisions"}],"predecessor-version":[{"id":1200,"href":"https:\/\/rockyspoon.lt\/en\/wp-json\/wp\/v2\/pages\/369\/revisions\/1200"}],"wp:attachment":[{"href":"https:\/\/rockyspoon.lt\/en\/wp-json\/wp\/v2\/media?parent=369"}],"curies":[{"name":"wp","href":"https:\/\/api.w.org\/{rel}","templated":true}]}}