{"id":18,"date":"2024-08-31T10:58:49","date_gmt":"2024-08-31T10:58:49","guid":{"rendered":"https:\/\/rockyspoon.lt\/?page_id=18"},"modified":"2025-08-26T09:32:50","modified_gmt":"2025-08-26T09:32:50","slug":"apie-mus-mikro-fabrikas-su-makro-skoniais","status":"publish","type":"page","link":"https:\/\/rockyspoon.lt\/en\/apie-mus-mikro-fabrikas-su-makro-skoniais\/","title":{"rendered":"Apie Mus"},"content":{"rendered":"<section class=\"section\" id=\"section_138906406\">\n\t\t<div class=\"section-bg fill\" >\n\t\t\t\t\t\t\t\t\t\n\t\t\t\n\n\t\t<\/div>\n\n\t\t\n\n\t\t<div class=\"section-content relative\">\n\t\t\t\n\n<div class=\"row row-collapse align-right\"  id=\"row-1210730787\">\n\n\n\t<div id=\"col-1040942133\" class=\"col medium-7 small-12 large-7\"  data-animate=\"fadeInLeft\">\n\t\t\t\t<div class=\"col-inner\"  >\n\t\t\t\n\t\t\t\n\n\t<div class=\"img has-hover x md-x lg-x y md-y lg-y\" id=\"image_1864407527\">\n\t\t\t\t\t\t<div data-animate=\"fadeInLeft\">\t\t<div class=\"img-inner image-cover dark\" style=\"padding-top:110%;\">\n\t\t\t<img loading=\"lazy\" decoding=\"async\" width=\"768\" height=\"1024\" src=\"https:\/\/rockyspoon.lt\/wp-content\/uploads\/2025\/08\/20250725_173957aa-768x1024.jpg\" class=\"attachment-large size-large\" alt=\"roskyspoon rocky spoon handmade lithuania lietuva rank\u0173 darbas chutney mango caramelised onions freezedried snackstuk tuk curry oil bona sforca mizerija pagardas\" srcset=\"https:\/\/rockyspoon.lt\/wp-content\/uploads\/2025\/08\/20250725_173957aa-768x1024.jpg 768w, https:\/\/rockyspoon.lt\/wp-content\/uploads\/2025\/08\/20250725_173957aa-225x300.jpg 225w, https:\/\/rockyspoon.lt\/wp-content\/uploads\/2025\/08\/20250725_173957aa-1152x1536.jpg 1152w, https:\/\/rockyspoon.lt\/wp-content\/uploads\/2025\/08\/20250725_173957aa-1536x2048.jpg 1536w, https:\/\/rockyspoon.lt\/wp-content\/uploads\/2025\/08\/20250725_173957aa-600x800.jpg 600w, https:\/\/rockyspoon.lt\/wp-content\/uploads\/2025\/08\/20250725_173957aa-scaled.jpg 1920w\" sizes=\"auto, (max-width: 768px) 100vw, 768px\" \/>\t\t\t\t\t\t\n\t\t\t\t\t<\/div>\n\t\t<\/div>\t\t\t\t\t\t\n<style>\n#image_1864407527 {\n  width: 100%;\n}\n<\/style>\n\t<\/div>\n\t\n\n\n\t\t<\/div>\n\t\t\t\t\t<\/div>\n\n\t\n\n\t<div id=\"col-562425974\" class=\"col medium-5 small-10 large-5\"  data-animate=\"fadeInRight\">\n\t\t\t\t<div class=\"col-inner text-left\" style=\"background-color:rgb(255,255,255);\" >\n\t\t\t\n\t\t\t\n\n<h1 dir=\"auto\" data-animate-delay=\"200\"><strong><span style=\"font-size: 140%;\">We are...<\/span><\/strong><\/h1>\n<h5 class=\"body\" dir=\"auto\" data-animate-delay=\"200\">We are a small family business that produces unique sauces, condiments, and chutneys, valuing quality and food safety.<\/h5>\n<h5 class=\"body\" dir=\"auto\" data-animate-delay=\"200\">Our products stand out for their distinctive taste and uncompromising quality.\nWe use no artificial colorings \u2013 only natural preservatives and carefully selected thickeners.\n\nEvery product we create reflects our passion for food, craftsmanship, and the highest food safety standards.\n\nDiscover bold and unexpected flavor combinations, and let us become your trusted culinary partner.\n\nWe are not afraid to experiment \u2013 and we proudly share only what we believe is truly exceptional.<\/h5>\n<h5 class=\"body\" dir=\"auto\" data-animate-delay=\"200\">Always here for You<\/h5>\n<h5 class=\"body\" dir=\"auto\" data-animate-delay=\"200\">Rocky Spoon<\/h5>\n\n\t\t<\/div>\n\t\t\t\t\n<style>\n#col-562425974 > .col-inner {\n  padding: 60px 50px 40px 50px;\n  margin: 115px 0px 0px -85px;\n}\n<\/style>\n\t<\/div>\n\n\t\n\n\n<style>\n#row-1210730787 > .col > .col-inner {\n  background-color: rgb(255,255,255);\n}\n<\/style>\n<\/div>\n\n\t\t<\/div>\n\n\t\t\n<style>\n#section_138906406 {\n  padding-top: 100px;\n  padding-bottom: 100px;\n  background-color: rgb(24, 27, 31);\n}\n<\/style>\n\t<\/section>\n\t\n<a data-animate=\"bounceInRight\" href=\"https:\/\/lnk.lt\/noriu-likti-lietuvoje-2025\/329458\" target=\"_blank\" class=\"button white is-shade is-larger box-shadow-4 box-shadow-5-hover lowercase\" rel=\"noopener\" style=\"border-radius:10px;\">\n\t\t<span>LNK<\/span>\n\t<\/a>\n\n\n<a data-animate=\"bounceInRight\" href=\"https:\/\/www.lrt.lt\/mediateka\/video\/gyventi-kaime-gera?episode=2000372453&#038;season=%2Fmediateka%2Fvideo%2Fgyventi-kaime-gera%2F2024&#038;page=9\" target=\"_blank\" class=\"button white is-shade is-larger box-shadow-4 box-shadow-5-hover lowercase\" rel=\"noopener\" style=\"border-radius:10px;\">\n\t\t<span>LRT<\/span>\n\t<\/a>\n\n\n<a data-animate=\"bounceInRight\" href=\"https:\/\/www.lrt.lt\/mediateka\/video\/sirdyje-lietuvis?episode=2000380269&#038;season=%2Fmediateka%2Fvideo%2Fsirdyje-lietuvis%2F2024&#038;page=8\" target=\"_blank\" class=\"button white is-shade is-large box-shadow-4 box-shadow-5-hover lowercase\" rel=\"noopener\" style=\"border-radius:10px;\">\n\t\t<span>LRT Plius<\/span>\n\t<\/a>\n\n\n<a data-animate=\"bounceInRight\" href=\"https:\/\/www.drg.lt\/ukis-ir-verslas\/25828-grize-namo-versla-pradejo-nuo-sauksto\" target=\"_blank\" class=\"button white is-shade box-shadow-4 box-shadow-5-hover lowercase\" rel=\"noopener\" style=\"border-radius:10px;\">\n\t\t<span>Draugas<\/span>\n\t<\/a>\n\n\n<a data-animate=\"bounceInRight\" href=\"https:\/\/kauno.diena.lt\/naujienos\/lietuva\/salies-pulsas\/buvusiu-emigrantu-laimes-receptas-gyvenimas-tevyneje-1209838\" target=\"_blank\" class=\"button white is-shade box-shadow-4 box-shadow-5-hover lowercase\" rel=\"noopener\" style=\"border-radius:10px;\">\n\t\t<span>Kauno diena<\/span>\n\t<\/a>\n\n\n<a data-animate=\"bounceInRight\" href=\"https:\/\/mamoszurnalas.lt\/lietuvos-himnas-anglijoje-nuo-ankstyvo-ryto\/?fbclid=IwY2xjawMaSkZleHRuA2FlbQIxMABicmlkETFxOG9sblNZS0Y5RVBwbW5OAR4MqhOvy4pRjah1wHDXI_JqWB6M7N0p71r3eLtiuQi79HNQwWNlKQ9ct0184g_aem_LkNwCQOCf3vXxu5tt3R2nQ#google_vignette\" target=\"_blank\" class=\"button white is-shade box-shadow-4 box-shadow-5-hover lowercase\" rel=\"noopener\" style=\"border-radius:10px;\">\n\t\t<span>Mamos \u017eurnalas<\/span>\n\t<\/a>\n\n\n<a data-animate=\"bounceInRight\" href=\"https:\/\/www.delfi.lt\/saugu\/ivairove\/is-didziosios-britanijos-i-lietuva-grizusi-daugiavaike-seima-pradejo-versla-ir-negali-atsidziaugti-cia-jauciames-kur-kas-saugiau-120068207\" target=\"_blank\" class=\"button white is-shade box-shadow-4 box-shadow-5-hover lowercase\" rel=\"noopener\" style=\"border-radius:10px;\">\n\t\t<span>Delfi<\/span>\n\t<\/a>\n\n\n<a data-animate=\"bounceInRight\" href=\"https:\/\/www.15min.lt\/gyvenimas\/naujiena\/keliones\/sakiu-krastas-vilioja-gamtos-ir-jaukumo-issiilgusius-emigrantus-kas-cia-gali-nustebinti-1630-2312334\" target=\"_blank\" class=\"button white is-shade box-shadow-4 box-shadow-5-hover lowercase\" rel=\"noopener\" style=\"border-radius:10px;\">\n\t\t<span>15 min<\/span>\n\t<\/a>\n\n\n<div class=\"row\"  id=\"row-592631315\">\n\n\n\t<div id=\"col-1854338322\" class=\"col small-12 large-12\"  >\n\t\t\t\t<div class=\"col-inner\"  >\n\t\t\t\n\t\t\t\n\n<div class=\"text-center\"><div class=\"is-divider divider clearfix\" ><\/div><\/div>\n\n<h3 style=\"text-align: center;\"><span style=\"font-size: 100%;\">Martynas about Sigita<\/span><\/h3>\n<p style=\"text-align: center;\"><span style=\"font-size: 100%;\"><strong>Sigita Papievien\u0117<\/strong> Rocky Spoon\u2019s director, a mother of four, who can cook a sauce, answer \u201cMooom, where are my socks?\u201d and negotiate supplier invoices on the phone \u2013 all at the same time.\n\nSigita is a fearless culinary spirit who steps into the kitchen with a smile so wide that even cucumbers start to feel special.<\/span><\/p>\n<p style=\"text-align: center;\"><span style=\"font-size: 100%;\">Her favorite spice? Experimentation.\n\nBecause Sigita believes that trying a new flavor is just as essential as having your morning coffee.\n\nOne day it\u2019s the light and refreshing \u201cBona Sforca\u2019s Mizeria,\u201d the next \u2013 the bold \u201cHabanero Mango,\u201d with more story behind it than your average Netflix drama. <\/span><\/p>\n<p style=\"text-align: center;\"><span style=\"font-size: 100%;\">She creates recipes the way others write diaries \u2013 with emotion, story, and plenty of unexpected twists.\n\nAnd then she brings her ideas to life: from the very first mix of ingredients to the final jar on the shelf.<\/span><\/p>\n<p style=\"text-align: center;\"><span style=\"font-size: 100%;\">In short, if Rocky Spoon were a band, Sigita would be the songwriter, the lead vocalist, and the sound engineer \u2013 all in one.<\/span><\/p>\n<div class=\"text-center\"><div class=\"is-divider divider clearfix\" ><\/div><\/div>\n\n<h3 style=\"text-align: center;\"><span style=\"font-size: 100%;\">Sigita about Martynas<\/span><\/h3>\n<p style=\"text-align: center;\"><strong>Martynas Papievis<\/strong> Rocky Spoon\u2019s co-founder, who cooks up marketing campaigns faster than scrambled eggs.<\/p>\n<p style=\"text-align: center;\">\u201cJack of all trades\u201d may not be an official job title, but if it were \u2013 Martynas would hold it without competition.\nIn the company, he creates and executes marketing strategies, oversees administrative processes, and ensures the business engine runs smoothly.<\/p>\n<p style=\"text-align: center;\">Communicative \u2013 he could sell dill to someone who doesn\u2019t even like it.\nFriendly \u2013 making it easy to build strong relationships with partners and clients.\nGenuine \u2013 because he knows that trust is worth its weight in gold.\nStrict when it comes to following the plan, and fair \u2013 because he believes long-term success is built on honesty.<\/p>\n<p style=\"text-align: center;\">If Rocky Spoon were a film set, Martynas would be the director, the producer, and the one making sure everyone on the team gets a proper meal.<\/p>\n\n\t\t<\/div>\n\t\t\t\t\t<\/div>\n\n\t\n\n<\/div>\n\n\t<section class=\"section\" id=\"section_585512515\">\n\t\t<div class=\"section-bg fill\" >\n\t\t\t<img loading=\"lazy\" decoding=\"async\" width=\"2560\" height=\"1701\" src=\"https:\/\/rockyspoon.lt\/wp-content\/uploads\/2025\/08\/20250722_112645-scaled.jpg\" class=\"bg attachment-original size-original\" alt=\"roskyspoon rocky spoon handmade lithuania lietuva rank\u0173 darbas chutney mango caramelised onions freezedried snacks\" \/>\t\t\t\t\t\t\n\t\t\t\n\n\t\t<\/div>\n\n\t\t\n\n\t\t<div class=\"section-content relative\">\n\t\t\t\n\n\n\t\t<\/div>\n\n\t\t\n<style>\n#section_585512515 {\n  padding-top: 30px;\n  padding-bottom: 30px;\n  min-height: 600px;\n}\n#section_585512515 .section-bg img {\n  object-position: 53% 49%;\n}\n<\/style>\n\t<\/section>\n\t\n\n\t<section class=\"section\" id=\"section_250435696\">\n\t\t<div class=\"section-bg fill\" >\n\t\t\t\t\t\t\t\t\t\n\t\t\t\n\n\t\t<\/div>\n\n\t\t\n\n\t\t<div class=\"section-content relative\">\n\t\t\t\n\n<div class=\"row align-center\"  id=\"row-1018314715\">\n\n\n\t<div id=\"col-1875427309\" class=\"col medium-3 small-12 large-3\"  >\n\t\t\t\t<div class=\"col-inner\"  >\n\t\t\t\n\t\t\t\n\n\t<div class=\"img has-hover x md-x lg-x y md-y lg-y\" id=\"image_559307311\">\n\t\t\t\t\t\t\t\t<div class=\"img-inner dark\" >\n\t\t\t<img loading=\"lazy\" decoding=\"async\" width=\"1020\" height=\"1013\" src=\"https:\/\/rockyspoon.lt\/wp-content\/uploads\/2024\/09\/ROCKY-SPOON_SKONIO-RITMAS_01-1024x1017.png\" class=\"attachment-large size-large\" alt=\"\" srcset=\"https:\/\/rockyspoon.lt\/wp-content\/uploads\/2024\/09\/ROCKY-SPOON_SKONIO-RITMAS_01-1024x1017.png 1024w, https:\/\/rockyspoon.lt\/wp-content\/uploads\/2024\/09\/ROCKY-SPOON_SKONIO-RITMAS_01-300x298.png 300w, https:\/\/rockyspoon.lt\/wp-content\/uploads\/2024\/09\/ROCKY-SPOON_SKONIO-RITMAS_01-150x150.png 150w, https:\/\/rockyspoon.lt\/wp-content\/uploads\/2024\/09\/ROCKY-SPOON_SKONIO-RITMAS_01-768x763.png 768w, https:\/\/rockyspoon.lt\/wp-content\/uploads\/2024\/09\/ROCKY-SPOON_SKONIO-RITMAS_01-1320x1311.png 1320w, https:\/\/rockyspoon.lt\/wp-content\/uploads\/2024\/09\/ROCKY-SPOON_SKONIO-RITMAS_01-600x596.png 600w, https:\/\/rockyspoon.lt\/wp-content\/uploads\/2024\/09\/ROCKY-SPOON_SKONIO-RITMAS_01-100x100.png 100w, https:\/\/rockyspoon.lt\/wp-content\/uploads\/2024\/09\/ROCKY-SPOON_SKONIO-RITMAS_01.png 1457w\" sizes=\"auto, (max-width: 1020px) 100vw, 1020px\" \/>\t\t\t\t\t\t\n\t\t\t\t\t<\/div>\n\t\t\t\t\t\t\t\t\n<style>\n#image_559307311 {\n  width: 100%;\n}\n<\/style>\n\t<\/div>\n\t\n\n\n\t\t<\/div>\n\t\t\t\t\t<\/div>\n\n\t\n\n\t<div id=\"col-1760506215\" class=\"col medium-7 small-12 large-7\"  >\n\t\t\t\t<div class=\"col-inner text-center\"  >\n\t\t\t\n\t\t\t\n\n<h3><span style=\"font-size: 180%; color: #f7f0f0;\">Contac Us! <\/span><\/h3>\n<p><span style=\"color: #f7f0f0;\"><em><span style=\"font-size: 120%;\">Got questions? We\u2019re always ready to help.<\/span><\/em><\/span><\/p>\n\t<div id=\"gap-250494529\" class=\"gap-element clearfix\" style=\"display:block; height:auto;\">\n\t\t\n<style>\n#gap-250494529 {\n  padding-top: 30px;\n}\n<\/style>\n\t<\/div>\n\t\n\n<a href=\"https:\/\/rockyspoon.lt\/en\/musu-kontaktai\/\" class=\"button white is-small lowercase\" style=\"border-radius:26px;padding:15px 30px 15px 30px;\">\n\t\t<span>CONTACT US<\/span>\n\t<\/a>\n\n\n\n\t\t<\/div>\n\t\t\t\t\t<\/div>\n\n\t\n\n\n<style>\n#row-1018314715 > .col > .col-inner {\n  padding: 30px 0px 0px 0px;\n}\n<\/style>\n<\/div>\n\n\t\t<\/div>\n\n\t\t\n<style>\n#section_250435696 {\n  padding-top: 75px;\n  padding-bottom: 75px;\n  background-color: rgb(24, 27, 31);\n}\n<\/style>\n\t<\/section>","protected":false},"excerpt":{"rendered":"","protected":false},"author":1,"featured_media":0,"parent":0,"menu_order":0,"comment_status":"closed","ping_status":"closed","template":"","meta":{"footnotes":""},"class_list":["post-18","page","type-page","status-publish","hentry"],"yoast_head":"<!-- This site is optimized with the Yoast SEO plugin v27.3 - https:\/\/yoast.com\/product\/yoast-seo-wordpress\/ -->\n<title>Apie Mus - MIKRO Fabrikas MAKRO Skoniai<\/title>\n<meta name=\"description\" content=\"Rocky Spoon MIKRO fabrikas ir MAKRO skoniai. Apie Mus - \u0161eimos verslas gaminantis unikalius pada\u017eus, pagardus ir \u010datnius\" \/>\n<meta name=\"robots\" content=\"index, follow, max-snippet:-1, max-image-preview:large, max-video-preview:-1\" \/>\n<link rel=\"canonical\" href=\"https:\/\/rockyspoon.lt\/en\/apie-mus-mikro-fabrikas-su-makro-skoniais\/\" \/>\n<meta property=\"og:locale\" content=\"en_GB\" \/>\n<meta property=\"og:type\" content=\"article\" \/>\n<meta property=\"og:title\" content=\"Apie Mus - MIKRO Fabrikas su MAKRO Skoniais\" \/>\n<meta property=\"og:description\" content=\"Rocky Spoon Mikro fabriko Makro skoniai. \u0160eimos verslas gaminantis unikalius pada\u017eus, pagardus ir \u010datnius, vertinantis kokyb\u0119.\" \/>\n<meta property=\"og:url\" content=\"https:\/\/rockyspoon.lt\/en\/apie-mus-mikro-fabrikas-su-makro-skoniais\/\" \/>\n<meta property=\"og:site_name\" content=\"rockyspoon.lt\" \/>\n<meta property=\"article:publisher\" content=\"https:\/\/www.facebook.com\/profile.php?id=61564237763085\" \/>\n<meta property=\"article:modified_time\" content=\"2025-08-26T09:32:50+00:00\" \/>\n<meta property=\"og:image\" content=\"https:\/\/rockyspoon.lt\/wp-content\/uploads\/2024\/09\/ROCKY-SPOON_Logo_01-1.png\" \/>\n\t<meta property=\"og:image:width\" content=\"3535\" \/>\n\t<meta property=\"og:image:height\" content=\"2440\" \/>\n\t<meta property=\"og:image:type\" content=\"image\/png\" \/>\n<meta name=\"twitter:card\" content=\"summary_large_image\" \/>\n<script type=\"application\/ld+json\" class=\"yoast-schema-graph\">{\"@context\":\"https:\\\/\\\/schema.org\",\"@graph\":[{\"@type\":\"WebPage\",\"@id\":\"https:\\\/\\\/rockyspoon.lt\\\/apie-mus-mikro-fabrikas-su-makro-skoniais\\\/\",\"url\":\"https:\\\/\\\/rockyspoon.lt\\\/apie-mus-mikro-fabrikas-su-makro-skoniais\\\/\",\"name\":\"Apie Mus - MIKRO Fabrikas MAKRO Skoniai\",\"isPartOf\":{\"@id\":\"https:\\\/\\\/rockyspoon.lt\\\/#website\"},\"datePublished\":\"2024-08-31T10:58:49+00:00\",\"dateModified\":\"2025-08-26T09:32:50+00:00\",\"description\":\"Rocky Spoon MIKRO fabrikas ir MAKRO skoniai. Apie Mus - \u0161eimos verslas gaminantis unikalius pada\u017eus, pagardus ir \u010datnius\",\"breadcrumb\":{\"@id\":\"https:\\\/\\\/rockyspoon.lt\\\/apie-mus-mikro-fabrikas-su-makro-skoniais\\\/#breadcrumb\"},\"inLanguage\":\"en-GB\",\"potentialAction\":[{\"@type\":\"ReadAction\",\"target\":[\"https:\\\/\\\/rockyspoon.lt\\\/apie-mus-mikro-fabrikas-su-makro-skoniais\\\/\"]}]},{\"@type\":\"BreadcrumbList\",\"@id\":\"https:\\\/\\\/rockyspoon.lt\\\/apie-mus-mikro-fabrikas-su-makro-skoniais\\\/#breadcrumb\",\"itemListElement\":[{\"@type\":\"ListItem\",\"position\":1,\"name\":\"Home\",\"item\":\"https:\\\/\\\/rockyspoon.lt\\\/\"},{\"@type\":\"ListItem\",\"position\":2,\"name\":\"Apie Mus\"}]},{\"@type\":\"WebSite\",\"@id\":\"https:\\\/\\\/rockyspoon.lt\\\/#website\",\"url\":\"https:\\\/\\\/rockyspoon.lt\\\/\",\"name\":\"Rocky Spoon\",\"description\":\"Rocky Spoon - Rank\u0173 Darbo Pada\u017eai ir Pagardai\",\"publisher\":{\"@id\":\"https:\\\/\\\/rockyspoon.lt\\\/#organization\"},\"potentialAction\":[{\"@type\":\"SearchAction\",\"target\":{\"@type\":\"EntryPoint\",\"urlTemplate\":\"https:\\\/\\\/rockyspoon.lt\\\/?s={search_term_string}\"},\"query-input\":{\"@type\":\"PropertyValueSpecification\",\"valueRequired\":true,\"valueName\":\"search_term_string\"}}],\"inLanguage\":\"en-GB\"},{\"@type\":\"Organization\",\"@id\":\"https:\\\/\\\/rockyspoon.lt\\\/#organization\",\"name\":\"Rocky Spoon\",\"url\":\"https:\\\/\\\/rockyspoon.lt\\\/\",\"logo\":{\"@type\":\"ImageObject\",\"inLanguage\":\"en-GB\",\"@id\":\"https:\\\/\\\/rockyspoon.lt\\\/#\\\/schema\\\/logo\\\/image\\\/\",\"url\":\"https:\\\/\\\/rockyspoon.lt\\\/wp-content\\\/uploads\\\/2024\\\/10\\\/cropped-android-chrome-192x192-1.png\",\"contentUrl\":\"https:\\\/\\\/rockyspoon.lt\\\/wp-content\\\/uploads\\\/2024\\\/10\\\/cropped-android-chrome-192x192-1.png\",\"width\":512,\"height\":512,\"caption\":\"Rocky Spoon\"},\"image\":{\"@id\":\"https:\\\/\\\/rockyspoon.lt\\\/#\\\/schema\\\/logo\\\/image\\\/\"},\"sameAs\":[\"https:\\\/\\\/www.facebook.com\\\/profile.php?id=61564237763085\"]}]}<\/script>\n<!-- \/ Yoast SEO plugin. -->","yoast_head_json":{"title":"Apie Mus - MIKRO Fabrikas MAKRO Skoniai","description":"Rocky Spoon MIKRO fabrikas ir MAKRO skoniai. Apie Mus - \u0161eimos verslas gaminantis unikalius pada\u017eus, pagardus ir \u010datnius","robots":{"index":"index","follow":"follow","max-snippet":"max-snippet:-1","max-image-preview":"max-image-preview:large","max-video-preview":"max-video-preview:-1"},"canonical":"https:\/\/rockyspoon.lt\/en\/apie-mus-mikro-fabrikas-su-makro-skoniais\/","og_locale":"en_GB","og_type":"article","og_title":"Apie Mus - MIKRO Fabrikas su MAKRO Skoniais","og_description":"Rocky Spoon Mikro fabriko Makro skoniai. \u0160eimos verslas gaminantis unikalius pada\u017eus, pagardus ir \u010datnius, vertinantis kokyb\u0119.","og_url":"https:\/\/rockyspoon.lt\/en\/apie-mus-mikro-fabrikas-su-makro-skoniais\/","og_site_name":"rockyspoon.lt","article_publisher":"https:\/\/www.facebook.com\/profile.php?id=61564237763085","article_modified_time":"2025-08-26T09:32:50+00:00","og_image":[{"width":3535,"height":2440,"url":"https:\/\/rockyspoon.lt\/wp-content\/uploads\/2024\/09\/ROCKY-SPOON_Logo_01-1.png","type":"image\/png"}],"twitter_card":"summary_large_image","schema":{"@context":"https:\/\/schema.org","@graph":[{"@type":"WebPage","@id":"https:\/\/rockyspoon.lt\/apie-mus-mikro-fabrikas-su-makro-skoniais\/","url":"https:\/\/rockyspoon.lt\/apie-mus-mikro-fabrikas-su-makro-skoniais\/","name":"Apie Mus - MIKRO Fabrikas MAKRO Skoniai","isPartOf":{"@id":"https:\/\/rockyspoon.lt\/#website"},"datePublished":"2024-08-31T10:58:49+00:00","dateModified":"2025-08-26T09:32:50+00:00","description":"Rocky Spoon MIKRO fabrikas ir MAKRO skoniai. Apie Mus - \u0161eimos verslas gaminantis unikalius pada\u017eus, pagardus ir \u010datnius","breadcrumb":{"@id":"https:\/\/rockyspoon.lt\/apie-mus-mikro-fabrikas-su-makro-skoniais\/#breadcrumb"},"inLanguage":"en-GB","potentialAction":[{"@type":"ReadAction","target":["https:\/\/rockyspoon.lt\/apie-mus-mikro-fabrikas-su-makro-skoniais\/"]}]},{"@type":"BreadcrumbList","@id":"https:\/\/rockyspoon.lt\/apie-mus-mikro-fabrikas-su-makro-skoniais\/#breadcrumb","itemListElement":[{"@type":"ListItem","position":1,"name":"Home","item":"https:\/\/rockyspoon.lt\/"},{"@type":"ListItem","position":2,"name":"Apie Mus"}]},{"@type":"WebSite","@id":"https:\/\/rockyspoon.lt\/#website","url":"https:\/\/rockyspoon.lt\/","name":"Rocky Spoon","description":"Rocky Spoon - Rank\u0173 Darbo Pada\u017eai ir Pagardai","publisher":{"@id":"https:\/\/rockyspoon.lt\/#organization"},"potentialAction":[{"@type":"SearchAction","target":{"@type":"EntryPoint","urlTemplate":"https:\/\/rockyspoon.lt\/?s={search_term_string}"},"query-input":{"@type":"PropertyValueSpecification","valueRequired":true,"valueName":"search_term_string"}}],"inLanguage":"en-GB"},{"@type":"Organization","@id":"https:\/\/rockyspoon.lt\/#organization","name":"Rocky Spoon","url":"https:\/\/rockyspoon.lt\/","logo":{"@type":"ImageObject","inLanguage":"en-GB","@id":"https:\/\/rockyspoon.lt\/#\/schema\/logo\/image\/","url":"https:\/\/rockyspoon.lt\/wp-content\/uploads\/2024\/10\/cropped-android-chrome-192x192-1.png","contentUrl":"https:\/\/rockyspoon.lt\/wp-content\/uploads\/2024\/10\/cropped-android-chrome-192x192-1.png","width":512,"height":512,"caption":"Rocky Spoon"},"image":{"@id":"https:\/\/rockyspoon.lt\/#\/schema\/logo\/image\/"},"sameAs":["https:\/\/www.facebook.com\/profile.php?id=61564237763085"]}]}},"jetpack_sharing_enabled":true,"_links":{"self":[{"href":"https:\/\/rockyspoon.lt\/en\/wp-json\/wp\/v2\/pages\/18","targetHints":{"allow":["GET"]}}],"collection":[{"href":"https:\/\/rockyspoon.lt\/en\/wp-json\/wp\/v2\/pages"}],"about":[{"href":"https:\/\/rockyspoon.lt\/en\/wp-json\/wp\/v2\/types\/page"}],"author":[{"embeddable":true,"href":"https:\/\/rockyspoon.lt\/en\/wp-json\/wp\/v2\/users\/1"}],"replies":[{"embeddable":true,"href":"https:\/\/rockyspoon.lt\/en\/wp-json\/wp\/v2\/comments?post=18"}],"version-history":[{"count":29,"href":"https:\/\/rockyspoon.lt\/en\/wp-json\/wp\/v2\/pages\/18\/revisions"}],"predecessor-version":[{"id":834,"href":"https:\/\/rockyspoon.lt\/en\/wp-json\/wp\/v2\/pages\/18\/revisions\/834"}],"wp:attachment":[{"href":"https:\/\/rockyspoon.lt\/en\/wp-json\/wp\/v2\/media?parent=18"}],"curies":[{"name":"wp","href":"https:\/\/api.w.org\/{rel}","templated":true}]}}